{"id":9194,"date":"2019-12-11T12:55:09","date_gmt":"2019-12-11T15:55:09","guid":{"rendered":"http:\/\/exa.unne.edu.ar\/r\/?page_id=9194"},"modified":"2019-12-11T12:56:53","modified_gmt":"2019-12-11T15:56:53","slug":"acreditacion-de-maestria-en-tecnologias-de-la-informacion","status":"publish","type":"page","link":"https:\/\/exa.unne.edu.ar\/r\/?page_id=9194","title":{"rendered":"Acreditaci\u00f3n de Maestr\u00eda en Tecnolog\u00edas de la Informaci\u00f3n"},"content":{"rendered":"<p>[vc_row][vc_column][vc_tta_tabs][vc_tta_section title=\u00bbEstado de Acreditaci\u00f3n\u00bb tab_id=\u00bb1576079872823-6aec58df-2eeb\u00bb][vc_column_text]<strong>Reconocimiento Oficial Provisorio como Carrera Nueva\u00a0<\/strong>(<a href=\"http:\/\/www.exa.unne.edu.ar\/acreditacion\/documentacion\/Carreras%20de%20Posgrado%20Acreditadas\/Maestria%20en%20Tecnologias%20de%20la%20Informacion\/Carrera%20nueva%20Nro%2011.650-14.pdf\" target=\"_blank\">Carrera Nueva N\u00b0 11650\/14.<\/a>).<\/p>\n<p><strong>Est\u00e1ndar de la carrera<\/strong>\u00a0(<a href=\"http:\/\/www.exa.unne.edu.ar\/acreditacion\/documentacion\/RES-2011-ME-0160-11.pdf\" target=\"_blank\">Resoluci\u00f3n 160\/2011 ME<\/a>).[\/vc_column_text][\/vc_tta_section][vc_tta_section title=\u00bbCronolog\u00eda de Acreditaciones Maestr\u00eda en Tecnolog\u00edas de la Informaci\u00f3n\u00bb tab_id=\u00bb1576079872824-7d5c8f2b-bf11&#8243;][vc_column_text]<strong>14\/12\/2015<\/strong>: La CONEAU dictamina como\u00a0<a href=\"http:\/\/www.exa.unne.edu.ar\/acreditacion\/documentacion\/Carreras%20de%20Posgrado%20Acreditadas\/\/Maestria%20en%20Tecnologias%20de%20la%20Informacion\/Carrera%20nueva%20Nro%2011.650-14.pdf\" target=\"_blank\">Carrera Nueva N\u00b0 11650\/14.<\/a>: Maestr\u00eda en Tecnolog\u00edas de la Informaci\u00f3n, Universidad Nacional del Nordeste, Facultad de Ciencias Exactas y Naturales y Agrimensura y Universidad Nacional de Misiones, Facultad de Ciencias Exactas, Qu\u00edmicas y Naturales. Dictamen considerado por la CONEAU el d\u00eda 14 de diciembre de 2015 durante su Sesi\u00f3n N\u00ba434.[\/vc_column_text][\/vc_tta_section][\/vc_tta_tabs][\/vc_column][\/vc_row]<\/p>\n","protected":false},"excerpt":{"rendered":"<p>[vc_row][vc_column][vc_tta_tabs][vc_tta_section title=\u00bbEstado de Acreditaci\u00f3n\u00bb tab_id=\u00bb1576079872823-6aec58df-2eeb\u00bb][vc_column_text]Reconocimiento Oficial Provisorio como Carrera Nueva\u00a0(Carrera Nueva N\u00b0 11650\/14.). Est\u00e1ndar de la carrera\u00a0(Resoluci\u00f3n 160\/2011 ME).[\/vc_column_text][\/vc_tta_section][vc_tta_section title=\u00bbCronolog\u00eda de Acreditaciones Maestr\u00eda en Tecnolog\u00edas de la Informaci\u00f3n\u00bb tab_id=\u00bb1576079872824-7d5c8f2b-bf11&#8243;][vc_column_text]14\/12\/2015: La CONEAU dictamina como\u00a0Carrera Nueva N\u00b0 11650\/14.: Maestr\u00eda en Tecnolog\u00edas de la Informaci\u00f3n, Universidad Nacional del Nordeste, Facultad de Ciencias Exactas y Naturales y Agrimensura y [&hellip;]<\/p>\n","protected":false},"author":4,"featured_media":0,"parent":0,"menu_order":0,"comment_status":"closed","ping_status":"closed","template":"","meta":{"footnotes":""},"class_list":["post-9194","page","type-page","status-publish","hentry"],"_links":{"self":[{"href":"https:\/\/exa.unne.edu.ar\/r\/index.php?rest_route=\/wp\/v2\/pages\/9194","targetHints":{"allow":["GET"]}}],"collection":[{"href":"https:\/\/exa.unne.edu.ar\/r\/index.php?rest_route=\/wp\/v2\/pages"}],"about":[{"href":"https:\/\/exa.unne.edu.ar\/r\/index.php?rest_route=\/wp\/v2\/types\/page"}],"author":[{"embeddable":true,"href":"https:\/\/exa.unne.edu.ar\/r\/index.php?rest_route=\/wp\/v2\/users\/4"}],"replies":[{"embeddable":true,"href":"https:\/\/exa.unne.edu.ar\/r\/index.php?rest_route=%2Fwp%2Fv2%2Fcomments&post=9194"}],"version-history":[{"count":0,"href":"https:\/\/exa.unne.edu.ar\/r\/index.php?rest_route=\/wp\/v2\/pages\/9194\/revisions"}],"wp:attachment":[{"href":"https:\/\/exa.unne.edu.ar\/r\/index.php?rest_route=%2Fwp%2Fv2%2Fmedia&parent=9194"}],"curies":[{"name":"wp","href":"https:\/\/api.w.org\/{rel}","templated":true}]}}