{"id":9186,"date":"2019-12-11T12:38:35","date_gmt":"2019-12-11T15:38:35","guid":{"rendered":"http:\/\/exa.unne.edu.ar\/r\/?page_id=9186"},"modified":"2019-12-11T12:49:31","modified_gmt":"2019-12-11T15:49:31","slug":"acreditacion-de-especializacion-en-analisis-de-alimentos","status":"publish","type":"page","link":"https:\/\/exa.unne.edu.ar\/r\/?page_id=9186","title":{"rendered":"Acreditaci\u00f3n de Especializaci\u00f3n en An\u00e1lisis de Alimentos."},"content":{"rendered":"<p>[vc_row][vc_column][vc_tta_tabs][vc_tta_section title=\u00bbEstado de Acreditaci\u00f3n\u00bb tab_id=\u00bb1576078882279-c7138df7-412b\u00bb][vc_column_text]<strong>Acreditada por seis a\u00f1os Categor\u00eda B\u00a0<\/strong><a href=\"http:\/\/www.exa.unne.edu.ar\/acreditacion\/documentacion\/RES-2016-CONEAU-0106-16.pdf\" target=\"_blank\">(Res. N\u00b0 RESFC-2016-106-E-APN-CONEAU#ME)<\/a>[\/vc_column_text][\/vc_tta_section][vc_tta_section title=\u00bbCronolog\u00eda de Acreditaciones Especializaci\u00f3n en An\u00e1lisis de Alimentos\u00bb tab_id=\u00bb1576078882280-58e31921-24ee\u00bb][vc_column_text]<strong>11\/10\/2016<\/strong>:\u00a0<a href=\"http:\/\/www.exa.unne.edu.ar\/acreditacion\/documentacion\/RES-2016-CONEAU-0106-16.pdf\" target=\"_blank\">Res. N\u00b0 RESFC-2016-106-E-APN-CONEAU#ME<\/a>. ACREDITAR la carrera de Especializaci\u00f3n en An\u00e1lisis de Alimentos, de la Universidad Nacional del Nordeste, Facultad de Ciencias Exactas y Naturales y Agrimensura, que se dicta en la ciudad de Corrientes, provincia de Corrientes, por un periodo de 6 a\u00f1os.<\/p>\n<p><strong>30\/09\/2015<\/strong>: La FaCENA realiza la presentaci\u00f3n de solicitud de reacreditaci\u00f3n de la Especializaci\u00f3n en An\u00e1lisis de Alimentos mediante el sistema CONEAU Global.<\/p>\n<p><strong>19\/11\/2014<\/strong>:\u00a0<a href=\"http:\/\/www.exa.unne.edu.ar\/acreditacion\/documentacion\/RES-2014-COENAU-0945-14.pdf\" target=\"_blank\">Res. N\u00b0 0945\/14 CONEAU<\/a>. Convocatoria de acreditaci\u00f3n de carreras de Posgrado. Ciencias Aplicadas (Especializaci\u00f3n en An\u00e1lisis de Alimentos).[\/vc_column_text][\/vc_tta_section][\/vc_tta_tabs][\/vc_column][\/vc_row]<\/p>\n","protected":false},"excerpt":{"rendered":"<p>[vc_row][vc_column][vc_tta_tabs][vc_tta_section title=\u00bbEstado de Acreditaci\u00f3n\u00bb tab_id=\u00bb1576078882279-c7138df7-412b\u00bb][vc_column_text]Acreditada por seis a\u00f1os Categor\u00eda B\u00a0(Res. N\u00b0 RESFC-2016-106-E-APN-CONEAU#ME)[\/vc_column_text][\/vc_tta_section][vc_tta_section title=\u00bbCronolog\u00eda de Acreditaciones Especializaci\u00f3n en An\u00e1lisis de Alimentos\u00bb tab_id=\u00bb1576078882280-58e31921-24ee\u00bb][vc_column_text]11\/10\/2016:\u00a0Res. N\u00b0 RESFC-2016-106-E-APN-CONEAU#ME. ACREDITAR la carrera de Especializaci\u00f3n en An\u00e1lisis de Alimentos, de la Universidad Nacional del Nordeste, Facultad de Ciencias Exactas y Naturales y Agrimensura, que se dicta en la ciudad de Corrientes, provincia [&hellip;]<\/p>\n","protected":false},"author":4,"featured_media":0,"parent":0,"menu_order":0,"comment_status":"closed","ping_status":"closed","template":"","meta":{"footnotes":""},"class_list":["post-9186","page","type-page","status-publish","hentry"],"_links":{"self":[{"href":"https:\/\/exa.unne.edu.ar\/r\/index.php?rest_route=\/wp\/v2\/pages\/9186","targetHints":{"allow":["GET"]}}],"collection":[{"href":"https:\/\/exa.unne.edu.ar\/r\/index.php?rest_route=\/wp\/v2\/pages"}],"about":[{"href":"https:\/\/exa.unne.edu.ar\/r\/index.php?rest_route=\/wp\/v2\/types\/page"}],"author":[{"embeddable":true,"href":"https:\/\/exa.unne.edu.ar\/r\/index.php?rest_route=\/wp\/v2\/users\/4"}],"replies":[{"embeddable":true,"href":"https:\/\/exa.unne.edu.ar\/r\/index.php?rest_route=%2Fwp%2Fv2%2Fcomments&post=9186"}],"version-history":[{"count":0,"href":"https:\/\/exa.unne.edu.ar\/r\/index.php?rest_route=\/wp\/v2\/pages\/9186\/revisions"}],"wp:attachment":[{"href":"https:\/\/exa.unne.edu.ar\/r\/index.php?rest_route=%2Fwp%2Fv2%2Fmedia&parent=9186"}],"curies":[{"name":"wp","href":"https:\/\/api.w.org\/{rel}","templated":true}]}}