{"id":9182,"date":"2019-12-11T12:34:37","date_gmt":"2019-12-11T15:34:37","guid":{"rendered":"http:\/\/exa.unne.edu.ar\/r\/?page_id=9182"},"modified":"2019-12-11T12:36:16","modified_gmt":"2019-12-11T15:36:16","slug":"acreditacion-doctorado-de-la-unne-en-quimica","status":"publish","type":"page","link":"https:\/\/exa.unne.edu.ar\/r\/?page_id=9182","title":{"rendered":"Acreditaci\u00f3n Doctorado de la UNNE en Qu\u00edmica"},"content":{"rendered":"<p>[vc_row][vc_column][vc_tta_tabs][vc_tta_section title=\u00bbEstado de Acreditaci\u00f3n\u00bb tab_id=\u00bb1576078642124-751cdd3d-a026&#8243;][vc_column_text]<strong>Acreditada por seis a\u00f1os Categor\u00eda A<\/strong>\u00a0(<a href=\"http:\/\/www.exa.unne.edu.ar\/acreditacion\/documentacion\/RES-2013-CONEAU-0706-13.pdf\" target=\"_blank\">Resoluci\u00f3n CONEAU 706\/13<\/a>).<\/p>\n<p><strong>Est\u00e1ndar de la carrera<\/strong>\u00a0(<a href=\"http:\/\/www.exa.unne.edu.ar\/acreditacion\/documentacion\/RES-2011-ME-0160-11.pdf\" target=\"_blank\">Resoluci\u00f3n 160\/2011 ME<\/a>).[\/vc_column_text][\/vc_tta_section][vc_tta_section title=\u00bbCronolog\u00eda de Acreditaciones Doctorado de la UNNE en Qu\u00edmica\u00bb tab_id=\u00bb1576078642125-0df2a305-3563&#8243;][vc_column_text]<strong>02\/09\/2013<\/strong>: CONEAU resuelve acreditar la carrera de Doctorado en Qu\u00edmica de la UNNE (<a href=\"http:\/\/www.exa.unne.edu.ar\/acreditacion\/documentacion\/RES-2013-CONEAU-0706-13.pdf\" target=\"_blank\">Resoluci\u00f3n CONEAU 706\/13<\/a>) por un periodo de 6 a\u00f1os, categor\u00eda A. Proceso de acreditaci\u00f3n iniciado por convocatoria de abril de 2012 mediante\u00a0<a href=\"http:\/\/www.exa.unne.edu.ar\/acreditacion\/documentacion\/RES-2012-CONEAU-0267-12.pdf\" target=\"_blank\">Resoluci\u00f3n CONEAU 267\/12<\/a>.<\/p>\n<p><strong>19\/04\/2012<\/strong>: La CONEAU abre la cuarta convocatoria para la acreditaci\u00f3n de carreras de especializaci\u00f3n, maestr\u00eda y doctorado correspondientes a Ciencias B\u00e1sicas (<a href=\"http:\/\/www.exa.unne.edu.ar\/acreditacion\/documentacion\/RES-2012-CONEAU-0267-12.pdf\" target=\"_blank\">Resoluci\u00f3n CONEAU 267\/12<\/a>)<\/p>\n<p><strong>06\/04\/2004<\/strong>: CONEAU resuelve acreditar la carrera de Doctorado de la UNNE en Qu\u00edmica (<a href=\"http:\/\/www.exa.unne.edu.ar\/acreditacion\/documentacion\/RES-2004-CONEAU-0093-04.pdf\" target=\"_blank\">Resoluci\u00f3n CONEAU 093\/04<\/a>) por un per\u00edodo de tres (3) a\u00f1os, categor\u00eda C.[\/vc_column_text][\/vc_tta_section][\/vc_tta_tabs][\/vc_column][\/vc_row]<\/p>\n","protected":false},"excerpt":{"rendered":"<p>[vc_row][vc_column][vc_tta_tabs][vc_tta_section title=\u00bbEstado de Acreditaci\u00f3n\u00bb tab_id=\u00bb1576078642124-751cdd3d-a026&#8243;][vc_column_text]Acreditada por seis a\u00f1os Categor\u00eda A\u00a0(Resoluci\u00f3n CONEAU 706\/13). Est\u00e1ndar de la carrera\u00a0(Resoluci\u00f3n 160\/2011 ME).[\/vc_column_text][\/vc_tta_section][vc_tta_section title=\u00bbCronolog\u00eda de Acreditaciones Doctorado de la UNNE en Qu\u00edmica\u00bb tab_id=\u00bb1576078642125-0df2a305-3563&#8243;][vc_column_text]02\/09\/2013: CONEAU resuelve acreditar la carrera de Doctorado en Qu\u00edmica de la UNNE (Resoluci\u00f3n CONEAU 706\/13) por un periodo de 6 a\u00f1os, categor\u00eda A. Proceso de acreditaci\u00f3n iniciado [&hellip;]<\/p>\n","protected":false},"author":4,"featured_media":0,"parent":0,"menu_order":0,"comment_status":"closed","ping_status":"closed","template":"","meta":{"footnotes":""},"class_list":["post-9182","page","type-page","status-publish","hentry"],"_links":{"self":[{"href":"https:\/\/exa.unne.edu.ar\/r\/index.php?rest_route=\/wp\/v2\/pages\/9182","targetHints":{"allow":["GET"]}}],"collection":[{"href":"https:\/\/exa.unne.edu.ar\/r\/index.php?rest_route=\/wp\/v2\/pages"}],"about":[{"href":"https:\/\/exa.unne.edu.ar\/r\/index.php?rest_route=\/wp\/v2\/types\/page"}],"author":[{"embeddable":true,"href":"https:\/\/exa.unne.edu.ar\/r\/index.php?rest_route=\/wp\/v2\/users\/4"}],"replies":[{"embeddable":true,"href":"https:\/\/exa.unne.edu.ar\/r\/index.php?rest_route=%2Fwp%2Fv2%2Fcomments&post=9182"}],"version-history":[{"count":0,"href":"https:\/\/exa.unne.edu.ar\/r\/index.php?rest_route=\/wp\/v2\/pages\/9182\/revisions"}],"wp:attachment":[{"href":"https:\/\/exa.unne.edu.ar\/r\/index.php?rest_route=%2Fwp%2Fv2%2Fmedia&parent=9182"}],"curies":[{"name":"wp","href":"https:\/\/api.w.org\/{rel}","templated":true}]}}