{"id":9169,"date":"2019-12-11T12:17:44","date_gmt":"2019-12-11T15:17:44","guid":{"rendered":"http:\/\/exa.unne.edu.ar\/r\/?page_id=9169"},"modified":"2019-12-11T12:19:25","modified_gmt":"2019-12-11T15:19:25","slug":"acreditacion-de-la-carrera-licenciatura-en-sistemas-de-informacion","status":"publish","type":"page","link":"https:\/\/exa.unne.edu.ar\/r\/?page_id=9169","title":{"rendered":"Acreditaci\u00f3n de la Carrera Licenciatura en Sistemas de Informaci\u00f3n"},"content":{"rendered":"<p>[vc_row][vc_column][vc_tta_tabs][vc_tta_section title=\u00bbEstado de Acreditaci\u00f3n\u00bb tab_id=\u00bb1576077628382-f5d2e2b1-4622&#8243;][vc_column_text]<strong>Acreditaci\u00f3n por seis a\u00f1os<\/strong>\u00a0<a href=\"https:\/\/drive.google.com\/open?id=0BzYxk5n-tPxLeERfbFNOTDlPTkE\" target=\"_blank\">(Res. N\u00b0 265\/12 CONEAU)<\/a>.<\/p>\n<p><strong>Est\u00e1ndar de la carrera<\/strong>\u00a0<a href=\"https:\/\/drive.google.com\/open?id=0BzYxk5n-tPxLdkpPR0YyNnJtaWs\" target=\"_blank\">(Res. N\u00ba 0786\/09 ME).<\/a><\/p>\n<p><strong>Resoluci\u00f3n ministerial de reconocimiento oficial del t\u00edtulo<\/strong>\u00a0<a href=\"https:\/\/drive.google.com\/open?id=0BzYxk5n-tPxLWXh5SkY3VkJhcnc\" target=\"_blank\">(Res. N\u00ba 0518\/00 ME)<\/a>.y la\u00a0<a href=\"https:\/\/drive.google.com\/open?id=1scTPf0rc6fEyctW007DpdVsEmvCaA3yF\" target=\"_blank\">(Res. N\u00ba 2846\/15 ME)<\/a>.[\/vc_column_text][\/vc_tta_section][vc_tta_section title=\u00bbCronolog\u00eda de Acreditaciones de Licenciatura en Sistemas de Informaci\u00f3n:\u00bb tab_id=\u00bb1576077628383-dca98d35-7e82&#8243;][vc_column_text]<strong>15-05-2018<\/strong>:\u00a0<a href=\"https:\/\/drive.google.com\/open?id=1x_REZMgYKYibPJ6knFoefk3laf5sHbJ2\" target=\"_blank\">Resoluci\u00f3n N\u00ba 1254\/2018 ME<\/a>. Determinar que los \u00abalcances del t\u00edtulo\u00bb son aquellas actividades, definidas por cada instituci\u00f3n universitaria, para las que resulta competente un profesional en funci\u00f3n del perfil del t\u00edtulo respectivo sin implicar un riesgo directo a los valores protegidos por el art\u00edculo 43 de la Ley de Educaci\u00f3n Superior,\u00a0<a href=\"https:\/\/drive.google.com\/open?id=120A0aRkpq-x3vQSd_KYpymVSEia_v5B8\" target=\"_blank\">Ver Anexo 30<\/a>.<\/p>\n<p><strong>18-04-2012<\/strong>:\u00a0<a href=\"https:\/\/drive.google.com\/open?id=0BzYxk5n-tPxLeERfbFNOTDlPTkE\" target=\"_blank\">Resoluci\u00f3n N\u00ba 265\/12 CONEAU<\/a>.\u00a0<strong>Acreditar<\/strong>\u00a0la carrera de Licenciatura en Sistemas de Informaci\u00f3n de la Fa.C.E.N.A. por un per\u00edodo de seis (6) a\u00f1os. Proceso de acreditaci\u00f3n iniciado por convocatoria de abril de 2010 mediante\u00a0<a href=\"https:\/\/drive.google.com\/open?id=0BzYxk5n-tPxLbU9JZXltTTNNdlU\" target=\"_blank\">Resoluci\u00f3n N\u00ba 184\/10 CONEAU<\/a>.<\/p>\n<p><strong>07-04-2010<\/strong>:\u00a0<a href=\"https:\/\/drive.google.com\/open?id=0BzYxk5n-tPxLbU9JZXltTTNNdlU\" target=\"_blank\">Resoluci\u00f3n N\u00ba 184\/10 CONEAU<\/a>. Convocatoria de presentaci\u00f3n obligatoria para la acreditaci\u00f3n de carreras de Inform\u00e1tica &#8211; Alcances y Cronograma.<\/p>\n<p><strong>10-07-2008<\/strong>:\u00a0<a href=\"https:\/\/drive.google.com\/open?id=1d5qCF6QjtOFXk2gt6s0CkW8iAoVguP6O\" target=\"_blank\">Resoluci\u00f3n N\u00ba 852\/08 ME.\u00a0<\/a>. Declarar incluidos a los t\u00edtulos de Licenciado en Ciencias de la Computaci\u00f3n, Licenciado en Sistemas\/Sistemas de Informaci\u00f3n, Licenciado en Inform\u00e1tica, Licenciado en An\u00e1lisis de Sistemas, Ingeniero en Computaci\u00f3n e Ingeniero en Sistemas de Informaci\u00f3n\/Inform\u00e1tica en el r\u00e9gimen del art\u00edculo 43 de la Ley N\u00ba 24.521.[\/vc_column_text][\/vc_tta_section][\/vc_tta_tabs][\/vc_column][\/vc_row]<\/p>\n","protected":false},"excerpt":{"rendered":"<p>[vc_row][vc_column][vc_tta_tabs][vc_tta_section title=\u00bbEstado de Acreditaci\u00f3n\u00bb tab_id=\u00bb1576077628382-f5d2e2b1-4622&#8243;][vc_column_text]Acreditaci\u00f3n por seis a\u00f1os\u00a0(Res. N\u00b0 265\/12 CONEAU). Est\u00e1ndar de la carrera\u00a0(Res. N\u00ba 0786\/09 ME). Resoluci\u00f3n ministerial de reconocimiento oficial del t\u00edtulo\u00a0(Res. N\u00ba 0518\/00 ME).y la\u00a0(Res. N\u00ba 2846\/15 ME).[\/vc_column_text][\/vc_tta_section][vc_tta_section title=\u00bbCronolog\u00eda de Acreditaciones de Licenciatura en Sistemas de Informaci\u00f3n:\u00bb tab_id=\u00bb1576077628383-dca98d35-7e82&#8243;][vc_column_text]15-05-2018:\u00a0Resoluci\u00f3n N\u00ba 1254\/2018 ME. Determinar que los \u00abalcances del t\u00edtulo\u00bb son aquellas actividades, definidas [&hellip;]<\/p>\n","protected":false},"author":4,"featured_media":0,"parent":0,"menu_order":0,"comment_status":"closed","ping_status":"closed","template":"","meta":{"footnotes":""},"class_list":["post-9169","page","type-page","status-publish","hentry"],"_links":{"self":[{"href":"https:\/\/exa.unne.edu.ar\/r\/index.php?rest_route=\/wp\/v2\/pages\/9169","targetHints":{"allow":["GET"]}}],"collection":[{"href":"https:\/\/exa.unne.edu.ar\/r\/index.php?rest_route=\/wp\/v2\/pages"}],"about":[{"href":"https:\/\/exa.unne.edu.ar\/r\/index.php?rest_route=\/wp\/v2\/types\/page"}],"author":[{"embeddable":true,"href":"https:\/\/exa.unne.edu.ar\/r\/index.php?rest_route=\/wp\/v2\/users\/4"}],"replies":[{"embeddable":true,"href":"https:\/\/exa.unne.edu.ar\/r\/index.php?rest_route=%2Fwp%2Fv2%2Fcomments&post=9169"}],"version-history":[{"count":0,"href":"https:\/\/exa.unne.edu.ar\/r\/index.php?rest_route=\/wp\/v2\/pages\/9169\/revisions"}],"wp:attachment":[{"href":"https:\/\/exa.unne.edu.ar\/r\/index.php?rest_route=%2Fwp%2Fv2%2Fmedia&parent=9169"}],"curies":[{"name":"wp","href":"https:\/\/api.w.org\/{rel}","templated":true}]}}