{"id":9157,"date":"2019-12-11T12:02:28","date_gmt":"2019-12-11T15:02:28","guid":{"rendered":"http:\/\/exa.unne.edu.ar\/r\/?page_id=9157"},"modified":"2019-12-11T12:04:31","modified_gmt":"2019-12-11T15:04:31","slug":"acreditacion-de-la-carrera-ingenieria-en-electronica","status":"publish","type":"page","link":"https:\/\/exa.unne.edu.ar\/r\/?page_id=9157","title":{"rendered":"Acreditaci\u00f3n de la Carrera Ingenier\u00eda en Electr\u00f3nica"},"content":{"rendered":"<p>[vc_row][vc_column][vc_tta_tabs][vc_tta_section title=\u00bbEstado de Acreditaci\u00f3n\u00bb tab_id=\u00bb1576076720072-7b0d8b5d-0fb7&#8243;][vc_column_text]<strong>Acreditada por tres a\u00f1os<\/strong>\u00a0(<a href=\"https:\/\/drive.google.com\/open?id=1ySHp_PtGEsCDceNXafCw-K5evoaq1JMo\" target=\"_blank\">Res. N\u00ba RESFC-2019-79-APN-CONEAU#MECCYT<\/a>).<\/p>\n<p><strong>Est\u00e1ndar de la carrera<\/strong>\u00a0(<a href=\"https:\/\/drive.google.com\/open?id=0BzYxk5n-tPxLOWZBMnhTVUduNVk\" target=\"_blank\">Res. N\u00ba 1232\/01 ME<\/a>).<\/p>\n<p><strong>Resoluci\u00f3n ministerial de reconocimiento oficial del t\u00edtulo<\/strong>\u00a0(<a href=\"https:\/\/drive.google.com\/open?id=1jfm4EP9eirciDsqJ6XbfTIICcZ3ZxBSw\" target=\"_blank\">Res N\u00ba 1148\/14 ME<\/a>) y (<a href=\"https:\/\/drive.google.com\/open?id=1JYjkldawJSEPcya_fwJDWypiB9G_ab6F\" target=\"_blank\">RESOL-2017-1503-APN-ME<\/a>).[\/vc_column_text][\/vc_tta_section][vc_tta_section title=\u00bbCronolog\u00eda de Acreditaciones de Ingenier\u00eda en Electr\u00f3nica\u00bb tab_id=\u00bb1576076720073-07daf13f-9d2c\u00bb][vc_column_text]<strong>09-04-2019<\/strong>:\u00a0<a href=\"https:\/\/drive.google.com\/open?id=1ySHp_PtGEsCDceNXafCw-K5evoaq1JMo\" target=\"_blank\">(Resoluci\u00f3n N\u00ba RESFC-2019-79-APN-CONEAU#MECCYT)<\/a>\u00a0Acreditar\u00a0la carrera de Ingenier\u00eda en Electr\u00f3nica de la Fa.C.E.N.A. por un per\u00edodo de tres (3) a\u00f1os.<\/p>\n<p><strong>15-05-2018<\/strong>:<a href=\"https:\/\/drive.google.com\/open?id=1x_REZMgYKYibPJ6knFoefk3laf5sHbJ2\" target=\"_blank\">\u00a0Resoluci\u00f3n N\u00ba 1254\/2018 ME\u00a0<\/a>. Determinar que los \u00abalcances del t\u00edtulo\u00bb son aquellas actividades, definidas por cada instituci\u00f3n universitaria, para las que resulta competente un profesional en funci\u00f3n del perfil del t\u00edtulo respectivo sin implicar un riesgo directo a los valores protegidos por el art\u00edculo 43 de la Ley de Educaci\u00f3n Superior,<a href=\"https:\/\/drive.google.com\/open?id=19AVC-sYw3cOZiHciTcSLP83l-9oliPtC\" target=\"_blank\">\u00a0Ver Anexo 07<\/a>.<\/p>\n<p><strong>13-06-2017<\/strong>: Convocar a un nuevo proceso de acreditaci\u00f3n a todas las carreras de Ingenier\u00eda<a href=\"https:\/\/drive.google.com\/open?id=1prEKAAvSm8dkOcY5vi1uWFUce1vahWRI\" target=\"_blank\">(RESFC-2017-231-APN-CONEAU#ME)<\/a>.<\/p>\n<p><strong>02-12-2014<\/strong>:<a href=\"https:\/\/drive.google.com\/open?id=0BzYxk5n-tPxLNGI0UmVPYUxEdTg\" target=\"_blank\">\u00a0Resoluci\u00f3n N\u00b0 0998\/14 CONEAU<\/a>.\u00a0<strong>Acreditar<\/strong>\u00a0la carrera de Ingenier\u00eda en Electr\u00f3nica de la Fa.C.E.N.A. por un per\u00edodo de tres (3) a\u00f1os. Proceso de acreditaci\u00f3n iniciado por convocatoria de mayo de 2012 mediante\u00a0<a href=\"https:\/\/drive.google.com\/open?id=0BzYxk5n-tPxLMXRNSmIwMDNYQkU\" target=\"_blank\">Resoluci\u00f3n N\u00b0 343\/12 CONEAU<\/a>.<\/p>\n<p><strong>09-05-2012<\/strong><a href=\"https:\/\/drive.google.com\/open?id=0BzYxk5n-tPxLMXRNSmIwMDNYQkU\" target=\"_blank\">: Resoluci\u00f3n N\u00b0 343\/12 CONEAU.<\/a>\u00a0Convocatoria para la acreditaci\u00f3n de carreras de Ingenier\u00eda &#8211; Alcances y Cronograma.<\/p>\n<p><strong>18-11-2009<\/strong>:\u00a0<a href=\"https:\/\/drive.google.com\/open?id=0BzYxk5n-tPxLRUctWjdQb2NDd3M\" target=\"_blank\">Resoluci\u00f3n N\u00ba 733\/09 CONEAU.<\/a>\u00a0<strong>Acreditaci\u00f3n<\/strong>\u00a0de la carrera de Ingenier\u00eda en Electr\u00f3nica de la Fa.C.E.N.A. por un per\u00edodo de tres (3) a\u00f1os computados a partir del vencimiento de la acreditaci\u00f3n otorgada por\u00a0<a href=\"https:\/\/drive.google.com\/open?id=0BzYxk5n-tPxLd0xPZHpMWUs1Z0k\" target=\"_blank\">Resoluci\u00f3n N\u00b0 247\/05 CONEAU<\/a>. La universidad asume la responsabilidad de sostener el nivel de calidad alcanzado por la carrera. Proceso de acreditaci\u00f3n iniciado por convocatoria de mayo de 2008 mediante\u00a0<a href=\"https:\/\/drive.google.com\/open?id=0BzYxk5n-tPxLR01JLU5HeUtMa00\" target=\"_blank\">Resoluci\u00f3n CONEAU N\u00b0 194\/08<\/a><\/p>\n<p><strong>28-05-2008<\/strong>:<a href=\"https:\/\/drive.google.com\/open?id=0BzYxk5n-tPxLR01JLU5HeUtMa00\" target=\"_blank\">\u00a0Resoluci\u00f3n N\u00b0 194\/08 CONEAU<\/a>. Tercera convocatoria de carreras de Ingenier\u00eda comprendidas en la segunda fase del proceso de acreditaci\u00f3n &#8211; Convocatoria de carreras de Ingenier\u00eda no acreditadas o con acreditaci\u00f3n provisoria.<\/p>\n<p><strong>09-05-2005<\/strong>:\u00a0<a href=\"https:\/\/drive.google.com\/open?id=0BzYxk5n-tPxLd0xPZHpMWUs1Z0k\" target=\"_blank\">Resoluci\u00f3n N\u00b0 247\/05 CONEAU<\/a>.\u00a0<strong>Acreditar<\/strong>\u00a0la carrera de Ingenier\u00eda en Electr\u00f3nica de la Fa.C.E.N.A. por un per\u00edodo de tres (3) a\u00f1os.<\/p>\n<p><strong>04-12-2002<\/strong>:\u00a0<a href=\"https:\/\/drive.google.com\/open?id=1Nt8FwM8ffM1AEVSDQetjVG8U3blP8bh2\" target=\"_blank\">Resoluci\u00f3n N\u00ba 413\/02 CONEAU<\/a>. Convocatoria y cronograma para la acreditaci\u00f3n obligatoria de carreras de Ingenier\u00eda.<\/p>\n<p><strong>20-12-2001<\/strong>:\u00a0<a href=\"https:\/\/drive.google.com\/open?id=0BzYxk5n-tPxLOWZBMnhTVUduNVk\" target=\"_blank\">Resoluci\u00f3n N\u00ba 1232\/01 ME\u00a0<\/a>. Declarar incluidos en la n\u00f3mina del art\u00edculo 43 de la Ley N\u00ba 24.521 a los siguientes t\u00edtulos: Ingeniero Aeron\u00e1utico; Ingeniero en Alimentos; Ingeniero Ambiental; Ingeniero Civil; Ingeniero Electricista; Ingeniero Electromec\u00e1nico; Ingeniero Electr\u00f3nico; Ingeniero en Materiales; Ingeniero Mec\u00e1nico; Ingeniero en Minas; Ingeniero Nuclear; Ingeniero en Petr\u00f3leo, e Ingeniero Qu\u00edmico.[\/vc_column_text][\/vc_tta_section][\/vc_tta_tabs][\/vc_column][\/vc_row]<\/p>\n","protected":false},"excerpt":{"rendered":"<p>[vc_row][vc_column][vc_tta_tabs][vc_tta_section title=\u00bbEstado de Acreditaci\u00f3n\u00bb tab_id=\u00bb1576076720072-7b0d8b5d-0fb7&#8243;][vc_column_text]Acreditada por tres a\u00f1os\u00a0(Res. N\u00ba RESFC-2019-79-APN-CONEAU#MECCYT). Est\u00e1ndar de la carrera\u00a0(Res. N\u00ba 1232\/01 ME). Resoluci\u00f3n ministerial de reconocimiento oficial del t\u00edtulo\u00a0(Res N\u00ba 1148\/14 ME) y (RESOL-2017-1503-APN-ME).[\/vc_column_text][\/vc_tta_section][vc_tta_section title=\u00bbCronolog\u00eda de Acreditaciones de Ingenier\u00eda en Electr\u00f3nica\u00bb tab_id=\u00bb1576076720073-07daf13f-9d2c\u00bb][vc_column_text]09-04-2019:\u00a0(Resoluci\u00f3n N\u00ba RESFC-2019-79-APN-CONEAU#MECCYT)\u00a0Acreditar\u00a0la carrera de Ingenier\u00eda en Electr\u00f3nica de la Fa.C.E.N.A. por un per\u00edodo de tres (3) a\u00f1os. 15-05-2018:\u00a0Resoluci\u00f3n [&hellip;]<\/p>\n","protected":false},"author":4,"featured_media":0,"parent":0,"menu_order":0,"comment_status":"closed","ping_status":"closed","template":"","meta":{"footnotes":""},"class_list":["post-9157","page","type-page","status-publish","hentry"],"_links":{"self":[{"href":"https:\/\/exa.unne.edu.ar\/r\/index.php?rest_route=\/wp\/v2\/pages\/9157","targetHints":{"allow":["GET"]}}],"collection":[{"href":"https:\/\/exa.unne.edu.ar\/r\/index.php?rest_route=\/wp\/v2\/pages"}],"about":[{"href":"https:\/\/exa.unne.edu.ar\/r\/index.php?rest_route=\/wp\/v2\/types\/page"}],"author":[{"embeddable":true,"href":"https:\/\/exa.unne.edu.ar\/r\/index.php?rest_route=\/wp\/v2\/users\/4"}],"replies":[{"embeddable":true,"href":"https:\/\/exa.unne.edu.ar\/r\/index.php?rest_route=%2Fwp%2Fv2%2Fcomments&post=9157"}],"version-history":[{"count":0,"href":"https:\/\/exa.unne.edu.ar\/r\/index.php?rest_route=\/wp\/v2\/pages\/9157\/revisions"}],"wp:attachment":[{"href":"https:\/\/exa.unne.edu.ar\/r\/index.php?rest_route=%2Fwp%2Fv2%2Fmedia&parent=9157"}],"curies":[{"name":"wp","href":"https:\/\/api.w.org\/{rel}","templated":true}]}}