{"id":9142,"date":"2019-12-11T11:40:34","date_gmt":"2019-12-11T14:40:34","guid":{"rendered":"http:\/\/exa.unne.edu.ar\/r\/?page_id=9142"},"modified":"2023-11-28T14:24:57","modified_gmt":"2023-11-28T17:24:57","slug":"acreditacion-de-la-carrera-bioquimica","status":"publish","type":"page","link":"https:\/\/exa.unne.edu.ar\/r\/?page_id=9142","title":{"rendered":"Acreditaci\u00f3n de la Carrera Bioqu\u00edmica"},"content":{"rendered":"<p>[vc_row][vc_column][vc_tta_tabs][vc_tta_section title=\u00bbEstado de Acreditaci\u00f3n\u00bb tab_id=\u00bb1576075424320-5b96621e-bd75&#8243;][vc_column_text]<strong>Acreditada por seis a\u00f1os\u00a0<\/strong>(<a href=\"..\/acreditacion\/docs\/ACR-2015-CO-0626-15. Acreditaci\u00f3n de Bioqu\u00edmica.pdf\" target=\"_blank\">Res. N\u00ba 0626\/15 CONEAU<\/a>).<\/p>\n<p><strong>Est\u00e1ndar de la carrera<\/strong>\u00a0(<a href=\"..\/acreditacion\/docs\/RES-2004-ME-0565-04. Estandares de Bioqu\u00edmica.pdf\" target=\"_blank\">Res. N\u00ba 565\/04 ME<\/a>).<strong>Y su Modificatoria<\/strong>\u00a0(<a href=\"..\/acreditacion\/docs\/RES-2005-ME-0660-05. Estandares de Bioqu\u00edmica Modif Res. N\u00b0565-04 ME.pdf\" target=\"_blank\">Res. N\u00b0 660\/05 ME<\/a>). &#8211;\u00a0 (<a href=\"..\/acreditacion\/docs\/RES-2021-ME-RESOL-2021-1551-APN-ME. Estandares de Bioqu\u00edmica..pdf\"><span style=\"color: #c0504d;\"><span style=\"font-size: medium;\">Res. N\u00ba RESOL-2021-1551-APN-ME<\/span><\/span><\/a>)<\/p>\n<p><strong>Resoluci\u00f3n ministerial de reconocimiento oficial del t\u00edtulo<\/strong>\u00a0(<a href=\"..\/acreditacion\/docs\/RES-2002-ME-0884-02. RO y Validez Nacional del T\u00edtulo de Bioqu\u00edmico.pdf\" target=\"_blank\">Res. N\u00ba 884\/02 ME<\/a>). -(<a href=\"..\/acreditacion\/docs\/RES-2017-ME-RESOL-2017-1102-APN-ME. RO y Validez Nacional del T\u00edtulo de Bioqu\u00edmico.pdf\" target=\"_blank\">Res. N\u00ba RESOL-2017-1102-APN-ME <\/a>.) &#8211;<\/p>\n<p class=\"western\"><span style=\"color: #0000ff;\"><a href=\"..\/acreditacion\/docs\/RES-2019-ME-RESOL-2019-3306-APN-DNGYFU. RO y Validez Nacional del T\u00edtulo de Bioqu\u00edmico.pdf\" target=\"_blank\"><span style=\"color: #c0504d;\"><span style=\"font-family: Times New Roman, serif;\"><span style=\"font-size: medium;\"><b>Res. N\u00ba RESOL-2019-3306-APN-MECCYT<\/b><\/span><\/span><\/span><\/a><\/span><span style=\"color: #414345;\"><span style=\"font-family: Helvetica, sans-serif;\"><span style=\"font-size: small;\">.<\/span><\/span><\/span><\/p>\n<p>[\/vc_column_text][\/vc_tta_section][vc_tta_section title=\u00bbCronolog\u00eda de Acreditaciones de Bioqu\u00edmica\u00bb tab_id=\u00bb1576075424321-ba458e8d-22d1&#8243;][vc_column_text]<strong>15-05-2018<\/strong><a href=\"https:\/\/drive.google.com\/open?id=1x_REZMgYKYibPJ6knFoefk3laf5sHbJ2\" target=\"_blank\">\u00a0 Resoluci\u00f3n N\u00b0 1254\/2018 ME.<\/a>)Determinar que los \u00abalcances del t\u00edtulo\u00bb son aquellas actividades, definidas por cada instituci\u00f3n universitaria, para las que resulta competente un profesional en funci\u00f3n del perfil del t\u00edtulo respectivo sin implicar un riesgo directo a los valores protegidos por el art\u00edculo 43 de la Ley de Educaci\u00f3n Superior, <a href=\"https:\/\/drive.google.com\/open?id=18L8VgOz90RjIcOgsRCyut_7Lxr2vjPMh\" target=\"_blank\">Ver Anexo 17.<\/a><\/p>\n<p><strong>25-08-2015<\/strong>: La CONEAU resuelve\u00a0<strong>Acreditar<\/strong>\u00a0la carrera de Bioqu\u00edmica de la Fa.C.E.N.A. (<a href=\"https:\/\/drive.google.com\/open?id=0BzYxk5n-tPxLUmg2c2tzdlB3U28\" target=\"_blank\">Res. N\u00ba 0626\/15 CONEAU<\/a>) por un per\u00edodo de seis (6) a\u00f1os. Proceso de acreditaci\u00f3n iniciado por convocatoria de mayo de 2013 mediante\u00a0<a href=\"https:\/\/drive.google.com\/open?id=0BzYxk5n-tPxLTlRwYkVXc2RUMHM\" target=\"_blank\">Resoluci\u00f3n N\u00ba 0997\/13 CONEAU<\/a>.<\/p>\n<p><strong>03-12-2013<\/strong>:<a href=\"https:\/\/drive.google.com\/open?id=0BzYxk5n-tPxLTlRwYkVXc2RUMHM\" target=\"_blank\">\u00a0Resoluci\u00f3n N\u00b0 997\/13 CONEAU.<\/a>\u00a0Convocatoria 2014 para la acreditaci\u00f3n de carreras de grado de Farmacia, Licenciatura en Farmacia, Bioqu\u00edmica y Licenciatura en Bioqu\u00edmica.<\/p>\n<p><strong>08-11-2011<\/strong>:<a href=\"https:\/\/drive.google.com\/open?id=0BzYxk5n-tPxLQjRGNTRxOXBhQlk\" target=\"_blank\">\u00a0Resoluci\u00f3n N\u00ba 882\/11 CONEAU.<\/a>\u00a0<strong>Acreditaci\u00f3n<\/strong>\u00a0de la carrera de Bioqu\u00edmica de la Fa.C.E.N.A. por un per\u00edodo de tres (3) a\u00f1os computados a partir del vencimiento de la acreditaci\u00f3n otorgada por\u00a0<a href=\"https:\/\/drive.google.com\/open?id=0BzYxk5n-tPxLOW9wS3pkd1JEMXc\" target=\"_blank\">Resoluci\u00f3n N\u00b0 337\/07 CONEAU<\/a>. La universidad asume la responsabilidad de sostener el nivel de calidad alcanzado por la carrera. Proceso de acreditaci\u00f3n iniciado por convocatoria de marzo de 2010 mediante\u00a0<a href=\"https:\/\/drive.google.com\/open?id=0BzYxk5n-tPxLcWNXX1lmbFZyQUU\" target=\"_blank\">Resoluci\u00f3n N\u00b0 062\/10 CONEAU<\/a>.<\/p>\n<p><strong>11-03-2010<\/strong>:<a href=\"https:\/\/drive.google.com\/open?id=0BzYxk5n-tPxLcWNXX1lmbFZyQUU\" target=\"_blank\">\u00a0Resoluci\u00f3n N\u00ba 062\/10 CONEAU.<\/a>\u00a0Segunda convocatoria para la acreditaci\u00f3n de carreras de Farmacia y Bioqu\u00edmica Alcances y cronograma.<\/p>\n<p><strong>22-05-2007<\/strong>:<a href=\"https:\/\/drive.google.com\/open?id=0BzYxk5n-tPxLOW9wS3pkd1JEMXc\" target=\"_blank\">\u00a0Resoluci\u00f3n N\u00ba 337\/07 CONEAU.<\/a>\u00a0<strong>Acreditar<\/strong>\u00a0la carrera de Bioqu\u00edmica de la Fa.C.E.N.A. por un per\u00edodo de tres (3) a\u00f1os. Proceso de acreditaci\u00f3n iniciado por convocatoria de noviembre de 2005 mediante\u00a0<a href=\"https:\/\/drive.google.com\/open?id=0BzYxk5n-tPxLY1RHZWFmRHhxYUE\" target=\"_blank\">Resoluci\u00f3n N\u00b0 863\/05 CONEAU<\/a>.<\/p>\n<p><strong>05-11-2005<\/strong>:<a href=\"https:\/\/drive.google.com\/open?id=0BzYxk5n-tPxLY1RHZWFmRHhxYUE\" target=\"_blank\">\u00a0Resoluci\u00f3n N\u00ba 863\/05 CONEAU.<\/a>\u00a0Convocatoria para la acreditaci\u00f3n de carreras de Farmacia, Licenciatura en Farmacia, Bioqu\u00edmica y Licenciatura en Bioqu\u00edmica.<\/p>\n<p><strong>21-02-2003<\/strong>:<a href=\"https:\/\/drive.google.com\/open?id=0BzYxk5n-tPxLUGlzcG9fNVFOYm8\" target=\"_blank\">\u00a0Resoluci\u00f3n N\u00ba 254\/2003 ME.<\/a>\u00a0Incl\u00fayanse en la n\u00f3mina del art\u00edculo 43 de la Ley N\u00ba 24.521 los t\u00edtulos de Farmac\u00e9utico, Bioqu\u00edmico, Veterinario, Ingeniero Agr\u00f3nomo, Arquitecto y Odont\u00f3logo.[\/vc_column_text][\/vc_tta_section][\/vc_tta_tabs][\/vc_column][\/vc_row]<\/p>\n","protected":false},"excerpt":{"rendered":"<p>[vc_row][vc_column][vc_tta_tabs][vc_tta_section title=\u00bbEstado de Acreditaci\u00f3n\u00bb tab_id=\u00bb1576075424320-5b96621e-bd75&#8243;][vc_column_text]Acreditada por seis a\u00f1os\u00a0(Res. N\u00ba 0626\/15 CONEAU). Est\u00e1ndar de la carrera\u00a0(Res. N\u00ba 565\/04 ME).Y su Modificatoria\u00a0(Res. N\u00b0 660\/05 ME). &#8211;\u00a0 (Res. N\u00ba RESOL-2021-1551-APN-ME) Resoluci\u00f3n ministerial de reconocimiento oficial del t\u00edtulo\u00a0(Res. N\u00ba 884\/02 ME). -(Res. N\u00ba RESOL-2017-1102-APN-ME .) &#8211; Res. N\u00ba RESOL-2019-3306-APN-MECCYT. [\/vc_column_text][\/vc_tta_section][vc_tta_section title=\u00bbCronolog\u00eda de Acreditaciones de Bioqu\u00edmica\u00bb tab_id=\u00bb1576075424321-ba458e8d-22d1&#8243;][vc_column_text]15-05-2018\u00a0 Resoluci\u00f3n N\u00b0 1254\/2018 [&hellip;]<\/p>\n","protected":false},"author":4,"featured_media":0,"parent":0,"menu_order":0,"comment_status":"closed","ping_status":"closed","template":"","meta":{"footnotes":""},"class_list":["post-9142","page","type-page","status-publish","hentry"],"_links":{"self":[{"href":"https:\/\/exa.unne.edu.ar\/r\/index.php?rest_route=\/wp\/v2\/pages\/9142","targetHints":{"allow":["GET"]}}],"collection":[{"href":"https:\/\/exa.unne.edu.ar\/r\/index.php?rest_route=\/wp\/v2\/pages"}],"about":[{"href":"https:\/\/exa.unne.edu.ar\/r\/index.php?rest_route=\/wp\/v2\/types\/page"}],"author":[{"embeddable":true,"href":"https:\/\/exa.unne.edu.ar\/r\/index.php?rest_route=\/wp\/v2\/users\/4"}],"replies":[{"embeddable":true,"href":"https:\/\/exa.unne.edu.ar\/r\/index.php?rest_route=%2Fwp%2Fv2%2Fcomments&post=9142"}],"version-history":[{"count":7,"href":"https:\/\/exa.unne.edu.ar\/r\/index.php?rest_route=\/wp\/v2\/pages\/9142\/revisions"}],"predecessor-version":[{"id":30400,"href":"https:\/\/exa.unne.edu.ar\/r\/index.php?rest_route=\/wp\/v2\/pages\/9142\/revisions\/30400"}],"wp:attachment":[{"href":"https:\/\/exa.unne.edu.ar\/r\/index.php?rest_route=%2Fwp%2Fv2%2Fmedia&parent=9142"}],"curies":[{"name":"wp","href":"https:\/\/api.w.org\/{rel}","templated":true}]}}