{"id":8540,"date":"2019-11-19T15:38:25","date_gmt":"2019-11-19T18:38:25","guid":{"rendered":"http:\/\/exa.unne.edu.ar\/r\/?page_id=8540"},"modified":"2020-06-24T12:10:48","modified_gmt":"2020-06-24T15:10:48","slug":"gics-grupo-de-investigacion-en-calidad-de-software","status":"publish","type":"page","link":"https:\/\/exa.unne.edu.ar\/r\/?page_id=8540","title":{"rendered":"GICS &#8211; Grupo de Investigaci\u00f3n en Calidad de Software"},"content":{"rendered":"<p>[vc_row 0=\u00bb\u00bb][vc_column width=\u00bb1\/2&#8243;][vc_single_image image=\u00bb6844&#8243; img_size=\u00bbfull\u00bb][\/vc_column][vc_column width=\u00bb1\/2&#8243;][vc_column_text 0=\u00bb\u00bb][\/vc_column_text][\/vc_column][\/vc_row][vc_row 0=\u00bb\u00bb][vc_column 0=\u00bb\u00bb][vc_column_text 0=\u00bb\u00bb]<\/p>\n<div id=\"block-d8704180-d6f8-4e91-9742-fd9ab1d2c0bb\" class=\"wp-block editor-block-list__block block-editor-block-list__block is-selected\" tabindex=\"0\" data-type=\"core\/table\" aria-label=\"Bloque: Tabla\">\n<div class=\"editor-block-list__block-edit block-editor-block-list__block-edit\">\n<div data-block=\"d8704180-d6f8-4e91-9742-fd9ab1d2c0bb\">\n<table class=\"wp-block-table\">\n<tbody>\n<tr>\n<td class=\"\">\n<div class=\"editor-rich-text block-editor-rich-text\">\n<div>\n<div>\n<div class=\"components-autocomplete\">\n<div class=\"block-editor-rich-text__editable editor-rich-text__editable wp-block-table__cell-content\" role=\"textbox\" contenteditable=\"true\" aria-multiline=\"true\" aria-autocomplete=\"list\" data-is-placeholder-visible=\"false\"><strong data-rich-text-format-boundary=\"true\">Director<\/strong><\/div>\n<\/div>\n<\/div>\n<\/div>\n<\/div>\n<\/td>\n<td class=\"\">\n<div class=\"editor-rich-text block-editor-rich-text\">\n<div class=\"components-autocomplete\">\n<div class=\"block-editor-rich-text__editable editor-rich-text__editable wp-block-table__cell-content\" role=\"textbox\" contenteditable=\"true\" aria-multiline=\"true\" aria-autocomplete=\"list\" data-is-placeholder-visible=\"false\">Irraz\u00e1bal, Emanuel Agust\u00edn<\/div>\n<\/div>\n<\/div>\n<\/td>\n<\/tr>\n<tr>\n<td class=\"\">\n<div class=\"editor-rich-text block-editor-rich-text\">\n<div>\n<div>\n<div class=\"components-autocomplete\">\n<div class=\"block-editor-rich-text__editable editor-rich-text__editable wp-block-table__cell-content\" role=\"textbox\" contenteditable=\"true\" aria-multiline=\"true\" aria-autocomplete=\"list\" data-is-placeholder-visible=\"false\"><strong>Investigadores<\/strong><\/div>\n<\/div>\n<\/div>\n<\/div>\n<\/div>\n<\/td>\n<td class=\"\">\n<div class=\"editor-rich-text block-editor-rich-text\">\n<div class=\"components-autocomplete\">\n<div class=\"block-editor-rich-text__editable editor-rich-text__editable wp-block-table__cell-content\" role=\"textbox\" contenteditable=\"true\" aria-multiline=\"true\" aria-autocomplete=\"list\" data-is-placeholder-visible=\"false\">\n<p>Dapozo, Gladys Noem\u00ed<\/p>\n<p>Greiner, Cristina Liliam<\/p>\n<p>Company, Ana Mar\u00eda<\/p>\n<\/div>\n<\/div>\n<\/div>\n<\/td>\n<\/tr>\n<tr>\n<td class=\"\">\n<div class=\"editor-rich-text block-editor-rich-text\">\n<div>\n<div>\n<div class=\"components-autocomplete\">\n<div class=\"block-editor-rich-text__editable editor-rich-text__editable wp-block-table__cell-content\" role=\"textbox\" contenteditable=\"true\" aria-multiline=\"true\" aria-autocomplete=\"list\" data-is-placeholder-visible=\"false\"><strong data-rich-text-format-boundary=\"true\">Tesistas de Posgrado<\/strong><\/div>\n<\/div>\n<\/div>\n<\/div>\n<\/div>\n<\/td>\n<td class=\"\">\n<div class=\"editor-rich-text block-editor-rich-text\">\n<div>\n<div>\n<div class=\"components-autocomplete\">\n<div class=\"block-editor-rich-text__editable editor-rich-text__editable wp-block-table__cell-content\" role=\"textbox\" contenteditable=\"true\" aria-multiline=\"true\" aria-autocomplete=\"list\" data-is-placeholder-visible=\"false\">Mascheroni, Maximiliano Agust\u00edn<\/div>\n<\/div>\n<\/div>\n<\/div>\n<\/div>\n<\/td>\n<\/tr>\n<tr>\n<td class=\"\">\n<div class=\"editor-rich-text block-editor-rich-text\">\n<div>\n<div>\n<div class=\"components-autocomplete\">\n<div class=\"block-editor-rich-text__editable editor-rich-text__editable wp-block-table__cell-content\" role=\"textbox\" contenteditable=\"true\" aria-multiline=\"true\" aria-autocomplete=\"list\" data-is-placeholder-visible=\"false\"><strong data-rich-text-format-boundary=\"true\">Becarios de Pregrado<\/strong><\/div>\n<\/div>\n<\/div>\n<\/div>\n<\/div>\n<\/td>\n<td class=\"\">\n<div class=\"editor-rich-text block-editor-rich-text\">\n<div class=\"components-autocomplete\">\n<div class=\"block-editor-rich-text__editable editor-rich-text__editable wp-block-table__cell-content\" role=\"textbox\" contenteditable=\"true\" aria-multiline=\"true\" aria-autocomplete=\"list\" data-is-placeholder-visible=\"false\">\n<p>Lezcano Airaldi, Andrea<\/p>\n<p>Acevedo Duprat, Joaqu\u00edn Cruz<\/p>\n<\/div>\n<\/div>\n<\/div>\n<\/td>\n<\/tr>\n<tr>\n<td class=\"\">\n<div class=\"editor-rich-text block-editor-rich-text\">\n<div>\n<div>\n<div class=\"components-autocomplete\">\n<div class=\"block-editor-rich-text__editable editor-rich-text__editable wp-block-table__cell-content\" role=\"textbox\" contenteditable=\"true\" aria-multiline=\"true\" aria-autocomplete=\"list\" data-is-placeholder-visible=\"false\"><strong data-rich-text-format-boundary=\"true\">Tesistas de Pregrado<\/strong><\/div>\n<\/div>\n<\/div>\n<\/div>\n<\/div>\n<\/td>\n<td class=\"is-selected\">\n<div class=\"editor-rich-text block-editor-rich-text\">\n<div class=\"components-autocomplete\">\n<div class=\"block-editor-rich-text__editable editor-rich-text__editable wp-block-table__cell-content\" role=\"textbox\" contenteditable=\"true\" aria-multiline=\"true\" aria-autocomplete=\"list\" data-is-placeholder-visible=\"false\">Cabrera, Florencia<\/div>\n<\/div>\n<\/div>\n<\/td>\n<\/tr>\n<\/tbody>\n<\/table>\n<\/div>\n<\/div>\n<\/div>\n<div>\n<div class=\"wp-block editor-default-block-appender block-editor-default-block-appender\" data-root-client-id=\"\"><\/div>\n<\/div>\n<p>[\/vc_column_text][\/vc_column][\/vc_row][vc_row 0=\u00bb\u00bb][vc_column 0=\u00bb\u00bb][vc_text_separator title=\u00bbL\u00edneas de Investigaci\u00f3n\u00bb title_align=\u00bbseparator_align_left\u00bb][\/vc_column][\/vc_row][vc_row 0=\u00bb\u00bb][vc_column 0=\u00bb\u00bb][vc_tta_tour active_section=\u00bb1&#8243;][vc_tta_section title=\u00bbSection 1&#8243; tab_id=\u00bb1574188345414-0e4a9285-e96d\u00bb][vc_column_text 0=\u00bb\u00bb][\/vc_column_text][\/vc_tta_section][vc_tta_section title=\u00bbSection 2&#8243; tab_id=\u00bb1574188345414-1b97ced3-b551&#8243;][vc_column_text 0=\u00bb\u00bb]I am text block. Click edit button to change this text. Lorem ipsum dolor sit amet, consectetur adipiscing elit. Ut elit tellus, luctus nec ullamcorper mattis, pulvinar dapibus leo.[\/vc_column_text][\/vc_tta_section][\/vc_tta_tour][\/vc_column][\/vc_row]<\/p>\n","protected":false},"excerpt":{"rendered":"<p>[vc_row 0=\u00bb\u00bb][vc_column width=\u00bb1\/2&#8243;][vc_single_image image=\u00bb6844&#8243; img_size=\u00bbfull\u00bb][\/vc_column][vc_column width=\u00bb1\/2&#8243;][vc_column_text 0=\u00bb\u00bb][\/vc_column_text][\/vc_column][\/vc_row][vc_row 0=\u00bb\u00bb][vc_column 0=\u00bb\u00bb][vc_column_text 0=\u00bb\u00bb] Director Irraz\u00e1bal, Emanuel Agust\u00edn Investigadores Dapozo, Gladys Noem\u00ed Greiner, Cristina Liliam Company, Ana Mar\u00eda Tesistas de Posgrado Mascheroni, Maximiliano Agust\u00edn Becarios de Pregrado Lezcano Airaldi, Andrea Acevedo Duprat, Joaqu\u00edn Cruz Tesistas de Pregrado Cabrera, Florencia [\/vc_column_text][\/vc_column][\/vc_row][vc_row 0=\u00bb\u00bb][vc_column 0=\u00bb\u00bb][vc_text_separator title=\u00bbL\u00edneas de Investigaci\u00f3n\u00bb title_align=\u00bbseparator_align_left\u00bb][\/vc_column][\/vc_row][vc_row 0=\u00bb\u00bb][vc_column 0=\u00bb\u00bb][vc_tta_tour active_section=\u00bb1&#8243;][vc_tta_section [&hellip;]<\/p>\n","protected":false},"author":4,"featured_media":0,"parent":0,"menu_order":0,"comment_status":"closed","ping_status":"closed","template":"","meta":{"footnotes":""},"class_list":["post-8540","page","type-page","status-publish","hentry"],"_links":{"self":[{"href":"https:\/\/exa.unne.edu.ar\/r\/index.php?rest_route=\/wp\/v2\/pages\/8540","targetHints":{"allow":["GET"]}}],"collection":[{"href":"https:\/\/exa.unne.edu.ar\/r\/index.php?rest_route=\/wp\/v2\/pages"}],"about":[{"href":"https:\/\/exa.unne.edu.ar\/r\/index.php?rest_route=\/wp\/v2\/types\/page"}],"author":[{"embeddable":true,"href":"https:\/\/exa.unne.edu.ar\/r\/index.php?rest_route=\/wp\/v2\/users\/4"}],"replies":[{"embeddable":true,"href":"https:\/\/exa.unne.edu.ar\/r\/index.php?rest_route=%2Fwp%2Fv2%2Fcomments&post=8540"}],"version-history":[{"count":0,"href":"https:\/\/exa.unne.edu.ar\/r\/index.php?rest_route=\/wp\/v2\/pages\/8540\/revisions"}],"wp:attachment":[{"href":"https:\/\/exa.unne.edu.ar\/r\/index.php?rest_route=%2Fwp%2Fv2%2Fmedia&parent=8540"}],"curies":[{"name":"wp","href":"https:\/\/api.w.org\/{rel}","templated":true}]}}