{"id":8361,"date":"2019-10-22T12:25:01","date_gmt":"2019-10-22T15:25:01","guid":{"rendered":"http:\/\/exa.unne.edu.ar\/r\/?page_id=8361"},"modified":"2021-09-16T10:58:05","modified_gmt":"2021-09-16T13:58:05","slug":"ingenieria-en-electronica","status":"publish","type":"page","link":"https:\/\/exa.unne.edu.ar\/r\/?page_id=8361","title":{"rendered":"Ingenier\u00eda en Electr\u00f3nica"},"content":{"rendered":"<p>[vc_row][vc_column][vc_column_text]<\/p>\n<h4><strong>Director(a):<\/strong><\/h4>\n<h4>Dra. Mar\u00eda In\u00e9s Pisarello<\/h4>\n<h4><\/h4>\n<p>&nbsp;<\/p>\n<h4><strong>Correo: <a href=\"mailto:mainespisarello@gmail.com\">mainespisarello@gmail.com<\/a><\/strong><\/h4>\n<p>&nbsp;<\/p>\n<h4><strong>T\u00edtulo que otorga:<\/strong><\/h4>\n<h4>Ingenier\u00eda en Electr\u00f3nica<\/h4>\n<h4><\/h4>\n<p>&nbsp;<\/p>\n<h4><strong>Resoluci\u00f3n ministerial de reconocimiento oficial del t\u00edtulo:<\/strong><\/h4>\n<h4><\/h4>\n<h4><\/h4>\n<p>&nbsp;<\/p>\n<h4><strong>Resoluci\u00f3n de acreditaci\u00f3n:<\/strong> Acreditada por tres a\u00f1os <a href=\"http:\/\/www.exa.unne.edu.ar\/acreditacion\/documentacion\/RES-2014-CONEAU-0998-14.pdf\" target=\"_blank\">(Res. N\u00b0 0998\/14 CONEAU).<\/a><\/h4>\n<h4><\/h4>\n<h4><\/h4>\n<p>&nbsp;<\/p>\n<h4><strong>Est\u00e1ndar de la carrera:<\/strong><a href=\"http:\/\/www.exa.unne.edu.ar\/acreditacion\/documentacion\/RES-2001-ME-1232-01.pdf\" target=\"_blank\"> Res. N\u00ba 1232\/01 ME.<\/a><\/h4>\n<h4><\/h4>\n<h4><\/h4>\n<p>&nbsp;<\/p>\n<h4><span class=\"textgris\"><strong>Carga Horaria Total de la Carrera:<\/strong> 4.136 hs<\/span><\/h4>\n<h4><\/h4>\n<p>&nbsp;<\/p>\n<h4><\/h4>\n<h4><strong>Total de Asignaturas:<\/strong> 40<\/h4>\n<h4><\/h4>\n<p>&nbsp;<\/p>\n<h4><strong>Duraci\u00f3n:<\/strong> 5 a\u00f1os<\/h4>\n<p>&nbsp;[\/vc_column_text][\/vc_column][\/vc_row][vc_row][vc_column][vc_tta_tabs][vc_tta_section title=\u00bbFundamentaci\u00f3n \u00bb tab_id=\u00bb1571758483279-e828e239-5a52&#8243;][vc_column_text]<\/p>\n<div>\n<div><span style=\"color: #333333;\"><span style=\"font-family: DejaVu Sans, sans-serif;\">La Ingenier\u00eda Electr\u00f3nica es una disciplina asociada con el dise\u00f1o, desarrollo y operaci\u00f3n de sistemas que generan y utilizan ondas el\u00e9ctricas.<\/span><\/span><\/div>\n<div><\/div>\n<div><span style=\"color: #333333;\"><span style=\"font-family: DejaVu Sans, sans-serif;\"> Estos sistemas incluyen los de generaci\u00f3n y distribuci\u00f3n de potencia el\u00e9ctrica, procesamiento de datos y control, sistemas instrumentales. <\/span><\/span><\/div>\n<div><\/div>\n<div><span style=\"color: #333333;\"><span style=\"font-family: DejaVu Sans, sans-serif;\">La disciplina tambi\u00e9n est\u00e1 relacionada con los dispositivos componentes de los sistemas mencionados: transistores, circuitos integrados, antenas, dispositivos de memoria. <\/span><\/span><\/div>\n<div><\/div>\n<div><span style=\"color: #333333;\"><span style=\"font-family: DejaVu Sans, sans-serif;\">Las \u00e1reas de especializaci\u00f3n de la Ingenier\u00eda Electr\u00f3nica incluyen hoy -entre otras- a: sistemas de control autom\u00e1tico, ingenier\u00eda biom\u00e9dica, comunicaciones y procesamiento de se\u00f1ales, ingenier\u00eda de la computaci\u00f3n, campos y ondas electromagn\u00e9ticos, sistemas de energ\u00eda y potencia el\u00e9ctrica, fot\u00f3nica, plasma y fusi\u00f3n controlada, estado s\u00f3lido y microelectr\u00f3nica.<\/span><\/span><\/div>\n<div><\/div>\n<\/div>\n<div><span style=\"color: #333333;\"><span style=\"font-family: DejaVu Sans, sans-serif;\">La Ingenier\u00eda en Electr\u00f3nica representa un campo de r\u00e1pida expansi\u00f3n en el que continuamente se desarrollan nuevas y atractivas \u00e1reas, mientras que aquellas consideradas tradicionales encuentran d\u00eda a d\u00eda nuevas aplicaciones. <\/span><\/span><\/div>\n<div><\/div>\n<div><span style=\"color: #333333;\"><span style=\"font-family: DejaVu Sans, sans-serif;\">Dada la naturaleza de cambios r\u00e1pidos que experimenta este campo, el plan de estudios en Ingenier\u00eda en Electr\u00f3nica debe ser dise\u00f1ado para brindar una adecuada preparaci\u00f3n en las \u00e1reas tradicionales de la disciplina, proveyendo al mismo tiempo de suficiente flexibilidad para acomodar el inter\u00e9s de los estudiantes -y de la comunidad- frente a los desarrollos tecnol\u00f3gicos actuales. <\/span><\/span><\/div>\n<div><\/div>\n<div><span style=\"color: #333333;\"><span style=\"font-family: DejaVu Sans, sans-serif;\">De ah\u00ed que el objetivo sea el de preparar a los egresados en los fundamentos de la disciplina, que se combina con la formaci\u00f3n suficiente en \u00e1reas elegidas de especializaci\u00f3n, de manera de aumentar las posibilidades laborales de los ingenieros que egresen<\/span><\/span><\/div>\n<p>[\/vc_column_text][\/vc_tta_section][vc_tta_section title=\u00bbPerfil del Graduado \u00bb tab_id=\u00bb1571758483280-f38e8819-b434&#8243;][vc_column_text]<span style=\"color: #333333;\"><span style=\"font-family: Verdana, sans-serif;\">En coincidencia con las recomendaciones del Consejo Federal de Decanos de Ingenier\u00eda de la Rep\u00fablica Argentina (CONFEDI) -que se transcriben a continuaci\u00f3n- los Ingenieros en Electr\u00f3nica egresados de la Facultad de Ciencias Exactas y Naturales y Agrimensura de la UNNE habr\u00e1n desarrollado, a lo largo de sus carreras, un conjunto de aptitudes que les permitir\u00e1n:<\/span><\/span><\/p>\n<p><span style=\"color: #333333;\">&#8211;<span style=\"font-family: Verdana, sans-serif;\"> Identificar, evaluar y resolver problemas de Ingenier\u00eda Electr\u00f3nica con creatividad o innovaci\u00f3n dentro de los l\u00edmites de su propio conocimiento.<\/span><\/span><\/p>\n<p><span style=\"color: #333333;\">&#8211;<span style=\"font-family: Verdana, sans-serif;\"> Aplicar sus conocimientos de Matem\u00e1ticas, Ciencias B\u00e1sicas y Ciencias de la Ingenier\u00eda para resolver problemas de la Ingenier\u00eda Electr\u00f3nica con capacidad de an\u00e1lisis y s\u00edntesis.<\/span><\/span><\/p>\n<p><span style=\"color: #333333;\">&#8211;<span style=\"font-family: Verdana, sans-serif;\"> Dise\u00f1ar y mejorar componentes, sistemas y procesos, evaluando costos y beneficios financieros y sociales con habilidades para la gesti\u00f3n de negocios, la direcci\u00f3n y administraci\u00f3n de empresas.<\/span><\/span><\/p>\n<p><span style=\"color: #333333;\">&#8211;<span style=\"font-family: Verdana, sans-serif;\"> Planificar y conducir investigaciones y experimentos, analizando e interpretando sus resultados.<\/span><\/span><\/p>\n<p><span style=\"color: #333333;\">&#8211;<span style=\"font-family: Verdana, sans-serif;\"> Demostrar un equilibrado juicio en asuntos de Ingenier\u00eda Electr\u00f3nica con creatividad, racionalidad e iniciativa, aplicando en la soluci\u00f3n de los problemas un enfoque integral, \u00e9tico, social, t\u00e9cnico-econ\u00f3mico y ecol\u00f3gico.<\/span><\/span><\/p>\n<p><span style=\"color: #333333;\">&#8211;<span style=\"font-family: Verdana, sans-serif;\"> Tener condiciones para ejercer en una sociedad contempor\u00e1nea utilizando los recursos de la inform\u00e1tica y otros m\u00e9todos, habilidades y herramientas de Ingenier\u00eda modernas y evaluando sus resultados.<\/span><\/span><\/p>\n<p><span style=\"color: #333333;\">&#8211;<span style=\"font-family: Verdana, sans-serif;\"> Comunicarse efectivamente por escrito y oralmente en castellano y en ingl\u00e9s y saber exponer p\u00fablicamente sus ideas.<\/span><\/span><\/p>\n<p><span style=\"color: #333333;\">&#8211;<span style=\"font-family: Verdana, sans-serif;\"> Reconocer el impacto de las actividades de la Ingenier\u00eda sobre la sociedad y el medio ambiente y comprometerse con el desarrollo sostenido.<\/span><\/span><\/p>\n<p><span style=\"color: #333333;\">&#8211;<span style=\"font-family: Verdana, sans-serif;\"> Desempe\u00f1arse en un ambiente multidisciplinario con capacidad de gerenciar equipos profesionales y aptitud para el planeamiento, la organizaci\u00f3n, la conducci\u00f3n y el control.<\/span><\/span><\/p>\n<p><span style=\"color: #333333;\">&#8211;<span style=\"font-family: Verdana, sans-serif;\"> Involucrarse en la educaci\u00f3n continua y tener aptitud para reconocer los l\u00edmites de su conocimiento, actualiz\u00e1ndose como una obligaci\u00f3n profesional por los distintos m\u00e9todos a su alcance.<\/span><\/span><\/p>\n<p><span style=\"color: #333333;\">&#8211;<span style=\"font-family: Verdana, sans-serif;\"> Reconocer la necesidad de actuar profesionalmente dentro de su \u00e1rea de competencia en forma efectiva y eficiente, supeditada a la \u00e9tica profesional.<\/span><\/span><\/p>\n<p><span style=\"color: #333333;\">&#8211;<span style=\"font-family: Verdana, sans-serif;\"> Conocer la legislaci\u00f3n de aplicaci\u00f3n en su \u00e1rea profesional as\u00ed como la propia de su ejercicio.<\/span><\/span><\/p>\n<p><span style=\"color: #333333;\">&#8211;<span style=\"font-family: Verdana, sans-serif;\"> Estar preparado para aprovechar los medios a su alcance teniendo en cuenta los recursos naturales de la regi\u00f3n, de forma de integrarlos prioritariamente a su pr\u00e1ctica profesional.<br \/>\n<\/span><\/span>[\/vc_column_text][\/vc_tta_section][vc_tta_section title=\u00bb Alcances del T\u00edtulo \u00bb tab_id=\u00bb1571758646924-3f27e98e-ac9c\u00bb][vc_column_text]<span style=\"color: #333333;\"><span style=\"font-family: Verdana, sans-serif;\">El objetivo del presente Plan de Estudios para la carrera de Ingenier\u00eda en Electr\u00f3nica es formar Ingenieros en Electr\u00f3nica que respondan al perfil del graduado descripto anteriormente. En raz\u00f3n de que la actividad profesional en Ingenier\u00eda en Electr\u00f3nica compromete el inter\u00e9s p\u00fablico, los alcances de los t\u00edtulos derivan en las incumbencias profesionales que han sido fijadas por el Ministerio de Cultura y Educaci\u00f3n de la Naci\u00f3n, como se indica:<\/span><\/span><\/p>\n<ol>\n<li><span style=\"color: #333333;\"><span style=\"font-family: Verdana, sans-serif;\">Estudio, an\u00e1lisis de factibilidad, proyecto, planificaci\u00f3n, direcci\u00f3n, construcci\u00f3n, instalaci\u00f3n, puesta en marcha, operaci\u00f3n, ensayos, mediciones, mantenimiento, reparaci\u00f3n, modificaci\u00f3n, transformaci\u00f3n e inspecci\u00f3n de:<\/span><\/span><\/li>\n<\/ol>\n<p><span style=\"color: #333333;\">&#8211; <span style=\"font-family: Verdana, sans-serif;\">Sistemas o partes de sistemas de generaci\u00f3n, transmisi\u00f3n, distribuci\u00f3n, conversi\u00f3n, control, automatizaci\u00f3n, recepci\u00f3n, procesamiento y utilizaci\u00f3n de se\u00f1ales de naturaleza electromagn\u00e9tica en todas las frecuencias y potencias.<\/span><\/span><br \/>\n<span style=\"color: #333333;\">&#8211; <span style=\"font-family: Verdana, sans-serif;\">Instalaciones que utilicen energ\u00eda el\u00e9ctrica como accesorio de lo detallado en el inciso anterior.<\/span><\/span><br \/>\n<span style=\"color: #333333;\">&#8211; <span style=\"font-family: Verdana, sans-serif;\">Laboratorios de todo tipo relacionados con los incisos anteriores, excepto sus obras civiles e industriales.<\/span><\/span><br \/>\n<span style=\"color: #333333;\">&#8211; <span style=\"font-family: Verdana, sans-serif;\">Sistemas de control.<\/span><\/span><\/p>\n<ol start=\"2\">\n<li><span style=\"color: #333333;\"><span style=\"font-family: Verdana, sans-serif;\">Estudios, tareas y asesoramiento relacionado con:<\/span><\/span><\/li>\n<\/ol>\n<p><span style=\"color: #333333;\">&#8211; <span style=\"font-family: Verdana, sans-serif;\">Asuntos de Ingenier\u00eda Legal, Econom\u00eda y Finanzas relacionados con los incisos anteriores.<\/span><\/span><br \/>\n<span style=\"color: #333333;\">&#8211; <span style=\"font-family: Verdana, sans-serif;\">Arbitrajes, pericias y tasaciones relacionados con los incisos anteriores.<\/span><\/span><br \/>\n<span style=\"color: #333333;\">&#8211; <span style=\"font-family: Verdana, sans-serif;\">Seguridad industrial y contaminaci\u00f3n ambiental relacionados con los incisos anteriores.<\/span><\/span>[\/vc_column_text][\/vc_tta_section][vc_tta_section title=\u00bbPlan de Estudio\u00bb tab_id=\u00bb1571758711918-f1de44d5-2c98&#8243;][vc_column_text]<\/p>\n<table border=\"0\" width=\"100%\" cellspacing=\"0\" cellpadding=\"4\">\n<tbody>\n<tr>\n<td>\n<div class=\"encabezado\"><strong>PRIMER A\u00d1O<\/strong><\/div>\n<table border=\"1\" width=\"100%\" cellspacing=\"0\" cellpadding=\"4\">\n<tbody>\n<tr>\n<td class=\"textgris\" bgcolor=\"#cccccc\" width=\"50%\">PRIMER CUATRIMESTRE<\/td>\n<td class=\"textgris\" bgcolor=\"#cccccc\" width=\"50%\">SEGUNDO CUATRIMESTRE<\/td>\n<\/tr>\n<tr valign=\"top\">\n<td>\n<table border=\"0\" cellspacing=\"2\" cellpadding=\"0\">\n<tbody>\n<tr>\n<td class=\"textgris\">\u00c1lgebra y Geometr\u00eda Anal\u00edtica<\/td>\n<\/tr>\n<tr>\n<td><\/td>\n<\/tr>\n<tr>\n<td class=\"textgris\">C\u00e1lculo Diferencial e Integral I<\/td>\n<\/tr>\n<tr>\n<td><\/td>\n<\/tr>\n<tr>\n<td class=\"textgris\">Qu\u00edmica General<\/td>\n<\/tr>\n<tr>\n<td><\/td>\n<\/tr>\n<tr>\n<td class=\"textgris\">Seminario de Ingenier\u00eda M\u00f3dulo I<\/td>\n<\/tr>\n<\/tbody>\n<\/table>\n<\/td>\n<td>\n<table border=\"0\" width=\"100%\" cellspacing=\"2\" cellpadding=\"0\">\n<tbody>\n<tr>\n<td class=\"textgris\">Sistemas de Representaci\u00f3n<\/td>\n<\/tr>\n<tr>\n<td><\/td>\n<\/tr>\n<tr>\n<td class=\"textgris\">Inform\u00e1tica<\/td>\n<\/tr>\n<tr>\n<td><\/td>\n<\/tr>\n<tr>\n<td class=\"textgris\">C\u00e1lculo Diferencial e Integral II<\/td>\n<\/tr>\n<tr>\n<td><\/td>\n<\/tr>\n<tr>\n<td class=\"textgris\">Mec\u00e1nica, \u00d3ptica y Sonido<\/td>\n<\/tr>\n<\/tbody>\n<\/table>\n<\/td>\n<\/tr>\n<\/tbody>\n<\/table>\n<\/td>\n<\/tr>\n<tr>\n<td>\n<div class=\"encabezado\"><strong>SEGUNDO A\u00d1O<\/strong><\/div>\n<table border=\"1\" width=\"100%\" cellspacing=\"0\" cellpadding=\"4\">\n<tbody>\n<tr>\n<td class=\"textgris\" bgcolor=\"#cccccc\" width=\"50%\">PRIMER CUATRIMESTRE<\/td>\n<td class=\"textgris\" bgcolor=\"#cccccc\" width=\"50%\">SEGUNDO CUATRIMESTRE<\/td>\n<\/tr>\n<tr>\n<td valign=\"top\">\n<table border=\"0\" width=\"100%\" cellspacing=\"2\" cellpadding=\"0\">\n<tbody>\n<tr>\n<td class=\"textgris\">Electricidad, Magnetismo y Calor<\/td>\n<\/tr>\n<tr>\n<td class=\"textgris\">Estad\u00edstica y An\u00e1lisis de Datos<\/td>\n<\/tr>\n<tr>\n<td><\/td>\n<\/tr>\n<tr>\n<td class=\"textgris\">F\u00edsica At\u00f3mica<\/td>\n<\/tr>\n<tr>\n<td><\/td>\n<\/tr>\n<tr>\n<td class=\"textgris\">Seminario de Ingenier\u00eda M\u00f3dulo II<\/td>\n<\/tr>\n<\/tbody>\n<\/table>\n<\/td>\n<td valign=\"top\">\n<table border=\"0\" width=\"100%\" cellspacing=\"2\" cellpadding=\"0\">\n<tbody>\n<tr>\n<td class=\"textgris\">F\u00edsica del Estado S\u00f3lido<\/td>\n<\/tr>\n<tr>\n<td><\/td>\n<\/tr>\n<tr>\n<td class=\"textgris\">M\u00e9todos Num\u00e9ricos<\/td>\n<\/tr>\n<tr>\n<td><\/td>\n<\/tr>\n<tr>\n<td class=\"textgris\">Materiales y Componentes<\/td>\n<\/tr>\n<tr>\n<td><\/td>\n<\/tr>\n<tr>\n<td class=\"textgris\">Electrotecnica I<\/td>\n<\/tr>\n<tr>\n<td><\/td>\n<\/tr>\n<tr>\n<td class=\"textgris\">Prueba de Traducci\u00f3n T\u00e9cnica<\/td>\n<\/tr>\n<\/tbody>\n<\/table>\n<\/td>\n<\/tr>\n<\/tbody>\n<\/table>\n<\/td>\n<\/tr>\n<tr>\n<td>\n<div class=\"encabezado\"><strong>TERCER A\u00d1O<\/strong><\/div>\n<table border=\"1\" width=\"100%\" cellspacing=\"0\" cellpadding=\"4\">\n<tbody>\n<tr>\n<td class=\"textgris\" bgcolor=\"#cccccc\" width=\"50%\">PRIMER CUATRIMESTRE<\/td>\n<td class=\"textgris\" bgcolor=\"#cccccc\" width=\"50%\">SEGUNDO CUATRIMESTRE<\/td>\n<\/tr>\n<tr>\n<td valign=\"top\">\n<table border=\"0\" width=\"100%\" cellspacing=\"2\" cellpadding=\"0\">\n<tbody>\n<tr>\n<td class=\"textgris\">An\u00e1lisis Matem\u00e1tico<\/td>\n<\/tr>\n<tr>\n<td><\/td>\n<\/tr>\n<tr>\n<td class=\"textgris\">Electrotecnica II<\/td>\n<\/tr>\n<tr>\n<td><\/td>\n<\/tr>\n<tr>\n<td class=\"textgris\">Medidas El\u00e9ctricas<\/td>\n<\/tr>\n<\/tbody>\n<\/table>\n<\/td>\n<td valign=\"top\">\n<table border=\"0\" width=\"100%\" cellspacing=\"2\" cellpadding=\"0\">\n<tbody>\n<tr>\n<td class=\"textgris\">Electr\u00f3nica I<\/td>\n<\/tr>\n<tr>\n<td><\/td>\n<\/tr>\n<tr>\n<td class=\"textgris\">Teor\u00eda de Circuitos<\/td>\n<\/tr>\n<tr>\n<td><\/td>\n<\/tr>\n<tr>\n<td class=\"textgris\">Electromagnetismo<\/td>\n<\/tr>\n<tr>\n<td><\/td>\n<\/tr>\n<tr>\n<td class=\"textgris\">Seminario de Ingenier\u00eda M\u00f3dulo III<\/td>\n<\/tr>\n<\/tbody>\n<\/table>\n<\/td>\n<\/tr>\n<\/tbody>\n<\/table>\n<\/td>\n<\/tr>\n<tr>\n<td>\n<div class=\"encabezado\"><strong>CUARTO A\u00d1O<\/strong><\/div>\n<table border=\"1\" width=\"100%\" cellspacing=\"0\" cellpadding=\"4\">\n<tbody>\n<tr>\n<td class=\"textgris\" bgcolor=\"#cccccc\" width=\"50%\">PRIMER CUATRIMESTRE<\/td>\n<td class=\"textgris\" bgcolor=\"#cccccc\" width=\"50%\">SEGUNDO CUATRIMESTRE<\/td>\n<\/tr>\n<tr>\n<td valign=\"top\">\n<table border=\"0\" width=\"100%\" cellspacing=\"2\" cellpadding=\"0\">\n<tbody>\n<tr>\n<td class=\"textgris\">Circuitos L\u00f3gicos<\/td>\n<\/tr>\n<tr>\n<td class=\"textgris\"><\/td>\n<\/tr>\n<tr>\n<td class=\"textgris\">Electr\u00f3nica II<\/td>\n<\/tr>\n<tr>\n<td class=\"textgris\"><\/td>\n<\/tr>\n<tr>\n<td class=\"textgris\">Teor\u00eda de Control<\/td>\n<\/tr>\n<tr>\n<td class=\"textgris\"><\/td>\n<\/tr>\n<tr>\n<td class=\"textgris\">Seminario de Ingenier\u00eda M\u00f3dulo IV<\/td>\n<\/tr>\n<tr>\n<td class=\"textgris\"><\/td>\n<\/tr>\n<tr>\n<td class=\"textgris\">Se\u00f1ales y Sistemas<\/td>\n<\/tr>\n<\/tbody>\n<\/table>\n<\/td>\n<td valign=\"top\">\n<table border=\"0\" width=\"100%\" cellspacing=\"2\" cellpadding=\"0\">\n<tbody>\n<tr>\n<td class=\"textgris\">Electr\u00f3nica III<\/td>\n<\/tr>\n<tr>\n<td class=\"textgris\"><\/td>\n<\/tr>\n<tr>\n<td class=\"textgris\">Electr\u00f3nica Industrial<\/td>\n<\/tr>\n<tr>\n<td><\/td>\n<\/tr>\n<tr>\n<td class=\"textgris\">Mediciones Electr\u00f3nicas<\/td>\n<\/tr>\n<tr>\n<td class=\"textgris\"><\/td>\n<\/tr>\n<tr>\n<td class=\"textgris\">Fundamentos de Comunicaciones (Optativa 1)<\/td>\n<\/tr>\n<tr>\n<td class=\"textgris\"><\/td>\n<\/tr>\n<tr>\n<td class=\"textgris\">Bioinstrumentaci\u00f3n (Optativa 1)<\/td>\n<\/tr>\n<\/tbody>\n<\/table>\n<\/td>\n<\/tr>\n<\/tbody>\n<\/table>\n<\/td>\n<\/tr>\n<\/tbody>\n<\/table>\n<div class=\"encabezado\"><strong>QUINTO A\u00d1O<\/strong><\/div>\n<table border=\"1\" width=\"100%\" cellspacing=\"0\" cellpadding=\"4\">\n<tbody>\n<tr>\n<td class=\"textgris\" bgcolor=\"#cccccc\" width=\"50%\">PRIMER CUATRIMESTRE<\/td>\n<td class=\"textgris\" bgcolor=\"#cccccc\" width=\"50%\">SEGUNDO CUATRIMESTRE<\/td>\n<\/tr>\n<tr>\n<td valign=\"top\">\n<table border=\"0\" width=\"100%\" cellspacing=\"2\" cellpadding=\"0\">\n<tbody>\n<tr>\n<td class=\"textgris\">Ingenier\u00eda Legal<\/td>\n<\/tr>\n<tr>\n<td class=\"textgris\"><\/td>\n<\/tr>\n<tr>\n<td class=\"textgris\"><span style=\"font-family: Verdana, sans-serif;\">Optativa 2(COM):<\/span><br \/>\nPropagaci\u00f3n y Antenas<\/td>\n<\/tr>\n<tr>\n<td class=\"textgris\"><\/td>\n<\/tr>\n<tr>\n<td class=\"textgris\"><span style=\"font-family: Verdana, sans-serif;\">Optativa 2(BIO):<\/span><br \/>\nProcesamiento Digital de Biose\u00f1ales<\/td>\n<\/tr>\n<tr>\n<td class=\"textgris\"><\/td>\n<\/tr>\n<tr>\n<td class=\"textgris\"><span style=\"font-family: Verdana, sans-serif;\">Optativa 3(COM):<\/span><br \/>\nTransmisi\u00f3n de la Informaci\u00f3n<\/td>\n<\/tr>\n<tr>\n<td class=\"textgris\"><\/td>\n<\/tr>\n<tr>\n<td class=\"textgris\"><span style=\"font-family: Verdana, sans-serif;\">Optativa 3(BIO):<\/span><br \/>\nModelos y Simulaci\u00f3n de Sistemas Fisiol\u00f3gicos<\/td>\n<\/tr>\n<tr>\n<td class=\"textgris\"><\/td>\n<\/tr>\n<tr>\n<td class=\"textgris\">Seminario de Ingenier\u00eda M\u00f3dulo V<\/td>\n<\/tr>\n<\/tbody>\n<\/table>\n<\/td>\n<td valign=\"top\">\n<table border=\"0\" width=\"100%\" cellspacing=\"2\" cellpadding=\"0\">\n<tbody>\n<tr>\n<td class=\"textgris\">Econom\u00eda y Org. Industrial<\/td>\n<\/tr>\n<tr>\n<td class=\"textgris\"><\/td>\n<\/tr>\n<tr>\n<td class=\"textgris\"><span style=\"font-family: Verdana, sans-serif;\">Optativa 4(COM):<\/span><br \/>\nSistemas de Comunicaciones<\/td>\n<\/tr>\n<tr>\n<td class=\"textgris\"><\/td>\n<\/tr>\n<tr>\n<td class=\"textgris\"><span style=\"font-family: Verdana, sans-serif;\">Optativa 4(BIO):<\/span><br \/>\nIngenier\u00eda Cl\u00ednica<\/td>\n<\/tr>\n<\/tbody>\n<\/table>\n<\/td>\n<\/tr>\n<tr>\n<td class=\"textgris\" colspan=\"2\" valign=\"top\" bgcolor=\"#cccccc\">ANUAL<\/td>\n<\/tr>\n<tr>\n<td class=\"textgris\" colspan=\"2\" valign=\"top\">Proyecto Final<\/td>\n<\/tr>\n<\/tbody>\n<\/table>\n<p>&nbsp;<\/p>\n<table border=\"1\" width=\"100%\" cellspacing=\"0\" cellpadding=\"4\">\n<tbody>\n<tr>\n<td class=\"textgris\" colspan=\"2\" valign=\"top\">Pr\u00e1ctica Profesional Supervisada (PPS)<\/td>\n<\/tr>\n<\/tbody>\n<\/table>\n<p>[\/vc_column_text][\/vc_tta_section][\/vc_tta_tabs][\/vc_column][\/vc_row]<\/p>\n","protected":false},"excerpt":{"rendered":"<p>[vc_row][vc_column][vc_column_text] Director(a): Dra. Mar\u00eda In\u00e9s Pisarello &nbsp; Correo: mainespisarello@gmail.com &nbsp; T\u00edtulo que otorga: Ingenier\u00eda en Electr\u00f3nica &nbsp; Resoluci\u00f3n ministerial de reconocimiento oficial del t\u00edtulo: &nbsp; Resoluci\u00f3n de acreditaci\u00f3n: Acreditada por tres a\u00f1os (Res. N\u00b0 0998\/14 CONEAU). &nbsp; Est\u00e1ndar de la carrera: Res. N\u00ba 1232\/01 ME. &nbsp; Carga Horaria Total de la Carrera: 4.136 hs &nbsp; [&hellip;]<\/p>\n","protected":false},"author":4,"featured_media":0,"parent":0,"menu_order":0,"comment_status":"closed","ping_status":"closed","template":"","meta":{"footnotes":""},"class_list":["post-8361","page","type-page","status-publish","hentry"],"_links":{"self":[{"href":"https:\/\/exa.unne.edu.ar\/r\/index.php?rest_route=\/wp\/v2\/pages\/8361","targetHints":{"allow":["GET"]}}],"collection":[{"href":"https:\/\/exa.unne.edu.ar\/r\/index.php?rest_route=\/wp\/v2\/pages"}],"about":[{"href":"https:\/\/exa.unne.edu.ar\/r\/index.php?rest_route=\/wp\/v2\/types\/page"}],"author":[{"embeddable":true,"href":"https:\/\/exa.unne.edu.ar\/r\/index.php?rest_route=\/wp\/v2\/users\/4"}],"replies":[{"embeddable":true,"href":"https:\/\/exa.unne.edu.ar\/r\/index.php?rest_route=%2Fwp%2Fv2%2Fcomments&post=8361"}],"version-history":[{"count":2,"href":"https:\/\/exa.unne.edu.ar\/r\/index.php?rest_route=\/wp\/v2\/pages\/8361\/revisions"}],"predecessor-version":[{"id":28805,"href":"https:\/\/exa.unne.edu.ar\/r\/index.php?rest_route=\/wp\/v2\/pages\/8361\/revisions\/28805"}],"wp:attachment":[{"href":"https:\/\/exa.unne.edu.ar\/r\/index.php?rest_route=%2Fwp%2Fv2%2Fmedia&parent=8361"}],"curies":[{"name":"wp","href":"https:\/\/api.w.org\/{rel}","templated":true}]}}