{"id":8128,"date":"2019-08-14T09:42:22","date_gmt":"2019-08-14T12:42:22","guid":{"rendered":"http:\/\/exa.unne.edu.ar\/r\/?page_id=8128"},"modified":"2024-10-04T13:58:33","modified_gmt":"2024-10-04T16:58:33","slug":"vinculacion-y-transferencia-tecnologica","status":"publish","type":"page","link":"https:\/\/exa.unne.edu.ar\/r\/?page_id=8128","title":{"rendered":"Vinculaci\u00f3n y Transferencia Tecnol\u00f3gica"},"content":{"rendered":"<p>[vc_row][vc_column][vc_column_text 0=\u00bb\u00bb]<\/p>\n<h3 class=\"textgris\" align=\"justify\">Responsable<strong>:<\/strong>\u00a0<strong>Dr. Manuel C\u00e1ceres<\/strong><\/h3>\n<p class=\"textgris\" align=\"justify\"><strong>E-mail: <\/strong><a href=\"mailto:mcaceres@exa.unne.edu.ar\" target=\"_blank\">mcaceres@exa.unne.edu.ar<\/a><\/p>\n<hr \/>\n<p class=\"textgris\" align=\"justify\">A continuaci\u00f3n se detalla el circuito administrativo para la solicitud de Convenios Marco seg\u00fan Res. 0265\/19 CD.:<\/p>\n<ul>\n<li><a href=\"http:\/\/exa.unne.edu.ar\/institucional\/docs\/Res-2024-787-CS-UNNE.pdf\" target=\"_blank\"><span dir=\"ltr\" role=\"presentation\">RES &#8211; 2024 &#8211; 787 &#8211; CS &#8211; Aprobar el REGLAMENTO PARA SUSCRIPCI\u00d3N DE INSTRUMENTOS DE VINCULACI\u00d3N, COOPERACI\u00d3N E INTEGRACI\u00d3N<br role=\"presentation\" \/>INSTITUCIONAL UNNE<\/span><\/a><\/li>\n<\/ul>\n<p>&nbsp;<\/p>\n<ul>\n<li><a href=\"http:\/\/exa.unne.edu.ar\/institucional\/docs\/RES.%200265-19%20CD.pdf\" target=\"_blank\">Circuito Administrativo<\/a><\/li>\n<\/ul>\n<p>&nbsp;<\/p>\n<ul>\n<li><a href=\"http:\/\/exa.unne.edu.ar\/institucional\/docs\/CONVENIO%20MARCO%20TIPO.docx\" target=\"_blank\">Modelo de Convenio Marco<\/a><\/li>\n<\/ul>\n<p>&nbsp;<\/p>\n<ul>\n<li><a href=\"http:\/\/exa.unne.edu.ar\/institucional\/docs\/Nota%20inicio%20tramite%20Convenio%20Marco.docx\" target=\"_blank\">Nota inicio del tr\u00e1mite Convenio Marco\u00a0<\/a><\/li>\n<\/ul>\n<hr \/>\n<ul>\n<li><a href=\"http:\/\/exa.unne.edu.ar\/institucional\/docs\/CIN%20ANEXO.pdf\" target=\"_blank\">CIN ANEXO &#8211; Convenio Marco entre Universidades Nacionales y Provincias con el CIN<\/a><\/li>\n<\/ul>\n<ul>\n<li><a href=\"http:\/\/exa.unne.edu.ar\/institucional\/docs\/CIN%20CONVENIO.pdf\" target=\"_blank\">CIN CONVENIO &#8211; Marco entre Universidades Nacionales con el CIN. 142-94\u00a0<\/a><\/li>\n<\/ul>\n<p>[\/vc_column_text][\/vc_column][\/vc_row]<\/p>\n","protected":false},"excerpt":{"rendered":"<p>[vc_row][vc_column][vc_column_text 0=\u00bb\u00bb] Responsable:\u00a0Dr. Manuel C\u00e1ceres E-mail: mcaceres@exa.unne.edu.ar A continuaci\u00f3n se detalla el circuito administrativo para la solicitud de Convenios Marco seg\u00fan Res. 0265\/19 CD.: RES &#8211; 2024 &#8211; 787 &#8211; CS &#8211; Aprobar el REGLAMENTO PARA SUSCRIPCI\u00d3N DE INSTRUMENTOS DE VINCULACI\u00d3N, COOPERACI\u00d3N E INTEGRACI\u00d3NINSTITUCIONAL UNNE &nbsp; Circuito Administrativo &nbsp; Modelo de Convenio Marco &nbsp; Nota [&hellip;]<\/p>\n","protected":false},"author":4,"featured_media":0,"parent":0,"menu_order":0,"comment_status":"closed","ping_status":"closed","template":"","meta":{"footnotes":""},"class_list":["post-8128","page","type-page","status-publish","hentry"],"_links":{"self":[{"href":"https:\/\/exa.unne.edu.ar\/r\/index.php?rest_route=\/wp\/v2\/pages\/8128","targetHints":{"allow":["GET"]}}],"collection":[{"href":"https:\/\/exa.unne.edu.ar\/r\/index.php?rest_route=\/wp\/v2\/pages"}],"about":[{"href":"https:\/\/exa.unne.edu.ar\/r\/index.php?rest_route=\/wp\/v2\/types\/page"}],"author":[{"embeddable":true,"href":"https:\/\/exa.unne.edu.ar\/r\/index.php?rest_route=\/wp\/v2\/users\/4"}],"replies":[{"embeddable":true,"href":"https:\/\/exa.unne.edu.ar\/r\/index.php?rest_route=%2Fwp%2Fv2%2Fcomments&post=8128"}],"version-history":[{"count":7,"href":"https:\/\/exa.unne.edu.ar\/r\/index.php?rest_route=\/wp\/v2\/pages\/8128\/revisions"}],"predecessor-version":[{"id":30990,"href":"https:\/\/exa.unne.edu.ar\/r\/index.php?rest_route=\/wp\/v2\/pages\/8128\/revisions\/30990"}],"wp:attachment":[{"href":"https:\/\/exa.unne.edu.ar\/r\/index.php?rest_route=%2Fwp%2Fv2%2Fmedia&parent=8128"}],"curies":[{"name":"wp","href":"https:\/\/api.w.org\/{rel}","templated":true}]}}