{"id":7866,"date":"2019-07-22T18:29:13","date_gmt":"2019-07-22T21:29:13","guid":{"rendered":"http:\/\/exa.unne.edu.ar\/r\/?page_id=7866"},"modified":"2022-02-07T13:16:46","modified_gmt":"2022-02-07T16:16:46","slug":"ordenanza-de-examenes-y-trabajos-practicos","status":"publish","type":"page","link":"https:\/\/exa.unne.edu.ar\/r\/?page_id=7866","title":{"rendered":"Ordenanza de Ex\u00e1menes y Trabajos Pr\u00e1cticos"},"content":{"rendered":"<p>[vc_row 0=\u00bb\u00bb][vc_column width=\u00bb1\/2&#8243;][vc_column_text 0=\u00bb\u00bb]<\/p>\n<h3 style=\"text-align: center;\"><strong>Ordenanza de Trabajos Pr\u00e1cticos<\/strong><\/h3>\n<p style=\"text-align: center;\"><em><a href=\"http:\/\/exa.unne.edu.ar\/institucional\/docs_academica\/Ordenanza Trabajos Practicos - RES-1985-DN-0060-85..pdf\" target=\"_blank\"><strong>RES-60\/85-DN<\/strong><\/a> <\/em><\/p>\n<p>[\/vc_column_text][\/vc_column][vc_column width=\u00bb1\/2&#8243;][vc_column_text 0=\u00bb\u00bb]<\/p>\n<h3 style=\"text-align: center;\"><strong>Ordenanza de Ex\u00e1menes<\/strong><\/h3>\n<p style=\"text-align: center;\"><em><a href=\"http:\/\/exa.unne.edu.ar\/institucional\/docs_academica\/RES-1984-DN-0587-84. Ordenanza de Examenes FaCENA.pdf\" target=\"_blank\"><strong>RES-587\/84-DN<\/strong><\/a><\/em><\/p>\n<p>&nbsp;[\/vc_column_text][\/vc_column][\/vc_row][vc_row 0=\u00bb\u00bb][vc_column 0=\u00bb\u00bb][vc_column_text 0=\u00bb\u00bb]<\/p>\n<hr \/>\n<h3><strong><em>Secretar\u00eda Acad\u00e9mica \u2013 correo: facena@<\/em>exa.unne.edu.ar<\/strong><\/h3>\n<p><strong>DGA:<\/strong> Direcci\u00f3n Gesti\u00f3n Acad\u00e9mica<br \/>\n<strong>Correo: <\/strong> dirgestionacademica@exa.unne.edu.ar<br \/>\n<strong>TE:<\/strong> 379-4473931 \u2013 Int. 4714<\/p>\n<p>&nbsp;[\/vc_column_text][\/vc_column][\/vc_row]<\/p>\n","protected":false},"excerpt":{"rendered":"<p>[vc_row 0=\u00bb\u00bb][vc_column width=\u00bb1\/2&#8243;][vc_column_text 0=\u00bb\u00bb] Ordenanza de Trabajos Pr\u00e1cticos RES-60\/85-DN [\/vc_column_text][\/vc_column][vc_column width=\u00bb1\/2&#8243;][vc_column_text 0=\u00bb\u00bb] Ordenanza de Ex\u00e1menes RES-587\/84-DN &nbsp;[\/vc_column_text][\/vc_column][\/vc_row][vc_row 0=\u00bb\u00bb][vc_column 0=\u00bb\u00bb][vc_column_text 0=\u00bb\u00bb] Secretar\u00eda Acad\u00e9mica \u2013 correo: facena@exa.unne.edu.ar DGA: Direcci\u00f3n Gesti\u00f3n Acad\u00e9mica Correo: dirgestionacademica@exa.unne.edu.ar TE: 379-4473931 \u2013 Int. 4714 &nbsp;[\/vc_column_text][\/vc_column][\/vc_row]<\/p>\n","protected":false},"author":4,"featured_media":0,"parent":0,"menu_order":0,"comment_status":"closed","ping_status":"closed","template":"","meta":{"footnotes":""},"class_list":["post-7866","page","type-page","status-publish","hentry"],"_links":{"self":[{"href":"https:\/\/exa.unne.edu.ar\/r\/index.php?rest_route=\/wp\/v2\/pages\/7866","targetHints":{"allow":["GET"]}}],"collection":[{"href":"https:\/\/exa.unne.edu.ar\/r\/index.php?rest_route=\/wp\/v2\/pages"}],"about":[{"href":"https:\/\/exa.unne.edu.ar\/r\/index.php?rest_route=\/wp\/v2\/types\/page"}],"author":[{"embeddable":true,"href":"https:\/\/exa.unne.edu.ar\/r\/index.php?rest_route=\/wp\/v2\/users\/4"}],"replies":[{"embeddable":true,"href":"https:\/\/exa.unne.edu.ar\/r\/index.php?rest_route=%2Fwp%2Fv2%2Fcomments&post=7866"}],"version-history":[{"count":1,"href":"https:\/\/exa.unne.edu.ar\/r\/index.php?rest_route=\/wp\/v2\/pages\/7866\/revisions"}],"predecessor-version":[{"id":29179,"href":"https:\/\/exa.unne.edu.ar\/r\/index.php?rest_route=\/wp\/v2\/pages\/7866\/revisions\/29179"}],"wp:attachment":[{"href":"https:\/\/exa.unne.edu.ar\/r\/index.php?rest_route=%2Fwp%2Fv2%2Fmedia&parent=7866"}],"curies":[{"name":"wp","href":"https:\/\/api.w.org\/{rel}","templated":true}]}}