{"id":7865,"date":"2019-07-22T18:29:13","date_gmt":"2019-07-22T21:29:13","guid":{"rendered":"http:\/\/exa.unne.edu.ar\/r\/?page_id=7865"},"modified":"2023-05-24T08:37:10","modified_gmt":"2023-05-24T11:37:10","slug":"presentacion-de-programas-de-asignaturas","status":"publish","type":"page","link":"https:\/\/exa.unne.edu.ar\/r\/?page_id=7865","title":{"rendered":"Presentaci\u00f3n de Programas de Asignaturas"},"content":{"rendered":"<p>[vc_row][vc_column][vc_column_text]<\/p>\n<ul>\n<li>Reglamento de Presentaci\u00f3n de Programas (<a href=\"..\/institucional\/docs_academica\/Reglamento Programa_RES_0734_15.pdf\"><strong>Res.0734\/15CD<\/strong><\/a>)<\/li>\n<li>Utilizar el formulario preestablecido (<a href=\"..\/institucional\/docs_academica\/Formulario Programas Res 734- 15-2.docx\"><strong>Formato de Archivo<\/strong><\/a>)<\/li>\n<li>Establecer los criterios de evaluaci\u00f3n<\/li>\n<li>Establecer claramente las condiciones para la Regularizaci\u00f3n, Promoci\u00f3n, Aprobaci\u00f3n con examen final<\/li>\n<li>Para determinar la composici\u00f3n de las bolillas ver Reglamento (<a href=\"..\/institucional\/docs_academica\/Reglamento Programa_RES_0734_15.pdf\"><strong>Res.0734\/15CD<\/strong><\/a>)<\/li>\n<li>Observar ordenanza 60\/85 (Trabajos Pr\u00e1cticos y Ex\u00e1menes parciales)<\/li>\n<li>Respetar los criterios y condiciones en las instancias de evaluaci\u00f3n.<\/li>\n<\/ul>\n<p>[\/vc_column_text][vc_separator 0=\u00bb\u00bb][\/vc_column][\/vc_row][vc_row][vc_column][vc_column_text]<\/p>\n<h3><strong><em>Secretar\u00eda Acad\u00e9mica \u2013 correo: facena@exa.unne.edu.ar<\/em> <\/strong><\/h3>\n<p><strong>DGA:<\/strong> Direcci\u00f3n Gesti\u00f3n Acad\u00e9mica<br \/>\n<strong>Correo: <\/strong> dirgestionacademica@exa.unne.edu.ar<br \/>\n<strong>TE:<\/strong> 379-4473931 \u2013 Int. 4714[\/vc_column_text][\/vc_column][\/vc_row]<\/p>\n","protected":false},"excerpt":{"rendered":"<p>[vc_row][vc_column][vc_column_text] Reglamento de Presentaci\u00f3n de Programas (Res.0734\/15CD) Utilizar el formulario preestablecido (Formato de Archivo) Establecer los criterios de evaluaci\u00f3n Establecer claramente las condiciones para la Regularizaci\u00f3n, Promoci\u00f3n, Aprobaci\u00f3n con examen final Para determinar la composici\u00f3n de las bolillas ver Reglamento (Res.0734\/15CD) Observar ordenanza 60\/85 (Trabajos Pr\u00e1cticos y Ex\u00e1menes parciales) Respetar los criterios y condiciones en [&hellip;]<\/p>\n","protected":false},"author":4,"featured_media":0,"parent":0,"menu_order":0,"comment_status":"closed","ping_status":"closed","template":"","meta":{"footnotes":""},"class_list":["post-7865","page","type-page","status-publish","hentry"],"_links":{"self":[{"href":"https:\/\/exa.unne.edu.ar\/r\/index.php?rest_route=\/wp\/v2\/pages\/7865","targetHints":{"allow":["GET"]}}],"collection":[{"href":"https:\/\/exa.unne.edu.ar\/r\/index.php?rest_route=\/wp\/v2\/pages"}],"about":[{"href":"https:\/\/exa.unne.edu.ar\/r\/index.php?rest_route=\/wp\/v2\/types\/page"}],"author":[{"embeddable":true,"href":"https:\/\/exa.unne.edu.ar\/r\/index.php?rest_route=\/wp\/v2\/users\/4"}],"replies":[{"embeddable":true,"href":"https:\/\/exa.unne.edu.ar\/r\/index.php?rest_route=%2Fwp%2Fv2%2Fcomments&post=7865"}],"version-history":[{"count":1,"href":"https:\/\/exa.unne.edu.ar\/r\/index.php?rest_route=\/wp\/v2\/pages\/7865\/revisions"}],"predecessor-version":[{"id":30112,"href":"https:\/\/exa.unne.edu.ar\/r\/index.php?rest_route=\/wp\/v2\/pages\/7865\/revisions\/30112"}],"wp:attachment":[{"href":"https:\/\/exa.unne.edu.ar\/r\/index.php?rest_route=%2Fwp%2Fv2%2Fmedia&parent=7865"}],"curies":[{"name":"wp","href":"https:\/\/api.w.org\/{rel}","templated":true}]}}