{"id":7860,"date":"2019-07-22T18:29:13","date_gmt":"2019-07-22T21:29:13","guid":{"rendered":"http:\/\/exa.unne.edu.ar\/r\/?page_id=7860"},"modified":"2023-03-06T09:56:17","modified_gmt":"2023-03-06T12:56:17","slug":"planificacion-de-actividades-docentes","status":"publish","type":"page","link":"https:\/\/exa.unne.edu.ar\/r\/?page_id=7860","title":{"rendered":"Planificaci\u00f3n de Actividades Docentes"},"content":{"rendered":"<p>[vc_row 0=\u00bb\u00bb][vc_column 0=\u00bb\u00bb][vc_column_text 0=\u00bb\u00bb]<\/p>\n<div><span style=\"color: #414345; font-family: Raleway, Helvetica Neue, Helvetica, Helvetica, Arial, sans-serif;\"><i><b>Formulario de Planificaci\u00f3n de Actividades Docentes, <a href=\"http:\/\/exa.unne.edu.ar\/institucional\/docs_academica\/RES. 0001-23 CD.pdf\">Res. N\u00b0 0001\/23 CD<\/a><\/b><\/i><\/span><\/div>\n<div><b>Procedimiento Centralizado en cada Departamento Pedag\u00f3gico. Un \u00fanico expediente.<\/b><\/div>\n<div>Cada Coordinador de \u00e1rea elevar\u00e1 al Departamento Pedag\u00f3gico:<br \/>\n&#8211; Planificaciones en formato digital (v\u00eda mail, con los avales de la comisi\u00f3n de carrera si correspondiese)<br \/>\nCada Departamento elevar\u00e1 a la Subsecretar\u00eda de Planificaci\u00f3n Acad\u00e9mica (<a href=\"mailto:planificacion.academica@exa.unne.edu.ar\" target=\"_blank\">planificacion.academica@exa.<wbr \/>unne.edu.ar<\/a>):<\/div>\n<div style=\"padding-left: 40px;\">&#8211; Todas las planificaciones en formato digitalizado<br \/>\n&#8211; Nota con una lista de las asignaturas cuyas planificaciones se presentan, y carrera a la que pertenecen.<\/div>\n<h3><\/h3>\n<p>&nbsp;[\/vc_column_text][\/vc_column][\/vc_row][vc_row][vc_column][vc_column_text]<\/p>\n<h3><strong><em>Secretar\u00eda Acad\u00e9mica \u2013 correo: facena@exa.unne.edu.ar<\/em> <\/strong><\/h3>\n<p><strong>DGA:<\/strong> Direcci\u00f3n Gesti\u00f3n Acad\u00e9mica<br \/>\n<strong>Correo: <\/strong> dirgestionacademica@exa.unne.edu.ar<br \/>\n<strong>TE:<\/strong> 379-4473931 \u2013 Int. 4714[\/vc_column_text][\/vc_column][\/vc_row]<\/p>\n","protected":false},"excerpt":{"rendered":"<p>[vc_row 0=\u00bb\u00bb][vc_column 0=\u00bb\u00bb][vc_column_text 0=\u00bb\u00bb] Formulario de Planificaci\u00f3n de Actividades Docentes, Res. N\u00b0 0001\/23 CD Procedimiento Centralizado en cada Departamento Pedag\u00f3gico. Un \u00fanico expediente. Cada Coordinador de \u00e1rea elevar\u00e1 al Departamento Pedag\u00f3gico: &#8211; Planificaciones en formato digital (v\u00eda mail, con los avales de la comisi\u00f3n de carrera si correspondiese) Cada Departamento elevar\u00e1 a la Subsecretar\u00eda de [&hellip;]<\/p>\n","protected":false},"author":4,"featured_media":0,"parent":0,"menu_order":0,"comment_status":"closed","ping_status":"closed","template":"","meta":{"footnotes":""},"class_list":["post-7860","page","type-page","status-publish","hentry"],"_links":{"self":[{"href":"https:\/\/exa.unne.edu.ar\/r\/index.php?rest_route=\/wp\/v2\/pages\/7860","targetHints":{"allow":["GET"]}}],"collection":[{"href":"https:\/\/exa.unne.edu.ar\/r\/index.php?rest_route=\/wp\/v2\/pages"}],"about":[{"href":"https:\/\/exa.unne.edu.ar\/r\/index.php?rest_route=\/wp\/v2\/types\/page"}],"author":[{"embeddable":true,"href":"https:\/\/exa.unne.edu.ar\/r\/index.php?rest_route=\/wp\/v2\/users\/4"}],"replies":[{"embeddable":true,"href":"https:\/\/exa.unne.edu.ar\/r\/index.php?rest_route=%2Fwp%2Fv2%2Fcomments&post=7860"}],"version-history":[{"count":11,"href":"https:\/\/exa.unne.edu.ar\/r\/index.php?rest_route=\/wp\/v2\/pages\/7860\/revisions"}],"predecessor-version":[{"id":29983,"href":"https:\/\/exa.unne.edu.ar\/r\/index.php?rest_route=\/wp\/v2\/pages\/7860\/revisions\/29983"}],"wp:attachment":[{"href":"https:\/\/exa.unne.edu.ar\/r\/index.php?rest_route=%2Fwp%2Fv2%2Fmedia&parent=7860"}],"curies":[{"name":"wp","href":"https:\/\/api.w.org\/{rel}","templated":true}]}}