{"id":7858,"date":"2019-07-22T18:29:13","date_gmt":"2019-07-22T21:29:13","guid":{"rendered":"http:\/\/exa.unne.edu.ar\/r\/?page_id=7858"},"modified":"2020-06-23T14:50:36","modified_gmt":"2020-06-23T17:50:36","slug":"registro-de-regularidades","status":"publish","type":"page","link":"https:\/\/exa.unne.edu.ar\/r\/?page_id=7858","title":{"rendered":"Registro de Regularidades"},"content":{"rendered":"<p>[vc_row][vc_column][vc_column_text]<em>\u201c\u2026 plazo m\u00e1ximo 21 d\u00edas corridos para la entrega de las planillas, una vez finalizado el cursado\u201d <\/em>(Art. N\u00ba 1 &#8211; <a href=\"http:\/\/www.exa.unne.edu.ar\/institucional\/docs_academica\/Ordenamiento Administrativo - Registro de Regularidades - Res 138-00 CD.pdf\" target=\"_blank\">Res. 138\/00 CD<\/a>).<\/p>\n<p><em>\u201cLas asignaturas que no pudieran entregar en t\u00e9rmino, deber\u00e1n <strong>justificar por nota al Consejo Directivo los motivos que impiden el cumplimiento<\/strong> de los plazos establecidos\u201d<\/em>\u00a0(Art. N\u00ba 6 &#8211; <a href=\"http:\/\/www.exa.unne.edu.ar\/institucional\/docs_academica\/Ordenamiento Administrativo - Registro de Regularidades - Res 138-00 CD.pdf\" target=\"_blank\">Res. 138\/00 CD<\/a>).<\/p>\n<p>Se solicita la colaboraci\u00f3n ya que el incumplimiento de este plazo genera inconvenientes a los alumnos en cuanto a la inscripci\u00f3n a cursada o a mesas de examen.<\/p>\n<p>&nbsp;<\/p>\n<p><strong>Nota<\/strong>:<\/p>\n<p>La <a href=\"http:\/\/www.exa.unne.edu.ar\/institucional\/docs_academica\/Registo de Alumnos Libres - Res. 1708-10 D.pdf\" target=\"_blank\">Resoluci\u00f3n N\u00ba 1708\/10 D<\/a> establece que la condici\u00f3n de los alumnos libres deber\u00e1 informarse consignando alguno de los siguientes c\u00f3digos:<\/p>\n<ul>\n<li><strong>P\/P<\/strong>: Libre por parciales<\/li>\n<li><strong>P\/A<\/strong>: Libre por asistencia<\/li>\n<li><strong>T\/P<\/strong>: Libre por trabajos pr\u00e1cticos (incluye Laboratorios, Seminarios, Talleres, Problemas u otros)<\/li>\n<li><strong>N\/C<\/strong>: Libre por no haber cursado<\/li>\n<\/ul>\n<hr \/>\n<p>&nbsp;[\/vc_column_text][vc_column_text]<\/p>\n<h3><strong><em>Secretar\u00eda Acad\u00e9mica \u2013 correo: facena@exa.unne.edu.ar<\/em> <\/strong><\/h3>\n<p><strong>DGA:<\/strong> Direcci\u00f3n Gesti\u00f3n Acad\u00e9mica<br \/>\n<strong>Correo: <\/strong> dirgestionacademica@exa.unne.edu.ar<br \/>\n<strong>TE:<\/strong> 379-4473931 \u2013 Int. 4714[\/vc_column_text][\/vc_column][\/vc_row]<\/p>\n","protected":false},"excerpt":{"rendered":"<p>[vc_row][vc_column][vc_column_text]\u201c\u2026 plazo m\u00e1ximo 21 d\u00edas corridos para la entrega de las planillas, una vez finalizado el cursado\u201d (Art. N\u00ba 1 &#8211; Res. 138\/00 CD). \u201cLas asignaturas que no pudieran entregar en t\u00e9rmino, deber\u00e1n justificar por nota al Consejo Directivo los motivos que impiden el cumplimiento de los plazos establecidos\u201d\u00a0(Art. N\u00ba 6 &#8211; Res. 138\/00 CD). [&hellip;]<\/p>\n","protected":false},"author":4,"featured_media":0,"parent":0,"menu_order":0,"comment_status":"closed","ping_status":"closed","template":"","meta":{"footnotes":""},"class_list":["post-7858","page","type-page","status-publish","hentry"],"_links":{"self":[{"href":"https:\/\/exa.unne.edu.ar\/r\/index.php?rest_route=\/wp\/v2\/pages\/7858","targetHints":{"allow":["GET"]}}],"collection":[{"href":"https:\/\/exa.unne.edu.ar\/r\/index.php?rest_route=\/wp\/v2\/pages"}],"about":[{"href":"https:\/\/exa.unne.edu.ar\/r\/index.php?rest_route=\/wp\/v2\/types\/page"}],"author":[{"embeddable":true,"href":"https:\/\/exa.unne.edu.ar\/r\/index.php?rest_route=\/wp\/v2\/users\/4"}],"replies":[{"embeddable":true,"href":"https:\/\/exa.unne.edu.ar\/r\/index.php?rest_route=%2Fwp%2Fv2%2Fcomments&post=7858"}],"version-history":[{"count":0,"href":"https:\/\/exa.unne.edu.ar\/r\/index.php?rest_route=\/wp\/v2\/pages\/7858\/revisions"}],"wp:attachment":[{"href":"https:\/\/exa.unne.edu.ar\/r\/index.php?rest_route=%2Fwp%2Fv2%2Fmedia&parent=7858"}],"curies":[{"name":"wp","href":"https:\/\/api.w.org\/{rel}","templated":true}]}}