{"id":7857,"date":"2019-07-22T18:29:13","date_gmt":"2019-07-22T21:29:13","guid":{"rendered":"http:\/\/exa.unne.edu.ar\/r\/?page_id=7857"},"modified":"2025-02-14T12:27:40","modified_gmt":"2025-02-14T15:27:40","slug":"actas-de-examen-final","status":"publish","type":"page","link":"https:\/\/exa.unne.edu.ar\/r\/?page_id=7857","title":{"rendered":"Actas de Examen Final"},"content":{"rendered":"<p>[vc_row 0=\u00bb\u00bb][vc_column 0=\u00bb\u00bb][vc_column_text 0=\u00bb\u00bb]<i>El\/la Presidente\/a del Tribunal Examinador deber\u00e1\u00a0cerrar las actas\u00a0digitales para su env\u00edo autom\u00e1tico a trav\u00e9s del Portal Huarpe y el Sistema SIU Guaran\u00ed a la Direcci\u00f3n de\u00a0Gesti\u00f3n de Estudios dentro de las 48 hs h\u00e1biles posteriores a la finalizaci\u00f3n de los ex\u00e1menes<\/i>\u00a0<em>\u201c<\/em>\u00a0(<a href=\"..\/..\/institucional\/docs\/2025\/RES. 2025-37-D-EXA_cierre actas digitales.pdf\">RES &#8211; 2025 &#8211; 37 &#8211; D-EXA # UNNE<\/a>).<\/p>\n<p>&nbsp;<\/p>\n<p><strong>Se solicita la colaboraci\u00f3n ya que el incumplimiento de este plazo genera inconvenientes a los alumnos en cuanto a la inscripci\u00f3n a cursar o a las mesas de examen.<\/strong><\/p>\n<p>&nbsp;<\/p>\n<p><strong>Nota:<\/strong><\/p>\n<ul>\n<li>\u00a0Divisi\u00f3n Bedel\u00eda, dependiente de Direcci\u00f3n Gesti\u00f3n Estudios, publica los horarios 48 hs. antes de la mesa, tomando como referencia los que habitualmente se implementan.<\/li>\n<li>\u00a0Si eventualmente se presenta alg\u00fan inconveniente con estos horarios, el docente deber\u00e1 comunicar a Bedel\u00eda con 48 hs. de anticipaci\u00f3n, a fin de informar adecuadamente a los alumnos.<\/li>\n<\/ul>\n<p>&nbsp;[\/vc_column_text][vc_column_text 0=\u00bb\u00bb]<\/p>\n<h3><strong><em>Secretar\u00eda Acad\u00e9mica \u2013 correo: facena@exa.unne.edu.ar<\/em> <\/strong><\/h3>\n<p><strong>DGA:<\/strong> Direcci\u00f3n Gesti\u00f3n Acad\u00e9mica<br \/>\n<strong>Correo: <\/strong> dirgestionacademica@exa.unne.edu.ar<br \/>\n<strong>TE:<\/strong> 379-4473931 \u2013 Int. 4714[\/vc_column_text][\/vc_column][\/vc_row]<\/p>\n","protected":false},"excerpt":{"rendered":"<p>[vc_row 0=\u00bb\u00bb][vc_column 0=\u00bb\u00bb][vc_column_text 0=\u00bb\u00bb]El\/la Presidente\/a del Tribunal Examinador deber\u00e1\u00a0cerrar las actas\u00a0digitales para su env\u00edo autom\u00e1tico a trav\u00e9s del Portal Huarpe y el Sistema SIU Guaran\u00ed a la Direcci\u00f3n de\u00a0Gesti\u00f3n de Estudios dentro de las 48 hs h\u00e1biles posteriores a la finalizaci\u00f3n de los ex\u00e1menes\u00a0\u201c\u00a0(RES &#8211; 2025 &#8211; 37 &#8211; D-EXA # UNNE). &nbsp; Se solicita [&hellip;]<\/p>\n","protected":false},"author":4,"featured_media":0,"parent":0,"menu_order":0,"comment_status":"closed","ping_status":"closed","template":"","meta":{"footnotes":""},"class_list":["post-7857","page","type-page","status-publish","hentry"],"_links":{"self":[{"href":"https:\/\/exa.unne.edu.ar\/r\/index.php?rest_route=\/wp\/v2\/pages\/7857","targetHints":{"allow":["GET"]}}],"collection":[{"href":"https:\/\/exa.unne.edu.ar\/r\/index.php?rest_route=\/wp\/v2\/pages"}],"about":[{"href":"https:\/\/exa.unne.edu.ar\/r\/index.php?rest_route=\/wp\/v2\/types\/page"}],"author":[{"embeddable":true,"href":"https:\/\/exa.unne.edu.ar\/r\/index.php?rest_route=\/wp\/v2\/users\/4"}],"replies":[{"embeddable":true,"href":"https:\/\/exa.unne.edu.ar\/r\/index.php?rest_route=%2Fwp%2Fv2%2Fcomments&post=7857"}],"version-history":[{"count":1,"href":"https:\/\/exa.unne.edu.ar\/r\/index.php?rest_route=\/wp\/v2\/pages\/7857\/revisions"}],"predecessor-version":[{"id":31231,"href":"https:\/\/exa.unne.edu.ar\/r\/index.php?rest_route=\/wp\/v2\/pages\/7857\/revisions\/31231"}],"wp:attachment":[{"href":"https:\/\/exa.unne.edu.ar\/r\/index.php?rest_route=%2Fwp%2Fv2%2Fmedia&parent=7857"}],"curies":[{"name":"wp","href":"https:\/\/api.w.org\/{rel}","templated":true}]}}