{"id":7698,"date":"2019-07-18T12:23:15","date_gmt":"2019-07-18T15:23:15","guid":{"rendered":"http:\/\/exa.unne.edu.ar\/r\/?page_id=7698"},"modified":"2025-10-24T09:09:25","modified_gmt":"2025-10-24T12:09:25","slug":"biblioteca","status":"publish","type":"page","link":"https:\/\/exa.unne.edu.ar\/r\/?page_id=7698","title":{"rendered":"Biblioteca"},"content":{"rendered":"<p>[vc_row][vc_column][vc_single_image image=\u00bb31532&#8243; img_size=\u00bbfull\u00bb alignment=\u00bbcenter\u00bb][vc_column_text]<\/p>\n<p align=\"justify\">La Biblioteca es el mejor \u00f3rgano universitario de compilaci\u00f3n y clasificaci\u00f3n de los conocimientos para su uso eficaz, y para proporcionar los servicios correspondientes y las infraestructuras adecuadas que har\u00e1n accesible ese uso.<br \/>\nLas bibliotecas universitarias tienen la enorme responsabilidad de lograr la formaci\u00f3n plena del hombre, y sintetizando todos los fines de la Universidad Argentina, alcanzar la formaci\u00f3n y capacitaci\u00f3n del universitario armonizando su vocaci\u00f3n personal con las exigencias del bien com\u00fan.<\/p>\n<p>[\/vc_column_text][vc_separator][vc_toggle title=\u00bbReglamento de Biblioteca\u00bb style=\u00bbround\u00bb color=\u00bbturquoise\u00bb]<\/p>\n<h4 class=\"western\" align=\"left\"><a href=\"..\/docs\/biblioteca\/RES. 2024-649-CD-EXA- REGLAMENTO DONACIONES.pdf\">&#8211; Reglamento para la recepci\u00f3n de Donaciones de Material bibliogr\u00e1fico RES-2024-649-CD-EXA#UNNE<\/a><\/h4>\n<h4 align=\"left\"><a href=\"..\/docs\/biblioteca\/Formulario Donaciones.docx\">&#8211; Formulario para las Donaciones<\/a><\/h4>\n<h4 align=\"left\"><a href=\"..\/docs\/biblioteca\/RES. 0940-19 CD Reglamento de Biblioteca.pdf\">&#8211; Reglamento de la Biblioteca de la Direcci\u00f3n de Gesti\u00f3n de Informaci\u00f3n Institucional y Biblioteca<\/a><\/h4>\n<p>[\/vc_toggle][vc_column_text]<\/p>\n<h3>\u00a0 \u00a0 \u00a0 <a href=\"https:\/\/docs.google.com\/forms\/d\/e\/1FAIpQLSfPNAjyvxO6P5pKzuMZuNTaBhUamhhyFVQIhGo93n1v0cioSA\/viewform\"><strong>&#8211; Encuesta de Satisfacci\u00f3n de Servicios Bibliotecarios de la Facultad<\/strong><\/a><\/h3>\n<p>[\/vc_column_text][\/vc_column][\/vc_row][vc_row][vc_column el_class=\u00bb \u00ab][vc_tta_tabs spacing=\u00bb2&#8243; active_section=\u00bb1&#8243;][vc_tta_section title=\u00bbPROGRAMAS ANAL\u00cdTICOS \u00bb tab_id=\u00bb1570633794359-ce6d1b7f-bee5&#8243;][vc_column_text]<\/p>\n<h3><em><strong>Programas Anal\u00edticos Aprobados por Carrera<\/strong><\/em><\/h3>\n<p>&nbsp;<\/p>\n<p><a href=\"https:\/\/drive.google.com\/drive\/folders\/1tr4TTdZOGgsqfeuBel9app8h_McEUpUH?usp=drive_link\" target=\"_blank\">Agrimensura <\/a><\/p>\n<p><a href=\"https:\/\/drive.google.com\/drive\/folders\/1v2lQCSgb86Is4W9UDwO-0Pky_ZZ4p9Ur?usp=drive_link\" target=\"_blank\">Bioqu\u00edmica<\/a><\/p>\n<p><a href=\"https:\/\/drive.google.com\/drive\/folders\/1UbyiMMyX5qw8MUsKRu47NFAwhd3uIvak?usp=drive_link\" target=\"_blank\">Ingenier\u00eda El\u00e9ctrica <\/a><\/p>\n<p><a href=\"https:\/\/drive.google.com\/drive\/folders\/1nXt-QnOXMobnCa5ElnFH-nj3bpegovTt?usp=drive_link\" target=\"_blank\">Ingenier\u00eda en Agrimensura <\/a><\/p>\n<p><a href=\"https:\/\/drive.google.com\/drive\/folders\/1dl5j0TCqH2JdMLWvNAh2Ade44hlR_Juk?usp=drive_link\" target=\"_blank\">Ingenier\u00eda en Electr\u00f3nica <\/a><\/p>\n<p><a href=\"https:\/\/drive.google.com\/drive\/folders\/1uyBmViFLCtwoqZPbY7ajIFhE62mLlnYz?usp=drive_link\" target=\"_blank\">Licenciatura en Ciencias Biol\u00f3gicas <\/a><\/p>\n<p><a href=\"https:\/\/drive.google.com\/drive\/folders\/1n8mO89QBdA6lD6OUzPAAN-5537IhtSbu?usp=drive_link\" target=\"_blank\">Licenciatura en Ciencias F\u00edsicas<\/a><\/p>\n<p><a href=\"https:\/\/drive.google.com\/drive\/folders\/1VWx_p-7E7tBquy3es92hZA4GcNP7GzjR?usp=drive_link\" target=\"_blank\">Licenciatura en Ciencias Qu\u00edmicas<\/a><\/p>\n<p><a href=\"https:\/\/drive.google.com\/drive\/folders\/1ZnZW4X2aTJHThZlHZCxx8OYFK-f5AFqa?usp=drive_link\" target=\"_blank\">Licenciatura en Matem\u00e1tica <\/a><\/p>\n<p><a href=\"https:\/\/drive.google.com\/drive\/folders\/1MaUmHpXszf21Mt_K6h-Vsd1wKM6f3UHZ?usp=drive_link\" target=\"_blank\">Licenciatura en Sistemas <\/a><\/p>\n<p><a href=\"https:\/\/drive.google.com\/drive\/folders\/1pZ2-v6b5q7Ra_WemrPbRG1w3qvDnbMPk?usp=drive_link\" target=\"_blank\">Licenciatura en Sistemas de Informaci\u00f3n <\/a><\/p>\n<p><a href=\"https:\/\/drive.google.com\/drive\/folders\/17a5PLp5pECwIaKRQfn7TECayoVvP3Pxy?usp=drive_link\" target=\"_blank\">Profesorado en Biolog\u00eda<\/a><\/p>\n<p><a href=\"https:\/\/drive.google.com\/drive\/folders\/10BBqTUBD4z67NK6GsqHEGElCbaNJPYcp?usp=drive_link\" target=\"_blank\">Profesorado en Ciencias Qu\u00edmicas y del Ambiente<\/a><\/p>\n<p><a href=\"https:\/\/drive.google.com\/drive\/folders\/1ZIGyPVEBvWmrN1jZVjCJzBV_xO3sVks3?usp=drive_link\" target=\"_blank\">Profesorado en F\u00edsica<\/a><\/p>\n<p><a href=\"https:\/\/drive.google.com\/drive\/folders\/1CelOTJmgCxsb3Fwxf-WgDBoPB6o8IldH?usp=drive_link\" target=\"_blank\">Profesorado en Matem\u00e1tica <\/a>[\/vc_column_text][\/vc_tta_section][vc_tta_section title=\u00bbSERVICIOS BIBLIOGR\u00c1FICOS\u00bb tab_id=\u00bb1570633794357-0b81bee1-0d0a\u00bb][vc_column_text]<strong>PR\u00c9STAMOS<\/strong><\/p>\n<ul>\n<li><strong>Consultas en Sala:<\/strong> Consulta en Sala de los distintos materiales: Libros, Publicaciones Peri\u00f3dicas, CD-Rom. Los alumnos pueden buscar personalmente el material que necesitan o solicitar ayuda al personal de Biblioteca. Una vez encontrado el mismo pueden estudiar en la sala de lectura.<\/li>\n<li><strong>Pr\u00e9stamos domiciliarios:<\/strong> La biblioteca cuenta con varios ejemplares de los libros que figuran en la bibliograf\u00eda recomendada por las distintas c\u00e1tedras, que est\u00e1n a disposici\u00f3n de los alumnos.<\/li>\n<\/ul>\n<p align=\"justify\">De este\u00a0modo el estudiante cuenta, en Biblioteca, con material bibliogr\u00e1fico sugerido por los Docentes. El pr\u00e9stamo de libros es de siete d\u00edas con posibilidad de renovar por otros siete d\u00edas.<\/p>\n<p align=\"justify\"><strong>HEMEROTECA<\/strong><\/p>\n<p align=\"justify\">Los alumnos y Docentes pueden consultar las publicaciones que se reciben mensualmente.<\/p>\n<p align=\"justify\">[\/vc_column_text][\/vc_tta_section][vc_tta_section title=\u00bbSITIOS DE INTER\u00c9S\u00bb tab_id=\u00bb1570634466651-25316170-155c\u00bb][vc_column_text]<\/p>\n<h3 align=\"left\"><\/h3>\n<h3 align=\"left\"><a href=\"..\/docs\/biblioteca\/Formulario Donaciones.docx\">&#8211; Formulario para las Donaciones<\/a><\/h3>\n<p>&nbsp;<\/p>\n<blockquote>\n<h4 class=\"textgris\"><a href=\"http:\/\/exa.redbiblio.unne.edu.ar\/\" target=\"_blank\"><img loading=\"lazy\" decoding=\"async\" class=\"\" src=\"http:\/\/exa.unne.edu.ar\/imagenes\/biblioteca_exa.jpg\" alt=\"Red de Bibliotecas de la UNNE\" width=\"137\" height=\"45\" align=\"absmiddle\" border=\"0\" \/><\/a> <a class=\"textgris\" href=\"http:\/\/exa.unne.edu.ar\/revisfacena\/\" target=\"_blank\">\u00a0 Revista FaCENA<\/a><\/h4>\n<p>&nbsp;<\/p>\n<p><a href=\"https:\/\/bib.unne.edu.ar\/\"><img loading=\"lazy\" decoding=\"async\" class=\"alignnone size-full wp-image-22855\" src=\"http:\/\/exa.unne.edu.ar\/r\/wp-content\/uploads\/2021\/04\/logo_dgb_-25.png\" alt=\"\" width=\"204\" height=\"72\" \/><\/a><\/p>\n<p>&nbsp;<\/p>\n<p><a href=\"https:\/\/www.biblioteca.mincyt.gob.ar\/\"><img loading=\"lazy\" decoding=\"async\" class=\"alignnone size-full wp-image-22851\" src=\"http:\/\/exa.unne.edu.ar\/r\/wp-content\/uploads\/2021\/04\/Biblioteca-ciencia-y-tecnologia56.jpg\" alt=\"\" width=\"301\" height=\"51\" \/><\/a><\/p>\n<p>&nbsp;<\/p><\/blockquote>\n<p><a href=\"https:\/\/bib.unne.edu.ar\/?p=3249\"><img loading=\"lazy\" decoding=\"async\" class=\"alignnone size-full wp-image-22865\" src=\"http:\/\/exa.unne.edu.ar\/r\/wp-content\/uploads\/2021\/04\/e-books8.jpg\" alt=\"\" width=\"300\" height=\"120\" \/><\/a><\/p>\n<p>&nbsp;<\/p>\n<p><a href=\"https:\/\/bib.unne.edu.ar\/?p=3520\"><img loading=\"lazy\" decoding=\"async\" class=\"alignnone size-full wp-image-22867\" src=\"http:\/\/exa.unne.edu.ar\/r\/wp-content\/uploads\/2021\/04\/Cin-rediab.jpg\" alt=\"\" width=\"250\" height=\"100\" \/><\/a><\/p>\n<p>&nbsp;<\/p>\n<blockquote><p><a href=\"http:\/\/redbiblio.unne.edu.ar\/opac\/cgi-bin\/pgopac.cgi?form=Default\"><img loading=\"lazy\" decoding=\"async\" class=\"alignnone size-full wp-image-22872\" src=\"http:\/\/exa.unne.edu.ar\/r\/wp-content\/uploads\/2021\/04\/red-biblioteca.jpg\" alt=\"\" width=\"200\" height=\"160\" \/><\/a><\/p><\/blockquote>\n<blockquote><p><a href=\"http:\/\/revistas.unne.edu.ar\/\"><img loading=\"lazy\" decoding=\"async\" class=\"alignnone size-full wp-image-22873\" src=\"http:\/\/exa.unne.edu.ar\/r\/wp-content\/uploads\/2021\/04\/revista-unne9.jpg\" alt=\"\" width=\"200\" height=\"170\" \/><\/a><\/p>\n<p>&nbsp;<\/p>\n<p><a href=\"https:\/\/www.conicet.gov.ar\/\"><img loading=\"lazy\" decoding=\"async\" class=\"alignnone size-full wp-image-22857\" src=\"http:\/\/exa.unne.edu.ar\/r\/wp-content\/uploads\/2021\/04\/conicet_.png\" alt=\"\" width=\"191\" height=\"117\" \/><\/a><\/p>\n<p>&nbsp;<\/p><\/blockquote>\n<p>[\/vc_column_text][\/vc_tta_section][vc_tta_section title=\u00bbCONSULTAS DE MATERIAL BIBLIOGR\u00c1FICO\u00bb tab_id=\u00bb1596555438737-d90b0eef-b2b0&#8243;][vc_column_text]<\/p>\n<blockquote>\n<blockquote>\n<h5 class=\"textgris\" style=\"text-align: left;\"><a href=\"https:\/\/docs.google.com\/forms\/d\/1dZEJ7z-_K7gndu1Oc2pMT36CvGj2xwYBIuro32DgqoQ\/edit?usp=sharing\" target=\"_blank\"><img loading=\"lazy\" decoding=\"async\" class=\"alignleft\" src=\"http:\/\/exa.unne.edu.ar\/imagenes\/red_bibliotecas.jpg\" alt=\"Red de Bibliotecas de la UNNE\" width=\"70\" height=\"23\" align=\"absmiddle\" border=\"0\" \/><\/a><a class=\"textgris\" href=\"https:\/\/docs.google.com\/forms\/d\/1dZEJ7z-_K7gndu1Oc2pMT36CvGj2xwYBIuro32DgqoQ\/edit?usp=sharing\" target=\"_blank\">FORMULARIO PARA CONSULTA DE MATERIAL<\/a><\/h5>\n<\/blockquote>\n<\/blockquote>\n<h4><\/h4>\n<p>[\/vc_column_text][\/vc_tta_section][vc_tta_section title=\u00bbRECEPCI\u00d3N DE DONACIONES\u00bb tab_id=\u00bb1570635050840-c56b43a1-c623&#8243;][vc_column_text]<\/p>\n<h3><span style=\"color: #000000;\"><b>Pol\u00edtica de recepci\u00f3n de donaciones de material bibliogr\u00e1fico <\/b><\/span><\/h3>\n<p>&nbsp;<\/p>\n<p><span style=\"color: #000000;\">LA DIRECCI\u00d3N DE GESTI\u00d3N DE INFORMARON INSTITUCIONAL Y BIBLIOTECA DE LA FaCENA, forma sus conexiones a partir de la compra de donaciones de material bibliogr\u00e1fico.<\/span><\/p>\n<p>&nbsp;<\/p>\n<p><span style=\"color: #000000;\">La incomportable de materia DONACI\u00d3N se encuentra reglamentada a fin de sumar a la biblioteca material que resulte de valor para su fondo documental teniendo en cuenta aspectos como: <\/span><\/p>\n<p><span style=\"color: #000000;\">&#8211; el material ya existe<\/span><\/p>\n<p><span style=\"color: #000000;\">&#8211; la actualidad<\/span><\/p>\n<p><span style=\"color: #000000;\">&#8211; el aspecto disponible, etc.<\/span><\/p>\n<p>&nbsp;<\/p>\n<p><span style=\"color: #000000;\">En todos los casos la Direcci\u00f3n de Gesti\u00f3n de Informaci\u00f3n Institucional y Biblioteca de la FaCENA determinara la pertinencia del material bibliogr\u00e1fico propuesto en donaci\u00f3n. <\/span><\/p>\n<p><span style=\"color: #000000;\">La Biblioteca se reserva el derecho de organizaci\u00f3n y ubicar el material bibliogr\u00e1fico de la donaci\u00f3n, de acuerdo a los establecidos en el reglamento de donaciones.<\/span><\/p>\n<p><span style=\"color: #000000;\">La persona que desea realizar una donaci\u00f3n puede ponerse en contacto con la biblioteca a trav\u00e9s del correo <a href=\"mailto:biblioteca@exa.unne.edu.ar\">biblioteca@exa.unne.edu.ar<\/a><\/span><\/p>\n<p>&nbsp;<\/p>\n<p><a href=\"..\/docs\/biblioteca\/RES. 2024-649-CD-EXA- REGLAMENTO DONACIONES.pdf\"><span style=\"color: #c9211e;\"><span style=\"color: #800000;\">&#8211; Reglamento para la recepci\u00f3n de DONACIONES de Material bibliogr\u00e1fico<\/span> <\/span><\/a><\/p>\n<p><span style=\"color: #800000;\"><a style=\"color: #800000;\" href=\"..\/docs\/biblioteca\/Formulario Donaciones.docx\">&#8211; Formulario para las Donaciones<\/a> <\/span><\/p>\n<h4 align=\"left\"><\/h4>\n<p>[\/vc_column_text][\/vc_tta_section][vc_tta_section title=\u00bbASOCIARSE \u00bb tab_id=\u00bb1755009999878-0e4bb092-6d34&#8243;][vc_column_text]<\/p>\n<h3><b>Requisitos<\/b><\/h3>\n<p>&nbsp;<\/p>\n<p><b>ESTUDIANTES UNIVERSITARIOS<\/b><\/p>\n<p><span style=\"color: #666666;\">DNI + Libreta Universitaria + 1 Foto Carnet <\/span><\/p>\n<p>&nbsp;<\/p>\n<p><b>DOCENTES Y NO DOCENTES UNIVERSITARIOS<\/b><\/p>\n<p><span style=\"color: #666666;\">DNI + Resoluci\u00f3n de Designaci\u00f3n <\/span><\/p>\n<p><span style=\"color: #666666;\">podes retirare hasta<\/span> <b>2 EJEMPLARES<\/b> <span style=\"color: #666666;\">por 7 d\u00edas <\/span>[\/vc_column_text][\/vc_tta_section][vc_tta_section title=\u00bbLIBRE DEUDA\u00bb tab_id=\u00bb1755010029236-85783375-ab03&#8243;][vc_column_text]<span style=\"color: #000000;\">&#8211; El libre Deuda, deber\u00e1 solicitar a traversa del correr oficial de la biblioteca (<a href=\"http:\/\/biblioteca@exa.unne.edu.ar)\">biblioteca@exa.unne.edu.ar)<\/a>, indicando Nombre y Apellido (Seg\u00fan figure en el DNI), Numero de Libreta universitaria y Carrera que culmino. <\/span><\/p>\n<p><span style=\"color: #000000;\">&#8211; En el plazo de 24\/72 horas h\u00e1biles recibir\u00e1 el certificado de libre deuda en su mail.<\/span>[\/vc_column_text][\/vc_tta_section][\/vc_tta_tabs][\/vc_column][\/vc_row][vc_row][vc_column width=\u00bb1\/2&#8243;][vc_row_inner 0=\u00bb\u00bb][vc_column_inner width=\u00bb1\/6&#8243;][vc_icon icon_fontawesome=\u00bbfa fa-lightbulb-o\u00bb color=\u00bbgreen\u00bb][\/vc_column_inner][vc_column_inner width=\u00bb5\/6&#8243;][vc_column_text 0=\u00bb\u00bb]<\/p>\n<p align=\"justify\"><strong>\u00a0GU\u00cdAS Y AYUDA<\/strong><\/p>\n<p align=\"justify\">Asesoramiento a profesores y alumnos.<\/p>\n<p align=\"justify\">Se cuenta con personal especializado para asesorar a los usuarios sobre la localizaci\u00f3n de la informaci\u00f3n existente en la Biblioteca o la que debe buscar fuera de ella.<\/p>\n<p><a href=\"..\/docs\/biblioteca\/Paso-a-paso-buscar-libro-en-catalogo-Pergamo.pdf\"><strong>Gu\u00eda paso a paso: Como buscar un libro en el cat\u00e1logo de P\u00e9rgamo<\/strong><\/a><\/p>\n<hr \/>\n<p>[\/vc_column_text][\/vc_column_inner][\/vc_row_inner][vc_row_inner 0=\u00bb\u00bb][vc_column_inner width=\u00bb1\/6&#8243;][vc_icon icon_fontawesome=\u00bbfa fa-shopping-cart\u00bb color=\u00bbgreen\u00bb][\/vc_column_inner][vc_column_inner width=\u00bb5\/6&#8243;][vc_column_text 0=\u00bb\u00bb]<span style=\"color: #000000;\"><b>SUGERENCIA DE COMPRA <\/b><\/span><\/p>\n<p><span style=\"color: #666666;\">A trav\u00e9s del formulario usted puede hacer propuesta de adquisici\u00f3n de libros u otros materiales bibliogr\u00e1ficos, que la Biblioteca podr\u00e1 tomar en consideraci\u00f3n en los pedidos de compra <\/span><\/p>\n<p><strong><a href=\"https:\/\/docs.google.com\/forms\/d\/e\/1FAIpQLSda1rSPZFKIpi_jnoJP-G0XNNUAAN0MyR9Hni7uA_75U-hqWA\/viewform\"><span style=\"color: #000000;\"><span style=\"color: #c9211e;\">Formulario para solicitud de compra<\/span> <\/span><\/a><\/strong><\/p>\n<hr \/>\n<p>[\/vc_column_text][\/vc_column_inner][\/vc_row_inner][vc_column_text 0=\u00bb\u00bb]<\/p>\n<p align=\"justify\"><b>Correo<\/b>: <a href=\"mailto:biblioteca@exa.unne.edu.ar\">biblioteca@exa.unne.edu.ar<\/a><\/p>\n<p align=\"justify\"><b>Tel\u00e9fono<\/b>: 0379- 4473931; Interno: 4790 (Campus)<\/p>\n<p>[\/vc_column_text][\/vc_column][vc_column width=\u00bb1\/2&#8243;][vc_row_inner 0=\u00bb\u00bb][vc_column_inner width=\u00bb1\/6&#8243;][vc_icon icon_fontawesome=\u00bbfa fa-clock-o\u00bb color=\u00bbjuicy_pink\u00bb][\/vc_column_inner][vc_column_inner width=\u00bb5\/6&#8243;][vc_column_text 0=\u00bb\u00bb]<strong>HORARIO DE ATENCI\u00d3N<\/strong><\/p>\n<p><em><strong><span lang=\"es-MX\">Horario de apertura 7:30, Horario de cierre: 19.30. Actividades de corrido.<\/span><\/strong><\/em><\/p>\n<hr \/>\n<p>[\/vc_column_text][\/vc_column_inner][\/vc_row_inner][vc_row_inner 0=\u00bb\u00bb][vc_column_inner width=\u00bb1\/6&#8243;][vc_icon icon_fontawesome=\u00bbfa fa-users\u00bb color=\u00bbjuicy_pink\u00bb][\/vc_column_inner][vc_column_inner width=\u00bb5\/6&#8243;][vc_column_text 0=\u00bb\u00bb]<span style=\"color: #000000;\"><b>SALA PARLANTE <\/b><\/span><\/p>\n<p><span style=\"color: #666666;\">Destinada a la lectura individual o grupal. Se puede conversar y estudiar en grupo<\/span><\/p>\n<hr \/>\n<p>[\/vc_column_text][\/vc_column_inner][\/vc_row_inner][vc_row_inner 0=\u00bb\u00bb][vc_column_inner width=\u00bb1\/6&#8243;][vc_icon icon_fontawesome=\u00bbfa fa-laptop\u00bb color=\u00bbjuicy_pink\u00bb][\/vc_column_inner][vc_column_inner width=\u00bb5\/6&#8243;][vc_column_text 0=\u00bb\u00bb]<b>SALA DE LECTURA &#8211; LAB. INFORM\u00c1TICO <\/b><\/p>\n<p>Permite la lectura individual de material bibliogr\u00e1fico y el acceso a internet<\/p>\n<hr \/>\n<p>[\/vc_column_text][\/vc_column_inner][\/vc_row_inner][vc_row_inner 0=\u00bb\u00bb][vc_column_inner width=\u00bb1\/6&#8243;][\/vc_column_inner][vc_column_inner width=\u00bb5\/6&#8243;][vc_column_text 0=\u00bb\u00bb]<em><strong><span lang=\"es-MX\">Biblioteca &#8211; Sede Campus:<\/span><\/strong><\/em><\/p>\n<ol>\n<li><span lang=\"es-MX\">\u00a0Turno ma\u00f1ana: Prof. N\u00da\u00d1EZ, Jos\u00e9 Luis R. <\/span><span lang=\"es-MX\">T\u00e9c. Bib. Daniel E. ALDAVEZ<\/span><\/li>\n<li><span lang=\"es-MX\">\u00a0Turno tarde: T\u00e9c. Bib. Alfredo A. VALLEJO<\/span><\/li>\n<\/ol>\n<p>&nbsp;<\/p>\n<p><em><strong><span lang=\"es-MX\">Hemeroteca \u2013 Sede 9 de Julio<\/span><\/strong><\/em><\/p>\n<ol>\n<li><span lang=\"es-MX\">\u00a0Turno ma\u00f1ana: TAGIU Miguel A. RODR\u00cdGUEZ<\/span><\/li>\n<li><span lang=\"es-MX\">\u00a0Turno tarde: Prof. Ramona Rodr\u00edguez<\/span><\/li>\n<\/ol>\n<p>&nbsp;<\/p>\n<p>&nbsp;<\/p>\n<p>[\/vc_column_text][\/vc_column_inner][\/vc_row_inner][\/vc_column][vc_column][\/vc_column][\/vc_row]<\/p>\n","protected":false},"excerpt":{"rendered":"<p>[vc_row][vc_column][vc_single_image image=\u00bb31532&#8243; img_size=\u00bbfull\u00bb alignment=\u00bbcenter\u00bb][vc_column_text] La Biblioteca es el mejor \u00f3rgano universitario de compilaci\u00f3n y clasificaci\u00f3n de los conocimientos para su uso eficaz, y para proporcionar los servicios correspondientes y las infraestructuras adecuadas que har\u00e1n accesible ese uso. Las bibliotecas universitarias tienen la enorme responsabilidad de lograr la formaci\u00f3n plena del hombre, y sintetizando todos los [&hellip;]<\/p>\n","protected":false},"author":4,"featured_media":0,"parent":0,"menu_order":0,"comment_status":"closed","ping_status":"closed","template":"","meta":{"footnotes":""},"class_list":["post-7698","page","type-page","status-publish","hentry"],"_links":{"self":[{"href":"https:\/\/exa.unne.edu.ar\/r\/index.php?rest_route=\/wp\/v2\/pages\/7698","targetHints":{"allow":["GET"]}}],"collection":[{"href":"https:\/\/exa.unne.edu.ar\/r\/index.php?rest_route=\/wp\/v2\/pages"}],"about":[{"href":"https:\/\/exa.unne.edu.ar\/r\/index.php?rest_route=\/wp\/v2\/types\/page"}],"author":[{"embeddable":true,"href":"https:\/\/exa.unne.edu.ar\/r\/index.php?rest_route=\/wp\/v2\/users\/4"}],"replies":[{"embeddable":true,"href":"https:\/\/exa.unne.edu.ar\/r\/index.php?rest_route=%2Fwp%2Fv2%2Fcomments&post=7698"}],"version-history":[{"count":53,"href":"https:\/\/exa.unne.edu.ar\/r\/index.php?rest_route=\/wp\/v2\/pages\/7698\/revisions"}],"predecessor-version":[{"id":31802,"href":"https:\/\/exa.unne.edu.ar\/r\/index.php?rest_route=\/wp\/v2\/pages\/7698\/revisions\/31802"}],"wp:attachment":[{"href":"https:\/\/exa.unne.edu.ar\/r\/index.php?rest_route=%2Fwp%2Fv2%2Fmedia&parent=7698"}],"curies":[{"name":"wp","href":"https:\/\/api.w.org\/{rel}","templated":true}]}}