{"id":7595,"date":"2019-07-10T12:14:06","date_gmt":"2019-07-10T15:14:06","guid":{"rendered":"http:\/\/exa.unne.edu.ar\/r\/?page_id=7595"},"modified":"2019-11-22T16:15:53","modified_gmt":"2019-11-22T19:15:53","slug":"historia","status":"publish","type":"page","link":"https:\/\/exa.unne.edu.ar\/r\/?page_id=7595","title":{"rendered":"Historia"},"content":{"rendered":"[vc_row][vc_column 0=\u00bb\u00bb][vc_column_text el_class=\u00bb.tjustificado\u00bb]<p><\/p>\n<figure class=\"wp-block-image\"><img loading=\"lazy\" decoding=\"async\" class=\"alignright wp-image-7587 size-medium\" src=\"http:\/\/exa.unne.edu.ar\/r\/wp-content\/uploads\/2019\/07\/Webp.net-resizeimage-1-300x300.png\" alt=\"icono del sitio\" width=\"300\" height=\"300\" \/><\/figure>\n<p><\/p>\n<p><\/p>\n<p class=\"historia\">La Universidad Nacional del Nordeste, de alcance regional desde su fundaci\u00f3n, tiene como objetivo primordial conservar, difundir y acrecentar los conocimientos en todas las \u00e1reas que comprende la actividad humana.<\/p>\n<p><\/p>\n<p><\/p>\n<p class=\"historia\">La Facultad de Ciencias Exactas y Naturales y Agrimensura, como unidad acad\u00e9mica de la Universidad Nacional del Nordeste, tiene como objetivos el cumplimiento de la misi\u00f3n universitaria, basada en los postulados fundacionales de la Universidad: formar profesionales, formar investigadores y realizar tareas de extensi\u00f3n a la comunidad. Por ello, en la Facultad se dictan carreras con orientaci\u00f3n profesional, con orientaci\u00f3n a las ciencias b\u00e1sicas y con orientaci\u00f3n docente. Adem\u00e1s, el dictado de cursos de postgrado, actualizaci\u00f3n y perfeccionamiento, y la organizaci\u00f3n de congresos, jornadas y seminarios extienden a la comunidad las actividades que desarrollan los claustros.<\/p>\n<p><\/p>\n<p><\/p>\n<p class=\"historia\">La Facultad de Ciencias Exactas est\u00e1 comprometida con una mejor formaci\u00f3n profesional de sus egresados y culmin\u00f3 en el a\u00f1o 2000 un proceso de cambio curricular de la totalidad de sus carreras de grado acorde con los est\u00e1ndares fijados por los organismos y entidades nacionales e internacionales y las nuevas exigencias de la sociedad. Los cursos de actualizaci\u00f3n y de post-grado que se dictan est\u00e1n orientados a atender las necesidades de los egresados y de la comunidad en general.<\/p>\n<p><\/p>\n<p><\/p>\n<p class=\"historia\">Se promueve la investigaci\u00f3n cient\u00edfica tanto b\u00e1sica como aplicada para poder cumplir con la misi\u00f3n de no s\u00f3lo transmitir con el mejor nivel los conocimientos universales, sino tambi\u00e9n de contribuir, con su accionar, a crearlos.<\/p>\n<p><\/p>\n<p><\/p>\n<p class=\"historia\">El amplio espectro de la oferta acad\u00e9mica de carreras de grado que presenta la Facultad de Ciencias Exactas y Naturales y Agrimensura puede comprenderse a la luz de su historia de m\u00e1s de cincuenta a\u00f1os de actividades iniciadas en junio de 1951 cuando para responder a las fuertes expectativas de la sociedad regional de ese tiempo se crea el Instituto del Profesorado por convenio entre la Universidad Nacional del Litoral (UNL) y el Gobierno de la Provincia de Corrientes dependiendo en ese entonces de la Facultad de Agricultura, Ganader\u00eda e Industrias Afines (UNL) hasta la creaci\u00f3n de la Universidad Nacional del Nordeste (UNNE) en diciembre de 1956.<\/p>\n<p><\/p>\n<p><\/p>\n<p class=\"historia\">De la posterior fusi\u00f3n del Instituto del Profesorado con la Escuela de Agrimensura surgi\u00f3 esta Facultad creada el 20 de julio de 1957 con el nombre de Facultad de Ciencias Exactas, F\u00edsicas y Naturales.<\/p>\n<p><\/p>\n<p><\/p>\n<p class=\"historia\">Debe comprenderse que el proceso de creaci\u00f3n de esta Facultad como el de la mayor\u00eda de los centros de educaci\u00f3n superior en el interior de nuestro pa\u00eds y en ella de las diferentes carreras respondi\u00f3 al esquema demanda social-respuesta gubernamental en un caso y respuesta institucional en otro caso.<\/p>\n<p><\/p>\n<p><\/p>\n<p class=\"historia\">La primera demanda imperiosa de la sociedad manifestada aun antes de la creaci\u00f3n de la Facultad fue la de contar con profesores en las ciencias b\u00e1sicas: Matem\u00e1tica, F\u00edsica, Qu\u00edmica y Biolog\u00eda. Tuvo respuesta con la creaci\u00f3n del Instituto del Profesorado y en el de las carreras de los Profesorados de las especialidades, carreras que a\u00fan hoy se mantienen vigentes y que merced a la presencia activa de sus egresados en casas de estudios de diferentes niveles educativos le permiti\u00f3 extender su \u00e1mbito de influencia a las provincias de Corrientes, Chaco, Formosa, Misiones y norte de Santa F\u00e9.<\/p>\n<p><\/p>\n<p><\/p>\n<p class=\"historia\">Ya en la d\u00e9cada de los a\u00f1os 60 y en el convencimiento de que antes de ense\u00f1ar es necesario que se hubiera producido un desarrollo de considerable magnitud de los conocimientos disciplinares se crearon las Licenciaturas en las mismas cuatro ciencias b\u00e1sicas y, m\u00e1s tarde, con la llegada de docentes provenientes de las universidades de La Plata, del Litoral y de Tucum\u00e1n, se inici\u00f3 la constituci\u00f3n de grupos de investigaci\u00f3n y con ellos el desarrollo de las ciencias b\u00e1sicas en el Nordeste.<\/p>\n<p><\/p>\n<p><\/p>\n<p class=\"historia\">La acci\u00f3n de los egresados dentro de la misma Universidad permiti\u00f3 atender las necesidades de personal competente requerido por otras Facultades como ser Ingenier\u00eda, Agronom\u00eda, Veterinaria, Ciencias Econ\u00f3micas, y en cierta medida Medicina.<\/p>\n<p><\/p>\n<p><\/p>\n<p class=\"historia\">A mediados de la d\u00e9cada del 70 las demandas del medio estuvieron relacionadas con carreras de tipo profesional con fuerte y amplio basamento en las ciencias matem\u00e1ticas, f\u00edsicas y qu\u00edmicas. Como respuesta a esas necesidades surgieron nuevas carreras vinculadas con la Computaci\u00f3n, la Ingenier\u00eda y la Bioqu\u00edmica.<\/p>\n<p><\/p>\n<p><\/p>\n<p class=\"historia\">En Computaci\u00f3n, disciplina con fuerte auge en ese entonces, se cre\u00f3 la carrera de Experto en Estad\u00edstica y Computaci\u00f3n que luego de modificaciones sucesivas pasando por la Licenciatura en Sistemas dio lugar a la actual Licenciatura en Sistemas de Informaci\u00f3n.<\/p>\n<p><\/p>\n<p><\/p>\n<p class=\"historia\">En el \u00e1rea de Ingenier\u00eda, en 1970 se cre\u00f3 la carrera de Ingenier\u00eda Electricista con dos orientaciones: Industrial y Electr\u00f3nica, que luego evolucionaron hacia las actuales dos carreras que se presentan para su acreditaci\u00f3n y las que se describen con m\u00e1s detalles en otros p\u00e1rrafos. En 1975 se cre\u00f3 la carrera Bioqu\u00edmica sobre la base de nuestra fortaleza en las Ciencias B\u00e1sicas y con el aporte de las Facultades de Medicina y de Veterinaria en la formaci\u00f3n biom\u00e9dica.<\/p>\n<p><\/p>\n<p><\/p>\n<p class=\"historia\">Despu\u00e9s de esta breve rese\u00f1a hist\u00f3rica que sirve como introducci\u00f3n al an\u00e1lisis de nuestra oferta educativa se puede indicar tambi\u00e9n que la Facultad de Ciencias Exactas y Naturales y Agrimensura como parte integrante de Universidad Nacional del Nordeste y conforme con sus principios fundacionales promueve la educaci\u00f3n plena de la persona, la formaci\u00f3n profesional, t\u00e9cnica y cient\u00edfica, prestando atenci\u00f3n constante a los grandes problemas y necesidades de la vida local y regional.<\/p>\n<p><\/p>\n<p><\/p>\n<p><\/p>\n<p><\/p>\n<p><\/p>\n<p><\/p>\n<p><\/p>[\/vc_column_text][\/vc_column][\/vc_row]","protected":false},"excerpt":{"rendered":"<p>[vc_row][vc_column 0=\u00bb\u00bb][vc_column_text el_class=\u00bb.tjustificado\u00bb] La Universidad Nacional del Nordeste, de alcance regional desde su fundaci\u00f3n, tiene como objetivo primordial conservar, difundir y acrecentar los conocimientos en todas las \u00e1reas que comprende la actividad humana. La Facultad de Ciencias Exactas y Naturales y Agrimensura, como unidad acad\u00e9mica de la Universidad Nacional del Nordeste, tiene como objetivos el [&hellip;]<\/p>\n","protected":false},"author":4,"featured_media":0,"parent":0,"menu_order":0,"comment_status":"closed","ping_status":"closed","template":"","meta":{"footnotes":""},"class_list":["post-7595","page","type-page","status-publish","hentry"],"_links":{"self":[{"href":"https:\/\/exa.unne.edu.ar\/r\/index.php?rest_route=\/wp\/v2\/pages\/7595","targetHints":{"allow":["GET"]}}],"collection":[{"href":"https:\/\/exa.unne.edu.ar\/r\/index.php?rest_route=\/wp\/v2\/pages"}],"about":[{"href":"https:\/\/exa.unne.edu.ar\/r\/index.php?rest_route=\/wp\/v2\/types\/page"}],"author":[{"embeddable":true,"href":"https:\/\/exa.unne.edu.ar\/r\/index.php?rest_route=\/wp\/v2\/users\/4"}],"replies":[{"embeddable":true,"href":"https:\/\/exa.unne.edu.ar\/r\/index.php?rest_route=%2Fwp%2Fv2%2Fcomments&post=7595"}],"version-history":[{"count":0,"href":"https:\/\/exa.unne.edu.ar\/r\/index.php?rest_route=\/wp\/v2\/pages\/7595\/revisions"}],"wp:attachment":[{"href":"https:\/\/exa.unne.edu.ar\/r\/index.php?rest_route=%2Fwp%2Fv2%2Fmedia&parent=7595"}],"curies":[{"name":"wp","href":"https:\/\/api.w.org\/{rel}","templated":true}]}}