{"id":31638,"date":"2025-08-27T11:47:18","date_gmt":"2025-08-27T14:47:18","guid":{"rendered":"http:\/\/exa.unne.edu.ar\/r\/?page_id=31638"},"modified":"2025-10-15T11:48:10","modified_gmt":"2025-10-15T14:48:10","slug":"direccion-de-gestion-de-informacion-institucional-y-biblioteca-2","status":"publish","type":"page","link":"https:\/\/exa.unne.edu.ar\/r\/?page_id=31638","title":{"rendered":"Direcci\u00f3n de Gesti\u00f3n de Informaci\u00f3n Institucional y Biblioteca."},"content":{"rendered":"<p>[vc_row][vc_column][vc_images_carousel images=\u00bb31645&#8243; img_size=\u00bbfull\u00bb speed=\u00bb10000&#8243; autoplay=\u00bbyes\u00bb hide_pagination_control=\u00bbyes\u00bb wrap=\u00bbyes\u00bb][\/vc_column][\/vc_row][vc_row][vc_column][vc_tta_tabs style=\u00bbflat\u00bb shape=\u00bbround\u00bb spacing=\u00bb5&#8243; gap=\u00bb5&#8243; alignment=\u00bbcenter\u00bb active_section=\u00bb1&#8243; pagination_style=\u00bboutline-square\u00bb][vc_tta_section title=\u00bbGobierno y Gesti\u00f3n\u00bb tab_id=\u00bb1756307627497-d42e6dcb-0937&#8243;][vc_row_inner][vc_column_inner width=\u00bb1\/4&#8243;][vc_icon type=\u00bbentypo\u00bb icon_entypo=\u00bbentypo-icon entypo-icon-users\u00bb color=\u00bbpink\u00bb background_style=\u00bbrounded\u00bb size=\u00bbxl\u00bb align=\u00bbcenter\u00bb css_animation=\u00bbfadeIn\u00bb link=\u00bburl:https%3A%2F%2Fexa.unne.edu.ar%2Fr%2F%3Fpage_id%3D31395|title:Autoridades|target:%20_blank|\u00bb][vc_column_text]<\/p>\n<h3 style=\"text-align: center;\"><span style=\"color: #800000;\"><a style=\"color: #800000;\" href=\"https:\/\/exa.unne.edu.ar\/r\/?page_id=31395\">Autoridades<\/a><\/span><\/h3>\n<p style=\"text-align: center;\">Ingresar a Autoridades<\/p>\n<p>[\/vc_column_text][\/vc_column_inner][vc_column_inner width=\u00bb1\/4&#8243;][vc_icon icon_fontawesome=\u00bbfa fa-file-word-o\u00bb color=\u00bbpink\u00bb background_style=\u00bbrounded\u00bb size=\u00bbxl\u00bb align=\u00bbcenter\u00bb link=\u00bburl:https%3A%2F%2Fexa.unne.edu.ar%2Fr%2F%3Fpage_id%3D7983|title:Normativas|target:%20_blank|\u00bb][vc_column_text]<\/p>\n<h3 style=\"text-align: center;\"><span style=\"color: #800000;\"><a style=\"color: #800000;\" href=\"https:\/\/exa.unne.edu.ar\/r\/?page_id=7983\">Normativas<\/a><\/span><\/h3>\n<p style=\"text-align: center;\">Ingresar a Normativas.<\/p>\n<p>[\/vc_column_text][\/vc_column_inner][vc_column_inner width=\u00bb1\/4&#8243;][vc_icon icon_fontawesome=\u00bbfa fa-sitemap\u00bb color=\u00bbjuicy_pink\u00bb background_style=\u00bbrounded\u00bb size=\u00bbxl\u00bb align=\u00bbcenter\u00bb][vc_column_text]<\/p>\n<h3 style=\"text-align: center;\"><span style=\"color: #800000;\">Organigrama y Manual<\/span><\/h3>\n<p style=\"text-align: center;\">Ingresar a organigrama y manual.<\/p>\n<p>[\/vc_column_text][\/vc_column_inner][vc_column_inner width=\u00bb1\/4&#8243;][vc_icon icon_fontawesome=\u00bbfa fa-pencil\u00bb color=\u00bbpink\u00bb background_style=\u00bbrounded\u00bb size=\u00bbxl\u00bb align=\u00bbcenter\u00bb][vc_column_text]<\/p>\n<h3 style=\"text-align: center;\"><a href=\"https:\/\/exa.unne.edu.ar\/r\/?page_id=31604\"><span style=\"color: #800000;\">Resoluciones del Consejo<\/span><\/a><\/h3>\n<p style=\"text-align: center;\">Ingresar a resoluciones del consejo.<\/p>\n<p>[\/vc_column_text][\/vc_column_inner][\/vc_row_inner][vc_row_inner][vc_column_inner width=\u00bb1\/4&#8243;][vc_icon type=\u00bbentypo\u00bb icon_entypo=\u00bbentypo-icon entypo-icon-doc-text\u00bb color=\u00bbpink\u00bb background_style=\u00bbrounded\u00bb size=\u00bbxl\u00bb align=\u00bbcenter\u00bb css_animation=\u00bbfadeIn\u00bb link=\u00bburl:https%3A%2F%2Fexa.unne.edu.ar%2Fr%2F%3Fpage_id%3D31324|title:cocursos%20docentes|target:%20_blank|\u00bb][vc_column_text]<\/p>\n<h3 class=\"western\" style=\"text-align: center;\"><a href=\"https:\/\/exa.unne.edu.ar\/r\/?page_id=31324\"><span style=\"color: #800000;\">Concur<\/span><span style=\"color: #800000;\">s<\/span><span style=\"color: #800000;\">os Docentes<\/span><\/a><\/h3>\n<p style=\"text-align: center;\">Ingresar a concursos docentes<\/p>\n<p>[\/vc_column_text][\/vc_column_inner][\/vc_row_inner][\/vc_tta_section][vc_tta_section title=\u00bbInformaci\u00f3n y Transparencia\u00bb tab_id=\u00bb1756306034232-d1b9e80b-dbf0&#8243;][vc_row_inner][vc_column_inner width=\u00bb1\/4&#8243;][vc_icon type=\u00bbentypo\u00bb icon_entypo=\u00bbentypo-icon entypo-icon-map\u00bb color=\u00bbpeacoc\u00bb background_style=\u00bbrounded\u00bb size=\u00bbxl\u00bb align=\u00bbcenter\u00bb css_animation=\u00bbfadeIn\u00bb link=\u00bburl:https%3A%2F%2Fexa.unne.edu.ar%2Fr%2F%3Fpage_id%3D22548|title:Memorias|target:%20_blank|\u00bb][vc_column_text]<\/p>\n<h3 style=\"text-align: center;\"><span style=\"color: #800000;\"><a style=\"color: #800000;\" href=\"https:\/\/exa.unne.edu.ar\/r\/?page_id=22548\">Memoria Institucional<\/a><\/span><\/h3>\n<p style=\"text-align: center;\">Ingresar a memoria institucional.<\/p>\n<p>[\/vc_column_text][\/vc_column_inner][vc_column_inner width=\u00bb1\/4&#8243;][vc_icon icon_fontawesome=\u00bbfa fa-suitcase\u00bb color=\u00bbpeacoc\u00bb background_style=\u00bbrounded\u00bb size=\u00bbxl\u00bb align=\u00bbcenter\u00bb link=\u00bburl:https%3A%2F%2Fexa.unne.edu.ar%2Fr%2F%3Fpage_id%3D7978|title:Acreditacion%20de%20Carreras|target:%20_blank|\u00bb][vc_column_text]<\/p>\n<h3 style=\"text-align: center;\"><span style=\"color: #800000;\"><a style=\"color: #800000;\" href=\"https:\/\/exa.unne.edu.ar\/r\/?page_id=7978\">Acreditaci\u00f3n de Carreras<\/a><\/span><\/h3>\n<p style=\"text-align: center;\">Ingresar a acreditaci\u00f3n de carreras.<\/p>\n<p>[\/vc_column_text][\/vc_column_inner][vc_column_inner width=\u00bb1\/4&#8243;][vc_icon icon_fontawesome=\u00bbfa fa-building-o\u00bb color=\u00bbpeacoc\u00bb background_style=\u00bbrounded\u00bb size=\u00bbxl\u00bb align=\u00bbcenter\u00bb link=\u00bburl:..%2F..%2Fdocs%2Fgestion%2FRES.%200475-23%20D%20Plan%20Estrategico.pdf|title:Planificaci%C3%B3n||\u00bb][vc_column_text]<\/p>\n<h3 style=\"text-align: center;\"><a href=\"..\/..\/docs\/gestion\/RES. 0475-23 D Plan Estrategico.pdf\"><span style=\"color: #800000;\">Planificaci\u00f3n Estrat\u00e9gica<\/span><\/a><\/h3>\n<p style=\"text-align: center;\">Ingresar a planificaci\u00f3n estrat\u00e9gicas.<\/p>\n<p>[\/vc_column_text][\/vc_column_inner][vc_column_inner width=\u00bb1\/4&#8243;][vc_icon icon_fontawesome=\u00bbfa fa-bar-chart\u00bb color=\u00bbpeacoc\u00bb background_style=\u00bbrounded\u00bb size=\u00bbxl\u00bb align=\u00bbcenter\u00bb][vc_column_text]<\/p>\n<h3 style=\"text-align: center;\"><span style=\"color: #800000;\">La FaCENA en N\u00fameros<\/span><\/h3>\n<p style=\"text-align: center;\">Ingresar a facena en n\u00fameros.<\/p>\n<p>[\/vc_column_text][\/vc_column_inner][\/vc_row_inner][\/vc_tta_section][vc_tta_section title=\u00bbRecursos\u00bb tab_id=\u00bb1756306051078-b4c86bab-a2cc\u00bb][vc_row_inner][vc_column_inner width=\u00bb1\/4&#8243;][vc_icon type=\u00bbentypo\u00bb icon_entypo=\u00bbentypo-icon entypo-icon-book-open\u00bb color=\u00bbgreen\u00bb background_style=\u00bbrounded\u00bb size=\u00bbxl\u00bb align=\u00bbcenter\u00bb css_animation=\u00bbfadeIn\u00bb link=\u00bburl:https%3A%2F%2Fexa.unne.edu.ar%2Fr%2F%3Fpage_id%3D7698|title:Bilioteca|target:%20_blank|\u00bb][vc_column_text]<\/p>\n<h3 style=\"text-align: center;\"><span style=\"color: #800000;\"><a style=\"color: #800000;\" href=\"https:\/\/exa.unne.edu.ar\/r\/?page_id=7698\">Biblioteca<\/a><\/span><\/h3>\n<p style=\"text-align: center;\">Ingresar a biblioteca.<\/p>\n<p>[\/vc_column_text][\/vc_column_inner][vc_column_inner width=\u00bb1\/4&#8243;][vc_icon icon_fontawesome=\u00bbfa fa-database\u00bb color=\u00bbgreen\u00bb background_style=\u00bbrounded\u00bb size=\u00bbxl\u00bb align=\u00bbcenter\u00bb link=\u00bburl:https%3A%2F%2Fwww.unne.edu.ar%2Fnosotros%2Ftics%2Fsudocu%2F|title:sudocu|target:%20_blank|\u00bb][vc_column_text]<\/p>\n<h3 style=\"text-align: center;\"><span style=\"color: #800000;\"><a style=\"color: #800000;\" href=\"https:\/\/www.unne.edu.ar\/nosotros\/tics\/sudocu\/\">SUDOCU<\/a><\/span><\/h3>\n<p style=\"text-align: center;\">Ingresar a sudocu.<\/p>\n<p>[\/vc_column_text][\/vc_column_inner][\/vc_row_inner][\/vc_tta_section][\/vc_tta_tabs][\/vc_column][\/vc_row][vc_row][vc_column][vc_column_text]<\/p>\n<h3><em>Esta secci\u00f3n forma parte de la pol\u00edtica de trasferencia activa de la Facultad. La informaci\u00f3n se actualiza de forma peri\u00f3dica para garantizar intratabilidad acceso y rendimiento de cuentas.<\/em><\/h3>\n<p>[\/vc_column_text][\/vc_column][\/vc_row][vc_row][vc_column][vc_separator][\/vc_column][\/vc_row][vc_row][\/vc_row][vc_row][vc_column width=\u00bb1\/2&#8243;][vc_column_text]<\/p>\n<h3><em><strong>FORMAS DE CONTACTO<\/strong><\/em><\/h3>\n<h3>Tel\u00e9fono: 03794-4473931 Int. 4790<br \/>\nE-mails: <a href=\"mailto:gestion.institucional@exa.unne.edu.ar\">gestion.institucional@exa.unne.edu.ar<\/a><\/h3>\n<p>[\/vc_column_text][\/vc_column][vc_column width=\u00bb1\/2&#8243;][vc_column_text]<\/p>\n<h3><strong>ATENCI\u00d3N AL P\u00daBLICO<\/strong><\/h3>\n<h3>Lunes a viernes de 7:30 a 19:00 hs. en el Campus Deodoro Roca (Av. Libertad 5470)<\/h3>\n<p>[\/vc_column_text][\/vc_column][\/vc_row]<\/p>\n","protected":false},"excerpt":{"rendered":"<p>[vc_row][vc_column][vc_images_carousel images=\u00bb31645&#8243; img_size=\u00bbfull\u00bb speed=\u00bb10000&#8243; autoplay=\u00bbyes\u00bb hide_pagination_control=\u00bbyes\u00bb wrap=\u00bbyes\u00bb][\/vc_column][\/vc_row][vc_row][vc_column][vc_tta_tabs style=\u00bbflat\u00bb shape=\u00bbround\u00bb spacing=\u00bb5&#8243; gap=\u00bb5&#8243; alignment=\u00bbcenter\u00bb active_section=\u00bb1&#8243; pagination_style=\u00bboutline-square\u00bb][vc_tta_section title=\u00bbGobierno y Gesti\u00f3n\u00bb tab_id=\u00bb1756307627497-d42e6dcb-0937&#8243;][vc_row_inner][vc_column_inner width=\u00bb1\/4&#8243;][vc_icon type=\u00bbentypo\u00bb icon_entypo=\u00bbentypo-icon entypo-icon-users\u00bb color=\u00bbpink\u00bb background_style=\u00bbrounded\u00bb size=\u00bbxl\u00bb align=\u00bbcenter\u00bb css_animation=\u00bbfadeIn\u00bb link=\u00bburl:https%3A%2F%2Fexa.unne.edu.ar%2Fr%2F%3Fpage_id%3D31395|title:Autoridades|target:%20_blank|\u00bb][vc_column_text] Autoridades Ingresar a Autoridades [\/vc_column_text][\/vc_column_inner][vc_column_inner width=\u00bb1\/4&#8243;][vc_icon icon_fontawesome=\u00bbfa fa-file-word-o\u00bb color=\u00bbpink\u00bb background_style=\u00bbrounded\u00bb size=\u00bbxl\u00bb align=\u00bbcenter\u00bb link=\u00bburl:https%3A%2F%2Fexa.unne.edu.ar%2Fr%2F%3Fpage_id%3D7983|title:Normativas|target:%20_blank|\u00bb][vc_column_text] Normativas Ingresar a Normativas. [\/vc_column_text][\/vc_column_inner][vc_column_inner width=\u00bb1\/4&#8243;][vc_icon icon_fontawesome=\u00bbfa fa-sitemap\u00bb color=\u00bbjuicy_pink\u00bb background_style=\u00bbrounded\u00bb size=\u00bbxl\u00bb align=\u00bbcenter\u00bb][vc_column_text] Organigrama y [&hellip;]<\/p>\n","protected":false},"author":4,"featured_media":0,"parent":0,"menu_order":0,"comment_status":"closed","ping_status":"closed","template":"","meta":{"footnotes":""},"class_list":["post-31638","page","type-page","status-publish","hentry"],"_links":{"self":[{"href":"https:\/\/exa.unne.edu.ar\/r\/index.php?rest_route=\/wp\/v2\/pages\/31638","targetHints":{"allow":["GET"]}}],"collection":[{"href":"https:\/\/exa.unne.edu.ar\/r\/index.php?rest_route=\/wp\/v2\/pages"}],"about":[{"href":"https:\/\/exa.unne.edu.ar\/r\/index.php?rest_route=\/wp\/v2\/types\/page"}],"author":[{"embeddable":true,"href":"https:\/\/exa.unne.edu.ar\/r\/index.php?rest_route=\/wp\/v2\/users\/4"}],"replies":[{"embeddable":true,"href":"https:\/\/exa.unne.edu.ar\/r\/index.php?rest_route=%2Fwp%2Fv2%2Fcomments&post=31638"}],"version-history":[{"count":41,"href":"https:\/\/exa.unne.edu.ar\/r\/index.php?rest_route=\/wp\/v2\/pages\/31638\/revisions"}],"predecessor-version":[{"id":31764,"href":"https:\/\/exa.unne.edu.ar\/r\/index.php?rest_route=\/wp\/v2\/pages\/31638\/revisions\/31764"}],"wp:attachment":[{"href":"https:\/\/exa.unne.edu.ar\/r\/index.php?rest_route=%2Fwp%2Fv2%2Fmedia&parent=31638"}],"curies":[{"name":"wp","href":"https:\/\/api.w.org\/{rel}","templated":true}]}}