{"id":22927,"date":"2021-04-30T11:35:41","date_gmt":"2021-04-30T14:35:41","guid":{"rendered":"http:\/\/exa.unne.edu.ar\/r\/?page_id=22927"},"modified":"2021-11-12T10:13:16","modified_gmt":"2021-11-12T13:13:16","slug":"actividades-presenciales","status":"publish","type":"page","link":"https:\/\/exa.unne.edu.ar\/r\/?page_id=22927","title":{"rendered":"Actividades Presenciales"},"content":{"rendered":"<p>[vc_row][vc_column][vc_gallery interval=\u00bb5&#8243; source=\u00bbexternal_link\u00bb custom_srcs=\u00bb..\/avisos\/Circuito Presenciales-12.jpg,..\/avisos\/Circuito Presenciales-13.jpg,..\/avisos\/Circuito Presenciales-14.jpg\u00bb][\/vc_column][\/vc_row][vc_row 0=\u00bb\u00bb][vc_column][vc_column_text 0=\u00bb\u00bb]&nbsp;<\/p>\n<ul>\n<li><a href=\"..\/avisos\/RES. 0163-21 CD.pdf\">ANEXO I &#8211; Res N\u00b0 0163\/21 &#8211; APROBAR el -Protocolo para la implementaci\u00f3n de Actividades Acad\u00e9micas presenciales autorizadas- de acuerdo a los ANEXOS que Forman parte de presente Resoluci\u00f3n.<\/a><\/li>\n<\/ul>\n<p>&nbsp;<\/p>\n<ul>\n<li><a href=\"https:\/\/docs.google.com\/forms\/d\/e\/1FAIpQLSfOJrBnElvQ_2V2p8WFE0F5IZcP24I7JTw1QUBk-xCWzLo4aw\/viewform\">ANEXO II \u2013 Formulario para Instancias Presenciales \u2013 Res. N\u00ba 163\/21 (para Completar Online)<\/a><\/li>\n<li><a href=\"..\/avisos\/FORMULARIO VACIO RES 163.21 CD.docx\">ANEXO II \u2013 Formulario para Instancias Presenciales \u2013 Res. N\u00ba 163\/21 (Opcional para Descargar y enviar por correo)<\/a><\/li>\n<\/ul>\n<p>&nbsp;<\/p>\n<ul>\n<li><a href=\"https:\/\/docs.google.com\/forms\/d\/e\/1FAIpQLSe5Vn0cY6UIuTUsyQQDKz_PWIj_aBCMNt0Acf-Q3xa9juxUng\/viewform\" target=\"_blank\" data-saferedirecturl=\"https:\/\/www.google.com\/url?q=https:\/\/docs.google.com\/forms\/d\/e\/1FAIpQLSe5Vn0cY6UIuTUsyQQDKz_PWIj_aBCMNt0Acf-Q3xa9juxUng\/viewform&amp;source=gmail&amp;ust=1621350279754000&amp;usg=AFQjCNGSsae_9-a4eozpkv6CqnaCfn4X1w\">ANEXO III &#8211; Res. N\u00ba 163\/21 <\/a><\/li>\n<\/ul>\n<p>&nbsp;<\/p>\n<ul>\n<li><a href=\"https:\/\/docs.google.com\/forms\/d\/e\/1FAIpQLSdy5az3H9-wNtynkv3VyWFJyvoPGOCZqthm-o1gFcMSOs2xuA\/viewform\" target=\"_blank\" data-saferedirecturl=\"https:\/\/www.google.com\/url?q=https:\/\/docs.google.com\/forms\/d\/e\/1FAIpQLSdy5az3H9-wNtynkv3VyWFJyvoPGOCZqthm-o1gFcMSOs2xuA\/viewform&amp;source=gmail&amp;ust=1621350279754000&amp;usg=AFQjCNHFHkWyodHfYEQObNDsHI-Ura1e6w\">ANEXO IV &#8211; Res. N\u00ba 163\/21 <\/a><\/li>\n<\/ul>\n<p>&nbsp;<\/p>\n<ul>\n<li><a href=\"https:\/\/docs.google.com\/document\/d\/19hye45FwIGR_T9EzS-Dq6cLmFtId6d71LxcwNZj8hKU\/edit\" target=\"_blank\" data-saferedirecturl=\"https:\/\/www.google.com\/url?q=https:\/\/docs.google.com\/document\/d\/19hye45FwIGR_T9EzS-Dq6cLmFtId6d71LxcwNZj8hKU\/edit&amp;source=gmail&amp;ust=1621350279754000&amp;usg=AFQjCNF8MdHIwZxRlfRK0MNcvNtSbuLdAQ\">ANEXO V &#8211; Autorizaci\u00f3n en Instituciones externas a la Fa.C.E.N.A. &#8211; Documentos de Google<\/a><\/li>\n<\/ul>\n<p>&nbsp;<\/p>\n<ul>\n<li><a href=\"..\/avisos\/CAPACIDAD AULICA_act 10.11.2021.pdf\">CAPACIDAD A\u00daLICA<\/a><\/li>\n<\/ul>\n<p>&nbsp;[\/vc_column_text][\/vc_column][\/vc_row]<\/p>\n","protected":false},"excerpt":{"rendered":"<p>[vc_row][vc_column][vc_gallery interval=\u00bb5&#8243; source=\u00bbexternal_link\u00bb custom_srcs=\u00bb..\/avisos\/Circuito Presenciales-12.jpg,..\/avisos\/Circuito Presenciales-13.jpg,..\/avisos\/Circuito Presenciales-14.jpg\u00bb][\/vc_column][\/vc_row][vc_row 0=\u00bb\u00bb][vc_column][vc_column_text 0=\u00bb\u00bb]&nbsp; ANEXO I &#8211; Res N\u00b0 0163\/21 &#8211; APROBAR el -Protocolo para la implementaci\u00f3n de Actividades Acad\u00e9micas presenciales autorizadas- de acuerdo a los ANEXOS que Forman parte de presente Resoluci\u00f3n. &nbsp; ANEXO II \u2013 Formulario para Instancias Presenciales \u2013 Res. N\u00ba 163\/21 (para Completar Online) ANEXO II [&hellip;]<\/p>\n","protected":false},"author":4,"featured_media":0,"parent":0,"menu_order":0,"comment_status":"closed","ping_status":"closed","template":"","meta":{"footnotes":""},"class_list":["post-22927","page","type-page","status-publish","hentry"],"_links":{"self":[{"href":"https:\/\/exa.unne.edu.ar\/r\/index.php?rest_route=\/wp\/v2\/pages\/22927","targetHints":{"allow":["GET"]}}],"collection":[{"href":"https:\/\/exa.unne.edu.ar\/r\/index.php?rest_route=\/wp\/v2\/pages"}],"about":[{"href":"https:\/\/exa.unne.edu.ar\/r\/index.php?rest_route=\/wp\/v2\/types\/page"}],"author":[{"embeddable":true,"href":"https:\/\/exa.unne.edu.ar\/r\/index.php?rest_route=\/wp\/v2\/users\/4"}],"replies":[{"embeddable":true,"href":"https:\/\/exa.unne.edu.ar\/r\/index.php?rest_route=%2Fwp%2Fv2%2Fcomments&post=22927"}],"version-history":[{"count":18,"href":"https:\/\/exa.unne.edu.ar\/r\/index.php?rest_route=\/wp\/v2\/pages\/22927\/revisions"}],"predecessor-version":[{"id":28994,"href":"https:\/\/exa.unne.edu.ar\/r\/index.php?rest_route=\/wp\/v2\/pages\/22927\/revisions\/28994"}],"wp:attachment":[{"href":"https:\/\/exa.unne.edu.ar\/r\/index.php?rest_route=%2Fwp%2Fv2%2Fmedia&parent=22927"}],"curies":[{"name":"wp","href":"https:\/\/api.w.org\/{rel}","templated":true}]}}