{"id":22656,"date":"2021-03-19T08:00:13","date_gmt":"2021-03-19T11:00:13","guid":{"rendered":"http:\/\/exa.unne.edu.ar\/r\/?page_id=22656"},"modified":"2021-03-19T08:14:13","modified_gmt":"2021-03-19T11:14:13","slug":"requisitos-para-integrar-el-padron-de-electores","status":"publish","type":"page","link":"https:\/\/exa.unne.edu.ar\/r\/?page_id=22656","title":{"rendered":"Requisitos para integrar el Padr\u00f3n de Electores"},"content":{"rendered":"<p>[vc_row 0=\u00bb\u00bb][vc_column][vc_column_text 0=\u00bb\u00bb]<\/p>\n<p class=\"western\" lang=\"es-ES\"><span style=\"font-family: Arial, sans-serif;\"><span style=\"font-size: small;\">Integran el padr\u00f3n de <b>electores<\/b> (Art.42\u00ba y 43\u00ba del Estatuto vigente &#8211; Art.7\u00ba Res. N\u00ba051\/96 C.S.):<\/span><\/span><\/p>\n<ol>\n<li class=\"western\" lang=\"es-ES\"><span style=\"font-family: Arial, sans-serif;\"><span style=\"font-size: small;\">Los alumnos que habiendo cumplido con los requisitos de reinscripci\u00f3n anual y readmisi\u00f3n, han aprobado dos (2) asignaturas como m\u00ednimo, en el a\u00f1o acad\u00e9mico anterior a la elecci\u00f3n (Febrero a Diciembre &#8211; Art. 8\u00ba Res. N\u00ba 051\/96 C.S.), salvo que el plan de estudios prevea menos de cuatro asignaturas anuales, en cuyo caso deber\u00e1n haber aprobado una (1) materia, como m\u00ednimo.<\/span><\/span><\/li>\n<li class=\"western\" lang=\"es-ES\"><span style=\"font-family: Arial, sans-serif;\"><span style=\"font-size: small;\">Los alumnos que ingresaron en el a\u00f1o de la elecci\u00f3n y habiendo completado la documentaci\u00f3n exigida por la Resoluci\u00f3n de Ingreso de dicho a\u00f1o, han aprobado una (1) asignatura como m\u00ednimo.<\/span><\/span><\/li>\n<\/ol>\n<p class=\"western\" lang=\"es-ES\"><span style=\"font-family: Arial, sans-serif;\"><span style=\"font-size: small;\">Quedan <b>excluidos<\/b> del padr\u00f3n, a pesar de reunir los requisitos antes mencionados:<\/span><\/span><\/p>\n<ol>\n<li class=\"western\" lang=\"es-ES\"><span style=\"font-family: Arial, sans-serif;\"><span style=\"font-size: small;\">Los alumnos que hayan aprobado todas las asignaturas del plan de estudios y que transcurridos tres (3) meses de dicha circunstancia no han tramitado el t\u00edtulo correspondiente.<\/span><\/span><\/li>\n<li class=\"western\" lang=\"es-ES\"><span style=\"font-family: Arial, sans-serif;\"><span style=\"font-size: small;\">Los alumnos que estuvieran al servicio de una Facultad o Universidad en cargo rentado que no fuera docente por concurso, podr\u00e1 ser ELECTOR pero no ELEGIBLE.<\/span><\/span><\/li>\n<li class=\"western\" lang=\"es-ES\"><span style=\"font-family: Arial, sans-serif;\"><span style=\"font-size: small;\">Los alumnos que sean egresados, docentes o hayan tramitado el t\u00edtulo intermedio. Los alumnos que hayan tramitado el t\u00edtulo intermedio y quieran integrar el padr\u00f3n de electores, podr\u00e1n optar con un (1) a\u00f1o de anticipaci\u00f3n a la fecha de la elecci\u00f3n. El que no haya optado, integrar\u00e1 el padr\u00f3n de egresados.<\/span><\/span><\/li>\n<\/ol>\n<p class=\"western\" lang=\"es-ES\"><span style=\"font-family: Arial, sans-serif;\"><span style=\"font-size: small;\">Integran el padr\u00f3n de<b> elegibles <\/b>(Art.45\u00ba inc. c) del Estatuto vigente &#8211; Art.7\u00ba Res. N\u00ba051\/96 C.S.):<\/span><\/span><\/p>\n<ul>\n<li>\n<p class=\"western\" lang=\"es-ES\"><span style=\"font-family: Arial, sans-serif;\"><span style=\"font-size: small;\">Los alumnos que integran el padr\u00f3n de electores y tienen aprobado m\u00e1s de la mitad de las asignaturas del plan de estudios de la carrera que cursa.<\/span><\/span><\/p>\n<\/li>\n<\/ul>\n<p class=\"western\" lang=\"es-ES\"><span style=\"font-family: Arial, sans-serif;\"><span style=\"font-size: small;\">(Estatuto vigente &#8211; Res. 051\/96 C.S. y modificatoria Res. N\u00ba 442\/02 C.S.)<\/span><\/span><\/p>\n<p class=\"western\" lang=\"es-ES\"><span style=\"font-family: Arial, sans-serif;\"><span style=\"font-size: small;\">\u00a0<\/span><\/span><\/p>\n<p>[\/vc_column_text][\/vc_column][\/vc_row]<\/p>\n","protected":false},"excerpt":{"rendered":"<p>[vc_row 0=\u00bb\u00bb][vc_column][vc_column_text 0=\u00bb\u00bb] Integran el padr\u00f3n de electores (Art.42\u00ba y 43\u00ba del Estatuto vigente &#8211; Art.7\u00ba Res. N\u00ba051\/96 C.S.): Los alumnos que habiendo cumplido con los requisitos de reinscripci\u00f3n anual y readmisi\u00f3n, han aprobado dos (2) asignaturas como m\u00ednimo, en el a\u00f1o acad\u00e9mico anterior a la elecci\u00f3n (Febrero a Diciembre &#8211; Art. 8\u00ba Res. N\u00ba [&hellip;]<\/p>\n","protected":false},"author":4,"featured_media":0,"parent":0,"menu_order":0,"comment_status":"closed","ping_status":"closed","template":"","meta":{"footnotes":""},"class_list":["post-22656","page","type-page","status-publish","hentry"],"_links":{"self":[{"href":"https:\/\/exa.unne.edu.ar\/r\/index.php?rest_route=\/wp\/v2\/pages\/22656","targetHints":{"allow":["GET"]}}],"collection":[{"href":"https:\/\/exa.unne.edu.ar\/r\/index.php?rest_route=\/wp\/v2\/pages"}],"about":[{"href":"https:\/\/exa.unne.edu.ar\/r\/index.php?rest_route=\/wp\/v2\/types\/page"}],"author":[{"embeddable":true,"href":"https:\/\/exa.unne.edu.ar\/r\/index.php?rest_route=\/wp\/v2\/users\/4"}],"replies":[{"embeddable":true,"href":"https:\/\/exa.unne.edu.ar\/r\/index.php?rest_route=%2Fwp%2Fv2%2Fcomments&post=22656"}],"version-history":[{"count":0,"href":"https:\/\/exa.unne.edu.ar\/r\/index.php?rest_route=\/wp\/v2\/pages\/22656\/revisions"}],"wp:attachment":[{"href":"https:\/\/exa.unne.edu.ar\/r\/index.php?rest_route=%2Fwp%2Fv2%2Fmedia&parent=22656"}],"curies":[{"name":"wp","href":"https:\/\/api.w.org\/{rel}","templated":true}]}}