{"id":22654,"date":"2021-03-19T07:58:51","date_gmt":"2021-03-19T10:58:51","guid":{"rendered":"http:\/\/exa.unne.edu.ar\/r\/?page_id=22654"},"modified":"2025-05-19T19:28:13","modified_gmt":"2025-05-19T22:28:13","slug":"regimen-de-examenes-finales-libres","status":"publish","type":"page","link":"https:\/\/exa.unne.edu.ar\/r\/?page_id=22654","title":{"rendered":"R\u00e9gimen de Ex\u00e1menes Finales Libres"},"content":{"rendered":"<p>[vc_row 0=\u00bb\u00bb][vc_column][vc_column_text 0=\u00bb\u00bb]<\/p>\n<p class=\"western\" lang=\"es-ES\"><span style=\"font-family: Arial, sans-serif;\"><span style=\"font-size: small;\"> El alumno que apruebe el examen pr\u00e1ctico, a partir de esa fecha, dispondr\u00e1 de los siguientes 5 turnos de examen consecutivos, para aprobar el examen te\u00f3rico. Una vez agotado este plazo y no habi\u00e9ndose aprobado la parte te\u00f3rica, perder\u00e1 la condici\u00f3n de regular.<\/span><\/span><\/p>\n<p class=\"western\" lang=\"es-ES\"><span style=\"font-family: Arial, sans-serif;\"><span style=\"font-size: small;\">Durante este per\u00edodo, como el alumno accede a la regularidad de la asignatura, podr\u00e1 continuar con las correlatividades a que \u00e9sta situaci\u00f3n lo habilita.<\/span><\/span><\/p>\n<p class=\"western\" lang=\"es-ES\"><span style=\"font-family: Arial, sans-serif;\"><span style=\"font-size: small;\">El alumno tambi\u00e9n puede optar por rendir en la misma mesa, el examen te\u00f3rico y en tal caso, la calificaci\u00f3n final de la asignatura ser\u00e1 la del examen te\u00f3rico. <\/span><\/span><\/p>\n<p class=\"western\" lang=\"es-ES\"><a href=\"https:\/\/drive.google.com\/drive\/folders\/1QDA6OtE05t-lMsVzLpccJPx_9GxHujLT\"><span style=\"font-family: Arial, sans-serif;\"><span style=\"font-size: small;\">(Res. N\u00ba 921\/06 C.D.)<\/span><\/span><\/a><\/p>\n<p>[\/vc_column_text][\/vc_column][\/vc_row]<\/p>\n","protected":false},"excerpt":{"rendered":"<p>[vc_row 0=\u00bb\u00bb][vc_column][vc_column_text 0=\u00bb\u00bb] El alumno que apruebe el examen pr\u00e1ctico, a partir de esa fecha, dispondr\u00e1 de los siguientes 5 turnos de examen consecutivos, para aprobar el examen te\u00f3rico. Una vez agotado este plazo y no habi\u00e9ndose aprobado la parte te\u00f3rica, perder\u00e1 la condici\u00f3n de regular. Durante este per\u00edodo, como el alumno accede a la [&hellip;]<\/p>\n","protected":false},"author":4,"featured_media":0,"parent":0,"menu_order":0,"comment_status":"closed","ping_status":"closed","template":"","meta":{"footnotes":""},"class_list":["post-22654","page","type-page","status-publish","hentry"],"_links":{"self":[{"href":"https:\/\/exa.unne.edu.ar\/r\/index.php?rest_route=\/wp\/v2\/pages\/22654","targetHints":{"allow":["GET"]}}],"collection":[{"href":"https:\/\/exa.unne.edu.ar\/r\/index.php?rest_route=\/wp\/v2\/pages"}],"about":[{"href":"https:\/\/exa.unne.edu.ar\/r\/index.php?rest_route=\/wp\/v2\/types\/page"}],"author":[{"embeddable":true,"href":"https:\/\/exa.unne.edu.ar\/r\/index.php?rest_route=\/wp\/v2\/users\/4"}],"replies":[{"embeddable":true,"href":"https:\/\/exa.unne.edu.ar\/r\/index.php?rest_route=%2Fwp%2Fv2%2Fcomments&post=22654"}],"version-history":[{"count":1,"href":"https:\/\/exa.unne.edu.ar\/r\/index.php?rest_route=\/wp\/v2\/pages\/22654\/revisions"}],"predecessor-version":[{"id":31335,"href":"https:\/\/exa.unne.edu.ar\/r\/index.php?rest_route=\/wp\/v2\/pages\/22654\/revisions\/31335"}],"wp:attachment":[{"href":"https:\/\/exa.unne.edu.ar\/r\/index.php?rest_route=%2Fwp%2Fv2%2Fmedia&parent=22654"}],"curies":[{"name":"wp","href":"https:\/\/api.w.org\/{rel}","templated":true}]}}