{"id":22650,"date":"2021-03-19T07:56:58","date_gmt":"2021-03-19T10:56:58","guid":{"rendered":"http:\/\/exa.unne.edu.ar\/r\/?page_id=22650"},"modified":"2021-06-22T09:03:10","modified_gmt":"2021-06-22T12:03:10","slug":"mesas-especiales","status":"publish","type":"page","link":"https:\/\/exa.unne.edu.ar\/r\/?page_id=22650","title":{"rendered":"Mesas Especiales"},"content":{"rendered":"<p>[vc_row][vc_column 0=\u00bb\u00bb][vc_column_text]<\/p>\n<h1 class=\"western\"><span style=\"font-family: Arial, serif;\"><span style=\"font-size: small;\">(Res. N\u00ba 460\/85 DN)<\/span><\/span><\/h1>\n<p align=\"justify\"><span style=\"font-family: Times New Roman, serif;\"><span style=\"font-size: medium;\"><span style=\"font-family: Arial, serif;\">1) <\/span><span style=\"font-family: Arial, serif;\">El alumno que cumple los requisitos (*) debe completar y firmar el formulario <\/span><a href=\"..\/alumnos\/docs\/solicitud Mesa Especial.doc\"><span style=\"color: #0070c0;\"><span style=\"font-family: Arial, serif;\">(Solicitud Mesa Especial.docx<\/span><\/span><span style=\"color: #00b050;\"><span style=\"font-family: Arial, serif;\">) <\/span><\/span><\/a><span style=\"font-family: Arial, serif;\">que deber\u00e1 estar avalado con la firma del Profesor Responsable de la asignatura.<\/span><\/span><\/span><\/p>\n<p align=\"justify\"><span style=\"font-family: Times New Roman, serif;\"><span style=\"font-size: medium;\"><span style=\"font-family: Arial, serif;\">2) <\/span><span style=\"font-family: Arial, serif;\">Hasta 3 d\u00edas <\/span><span style=\"font-family: Arial, serif;\"><u><b>h\u00e1biles<\/b><\/u><\/span><span style=\"font-family: Arial, serif;\"> antes de la fecha acordada, enviar mail con el formulario adjunto a <\/span><span style=\"color: #0563c1;\"><u><a href=\"mailto:estudios@exa.unne.edu.ar\"><span style=\"font-family: Arial, serif;\">estudios@exa.unne.edu.ar<\/span><\/a><\/u><\/span> <\/span><\/span><\/p>\n<p><span style=\"font-family: Times New Roman, serif;\"><span style=\"font-size: medium;\"><span style=\"font-family: Arial, serif;\">(*) <\/span><span style=\"font-family: Arial, serif;\"><b>Requisitos para solicitar<\/b><\/span><span style=\"font-family: Arial, serif;\">:<\/span><\/span><\/span><\/p>\n<p align=\"justify\"><span style=\"font-family: Arial, serif;\">a) <\/span><span style=\"font-family: Arial, serif;\">Tener regularizada la totalidad de las asignaturas, y adeudar la aprobaci\u00f3n de hasta cuatro (4) materias para completar el plan de estudios<\/span><\/p>\n<p align=\"justify\"><span style=\"font-family: Arial, serif;\"><b>\u00f3<\/b><\/span><\/p>\n<p align=\"justify\"><span style=\"font-family: Arial, serif;\">b) <\/span><span style=\"font-family: Arial, serif;\">Adeudar hasta dos (2) asignaturas del plan de estudios, aunque no est\u00e9n regularizadas <\/span><\/p>\n<p><span style=\"font-family: Times New Roman, serif;\"><span style=\"font-size: medium;\"><span style=\"font-family: Arial, serif;\"><b>Podr\u00e1n inscribirse<\/b><\/span><span style=\"font-family: Arial, serif;\">:<\/span><\/span><\/span><\/p>\n<p><span style=\"font-family: Times New Roman, serif;\"><span style=\"font-size: medium;\"><span style=\"font-family: Arial, serif;\">&#8211; Los alumnos que re\u00fanan los requisitos de <\/span><span style=\"font-family: Arial, serif;\"><b>a)<\/b><\/span><span style=\"font-family: Arial, serif;\"> \u00f3 <\/span><span style=\"font-family: Arial, serif;\"><b>b<\/b><\/span><span style=\"font-family: Arial, serif;\"><b>)<\/b><\/span><span style=\"font-family: Arial, serif;\">, o bien<\/span><\/span><\/span><\/p>\n<p align=\"justify\"><span style=\"font-family: Times New Roman, serif;\"><span style=\"font-size: medium;\"><span style=\"font-family: Arial, serif;\"> &#8211; Aquellos que tengan regularizada la asignatura de la mesa especial autorizada<\/span><\/span><\/span><\/p>\n<ul>\n<li>\n<p align=\"justify\"><span style=\"font-family: Times New Roman, serif;\"><span style=\"font-size: medium;\"><span style=\"font-family: Arial, serif;\">El alumno que hubiere <\/span><span style=\"font-family: Arial, serif;\"><i><u>solicitado<\/u><\/i><\/span><span style=\"font-family: Arial, serif;\"> mesa especial y una vez autorizada la misma, <\/span><span style=\"font-family: Arial, serif;\"><i><u>no se presentare<\/u><\/i><\/span><span style=\"font-family: Arial, serif;\"> a rendir, <\/span><span style=\"font-family: Arial, serif;\"><i><b>perder\u00e1 todo derecho a solicitar nuevas mesas especiales en cualquiera de las materias que adeude<\/b><\/i><\/span><span style=\"font-family: Arial, serif;\">.<\/span><\/span><\/span><\/p>\n<\/li>\n<li>\n<p align=\"justify\"><span style=\"font-family: Times New Roman, serif;\"><span style=\"font-size: medium;\"><span style=\"font-family: Arial, serif;\">No se tendr\u00e1n en cuenta para el c\u00f3mputo de materias adeudadas: Proyecto Final de Carrera, Trabajo Final, Trabajo Final de Graduaci\u00f3n, Pr\u00e1ctica Profesional Supervisada, Pr\u00e1ctica Hospitalaria, Pr\u00e1ctica Optativa, Tesis de Licenciatura.<\/span><\/span><\/span><\/p>\n<\/li>\n<li>\n<p align=\"justify\"><span style=\"font-family: Times New Roman, serif;\"><span style=\"font-size: medium;\"><span style=\"font-family: Arial, serif;\">No se autorizar\u00e1n mesas especiales desde quince (15) d\u00edas antes y hasta quince (15) d\u00edas despu\u00e9s de las fechas fijadas en los turnos del Calendario de Ex\u00e1menes (<\/span><span style=\"font-family: Arial, serif;\"><i>Res. 276\/93-CD<\/i><\/span><span style=\"font-family: Arial, serif;\">)<\/span><\/span><\/span><\/p>\n<\/li>\n<\/ul>\n<p>[\/vc_column_text][\/vc_column][\/vc_row]<\/p>\n","protected":false},"excerpt":{"rendered":"<p>[vc_row][vc_column 0=\u00bb\u00bb][vc_column_text] (Res. N\u00ba 460\/85 DN) 1) El alumno que cumple los requisitos (*) debe completar y firmar el formulario (Solicitud Mesa Especial.docx) que deber\u00e1 estar avalado con la firma del Profesor Responsable de la asignatura. 2) Hasta 3 d\u00edas h\u00e1biles antes de la fecha acordada, enviar mail con el formulario adjunto a estudios@exa.unne.edu.ar (*) [&hellip;]<\/p>\n","protected":false},"author":4,"featured_media":0,"parent":0,"menu_order":0,"comment_status":"closed","ping_status":"closed","template":"","meta":{"footnotes":""},"class_list":["post-22650","page","type-page","status-publish","hentry"],"_links":{"self":[{"href":"https:\/\/exa.unne.edu.ar\/r\/index.php?rest_route=\/wp\/v2\/pages\/22650","targetHints":{"allow":["GET"]}}],"collection":[{"href":"https:\/\/exa.unne.edu.ar\/r\/index.php?rest_route=\/wp\/v2\/pages"}],"about":[{"href":"https:\/\/exa.unne.edu.ar\/r\/index.php?rest_route=\/wp\/v2\/types\/page"}],"author":[{"embeddable":true,"href":"https:\/\/exa.unne.edu.ar\/r\/index.php?rest_route=\/wp\/v2\/users\/4"}],"replies":[{"embeddable":true,"href":"https:\/\/exa.unne.edu.ar\/r\/index.php?rest_route=%2Fwp%2Fv2%2Fcomments&post=22650"}],"version-history":[{"count":2,"href":"https:\/\/exa.unne.edu.ar\/r\/index.php?rest_route=\/wp\/v2\/pages\/22650\/revisions"}],"predecessor-version":[{"id":28546,"href":"https:\/\/exa.unne.edu.ar\/r\/index.php?rest_route=\/wp\/v2\/pages\/22650\/revisions\/28546"}],"wp:attachment":[{"href":"https:\/\/exa.unne.edu.ar\/r\/index.php?rest_route=%2Fwp%2Fv2%2Fmedia&parent=22650"}],"curies":[{"name":"wp","href":"https:\/\/api.w.org\/{rel}","templated":true}]}}