{"id":22566,"date":"2020-10-02T13:14:11","date_gmt":"2020-10-02T16:14:11","guid":{"rendered":"http:\/\/exa.unne.edu.ar\/r\/?page_id=22566"},"modified":"2021-08-02T09:59:19","modified_gmt":"2021-08-02T12:59:19","slug":"tutorias","status":"publish","type":"page","link":"https:\/\/exa.unne.edu.ar\/r\/?page_id=22566","title":{"rendered":"Tutor\u00edas FaCENA"},"content":{"rendered":"<p>[vc_row 0=\u00bb\u00bb][vc_column width=\u00bb1\/3&#8243;][vc_single_image source=\u00bbexternal_link\u00bb onclick=\u00bbimg_link_large\u00bb custom_src=\u00bb..\/tutorias\/\/semestre2\/tutorias21.jpeg\u00bb][\/vc_column][vc_column width=\u00bb1\/3&#8243;][vc_single_image source=\u00bbexternal_link\u00bb onclick=\u00bbimg_link_large\u00bb custom_src=\u00bb..\/tutorias\/\/semestre2\/tutorias23.jpeg\u00bb][\/vc_column][vc_column width=\u00bb1\/3&#8243;][vc_single_image source=\u00bbexternal_link\u00bb onclick=\u00bbimg_link_large\u00bb custom_src=\u00bb..\/tutorias\/\/semestre2\/tutorias24.jpeg\u00bb][\/vc_column][\/vc_row][vc_row 0=\u00bb\u00bb][vc_column width=\u00bb1\/3&#8243;][vc_single_image source=\u00bbexternal_link\u00bb onclick=\u00bbimg_link_large\u00bb custom_src=\u00bb..\/tutorias\/\/semestre2\/tutorias25.jpeg\u00bb][\/vc_column][vc_column width=\u00bb1\/3&#8243;][vc_single_image source=\u00bbexternal_link\u00bb onclick=\u00bbimg_link_large\u00bb custom_src=\u00bb..\/tutorias\/semestre2\/tutorias61.jpeg\u00bb][\/vc_column][vc_column width=\u00bb1\/3&#8243;][vc_single_image source=\u00bbexternal_link\u00bb onclick=\u00bbimg_link_large\u00bb custom_src=\u00bb..\/tutorias\/semestre2\/tutorias62.jpeg\u00bb][\/vc_column][\/vc_row][vc_row 0=\u00bb\u00bb][vc_column width=\u00bb1\/3&#8243;][vc_single_image source=\u00bbexternal_link\u00bb onclick=\u00bbimg_link_large\u00bb custom_src=\u00bb..\/tutorias\/semestre2\/tutorias63.jpeg\u00bb][\/vc_column][vc_column width=\u00bb1\/3&#8243;][vc_single_image source=\u00bbexternal_link\u00bb onclick=\u00bbimg_link_large\u00bb custom_src=\u00bb..\/tutorias\/semestre2\/tutorias64.jpeg\u00bb][\/vc_column][vc_column width=\u00bb1\/3&#8243;][vc_single_image source=\u00bbexternal_link\u00bb onclick=\u00bbimg_link_large\u00bb custom_src=\u00bb..\/tutorias\/semestre2\/tutorias65.jpeg\u00bb][\/vc_column][\/vc_row][vc_row 0=\u00bb\u00bb][vc_column width=\u00bb1\/3&#8243;][vc_single_image source=\u00bbexternal_link\u00bb onclick=\u00bbimg_link_large\u00bb custom_src=\u00bb..\/tutorias\/semestre2\/tutorias66.jpeg\u00bb][\/vc_column][vc_column width=\u00bb1\/3&#8243;][vc_single_image source=\u00bbexternal_link\u00bb onclick=\u00bbimg_link_large\u00bb custom_src=\u00bb..\/tutorias\/semestre2\/tutorias67.jpeg\u00bb][\/vc_column][vc_column width=\u00bb1\/3&#8243;][vc_single_image source=\u00bbexternal_link\u00bb onclick=\u00bbimg_link_large\u00bb custom_src=\u00bb..\/tutorias\/semestre2\/tutorias68.jpeg\u00bb][\/vc_column][\/vc_row][vc_row 0=\u00bb\u00bb][vc_column width=\u00bb1\/3&#8243;][vc_single_image source=\u00bbexternal_link\u00bb onclick=\u00bbimg_link_large\u00bb custom_src=\u00bb..\/tutorias\/semestre2\/tutorias69.jpeg\u00bb][\/vc_column][vc_column width=\u00bb1\/3&#8243;][vc_single_image source=\u00bbexternal_link\u00bb onclick=\u00bbimg_link_large\u00bb custom_src=\u00bb..\/tutorias\/semestre2\/tutorias70.jpeg\u00bb][\/vc_column][vc_column width=\u00bb1\/3&#8243;][vc_single_image source=\u00bbexternal_link\u00bb onclick=\u00bbimg_link_large\u00bb custom_src=\u00bb..\/tutorias\/semestre2\/tutorias71.jpeg\u00bb][\/vc_column][\/vc_row][vc_row 0=\u00bb\u00bb][vc_column 0=\u00bb\u00bb][vc_separator 0=\u00bb\u00bb][\/vc_column][\/vc_row][vc_row][vc_column 0=\u00bb\u00bb][vc_column_text]<\/p>\n<h2><em>Tutor\u00edas de Matem\u00e1tica de #FaCENA\ud83d\udcdd<\/em><\/h2>\n<p><em>\u2022Un espacio dedicado al acompa\u00f1amiento de los estudiantes en el cursado de asignaturas de primer a\u00f1o.<\/em><\/p>\n<h3><em><strong>\u2022Conoc\u00e9 las clases\ud83d\udc47\ud83c\udffc<\/strong><\/em><\/h3>\n<p>[\/vc_column_text][vc_column_text][\/vc_column_text][\/vc_column][\/vc_row][vc_row 0=\u00bb\u00bb][vc_column 0=\u00bb\u00bb][vc_toggle title=\u00bb\u00c1lgebra 1&#8243; style=\u00bbround\u00bb color=\u00bbpeacoc\u00bb]<strong>Prof. Agustina Quincose<\/strong><\/p>\n<p>Consultas v\u00eda mensajer\u00eda interna facebook: viernes de 8 a 10hs<\/p>\n<p>Clase sincr\u00f3nica por google meet: jueves de 8 a 10hs<\/p>\n<p>\ud83d\udd87Link de acceso\u0301 a clase sincro\u0301nica: <a href=\"https:\/\/meet.google.com\/boo-rjbb-Jets\">https:\/\/meet.google.com\/boo-rjbb-Jets<\/a>[\/vc_toggle][vc_toggle title=\u00bb\u00c1lgebra LSI\u00bb style=\u00bbround\u00bb color=\u00bbpeacoc\u00bb]Consulta v\u00eda mensajer\u00eda interna de facebook:<\/p>\n<p><strong>Prof. Luz Meza\u00a0 &#8211; <\/strong>mi\u00e9rcoles de 18 19,30hs.<\/p>\n<p><strong>Prof. Gabriela Holzel<\/strong>\u00a0 &#8211; martes de 18 a 19,30hs.<\/p>\n<p>Clase sincr\u00f3nica v\u00eda google meet con ambas profes, los Lunes de 18 a 19,30 hs.<\/p>\n<p>\ud83d\udd87El link de acceso: <a href=\"https:\/\/meet.google.com\/ves-hqgv-ivp\">https:\/\/meet.google.com\/ves-hqgv-ivp<\/a>[\/vc_toggle][vc_toggle title=\u00bbMatem\u00e1tica para Biolog\u00eda\u00bb style=\u00bbround\u00bb color=\u00bbpeacoc\u00bb]Consulta v\u00eda mensajer\u00eda interna de facebook:<\/p>\n<p><strong>Prof. Ana Laura Luja\u0301n<\/strong> &#8211;\u00a0 mi\u00e9rcoles de 8 a 9,30hs.<\/p>\n<p><strong>Prof. Claudia Ojeda<\/strong> &#8211;\u00a0 mi\u00e9rcoles de 10,30 a 12hs.<\/p>\n<p>Clase sincr\u00f3nica con ambas profes, los Martes de 10 a 11,30 hs.<\/p>\n<p>\ud83d\udd87El link de acceso: <a href=\"https:\/\/meet.google.com\/dvs-uudp-qbh\">https:\/\/meet.google.com\/dvs-uudp-qbh<\/a>[\/vc_toggle][vc_toggle title=\u00bb\u00c1lgebra y geometr\u00eda anal\u00edtica\u00bb style=\u00bbround\u00bb color=\u00bbpeacoc\u00bb]Consulta por mensajer\u00eda interna de facebook:<\/p>\n<p><strong>Prof. Gabriel Ruiz Di\u0301az<\/strong>\u00a0 &#8211; Martes de 9 a 10,30 hs y Jueves de 16 a 17,30hs.<\/p>\n<p><strong>Prof. Paula Bordo\u0301n &#8211;\u00a0<\/strong> viernes de 8 a 10hs.<\/p>\n<hr \/>\n<p><em>Clase sincr\u00f3nica v\u00eda google meet:<\/em><\/p>\n<p><strong>Prof Bord\u00f3n<\/strong> lunes de 9 a 11hs<\/p>\n<p>\ud83d\udd87Link de acceso: <a href=\"https:\/\/meet.google.com\/cqs-jqtb-bxa\">https:\/\/meet.google.com\/cqs-jqtb-bxa<\/a><\/p>\n<p><strong>Prof. Vanesa Clementin<\/strong>\u00a0 jueves de 11 a 13hs.<\/p>\n<p>\ud83d\udd87Link de acceso: <a href=\"https:\/\/meet.google.com\/ovf-xnhh-xtm\">https:\/\/meet.google.com\/ovf-xnhh-xtm<\/a>[\/vc_toggle][vc_toggle title=\u00bbC\u00e1lculo diferencial e integral 1&#8243; style=\u00bbround\u00bb color=\u00bbpeacoc\u00bb]Consultas v\u00eda mensajer\u00eda interna de facebook:<\/p>\n<p><strong>Prof. Karen Dileo <\/strong>&#8211; viernes 16 a 17,30hs<\/p>\n<p><strong>Prof. Aylen Samaniego &#8211;\u00a0<\/strong> jueves de 8 a 9,30hs<\/p>\n<p>Clase sincr\u00f3nica con ambas profes, los mi\u00e9rcoles 16 a 17,30hs.<\/p>\n<p>\ud83d\udd87Link de acceso: <a href=\"https:\/\/meet.google.com\/fzq-owsg-cxw\">https:\/\/meet.google.com\/fzq-owsg-cxw<\/a>[\/vc_toggle][\/vc_column][\/vc_row][vc_row 0=\u00bb\u00bb][vc_column 0=\u00bb\u00bb][vc_separator 0=\u00bb\u00bb][\/vc_column][\/vc_row][vc_row 0=\u00bb\u00bb][vc_column 0=\u00bb\u00bb][vc_column_text 0=\u00bb\u00bb]<\/p>\n<h3>\u00a1\u00a1Buscalos en las redes!!\ud83d\udcf2<\/h3>\n<p><em><strong>Tutor\u00edas de Matem\u00e1tica &#8211; Facena<\/strong><\/em><\/p>\n<p><em><strong>@tutoriasdematematicafacena<\/strong><\/em><\/p>\n<p><em><strong>\ud83d\udce9O cont\u00e1ctalos por correo\ud83d\udc47\ud83c\udffc<\/strong><\/em><\/p>\n<p><a href=\"mailto:tutoriasdematematicafacena@gmail.com\"><em><strong>tutoriasdematematicafacena@gmail.com<\/strong><\/em><\/a>[\/vc_column_text][\/vc_column][\/vc_row]<\/p>\n","protected":false},"excerpt":{"rendered":"<p>[vc_row 0=\u00bb\u00bb][vc_column width=\u00bb1\/3&#8243;][vc_single_image source=\u00bbexternal_link\u00bb onclick=\u00bbimg_link_large\u00bb custom_src=\u00bb..\/tutorias\/\/semestre2\/tutorias21.jpeg\u00bb][\/vc_column][vc_column width=\u00bb1\/3&#8243;][vc_single_image source=\u00bbexternal_link\u00bb onclick=\u00bbimg_link_large\u00bb custom_src=\u00bb..\/tutorias\/\/semestre2\/tutorias23.jpeg\u00bb][\/vc_column][vc_column width=\u00bb1\/3&#8243;][vc_single_image source=\u00bbexternal_link\u00bb onclick=\u00bbimg_link_large\u00bb custom_src=\u00bb..\/tutorias\/\/semestre2\/tutorias24.jpeg\u00bb][\/vc_column][\/vc_row][vc_row 0=\u00bb\u00bb][vc_column width=\u00bb1\/3&#8243;][vc_single_image source=\u00bbexternal_link\u00bb onclick=\u00bbimg_link_large\u00bb custom_src=\u00bb..\/tutorias\/\/semestre2\/tutorias25.jpeg\u00bb][\/vc_column][vc_column width=\u00bb1\/3&#8243;][vc_single_image source=\u00bbexternal_link\u00bb onclick=\u00bbimg_link_large\u00bb custom_src=\u00bb..\/tutorias\/semestre2\/tutorias61.jpeg\u00bb][\/vc_column][vc_column width=\u00bb1\/3&#8243;][vc_single_image source=\u00bbexternal_link\u00bb onclick=\u00bbimg_link_large\u00bb custom_src=\u00bb..\/tutorias\/semestre2\/tutorias62.jpeg\u00bb][\/vc_column][\/vc_row][vc_row 0=\u00bb\u00bb][vc_column width=\u00bb1\/3&#8243;][vc_single_image source=\u00bbexternal_link\u00bb onclick=\u00bbimg_link_large\u00bb custom_src=\u00bb..\/tutorias\/semestre2\/tutorias63.jpeg\u00bb][\/vc_column][vc_column width=\u00bb1\/3&#8243;][vc_single_image source=\u00bbexternal_link\u00bb onclick=\u00bbimg_link_large\u00bb custom_src=\u00bb..\/tutorias\/semestre2\/tutorias64.jpeg\u00bb][\/vc_column][vc_column width=\u00bb1\/3&#8243;][vc_single_image source=\u00bbexternal_link\u00bb onclick=\u00bbimg_link_large\u00bb custom_src=\u00bb..\/tutorias\/semestre2\/tutorias65.jpeg\u00bb][\/vc_column][\/vc_row][vc_row 0=\u00bb\u00bb][vc_column width=\u00bb1\/3&#8243;][vc_single_image source=\u00bbexternal_link\u00bb onclick=\u00bbimg_link_large\u00bb custom_src=\u00bb..\/tutorias\/semestre2\/tutorias66.jpeg\u00bb][\/vc_column][vc_column width=\u00bb1\/3&#8243;][vc_single_image source=\u00bbexternal_link\u00bb onclick=\u00bbimg_link_large\u00bb custom_src=\u00bb..\/tutorias\/semestre2\/tutorias67.jpeg\u00bb][\/vc_column][vc_column width=\u00bb1\/3&#8243;][vc_single_image source=\u00bbexternal_link\u00bb onclick=\u00bbimg_link_large\u00bb custom_src=\u00bb..\/tutorias\/semestre2\/tutorias68.jpeg\u00bb][\/vc_column][\/vc_row][vc_row 0=\u00bb\u00bb][vc_column width=\u00bb1\/3&#8243;][vc_single_image [&hellip;]<\/p>\n","protected":false},"author":4,"featured_media":0,"parent":0,"menu_order":0,"comment_status":"closed","ping_status":"closed","template":"","meta":{"footnotes":""},"class_list":["post-22566","page","type-page","status-publish","hentry"],"_links":{"self":[{"href":"https:\/\/exa.unne.edu.ar\/r\/index.php?rest_route=\/wp\/v2\/pages\/22566","targetHints":{"allow":["GET"]}}],"collection":[{"href":"https:\/\/exa.unne.edu.ar\/r\/index.php?rest_route=\/wp\/v2\/pages"}],"about":[{"href":"https:\/\/exa.unne.edu.ar\/r\/index.php?rest_route=\/wp\/v2\/types\/page"}],"author":[{"embeddable":true,"href":"https:\/\/exa.unne.edu.ar\/r\/index.php?rest_route=\/wp\/v2\/users\/4"}],"replies":[{"embeddable":true,"href":"https:\/\/exa.unne.edu.ar\/r\/index.php?rest_route=%2Fwp%2Fv2%2Fcomments&post=22566"}],"version-history":[{"count":7,"href":"https:\/\/exa.unne.edu.ar\/r\/index.php?rest_route=\/wp\/v2\/pages\/22566\/revisions"}],"predecessor-version":[{"id":28703,"href":"https:\/\/exa.unne.edu.ar\/r\/index.php?rest_route=\/wp\/v2\/pages\/22566\/revisions\/28703"}],"wp:attachment":[{"href":"https:\/\/exa.unne.edu.ar\/r\/index.php?rest_route=%2Fwp%2Fv2%2Fmedia&parent=22566"}],"curies":[{"name":"wp","href":"https:\/\/api.w.org\/{rel}","templated":true}]}}