{"id":22546,"date":"2020-09-09T12:36:23","date_gmt":"2020-09-09T15:36:23","guid":{"rendered":"http:\/\/exa.unne.edu.ar\/r\/?page_id=22546"},"modified":"2022-02-09T08:13:38","modified_gmt":"2022-02-09T11:13:38","slug":"novedades-covid-19","status":"publish","type":"page","link":"https:\/\/exa.unne.edu.ar\/r\/?page_id=22546","title":{"rendered":"COVID-19"},"content":{"rendered":"<p>[vc_row 0=\u00bb\u00bb][vc_column width=\u00bb1\/2&#8243;] \r\n \r\n          <div class='poly_custom-5 hover-image wpb_content_element  vc_align_left'>\r\n            <div class='module-inner' style='width:100%;'>\r\n              \r\n              <a href=\"https:\/\/docs.google.com\/forms\/d\/e\/1FAIpQLSe-8cIBe-T_BeqDgIC2Ge6ZLjEzDkoT2zEtFXWsT2WFTjCOjw\/viewform\">\r\n                <div class='module-image'>\r\n                  <img decoding=\"async\" alt=\"\" src=\"https:\/\/exa.unne.edu.ar\/r\/wp-content\/uploads\/2021\/04\/capacita-covid41.png\">\r\n                <\/div>\r\n              <\/a>\r\n\r\n              <div class='module-content'  style=''>\r\n                <div class='content-inner'>\r\n                  \r\n                  <em><strong><a href=\"https:\/\/docs.google.com\/forms\/d\/e\/1FAIpQLSe-8cIBe-T_BeqDgIC2Ge6ZLjEzDkoT2zEtFXWsT2WFTjCOjw\/viewform\" target=\"_top\"><span style=\"color: #ffffff;\">Capacitaci\u00f3n de prevenci\u00f3n COVID-19<\/span><\/a><\/strong><\/em>\r\n                <\/div>\r\n              <\/div>\r\n              \r\n              <div class='module-background' style='background-color:#ff0000; opacity:0.9'>\r\n              <\/div>\r\n\r\n              <div class='pb_transitions'>\r\n                <div class='pb_css'>\r\n                <style>\r\n                      html:not(.no-csstransitions) .poly_custom-5.hover-image .module-inner .module-content,\r\n                      html:not(.no-csstransitions) .poly_custom-5.hover-image .module-inner .module-background {\r\n                        height: 40px;\r\n                      }\r\n                      html:not(.no-csstransitions) .poly_custom-5.hover-image .module-inner:hover .module-content, \r\n                      html:not(.no-csstransitions) .poly_custom-5.hover-image .module-inner:hover .module-background { \r\n                        height: 20%;\r\n                      }\r\n                      \/* #Tablet (Portrait) *\/\r\n                      @media only screen and (min-width: 768px) and (max-width: 959px) {\r\n                        html:not(.no-csstransitions) .poly_custom-5.hover-image .module-inner .module-content, \r\n                        html:not(.no-csstransitions) .poly_custom-5.hover-image .module-inner .module-background {\r\n                            height: 25px;\r\n                        }\r\n                        html:not(.no-csstransitions) .poly_custom-5.hover-image .module-inner:hover .module-content, \r\n                        html:not(.no-csstransitions) .poly_custom-5.hover-image .module-inner:hover .module-background { \r\n                          height: 100%;\r\n                        }\r\n                      }\r\n                  <\/style>\r\n                <\/div>\r\n                <div class='pb_jquery'>\r\n                  <input class='start_position' type='text' value='40px' style='display:none;'>\r\n                      <input class='end_position' type='text' value='20%' style='display:none;'>\r\n                    <\/div>\r\n                <\/div>\r\n\r\n            <\/div>\r\n\r\n      <\/div>\r\n\r\n\r\n  [\/vc_column][vc_column width=\u00bb1\/2&#8243;] \r\n \r\n          <div class='poly_custom-5 hover-image wpb_content_element  vc_align_left'>\r\n            <div class='module-inner' style='width:100%;'>\r\n              \r\n              <a href=\"http:\/\/exa.unne.edu.ar\/r\/?page_id=22927\">\r\n                <div class='module-image'>\r\n                  <img decoding=\"async\" alt=\"\" src=\"https:\/\/exa.unne.edu.ar\/r\/wp-content\/uploads\/2019\/07\/Ingreso.png\">\r\n                <\/div>\r\n              <\/a>\r\n\r\n              <div class='module-content'  style=''>\r\n                <div class='content-inner'>\r\n                  \r\n                  <a href=\"http:\/\/exa.unne.edu.ar\/r\/?page_id=22927\"><span style=\"color: #ffffff;\"><em><strong>Actividades Presenciales<\/strong><\/em><\/span><\/a>\r\n                <\/div>\r\n              <\/div>\r\n              \r\n              <div class='module-background' style='background-color:#ff0000; opacity:0.9'>\r\n              <\/div>\r\n\r\n              <div class='pb_transitions'>\r\n                <div class='pb_css'>\r\n                <style>\r\n                      html:not(.no-csstransitions) .poly_custom-5.hover-image .module-inner .module-content,\r\n                      html:not(.no-csstransitions) .poly_custom-5.hover-image .module-inner .module-background {\r\n                        height: 40px;\r\n                      }\r\n                      html:not(.no-csstransitions) .poly_custom-5.hover-image .module-inner:hover .module-content, \r\n                      html:not(.no-csstransitions) .poly_custom-5.hover-image .module-inner:hover .module-background { \r\n                        height: 20%;\r\n                      }\r\n                      \/* #Tablet (Portrait) *\/\r\n                      @media only screen and (min-width: 768px) and (max-width: 959px) {\r\n                        html:not(.no-csstransitions) .poly_custom-5.hover-image .module-inner .module-content, \r\n                        html:not(.no-csstransitions) .poly_custom-5.hover-image .module-inner .module-background {\r\n                            height: 25px;\r\n                        }\r\n                        html:not(.no-csstransitions) .poly_custom-5.hover-image .module-inner:hover .module-content, \r\n                        html:not(.no-csstransitions) .poly_custom-5.hover-image .module-inner:hover .module-background { \r\n                          height: 100%;\r\n                        }\r\n                      }\r\n                  <\/style>\r\n                <\/div>\r\n                <div class='pb_jquery'>\r\n                  <input class='start_position' type='text' value='40px' style='display:none;'>\r\n                      <input class='end_position' type='text' value='20%' style='display:none;'>\r\n                    <\/div>\r\n                <\/div>\r\n\r\n            <\/div>\r\n\r\n      <\/div>\r\n\r\n\r\n  [\/vc_column][\/vc_row][vc_row 0=\u00bb\u00bb][vc_column 0=\u00bb\u00bb][vc_separator 0=\u00bb\u00bb][\/vc_column][\/vc_row][vc_row 0=\u00bb\u00bb][vc_column 0=\u00bb\u00bb][vc_column_text 0=\u00bb\u00bb]<\/p>\n<h2><em><strong>Enlaces de Inter\u00e9s<\/strong> <\/em><\/h2>\n<p>[\/vc_column_text][\/vc_column][\/vc_row][vc_row 0=\u00bb\u00bb][vc_column][vc_column_text 0=\u00bb\u00bb]&nbsp;<\/p>\n<ul>\n<li><a href=\"http:\/\/exa.unne.edu.ar\/institucional\/docs_covid-19\/Res 494-21 Actuali Prot UNNE.pdf\">Resoluci\u00f3n N\u00ba 494\/21 C.S.\u00a0\u00a0 &#8211;\u00a0\u00a0 Aprobar la \u201cActualizaci\u00f3n del Protocolo UNNE para la Prevenci\u00f3n del COVID-19. Recomendaciones y Sugerencias (Res. N\u00ba 242\/20 C.S.), cuyo texto se agrega como Anexo de la presente\u201d<\/a><\/li>\n<\/ul>\n<p>&nbsp;<\/p>\n<ul>\n<li><a href=\"http:\/\/exa.unne.edu.ar\/institucional\/docs_covid-19\/MEMO_SEC_ADM_06.pdf\">MEMOR\u00c1NDUM N\u00b0 6 &#8211; A partir de la presente, se convoca al retorno de la actividad laboral presencial a los agentes de esta Facultad<\/a><\/li>\n<\/ul>\n<p>&nbsp;<\/p>\n<ul>\n<li><a href=\"http:\/\/exa.unne.edu.ar\/institucional\/docs_covid-19\/MEMO SEC ADMINISTRATIVA- MODALIDAD DE TRABAJO.pdf\">MEMOR\u00c1NDUM &#8211; SECRETARIA ADMINISTRATIVA &#8211; MODALIDAD DE TRABAJO\u00a0 PARA LA DIRECCI\u00d3N DE GESTI\u00d3N EN PERSONAL <\/a><\/li>\n<\/ul>\n<p>&nbsp;<\/p>\n<ul>\n<li><a href=\"http:\/\/exa.unne.edu.ar\/institucional\/docs_covid-19\/Res 1276-20 D-Autorizacion ingreso FaCENA.pdf\" target=\"_top\">RESOLUCI\u00d3N N\u00ba 1276\/20 D. &#8211; ESTABLECER el circuito de solicitud de autorizaci\u00f3n de ingreso a los distintos Edificios que conforman la Fa.C.E.N.A, de acuerdo a lo establecido en el ANEXO de la presente <\/a><\/li>\n<\/ul>\n<p>&nbsp;<\/p>\n<ul>\n<li><a href=\"http:\/\/exa.unne.edu.ar\/institucional\/docs_covid-19\/RES. 0500-20 CD.pdf\" target=\"_top\">RESOLUCI\u00d3N N\u00ba 500\/20 CD &#8211; APROBAR el \u00abPROTOCOLO PARA REALIZACI\u00d3N DE TRABAJOS PR\u00c1CTICOS EN LABORATORIOS EN CONTEXTO DE PANDEMIA\u00bb <\/a><\/li>\n<\/ul>\n<p>&nbsp;<\/p>\n<ul>\n<li><a href=\"http:\/\/exa.unne.edu.ar\/institucional\/docs_covid-19\/Res 0365-20 CD_Protocolo reanudacion FaCENA.pdf\" target=\"_top\">RESOLUCI\u00d3N N\u00ba 365\/20 C.D. &#8211; APROBAR el PROTOCOLO DE SEGURIDAD DE REANUDACION DE ACTIVIDADS DE LA Fa.C.E.N.A., en el marco de la COVID 19 <\/a><\/li>\n<\/ul>\n<p>&nbsp;<\/p>\n<ul>\n<li><a href=\"http:\/\/exa.unne.edu.ar\/institucional\/docs_covid-19\/Res-491.20.pdf\" target=\"_top\">RESOLUCI\u00d3N N\u00ba 491\/20 C.S. &#8211; Aprobar el Protocolo Espec\u00edfico y recomendaciones para la realizaci\u00f3n de pr\u00e1cticas en los entornos formativos de talleres, laboratorios y espacios <\/a><\/li>\n<\/ul>\n<p>&nbsp;<\/p>\n<ul>\n<li><a href=\"http:\/\/exa.unne.edu.ar\/institucional\/docs_covid-19\/RES 1127-20 D.pdf\" target=\"_top\">RESOLUCI\u00d3N N\u00ba 1127\/20 D. Crear sub comit\u00e9 de Contingencia FACENA <\/a><\/li>\n<\/ul>\n<p>&nbsp;<\/p>\n<ul>\n<li><a href=\"http:\/\/exa.unne.edu.ar\/institucional\/docs_covid-19\/RES-REC-1838-20.pdf\" target=\"_top\">RESOLUCI\u00d3N N\u00ba 1838\/20 R. Ad-Ref C.S. &#8211; DISPONER el inicio de las actividades presenciales en el \u00e1mbito de la Universidad Nacional del Nordeste, en forma progresiva y gradual..<\/a><\/li>\n<\/ul>\n<p>&nbsp;<\/p>\n<ul>\n<li><a href=\"http:\/\/exa.unne.edu.ar\/institucional\/docs_covid-19\/Res- Protocolo UNNE 242.20.pdf\" target=\"_top\">RESOLUCI\u00d3N N\u00ba 242\/20 C.S. &#8211; Aprobar el \u00abPROTOCOLO UNNE PARA LA PREVENCI\u00d3N DEL COVID-19. RECOMENDACIONES Y SUGERENCIAS\u00bb. <\/a><\/li>\n<\/ul>\n<p>&nbsp;<\/p>\n<ul>\n<li><a href=\"http:\/\/exa.unne.edu.ar\/institucional\/docs_covid-19\/Covid-19.PlandeContingencia-1.pdf\" target=\"_top\">\u00abCOVID-19\u00bb PLAN DE CONTINGENCIA. RECTORADO. UNNE<\/a><\/li>\n<\/ul>\n<p>&nbsp;<\/p>\n<ul>\n<li><a href=\"http:\/\/exa.unne.edu.ar\/institucional\/docs_covid-19\/DECNU-2020-297-APN-PTE.pdf\" target=\"_top\">AISLAMIENTO SOCIAL PREVENTIVO Y OBLIGATORIO (Decreto 297\/2020)<\/a><\/li>\n<\/ul>\n<p>&nbsp;[\/vc_column_text][\/vc_column][\/vc_row]<\/p>\n","protected":false},"excerpt":{"rendered":"<p>[vc_row 0=\u00bb\u00bb][vc_column width=\u00bb1\/2&#8243;][\/vc_column][vc_column width=\u00bb1\/2&#8243;][\/vc_column][\/vc_row][vc_row 0=\u00bb\u00bb][vc_column 0=\u00bb\u00bb][vc_separator 0=\u00bb\u00bb][\/vc_column][\/vc_row][vc_row 0=\u00bb\u00bb][vc_column 0=\u00bb\u00bb][vc_column_text 0=\u00bb\u00bb] Enlaces de Inter\u00e9s [\/vc_column_text][\/vc_column][\/vc_row][vc_row 0=\u00bb\u00bb][vc_column][vc_column_text 0=\u00bb\u00bb]&nbsp; Resoluci\u00f3n N\u00ba 494\/21 C.S.\u00a0\u00a0 &#8211;\u00a0\u00a0 Aprobar la \u201cActualizaci\u00f3n del Protocolo UNNE para la Prevenci\u00f3n del COVID-19. Recomendaciones y Sugerencias (Res. N\u00ba 242\/20 C.S.), cuyo texto se agrega como Anexo de la presente\u201d &nbsp; MEMOR\u00c1NDUM N\u00b0 6 &#8211; A partir [&hellip;]<\/p>\n","protected":false},"author":4,"featured_media":0,"parent":0,"menu_order":0,"comment_status":"closed","ping_status":"closed","template":"","meta":{"footnotes":""},"class_list":["post-22546","page","type-page","status-publish","hentry"],"_links":{"self":[{"href":"https:\/\/exa.unne.edu.ar\/r\/index.php?rest_route=\/wp\/v2\/pages\/22546","targetHints":{"allow":["GET"]}}],"collection":[{"href":"https:\/\/exa.unne.edu.ar\/r\/index.php?rest_route=\/wp\/v2\/pages"}],"about":[{"href":"https:\/\/exa.unne.edu.ar\/r\/index.php?rest_route=\/wp\/v2\/types\/page"}],"author":[{"embeddable":true,"href":"https:\/\/exa.unne.edu.ar\/r\/index.php?rest_route=\/wp\/v2\/users\/4"}],"replies":[{"embeddable":true,"href":"https:\/\/exa.unne.edu.ar\/r\/index.php?rest_route=%2Fwp%2Fv2%2Fcomments&post=22546"}],"version-history":[{"count":14,"href":"https:\/\/exa.unne.edu.ar\/r\/index.php?rest_route=\/wp\/v2\/pages\/22546\/revisions"}],"predecessor-version":[{"id":29186,"href":"https:\/\/exa.unne.edu.ar\/r\/index.php?rest_route=\/wp\/v2\/pages\/22546\/revisions\/29186"}],"wp:attachment":[{"href":"https:\/\/exa.unne.edu.ar\/r\/index.php?rest_route=%2Fwp%2Fv2%2Fmedia&parent=22546"}],"curies":[{"name":"wp","href":"https:\/\/api.w.org\/{rel}","templated":true}]}}