{"id":21584,"date":"2020-05-20T13:57:42","date_gmt":"2020-05-20T16:57:42","guid":{"rendered":"http:\/\/exa.unne.edu.ar\/r\/?page_id=21584"},"modified":"2025-11-27T07:55:18","modified_gmt":"2025-11-27T10:55:18","slug":"no-docentes-2","status":"publish","type":"page","link":"https:\/\/exa.unne.edu.ar\/r\/?page_id=21584","title":{"rendered":"No Docentes"},"content":{"rendered":"<p>[vc_row 0=\u00bb\u00bb][vc_column 0=\u00bb\u00bb][vc_single_image image=\u00bb28817&#8243; alignment=\u00bbcenter\u00bb onclick=\u00bbcustom_link\u00bb link=\u00bbhttp:\/\/intranet.exa.unne.edu.ar\/sigep\/aplicacion.php?login=facena\u00bb][\/vc_column][\/vc_row][vc_row][vc_column][vc_separator][\/vc_column][\/vc_row][vc_row][vc_column][vc_column_text]<\/p>\n<h3>&#8211; <a href=\"http:\/\/exa.unne.edu.ar\/alumnos\/docs-nodocente\/Acta de Admisibilidad fiRMADA.pdf\">Acta de Consejo de Admisibilidad<\/a><\/h3>\n<p>&nbsp;<\/p>\n<p><strong><u>Estimados Jurados Titulares, inscriptos y Veedores Sindicales:<\/u><\/strong><\/p>\n<p>Por la presente les remitimos el \u00a0<strong><a href=\"http:\/\/exa.unne.edu.ar\/alumnos\/docs-nodocente\/ACTA%20DE%20ADMISIBILIDAD.pdf\">Acta de Admisibilidad<\/a><\/strong> del Llamado a concurso cerrado interno de antecedentes y oposici\u00f3n, convocado por RES &#8211; 2025 &#8211; 1788 D-EXA # UNNE, para cubrir un (1) cargo del Tramo Mayor del Agrupamiento Administrativo \u2013 Categor\u00eda 02\u00a0\u00a0de la FaCENA-UNNE, en conformidad con lo establecido en la Resoluci\u00f3n N\u00ba 386\/17 C.S. y sus modificatorias RES &#8211; 2023 &#8211; 515 &#8211; CS # UNNE y RES &#8211; 2024 &#8211; 831 &#8211; CS # UNNE, para cumplir funciones de Director\/a de Gesti\u00f3n y Desarrollo de Personas.<\/p>\n<p>En dicha reuni\u00f3n\u00a0se ha controlado la documentaci\u00f3n y confirmado la inscripci\u00f3n de los postulantes detallados en la mencionada acta y se procedi\u00f3 al sorteo para el orden de exposici\u00f3n.<\/p>\n<p>&nbsp;<\/p>\n<hr \/>\n<p>[\/vc_column_text][\/vc_column][\/vc_row][vc_row 0=\u00bb\u00bb][vc_column 0=\u00bb\u00bb][vc_column_text]<strong><a href=\"http:\/\/exa.unne.edu.ar\/alumnos\/docs-nodocente\/cat2\/RES-2025-1785-D-EXA-UNNE.pdf\">&#8211; Resoluci\u00f3n N\u00ba 1785\/25 &#8211; D.\u00a0<\/a> Llamar a concurso cerrado interno de antecedentes y oposici\u00f3n para cubrir un (1) cargo del Tramo Mayor del Agrupamiento Administrativo \u2013 Categor\u00eda 02 de esta Unidad Acad\u00e9mica, en conformidad con lo establecido en la Resoluci\u00f3n N\u00ba 386\/17\u00a0C.S. y sus modificatorias RES &#8211; 2023 &#8211; 515 &#8211; CS # UNNE y RES &#8211; 2024 &#8211; 831 &#8211; CS # UNNE, para cumplir funciones de Director\/a de Gesti\u00f3n de Informaci\u00f3n Institucional y Biblioteca.-<\/strong>[\/vc_column_text][vc_toggle title=\u00bbTEMARIO A CONSIDERAR EN LA PRUEBA DE OPOSICI\u00d3N\u00bb style=\u00bbround\u00bb color=\u00bbpeacoc\u00bb]<strong>1-A) Temario general:<\/strong><\/p>\n<p>&#8211;\u00a0Ley N\u00b0 27.592 &#8211; Ley Yolanda &#8211; Capacitaci\u00f3n Obligatoria en la tem\u00e1tica de ambiente.<\/p>\n<p>&#8211;\u00a0Ley N\u00b0 24.521 &#8211; Ley Nacional de Educaci\u00f3n Superior.<\/p>\n<p>&#8211;\u00a0Ley N\u00b0 25.188 &#8211; Ley de \u00c9tica P\u00fablica en el Ejercicio de la Funci\u00f3n P\u00fablica.<\/p>\n<p>&#8211;\u00a0 Ley N\u00b0 27.275 &#8211; Derecho de acceso a la Informaci\u00f3n p\u00fablica.<\/p>\n<p>&#8211;\u00a0Ley N\u00b0 27.499 &#8211; Ley Micaela &#8211; Capacitaci\u00f3n Obligatoria en la tem\u00e1tica de g\u00e9nero y violencia.<\/p>\n<p>&#8211;\u00a0Ley N\u00b0 19.549 de Procedimiento Administrativo y Decreto Reglamentario N\u00b0 1759\/72, texto ordenado 2024.<\/p>\n<p>&#8211;\u00a0Estatuto de la Universidad Nacional del Nordeste (UNNE).<\/p>\n<p>&#8211;\u00a0 Informe Evaluaci\u00f3n Externa CONEAU 2023.<\/p>\n<p>&#8211;\u00a0 Plan Estrat\u00e9gico de Desarrollo Institucional de la UNNE (PEDI) 2020- 2030.<\/p>\n<p>&#8211;\u00a0Estructura Org\u00e1nico-Funcional y Manual de Misiones y Funciones de la Facultad de Ciencias Exactas y Naturales y Agrimensura de la Universidad Nacional del Nordeste &#8211; Resoluci\u00f3n N\u00b0 162\/21 CS.<\/p>\n<p>&#8211; Resoluci\u00f3n N\u00b0323\/22 CS &#8211; Sistema de Innovaci\u00f3n Estrat\u00e9gica de la UNNE y normas complementarias.<\/p>\n<p>&#8211; RES-2024-1272-REC#UNNE &#8211; Utilizaci\u00f3n del \u201cSistema \u00danico de Gesti\u00f3n Integral de Documentaci\u00f3n Universitaria\u201d (SUDOCU).<\/p>\n<p>&#8211;\u00a0RES &#8211; 2024 &#8211; 283 &#8211; CD # UNNE Reglamento Interno del H. Consejo Directivo.<\/p>\n<p>&#8211;\u00a0Gobernanza para la transformaci\u00f3n universitaria en territorio: Pol\u00edticas de innovaci\u00f3n en la UNNE para el Nivel Superior, ISBN: 978-950-656-260- 1M, EUDENE, 2024.<\/p>\n<p>&nbsp;<\/p>\n<p><strong>1-B) Temario espec\u00edfico:<\/strong><\/p>\n<p>&#8211;\u00a0Resoluci\u00f3n N\u00b0849\/12-C.S. de Bolet\u00edn Oficial de la Universidad Nacional del Nordeste, modificatoria Resoluci\u00f3n N\u00b0 319\/19- C.S. y Reglamento Resoluci\u00f3n N\u00b0 5550\/12-R.<\/p>\n<p>&#8211;\u00a0Ley N\u00ba 11.723 de Propiedad Intelectual.<\/p>\n<p>&#8211;\u00a0Ley N\u00ba 25.326 de Protecci\u00f3n de Datos Personales.<\/p>\n<p>&#8211;\u00a0Ley N\u00ba 26.899\/13 de Acceso Abierto y su reglamentaci\u00f3n Resoluci\u00f3n N\u00b0 753 &#8211; E\/16.<\/p>\n<p>&#8211;\u00a0 Resoluci\u00f3n N\u00b0668\/16 C.S. &#8211; Reglamento de Administraci\u00f3n y Gesti\u00f3n del Repositorio Institucional de la Universidad Nacional del Nordeste RIUNNE.<\/p>\n<p>&#8211;\u00a0Resoluci\u00f3n N\u00b0220\/24 C.S. &#8211; Comisi\u00f3n Asesora de Bibliotecas de la UNNE.<\/p>\n<p>&#8211;\u00a0Programa de Gesti\u00f3n Integral de Bibliotecas Koha.<\/p>\n<p>&#8211;\u00a0Programa de Gesti\u00f3n de Repositorios DSpace 8. <img loading=\"lazy\" decoding=\"async\" src=\"file:\/\/\/tmp\/lu20368o2zfhd.tmp\/lu20368o2zfjv_tmp_5756b3d693bde87.png\" width=\"4\" height=\"4\" name=\"Image 44\" align=\"bottom\" border=\"0\" \/> Programa de Gesti\u00f3n editorial de revistas OJS.<\/p>\n<p>&#8211; Adhesi\u00f3n y participaci\u00f3n de las bibliotecas de la UNNE en la Red Interuniversitaria. Argentina de Bibliotecas (RedIAB CIN).<\/p>\n<p>&#8211;\u00a0Gesti\u00f3n y desarrollo de colecciones (consorcios, convenios, suscripciones).[\/vc_toggle][vc_separator][\/vc_column][\/vc_row][vc_row][vc_column][vc_column_text]<strong><a href=\"http:\/\/exa.unne.edu.ar\/alumnos\/docs-nodocente\/cat2\/RES -2025-1788-D-EXA- UNNE.pdf\">&#8211; Resoluci\u00f3n N\u00ba 1788\/25 &#8211; D.\u00a0<\/a>Llamar a concurso cerrado interno de antecedentes y oposici\u00f3n para cubrir un (1) cargo del Tramo Mayor del Agrupamiento Administrativo \u2013 Categor\u00eda 02 de esta Unidad Acad\u00e9mica, en conformidad con lo establecido en la Resoluci\u00f3n N\u00ba 386\/17 C.S. y sus modificatorias RES &#8211; 2023 &#8211; 515 &#8211; CS # UNNE y RES &#8211; 2024 &#8211; 831 &#8211; CS # UNNE, para cumplir funciones de Director\/a de Gesti\u00f3n y Desarrollo de Personas.<\/strong>[\/vc_column_text][vc_toggle title=\u00bbTEMARIO A CONSIDERAR EN LA PRUEBA DE OPOSICI\u00d3N\u00bb style=\u00bbround\u00bb color=\u00bbpeacoc\u00bb]<\/p>\n<p class=\"western\" lang=\"es-ES\" align=\"left\"><strong>1-A) Temario general:<\/strong><\/p>\n<p class=\"western\" lang=\"es-ES\" align=\"left\">&#8211;\u00a0Ley N\u00b0 27.592 &#8211; Ley Yolanda &#8211; Capacitaci\u00f3n Obligatoria en la tem\u00e1tica de ambiente.<\/p>\n<p class=\"western\" lang=\"es-ES\" align=\"left\">&#8211;\u00a0Ley N\u00b0 24.521 &#8211; Ley Nacional de Educaci\u00f3n Superior.<\/p>\n<p class=\"western\" lang=\"es-ES\" align=\"left\">&#8211;\u00a0Ley N\u00b0 25.188 &#8211; Ley de \u00c9tica P\u00fablica en el Ejercicio de la Funci\u00f3n P\u00fablica. <img loading=\"lazy\" decoding=\"async\" src=\"file:\/\/\/tmp\/lu24654o3q4pl.tmp\/lu24654o3q4s4_tmp_af5051780adcb825.png\" width=\"4\" height=\"4\" name=\"Image 21\" align=\"bottom\" border=\"0\" \/> Ley N\u00b0 27.275 &#8211; Derecho de acceso a la Informaci\u00f3n p\u00fablica.<\/p>\n<p class=\"western\" lang=\"es-ES\" align=\"left\">&#8211;\u00a0Ley N\u00b0 27.499 &#8211; Ley Micaela &#8211; Capacitaci\u00f3n Obligatoria en la tem\u00e1tica de g\u00e9nero y violencia.<\/p>\n<p class=\"western\" lang=\"es-ES\" align=\"left\">&#8211;\u00a0Ley N\u00b0 19.549 de Procedimiento Administrativo y Decreto Reglamentario N\u00b0 1759\/72, texto ordenado 2024.<\/p>\n<p class=\"western\" lang=\"es-ES\" align=\"left\">&#8211;\u00a0Estatuto de la Universidad Nacional del Nordeste (UNNE). <img loading=\"lazy\" decoding=\"async\" src=\"file:\/\/\/tmp\/lu24654o3q4pl.tmp\/lu24654o3q4s4_tmp_af5051780adcb825.png\" width=\"4\" height=\"4\" name=\"Image 25\" align=\"bottom\" border=\"0\" \/> Informe Evaluaci\u00f3n Externa CONEAU 2023.<\/p>\n<p class=\"western\" lang=\"es-ES\" align=\"left\">&#8211;\u00a0 Plan Estrat\u00e9gico de Desarrollo Institucional de la UNNE (PEDI) 2020- 2030.<\/p>\n<p class=\"western\" lang=\"es-ES\" align=\"justify\">&#8211;\u00a0Estructura Org\u00e1nico-Funcional y Manual de Misiones y Funciones de la Facultad de Ciencias Exactas y Naturales y Agrimensura de la Universidad Nacional del Nordeste &#8211; Resoluci\u00f3n N\u00b0 162\/21 CS.<\/p>\n<p class=\"western\" lang=\"es-ES\" align=\"justify\">&#8211; Resoluci\u00f3n N\u00b0323\/22 CS &#8211; Sistema de Innovaci\u00f3n Estrat\u00e9gica de la UNNE y normas complementarias.<\/p>\n<p class=\"western\" lang=\"es-ES\" align=\"justify\">&#8211;\u00a0RES-2024-1272-REC#UNNE &#8211; Utilizaci\u00f3n del \u201cSistema \u00danico de Gesti\u00f3n Integral de Documentaci\u00f3n Universitaria\u201d (SUDOCU).<\/p>\n<p class=\"western\" lang=\"es-ES\" align=\"justify\">&#8211;\u00a0 RES &#8211; 2024 &#8211; 283 &#8211; CD # UNNE Reglamento Interno del H. Consejo Directivo.<\/p>\n<p class=\"western\" lang=\"es-ES\" align=\"justify\">&#8211;\u00a0Gobernanza para la transformaci\u00f3n universitaria en territorio: Pol\u00edticas de innovaci\u00f3n en la UNNE para el Nivel Superior, ISBN: 978-950-656-260- 1M, EUDENE, 2024.<\/p>\n<p class=\"western\" lang=\"es-ES\" align=\"left\"><strong>1-B) Temario espec\u00edfico:<\/strong><\/p>\n<p class=\"western\" lang=\"es-ES\" align=\"justify\">&#8211;\u00a0 Convenio Colectivo de Trabajo para el Sector No Docente Decreto N\u00b0366\/06 P.E.N.<\/p>\n<p class=\"western\" lang=\"es-ES\" align=\"left\">&#8211; Convenio Colectivo de Trabajo para Docentes de Instituciones Universitarias Nacionales Decreto N\u00b01246\/15 P.E.N.<\/p>\n<p class=\"western\" lang=\"es-ES\" align=\"justify\">&#8211; Resoluci\u00f3n N\u00b01098\/18 C.S. Protocolo de actuaci\u00f3n ante situaciones de discriminaci\u00f3n, violencia de g\u00e9nero u orientaci\u00f3n sexual.<\/p>\n<p class=\"western\" lang=\"es-ES\" align=\"justify\">&#8211;\u00a0Resoluci\u00f3n N\u00b0318\/19 C.S. Licencia especial para personas en situaci\u00f3n de violencia de g\u00e9nero.<\/p>\n<p class=\"western\" lang=\"es-ES\" align=\"justify\">&#8211;\u00a0Resoluci\u00f3n N\u00b0975\/17 C.S. Reglamento de licencias especiales.<\/p>\n<p class=\"western\" lang=\"es-ES\" align=\"justify\">&#8211;\u00a0 RES &#8211; 2024 &#8211; 756 &#8211; CS # UNNE Reglamento de Investigaciones administrativas en la UNNE.<\/p>\n<p class=\"western\" lang=\"es-ES\" align=\"justify\">&#8211;\u00a0RES- 2024- 8584 &#8211; REC # UNNE Implementaci\u00f3n del Sistema de Gesti\u00f3n de licencias por salud \u201cMi Licencia\u201d.<\/p>\n<p class=\"western\" lang=\"es-ES\" align=\"justify\">&#8211;\u00a0Reglamento de Concesi\u00f3n y fiscalizaci\u00f3n de licencia por razones de salud de corto y largo tratamiento del personal de la UNNE\u2013 Resoluci\u00f3n N\u00b0 307\/2016 C.S.<\/p>\n<p class=\"western\" lang=\"es-ES\" align=\"justify\">&#8211;\u00a0Ley N\u00b024.241 Sistema Integrado de Jubilaciones y Pensiones.<\/p>\n<p class=\"western\" lang=\"es-ES\" align=\"justify\">&#8211;\u00a0 Ley N\u00b026.508 R\u00e9gimen Jubilatorio para el Personal Docente de las Universidades P\u00fablicas Nacionales.<\/p>\n<p class=\"western\" lang=\"es-ES\" align=\"justify\">&#8211;\u00a0 Ley N\u00b022.929 R\u00e9gimen Previsional para Investigadores Cient\u00edficos y Tecnol\u00f3gicos.<\/p>\n<p class=\"western\" lang=\"es-ES\" align=\"justify\">&#8211;\u00a0Ley N\u00b022.431 Sistema de Protecci\u00f3n Integral de los Discapacitados y modificatoria N\u00b025.689- Decreto Reglamentario N\u00b0312\/10.<\/p>\n<p class=\"western\" lang=\"es-ES\" align=\"justify\">&#8211;\u00a0 Ley N\u00b013.003- Seguro de Vida para Personal del Estado y Decreto N\u00b01574\/74 &#8211; Seguros de Vida Colectivo.<\/p>\n<p class=\"western\" lang=\"es-ES\" align=\"justify\">&#8211;\u00a0R\u00e9gimen de Incompatibilidades para el Personal de la Universidad Nacional del Nordeste, RES &#8211; 2024 &#8211; 1062 &#8211; CS # UNNE.<\/p>\n<p class=\"western\" lang=\"es-ES\" align=\"justify\">&#8211;\u00a0 RES-2024-832-CS#UNNE Ordenanza para el Personal Docente de la Universidad Nacional del Nordeste.<\/p>\n<p class=\"western\" lang=\"es-ES\" align=\"justify\">&#8211;\u00a0 Resoluci\u00f3n N\u00b0 517\/23 C.S. &#8211; Designaci\u00f3n, Renovaci\u00f3n, Pr\u00f3rroga, Contrataci\u00f3n y toda otra modificaci\u00f3n de la situaci\u00f3n de revista del personal de la Universidad.<\/p>\n<p class=\"western\" lang=\"es-ES\" align=\"justify\">&#8211;\u00a0 Sistemas de Informaci\u00f3n Universitario principales prestaciones: SIU WICHI- SIU MAPUCHE &#8211; SIU-DIAGUITA.<\/p>\n<p class=\"western\" lang=\"es-ES\" align=\"justify\">&#8211;\u00a0Sistema de Gesti\u00f3n de Permisos SIGEP, Resoluci\u00f3n N\u00b0 1473\/21 D.<\/p>\n<p class=\"western\" lang=\"es-ES\" align=\"justify\"><img loading=\"lazy\" decoding=\"async\" src=\"file:\/\/\/tmp\/lu24654o3q4pl.tmp\/lu24654o3q4s4_tmp_5756b3d693bde87.png\" width=\"4\" height=\"4\" name=\"Image 50\" align=\"bottom\" border=\"0\" \/> Sistema de Registro de Asistencia del Personal SIRAP, Resoluci\u00f3n N\u00b0 0934\/23 D.<\/p>\n<p>[\/vc_toggle][\/vc_column][\/vc_row][vc_row][\/vc_row][vc_row][vc_column][vc_column_text]<a href=\"http:\/\/exa.unne.edu.ar\/alumnos\/docs-nodocente\/ACTA DE ADMISIBILIDAD.pdf\"><strong>Resoluci\u00f3n N\u00ba 1788\/25 D &#8211; <\/strong><strong>Acta de Admisibilidad <\/strong><\/a><strong>&#8211; Llamado a concurso cerrado interno de antecedentes y oposici\u00f3n, convocado por RES &#8211; 2025 &#8211; 1788 D-EXA # UNNE, para cubrir un (1) cargo del Tramo Mayor del Agrupamiento Administrativo \u2013 Categor\u00eda 02\u00a0\u00a0de la FaCENA-UNNE, en conformidad con lo establecido en la Resoluci\u00f3n N\u00ba 386\/17 C.S. y sus modificatorias RES &#8211; 2023 &#8211; 515 &#8211; CS # UNNE y RES &#8211; 2024 &#8211; 831 &#8211; CS # UNNE, para cumplir funciones de Director\/a de Gesti\u00f3n y Desarrollo de Personas.\u00a0<\/strong><\/p>\n<p><strong>\u00a0 \u00a0 \u00a0 \u00a0 En la mencionada reuni\u00f3n\u00a0se ha controlado la documentaci\u00f3n y confirmado la inscripci\u00f3n de los postulantes detallados en la mencionada acta y se procedi\u00f3 al sorteo para el orden de exposici\u00f3n.<\/strong>[\/vc_column_text][\/vc_column][\/vc_row]<\/p>\n","protected":false},"excerpt":{"rendered":"<p>[vc_row 0=\u00bb\u00bb][vc_column 0=\u00bb\u00bb][vc_single_image image=\u00bb28817&#8243; alignment=\u00bbcenter\u00bb onclick=\u00bbcustom_link\u00bb link=\u00bbhttp:\/\/intranet.exa.unne.edu.ar\/sigep\/aplicacion.php?login=facena\u00bb][\/vc_column][\/vc_row][vc_row][vc_column][vc_separator][\/vc_column][\/vc_row][vc_row][vc_column][vc_column_text] &#8211; Acta de Consejo de Admisibilidad &nbsp; Estimados Jurados Titulares, inscriptos y Veedores Sindicales: Por la presente les remitimos el \u00a0Acta de Admisibilidad del Llamado a concurso cerrado interno de antecedentes y oposici\u00f3n, convocado por RES &#8211; 2025 &#8211; 1788 D-EXA # UNNE, para cubrir un (1) cargo [&hellip;]<\/p>\n","protected":false},"author":4,"featured_media":0,"parent":0,"menu_order":0,"comment_status":"closed","ping_status":"closed","template":"","meta":{"footnotes":""},"class_list":["post-21584","page","type-page","status-publish","hentry"],"_links":{"self":[{"href":"https:\/\/exa.unne.edu.ar\/r\/index.php?rest_route=\/wp\/v2\/pages\/21584","targetHints":{"allow":["GET"]}}],"collection":[{"href":"https:\/\/exa.unne.edu.ar\/r\/index.php?rest_route=\/wp\/v2\/pages"}],"about":[{"href":"https:\/\/exa.unne.edu.ar\/r\/index.php?rest_route=\/wp\/v2\/types\/page"}],"author":[{"embeddable":true,"href":"https:\/\/exa.unne.edu.ar\/r\/index.php?rest_route=\/wp\/v2\/users\/4"}],"replies":[{"embeddable":true,"href":"https:\/\/exa.unne.edu.ar\/r\/index.php?rest_route=%2Fwp%2Fv2%2Fcomments&post=21584"}],"version-history":[{"count":70,"href":"https:\/\/exa.unne.edu.ar\/r\/index.php?rest_route=\/wp\/v2\/pages\/21584\/revisions"}],"predecessor-version":[{"id":31898,"href":"https:\/\/exa.unne.edu.ar\/r\/index.php?rest_route=\/wp\/v2\/pages\/21584\/revisions\/31898"}],"wp:attachment":[{"href":"https:\/\/exa.unne.edu.ar\/r\/index.php?rest_route=%2Fwp%2Fv2%2Fmedia&parent=21584"}],"curies":[{"name":"wp","href":"https:\/\/api.w.org\/{rel}","templated":true}]}}