{"id":989,"date":"2025-02-21T16:28:53","date_gmt":"2025-02-21T16:28:53","guid":{"rendered":"https:\/\/exa.unne.edu.ar\/postgrado1-web\/?page_id=989"},"modified":"2025-02-24T19:13:56","modified_gmt":"2025-02-24T19:13:56","slug":"manejo-ambiental","status":"publish","type":"page","link":"https:\/\/exa.unne.edu.ar\/postgrado1-web\/?page_id=989","title":{"rendered":"Manejo ambiental"},"content":{"rendered":"<p>[et_pb_section fb_built=&#8221;1&#8243; _builder_version=&#8221;4.27.2&#8243; _module_preset=&#8221;default&#8221; global_colors_info=&#8221;{}&#8221;][et_pb_row _builder_version=&#8221;4.27.2&#8243; _module_preset=&#8221;default&#8221; global_colors_info=&#8221;{}&#8221;][et_pb_column type=&#8221;4_4&#8243; _builder_version=&#8221;4.27.2&#8243; _module_preset=&#8221;default&#8221; global_colors_info=&#8221;{}&#8221;][et_pb_post_title meta=&#8221;off&#8221; featured_image=&#8221;off&#8221; _builder_version=&#8221;4.27.2&#8243; _module_preset=&#8221;default&#8221; global_colors_info=&#8221;{}&#8221;][\/et_pb_post_title][et_pb_text _builder_version=&#8221;4.27.2&#8243; _module_preset=&#8221;default&#8221; hover_enabled=&#8221;0&#8243; global_colors_info=&#8221;{}&#8221; sticky_enabled=&#8221;0&#8243; custom_margin=&#8221;||20px|||&#8221;]<\/p>\n<p><strong>\u00c1rea de trabajo:<\/strong><\/p>\n<p>Biolog\u00eda.<\/p>\n<p><strong>Descripci\u00f3n:<\/strong><\/p>\n<p>Este grupo aborda 4 l\u00edneas de investigaci\u00f3n:<\/p>\n<ol>\n<li>Ecohidrolog\u00eda: An\u00e1lisis de procesos fluviales que condicionan los patrones ecol\u00f3gicos y la distribuci\u00f3n, estructura y funcionamiento de los organismos de ambientes fluviales.<\/li>\n<li>Humedales: An\u00e1lisis de la complejidad de organizaci\u00f3n y de los patrones de variabilidad ecol\u00f3gica, de su producci\u00f3n y de estrategias de manejo sostenible en distintos humedales de Sudam\u00e9rica.<\/li>\n<li>Riesgos e impactos ambientales: Se analiza, a trav\u00e9s de estudios de impacto ambiental, los riesgos de los proyectos que producen disturbios en el ambiente (represas, caminos, forestaciones, urbanizaciones). Adem\u00e1s, como actividades de transferencia, este n\u00facleo posee una fecunda vinculaci\u00f3n con instituciones y personas del sector p\u00fablico y privado preocupadas por el manejo sostenible del ambiente y el uso sabio y prudente de los recursos naturales quienes son integradas activamente en la b\u00fasqueda de soluciones.<\/li>\n<li>Ecofisiolog\u00eda: Se procura establecer la respuesta de los organismos a las fluctuaciones del ambiente, para ayudar a seleccionar las formas productivas mejor adaptadas, las de mayor rendimiento y las de menor impacto para el ambiente. Las actividades de extensi\u00f3n, como los talleres con productores o instituciones gubernamentales, est\u00e1n orientadas a consensuar y promover las mejores formas de manejo del ambiente. Se desarrollan actividades en la Semana de la Ciencia, destinadas a estudiantes y docentes secundarios.<\/li>\n<\/ol>\n<p>[\/et_pb_text][et_pb_text _builder_version=&#8221;4.27.2&#8243; _module_preset=&#8221;default&#8221; hover_enabled=&#8221;0&#8243; global_colors_info=&#8221;{}&#8221; sticky_enabled=&#8221;0&#8243;]<\/p>\n<p><strong>L\u00edneas de investigaci\u00f3n:<\/strong><\/p>\n<ul>\n<li><span>Impacto Ambiental.<\/span><\/li>\n<li><span>Ecohidrolog\u00eda.<\/span><\/li>\n<li><span>Ecofisiolog\u00eda.<\/span><\/li>\n<li><span>Qu\u00edmica ambiental.<\/span><\/li>\n<li><span>Ecolog\u00eda de humedales.<\/span><\/li>\n<\/ul>\n<p>[\/et_pb_text][et_pb_text _builder_version=&#8221;4.27.2&#8243; _module_preset=&#8221;default&#8221; hover_enabled=&#8221;0&#8243; global_colors_info=&#8221;{}&#8221; sticky_enabled=&#8221;0&#8243;]<\/p>\n<p><strong>Integrantes:<\/strong><\/p>\n<p>Coordinador\/a: Casco, Sylvina Lorena \u2013 <a href=\"mailto:sylvina.casco@gmail.com\">sylvina.casco@gmail.com<\/a><\/p>\n<ul>\n<li>Neiff, Juan Jos\u00e9 (CECOAL, CONICET-UNNE).<\/li>\n<li>Poi, Alicia Susana Guadalupe (CECOAL, CONICET-UNNE).<\/li>\n<li>Coronel, Juan Manuel (FaCENA-UNNE).<\/li>\n<li>Gallardo, Luciana (CECOAL, CONICET-UNNE; FaCENA-UNNE).<\/li>\n<li>Neiff, Nicol\u00e1s (FCA-UNNE).<\/li>\n<li>Su\u00e1rez, Paola Alejandra (FaCENA-UNNE).<\/li>\n<\/ul>\n<p>[\/et_pb_text][et_pb_text _builder_version=&#8221;4.27.2&#8243; _module_preset=&#8221;default&#8221; hover_enabled=&#8221;0&#8243; global_colors_info=&#8221;{}&#8221; sticky_enabled=&#8221;0&#8243;]<\/p>\n<p><strong>Becarios\/as y pasantes:<\/strong><\/p>\n<p>Apartado en construcci\u00f3n.<\/p>\n<p>[\/et_pb_text][et_pb_text _builder_version=&#8221;4.27.2&#8243; _module_preset=&#8221;default&#8221; hover_enabled=&#8221;0&#8243; global_colors_info=&#8221;{}&#8221; sticky_enabled=&#8221;0&#8243;]<\/p>\n<p><strong>Proyectos acreditados:<\/strong><\/p>\n<ul>\n<li>PIP. 11220130100293CO. An\u00e1lisis de los disturbios derivados de obras de ingenier\u00eda en el curso del r\u00edo Paran\u00e1: problemas y perspectivas de manejo. Per\u00edodo: 2014-2021.<\/li>\n<li>PI Q001-2014. SGCYT (UNNE). Din\u00e1mica de la vegetaci\u00f3n de las islas del Alto Paran\u00e1 desde 1980 a 2014, causas y consecuencias. Per\u00edodo: 2015-2018.<\/li>\n<li>PI Q018-2019. SGCYT (UNNE). La vegetaci\u00f3n acu\u00e1tica y los invertebrados como indicadores en el sistema Iber\u00e1. Per\u00edodo: 2019-2022<\/li>\n<\/ul>\n<p>[\/et_pb_text][et_pb_text _builder_version=&#8221;4.27.2&#8243; _module_preset=&#8221;default&#8221; hover_enabled=&#8221;0&#8243; global_colors_info=&#8221;{}&#8221; sticky_enabled=&#8221;0&#8243;]<\/p>\n<p><strong>Servicios y transferencia:<\/strong><\/p>\n<ul>\n<li>Evaluaci\u00f3n Ambiental del Proyecto Forestal. Diagn\u00f3stico Ambiental de los Humedales de los Establecimientos San Charbel, Iviraret\u00e1, Uni\u00f3n y Villa Corina. Colaboraci\u00f3n en las \u00e1reas: Ecolog\u00eda de Sistemas Forestales. Impactos. Vegetaci\u00f3n. Ecolog\u00eda del Paisaje. Ecolog\u00eda de Humedales. Para: Tapebicu\u00e1, S.A. STAN con CONICET -UNNE.<\/li>\n<li>Evaluaci\u00f3n de Impacto Ambiental de los Proyectos Forestales de Las Mar\u00edas. Monitoreo para el control de calidad de aguas superficiales y humedales. Diversidad vegetal. Control de Fauna de Vertebrados. Fauna ed\u00e1fica del Proyecto Forestal. Colaboraci\u00f3n en las \u00e1reas: Ecolog\u00eda de Sistemas Forestales. Impactos. Ecolog\u00eda del Paisaje. Vegetaci\u00f3n. Ecolog\u00eda de Humedales. Para: Las Mar\u00edas. STAN con CONICET -UNNE.<\/li>\n<li>Diagn\u00f3stico Ambiental de los Humedales de los Campos Aurora Celeste, Aguapey y Pariop\u00e1. Colaboraci\u00f3n en las \u00e1reas: Ecolog\u00eda del Paisaje. Ecolog\u00eda de humedales. Vegetaci\u00f3n. Gesti\u00f3n Ambiental. Para: Bosques del Plata S.A. STAN con CONICET -UNNE. Monitoreo ambiental y calidad de aguas de los predios San Jos\u00e9, Ibicuy, Santa Julia Para: EVASA-LAS MISIONES, STAN con CONICET -UNNE.<\/li>\n<li>Diagn\u00f3stico ambiental. Conexi\u00f3n F\u00edsica entre las ciudades de Santa Fe (Santa Fe) y Paran\u00e1 (Entre R\u00edos). Para: Serman S.A., STAN con CONICET -UNNE.<\/li>\n<li>Diagn\u00f3stico Ambiental del Proyecto Forestal en Campos Aguaracu\u00e1 y Puerto Valle. Manejo de \u00c1reas de Alto Valor de Conservaci\u00f3n. Colaboraci\u00f3n en las \u00e1reas: Ecolog\u00eda del Paisaje. Ecolog\u00eda de humedales. Vegetaci\u00f3n. Monitoreo y Gesti\u00f3n Ambiental. Para: Pomera Maderas y FFFI. S.A. STAN con CONICET &#8211; UNNE.<\/li>\n<li>Diagn\u00f3stico ambiental. Conexi\u00f3n F\u00edsica entre las ciudades de Resistencia (Chaco) y Corrientes. Para: IATASA, Consulbaires S.A., STAN con CONICET -UNNE.<\/li>\n<\/ul>\n<p>[\/et_pb_text][\/et_pb_column][\/et_pb_row][et_pb_row _builder_version=&#8221;4.27.2&#8243; _module_preset=&#8221;default&#8221; global_colors_info=&#8221;{}&#8221;][et_pb_column type=&#8221;4_4&#8243; _builder_version=&#8221;4.27.2&#8243; _module_preset=&#8221;default&#8221; global_colors_info=&#8221;{}&#8221;][et_pb_heading title=&#8221;Producci\u00f3n Cient\u00edfica y Tecnol\u00f3gica&#8221; _builder_version=&#8221;4.27.2&#8243; _module_preset=&#8221;default&#8221; title_level=&#8221;h4&#8243; custom_margin=&#8221;||24px|||&#8221; global_colors_info=&#8221;{}&#8221;][\/et_pb_heading][et_pb_text _builder_version=&#8221;4.27.2&#8243; _module_preset=&#8221;default&#8221; hover_enabled=&#8221;0&#8243; sticky_enabled=&#8221;0&#8243;]<\/p>\n<p>Apartado en construcci\u00f3n.<\/p>\n<p>[\/et_pb_text][et_pb_blog show_thumbnail=&#8221;off&#8221; show_more=&#8221;on&#8221; show_author=&#8221;off&#8221; show_date=&#8221;off&#8221; show_categories=&#8221;off&#8221; show_pagination=&#8221;off&#8221; _builder_version=&#8221;4.27.2&#8243; _module_preset=&#8221;default&#8221; header_level=&#8221;h5&#8243; hover_enabled=&#8221;0&#8243; global_colors_info=&#8221;{}&#8221; include_categories=&#8221;101&#8243; sticky_enabled=&#8221;0&#8243;][\/et_pb_blog][\/et_pb_column][\/et_pb_row][\/et_pb_section]<\/p>\n","protected":false},"excerpt":{"rendered":"<p>\u00c1rea de trabajo: Biolog\u00eda. Descripci\u00f3n: Este grupo aborda 4 l\u00edneas de investigaci\u00f3n: Ecohidrolog\u00eda: An\u00e1lisis de procesos fluviales que condicionan los patrones ecol\u00f3gicos y la distribuci\u00f3n, estructura y funcionamiento de los organismos de ambientes fluviales. Humedales: An\u00e1lisis de la complejidad de organizaci\u00f3n y de los patrones de variabilidad ecol\u00f3gica, de su producci\u00f3n y de estrategias de [&hellip;]<\/p>\n","protected":false},"author":1,"featured_media":0,"parent":0,"menu_order":0,"comment_status":"closed","ping_status":"closed","template":"","meta":{"_et_pb_use_builder":"on","_et_pb_old_content":"","_et_gb_content_width":"","_monsterinsights_skip_tracking":false,"_monsterinsights_sitenote_active":false,"_monsterinsights_sitenote_note":"","_monsterinsights_sitenote_category":0,"footnotes":""},"class_list":["post-989","page","type-page","status-publish","hentry"],"_links":{"self":[{"href":"https:\/\/exa.unne.edu.ar\/postgrado1-web\/index.php?rest_route=\/wp\/v2\/pages\/989","targetHints":{"allow":["GET"]}}],"collection":[{"href":"https:\/\/exa.unne.edu.ar\/postgrado1-web\/index.php?rest_route=\/wp\/v2\/pages"}],"about":[{"href":"https:\/\/exa.unne.edu.ar\/postgrado1-web\/index.php?rest_route=\/wp\/v2\/types\/page"}],"author":[{"embeddable":true,"href":"https:\/\/exa.unne.edu.ar\/postgrado1-web\/index.php?rest_route=\/wp\/v2\/users\/1"}],"replies":[{"embeddable":true,"href":"https:\/\/exa.unne.edu.ar\/postgrado1-web\/index.php?rest_route=%2Fwp%2Fv2%2Fcomments&post=989"}],"version-history":[{"count":3,"href":"https:\/\/exa.unne.edu.ar\/postgrado1-web\/index.php?rest_route=\/wp\/v2\/pages\/989\/revisions"}],"predecessor-version":[{"id":1189,"href":"https:\/\/exa.unne.edu.ar\/postgrado1-web\/index.php?rest_route=\/wp\/v2\/pages\/989\/revisions\/1189"}],"wp:attachment":[{"href":"https:\/\/exa.unne.edu.ar\/postgrado1-web\/index.php?rest_route=%2Fwp%2Fv2%2Fmedia&parent=989"}],"curies":[{"name":"wp","href":"https:\/\/api.w.org\/{rel}","templated":true}]}}