{"id":785,"date":"2025-02-18T18:13:00","date_gmt":"2025-02-18T18:13:00","guid":{"rendered":"https:\/\/exa.unne.edu.ar\/postgrado1-web\/?page_id=785"},"modified":"2025-11-28T14:13:51","modified_gmt":"2025-11-28T14:13:51","slug":"becas","status":"publish","type":"page","link":"https:\/\/exa.unne.edu.ar\/postgrado1-web\/?page_id=785","title":{"rendered":"Becas"},"content":{"rendered":"<p>[et_pb_section fb_built=&#8221;1&#8243; _builder_version=&#8221;4.27.2&#8243; _module_preset=&#8221;default&#8221; global_colors_info=&#8221;{}&#8221;][et_pb_row _builder_version=&#8221;4.27.2&#8243; _module_preset=&#8221;default&#8221; global_colors_info=&#8221;{}&#8221;][et_pb_column type=&#8221;4_4&#8243; _builder_version=&#8221;4.27.2&#8243; _module_preset=&#8221;default&#8221; global_colors_info=&#8221;{}&#8221;][et_pb_post_title meta=&#8221;off&#8221; featured_image=&#8221;off&#8221; _builder_version=&#8221;4.27.2&#8243; _module_preset=&#8221;default&#8221; global_colors_info=&#8221;{}&#8221;][\/et_pb_post_title][\/et_pb_column][\/et_pb_row][et_pb_row _builder_version=&#8221;4.27.2&#8243; _module_preset=&#8221;default&#8221; custom_margin=&#8221;|auto|34px|auto||&#8221; global_colors_info=&#8221;{}&#8221;][et_pb_column type=&#8221;4_4&#8243; _builder_version=&#8221;4.27.2&#8243; _module_preset=&#8221;default&#8221; global_colors_info=&#8221;{}&#8221;][et_pb_text _builder_version=&#8221;4.27.2&#8243; _module_preset=&#8221;default&#8221; global_colors_info=&#8221;{}&#8221;]<\/p>\n<p>La FaCENA (UNNE) otorgar\u00e1 Becas de Pregrado destinadas a estudiantes avanzados o pr\u00f3ximos a graduarse, con el objeto de iniciar su formaci\u00f3n en Investigaci\u00f3n y Desarrollo en disciplinas Cient\u00edficas y Tecnol\u00f3gicas.<\/p>\n<p><strong>Destinatarios:<\/strong><\/p>\n<p>Las becas est\u00e1n destinadas a estudiantes avanzados de las carreras de grado de la FaCENA y que re\u00fanan las condiciones para iniciar su formaci\u00f3n en la investigaci\u00f3n, bajo la direcci\u00f3n de un investigador experimentado. Se considera estudiante avanzado a aquel alumno que haya aprobado como m\u00ednimo el 50% de las materias del plan de estudio de la carrera que cursa, al momento del cierre de inscripci\u00f3n del concurso de beca.<\/p>\n<p>Se brindar\u00e1n 4 becas<em>\u00a0a \u00c1reas Disciplinares de Vacancia<\/em>: Agrimensura, Humanidades, Inform\u00e1tica, Ingenier\u00eda y Matem\u00e1tica.<\/p>\n<p><strong>Duraci\u00f3n:<\/strong> Las becas tienen una duraci\u00f3n de 12 meses, con una carga horaria semanal de 18 horas.<\/p>\n<p><strong>Requisitos:\u00a0<\/strong><\/p>\n<ul>\n<li>M\u00e1s del 50% de la carrera de grado realizada.<\/li>\n<li>Certificado anal\u00edtico (con aplazos).<\/li>\n<li>Nota de postulaci\u00f3n, formulario de inscripci\u00f3n y Plan de trabajo.<a href=\"https:\/\/exa.unne.edu.ar\/postgrado1-web\/wp-content\/uploads\/2025\/11\/Nota-y-Formulario-Beca-FaCENA-2025-1.doc\"> Descargalo aqu\u00ed<\/a><\/li>\n<li>Director y Codirector (si corresponde).<\/li>\n<\/ul>\n<p><strong>Postulaci\u00f3n:<\/strong><\/p>\n<p>Se deber\u00e1 e<span style=\"font-size: 14px;\">nviar hasta el 05\/09 los requisitos en un \u00fanico PDF, al correo electr\u00f3nico: mesaentrada@exa.unne.edu.ar<\/span><\/p>\n<p><span>Si no sabes c\u00f3mo unir en un solo PDF los requisitos, pod\u00e9s hacerlo ingresando a\u00a0<a href=\"https:\/\/www.ilovepdf.com\/es\/unir_pdf\">https:\/\/www.ilovepdf.com\/es\/unir_pdf<\/a><\/span><\/p>\n<p>&nbsp;<\/p>\n<p><strong>Fechas importantes:<\/strong><\/p>\n<ul>\n<li>Postulaci\u00f3n ante la Secretar\u00eda de Investigaci\u00f3n y Posgrado: hasta el 12\/12\/2025.<\/li>\n<li><span style=\"font-size: 14px;\">Inicio de actividades: Febrero\/Marzo de 2026.<\/span><\/li>\n<li>Entrega de constancias de cumplimiento de actividades avaladas por el\/la Director\/a o el\/la Codirector\/a: 01 al 10 de cada mes (a partir del primer mes de actividades).<\/li>\n<\/ul>\n<p>&nbsp;<\/p>\n<p><strong>Para consultas pod\u00e9s escribir a\u00a0<a href=\"mailto:sip.investigacion@comunidad.unne.edu.ar\" target=\"_blank\" rel=\"noopener\">sip.investigacion@comunidad.<wbr \/>unne.edu.ar<\/a><\/strong><\/p>\n<p>&nbsp;<\/p>\n<p><strong><a href=\"https:\/\/exa.unne.edu.ar\/postgrado1-web\/wp-content\/uploads\/2025\/11\/RES.-2025-814-CD-EXA.pdf\">Resultados de las becas &#8211; Inicio en 2025\u00a0<\/a><\/strong><\/p>\n<p>&nbsp;<\/p>\n<p><strong>Formularios de inter\u00e9s<\/strong><\/p>\n<p><span style=\"text-decoration: underline;\"><a href=\"https:\/\/exa.unne.edu.ar\/postgrado1-web\/wp-content\/uploads\/2025\/08\/Nota-y-Formulario-Beca-FaCENA-2025.doc\">Nota y Formulario de Inscripci\u00f3n &#8211; Becas FaCENA<\/a><\/span><strong><\/strong><\/p>\n<p><span style=\"text-decoration: underline;\"><a href=\"https:\/\/exa.unne.edu.ar\/postgrado1-web\/wp-content\/uploads\/2025\/08\/Modelo-de-Nota-de-elevacion-e-Informes-Becas-FaCENA.docx\">Modelo de Nota de elevaci\u00f3n e Informes-Becas FaCENA<\/a><\/span><\/p>\n<p>&nbsp;<\/p>\n<p><strong>Documentaci\u00f3n de inter\u00e9s<\/strong><\/p>\n<p><span style=\"text-decoration: underline;\"><a href=\"https:\/\/exa.unne.edu.ar\/postgrado1-web\/wp-content\/uploads\/2025\/08\/RES.-2025-517-CD-EXA.pdf\">Resoluci\u00f3n de llamado a convocatoria &#8211; RES. 2025-517-CD-EXA<strong><\/strong><\/a><\/span><\/p>\n<p><span style=\"text-decoration: underline;\"><a href=\"https:\/\/exa.unne.edu.ar\/postgrado1-web\/wp-content\/uploads\/2025\/02\/Res_088_18_CD_Reglamento-1.pdf\">Reglamento de Becas Estimulo a las Vocaciones Cient\u00edficas y Desarrollo Tecnol\u00f3gico &#8211; Resoluci\u00f3n N\u00b0 088\/2018<\/a><\/span><\/p>\n<p>[\/et_pb_text][\/et_pb_column][\/et_pb_row][\/et_pb_section][et_pb_section fb_built=&#8221;1&#8243; _builder_version=&#8221;4.27.2&#8243; _module_preset=&#8221;default&#8221; background_color=&#8221;#222222&#8243; custom_padding=&#8221;17px||23px|||&#8221; global_colors_info=&#8221;{}&#8221;][et_pb_row _builder_version=&#8221;4.27.2&#8243; _module_preset=&#8221;default&#8221; custom_margin=&#8221;|auto|-8px|auto||&#8221; custom_padding=&#8221;||10px|||&#8221; global_colors_info=&#8221;{}&#8221;][et_pb_column type=&#8221;4_4&#8243; _builder_version=&#8221;4.27.2&#8243; _module_preset=&#8221;default&#8221; global_colors_info=&#8221;{}&#8221;][et_pb_text _builder_version=&#8221;4.27.2&#8243; _module_preset=&#8221;default&#8221; global_colors_info=&#8221;{}&#8221;]<\/p>\n<p style=\"text-align: center;\"><span style=\"color: #ffffff;\">Secretar\u00eda de Investigaci\u00f3n y Posgrado &#8211; Facultad de Ciencias Exactas y Naturales y Agrimensura (UNNE).<\/span><\/p>\n<p style=\"text-align: center;\"><span style=\"color: #ffffff;\">Avenida Libertad 5470 (Corrientes, Argentina).<\/span><\/p>\n<p style=\"text-align: center;\">\n<p>[\/et_pb_text][\/et_pb_column][\/et_pb_row][\/et_pb_section]<\/p>\n","protected":false},"excerpt":{"rendered":"<p>La FaCENA (UNNE) otorgar\u00e1 Becas de Pregrado destinadas a estudiantes avanzados o pr\u00f3ximos a graduarse, con el objeto de iniciar su formaci\u00f3n en Investigaci\u00f3n y Desarrollo en disciplinas Cient\u00edficas y Tecnol\u00f3gicas. Destinatarios: Las becas est\u00e1n destinadas a estudiantes avanzados de las carreras de grado de la FaCENA y que re\u00fanan las condiciones para iniciar su [&hellip;]<\/p>\n","protected":false},"author":1,"featured_media":0,"parent":0,"menu_order":0,"comment_status":"closed","ping_status":"closed","template":"","meta":{"_et_pb_use_builder":"on","_et_pb_old_content":"","_et_gb_content_width":"","_monsterinsights_skip_tracking":false,"_monsterinsights_sitenote_active":false,"_monsterinsights_sitenote_note":"","_monsterinsights_sitenote_category":0,"footnotes":""},"class_list":["post-785","page","type-page","status-publish","hentry"],"_links":{"self":[{"href":"https:\/\/exa.unne.edu.ar\/postgrado1-web\/index.php?rest_route=\/wp\/v2\/pages\/785","targetHints":{"allow":["GET"]}}],"collection":[{"href":"https:\/\/exa.unne.edu.ar\/postgrado1-web\/index.php?rest_route=\/wp\/v2\/pages"}],"about":[{"href":"https:\/\/exa.unne.edu.ar\/postgrado1-web\/index.php?rest_route=\/wp\/v2\/types\/page"}],"author":[{"embeddable":true,"href":"https:\/\/exa.unne.edu.ar\/postgrado1-web\/index.php?rest_route=\/wp\/v2\/users\/1"}],"replies":[{"embeddable":true,"href":"https:\/\/exa.unne.edu.ar\/postgrado1-web\/index.php?rest_route=%2Fwp%2Fv2%2Fcomments&post=785"}],"version-history":[{"count":14,"href":"https:\/\/exa.unne.edu.ar\/postgrado1-web\/index.php?rest_route=\/wp\/v2\/pages\/785\/revisions"}],"predecessor-version":[{"id":1689,"href":"https:\/\/exa.unne.edu.ar\/postgrado1-web\/index.php?rest_route=\/wp\/v2\/pages\/785\/revisions\/1689"}],"wp:attachment":[{"href":"https:\/\/exa.unne.edu.ar\/postgrado1-web\/index.php?rest_route=%2Fwp%2Fv2%2Fmedia&parent=785"}],"curies":[{"name":"wp","href":"https:\/\/api.w.org\/{rel}","templated":true}]}}