{"id":719,"date":"2025-02-17T19:58:57","date_gmt":"2025-02-17T19:58:57","guid":{"rendered":"https:\/\/exa.unne.edu.ar\/postgrado1-web\/?page_id=719"},"modified":"2025-02-18T14:13:21","modified_gmt":"2025-02-18T14:13:21","slug":"maestrias","status":"publish","type":"page","link":"https:\/\/exa.unne.edu.ar\/postgrado1-web\/?page_id=719","title":{"rendered":"Maestr\u00edas"},"content":{"rendered":"<p>[et_pb_section fb_built=&#8221;1&#8243; _builder_version=&#8221;4.27.2&#8243; _module_preset=&#8221;default&#8221; global_colors_info=&#8221;{}&#8221;][et_pb_row _builder_version=&#8221;4.27.2&#8243; _module_preset=&#8221;default&#8221; locked=&#8221;off&#8221; global_colors_info=&#8221;{}&#8221;][et_pb_column type=&#8221;4_4&#8243; _builder_version=&#8221;4.27.2&#8243; _module_preset=&#8221;default&#8221; global_colors_info=&#8221;{}&#8221;][et_pb_post_title meta=&#8221;off&#8221; featured_image=&#8221;off&#8221; _builder_version=&#8221;4.27.2&#8243; _module_preset=&#8221;default&#8221; global_colors_info=&#8221;{}&#8221;][\/et_pb_post_title][\/et_pb_column][\/et_pb_row][et_pb_row column_structure=&#8221;1_2,1_2&#8243; _builder_version=&#8221;4.27.2&#8243; _module_preset=&#8221;default&#8221; global_colors_info=&#8221;{}&#8221;][et_pb_column type=&#8221;1_2&#8243; _builder_version=&#8221;4.27.2&#8243; _module_preset=&#8221;default&#8221; global_colors_info=&#8221;{}&#8221;][et_pb_cta title=&#8221;Maestr\u00eda en Sistemas y Redes de Telecomunicaciones&#8221; button_url=&#8221;@ET-DC@eyJkeW5hbWljIjp0cnVlLCJjb250ZW50IjoicG9zdF9saW5rX3VybF9wYWdlIiwic2V0dGluZ3MiOnsicG9zdF9pZCI6IjE5MiJ9fQ==@&#8221; button_text=&#8221;M\u00e1s informaci\u00f3n&#8221; _builder_version=&#8221;4.27.2&#8243; _dynamic_attributes=&#8221;button_url&#8221; _module_preset=&#8221;default&#8221; header_font=&#8221;|||on|||||&#8221; header_text_align=&#8221;center&#8221; background_enable_color=&#8221;off&#8221; background_image=&#8221;https:\/\/exa.unne.edu.ar\/postgrado1-web\/wp-content\/uploads\/2025\/02\/Posgrdo-botones-1024-\u00d7-1024-px-47.png&#8221; custom_button=&#8221;on&#8221; button_text_size=&#8221;14px&#8221; button_text_color=&#8221;#000000&#8243; button_bg_color=&#8221;#FFFFFF&#8221; button_border_width=&#8221;0px&#8221; width=&#8221;100.3%&#8221; custom_margin=&#8221;|26px||1px||&#8221; custom_padding=&#8221;|18px||25px||&#8221; hover_enabled=&#8221;0&#8243; locked=&#8221;off&#8221; global_colors_info=&#8221;{}&#8221; title_text=&#8221;Posgrdo botones (1024 \u00d7 1024\u00a0px) (47)&#8221; sticky_enabled=&#8221;0&#8243;][\/et_pb_cta][\/et_pb_column][et_pb_column type=&#8221;1_2&#8243; _builder_version=&#8221;4.27.2&#8243; _module_preset=&#8221;default&#8221; global_colors_info=&#8221;{}&#8221;][et_pb_cta title=&#8221;Maestr\u00eda en Tecnolog\u00edas de la Informaci\u00f3n&#8221; button_url=&#8221;@ET-DC@eyJkeW5hbWljIjp0cnVlLCJjb250ZW50IjoicG9zdF9saW5rX3VybF9wYWdlIiwic2V0dGluZ3MiOnsicG9zdF9pZCI6IjE5MSJ9fQ==@&#8221; button_text=&#8221;M\u00e1s informaci\u00f3n&#8221; _builder_version=&#8221;4.27.2&#8243; _dynamic_attributes=&#8221;button_url&#8221; _module_preset=&#8221;default&#8221; header_font=&#8221;|||on|||||&#8221; header_text_align=&#8221;center&#8221; background_enable_color=&#8221;off&#8221; background_image=&#8221;https:\/\/exa.unne.edu.ar\/postgrado1-web\/wp-content\/uploads\/2025\/02\/Posgrdo-botones-1024-\u00d7-1024-px-48.png&#8221; custom_button=&#8221;on&#8221; button_text_size=&#8221;14px&#8221; button_text_color=&#8221;#000000&#8243; button_bg_color=&#8221;#FFFFFF&#8221; button_border_width=&#8221;0px&#8221; width=&#8221;100.3%&#8221; custom_margin=&#8221;|26px||1px||&#8221; custom_padding=&#8221;|18px||25px||&#8221; hover_enabled=&#8221;0&#8243; locked=&#8221;off&#8221; global_colors_info=&#8221;{}&#8221; sticky_enabled=&#8221;0&#8243; title_text=&#8221;Posgrdo botones (1024 \u00d7 1024\u00a0px) (48)&#8221;][\/et_pb_cta][\/et_pb_column][\/et_pb_row][\/et_pb_section]<\/p>\n","protected":false},"excerpt":{"rendered":"","protected":false},"author":1,"featured_media":0,"parent":0,"menu_order":0,"comment_status":"closed","ping_status":"closed","template":"","meta":{"_et_pb_use_builder":"on","_et_pb_old_content":"<!-- wp:divi\/placeholder \/-->","_et_gb_content_width":"","_monsterinsights_skip_tracking":false,"_monsterinsights_sitenote_active":false,"_monsterinsights_sitenote_note":"","_monsterinsights_sitenote_category":0,"footnotes":""},"class_list":["post-719","page","type-page","status-publish","hentry"],"_links":{"self":[{"href":"https:\/\/exa.unne.edu.ar\/postgrado1-web\/index.php?rest_route=\/wp\/v2\/pages\/719","targetHints":{"allow":["GET"]}}],"collection":[{"href":"https:\/\/exa.unne.edu.ar\/postgrado1-web\/index.php?rest_route=\/wp\/v2\/pages"}],"about":[{"href":"https:\/\/exa.unne.edu.ar\/postgrado1-web\/index.php?rest_route=\/wp\/v2\/types\/page"}],"author":[{"embeddable":true,"href":"https:\/\/exa.unne.edu.ar\/postgrado1-web\/index.php?rest_route=\/wp\/v2\/users\/1"}],"replies":[{"embeddable":true,"href":"https:\/\/exa.unne.edu.ar\/postgrado1-web\/index.php?rest_route=%2Fwp%2Fv2%2Fcomments&post=719"}],"version-history":[{"count":5,"href":"https:\/\/exa.unne.edu.ar\/postgrado1-web\/index.php?rest_route=\/wp\/v2\/pages\/719\/revisions"}],"predecessor-version":[{"id":745,"href":"https:\/\/exa.unne.edu.ar\/postgrado1-web\/index.php?rest_route=\/wp\/v2\/pages\/719\/revisions\/745"}],"wp:attachment":[{"href":"https:\/\/exa.unne.edu.ar\/postgrado1-web\/index.php?rest_route=%2Fwp%2Fv2%2Fmedia&parent=719"}],"curies":[{"name":"wp","href":"https:\/\/api.w.org\/{rel}","templated":true}]}}