{"id":684,"date":"2025-02-17T17:21:10","date_gmt":"2025-02-17T17:21:10","guid":{"rendered":"https:\/\/exa.unne.edu.ar\/postgrado1-web\/?page_id=684"},"modified":"2025-02-17T19:50:45","modified_gmt":"2025-02-17T19:50:45","slug":"estancias-de-investigacion","status":"publish","type":"page","link":"https:\/\/exa.unne.edu.ar\/postgrado1-web\/?page_id=684","title":{"rendered":"Estancias de Investigaci\u00f3n"},"content":{"rendered":"<p>[et_pb_section fb_built=&#8221;1&#8243; _builder_version=&#8221;4.27.2&#8243; _module_preset=&#8221;default&#8221; global_colors_info=&#8221;{}&#8221;][et_pb_row _builder_version=&#8221;4.27.2&#8243; _module_preset=&#8221;default&#8221; global_colors_info=&#8221;{}&#8221;][et_pb_column type=&#8221;4_4&#8243; _builder_version=&#8221;4.27.2&#8243; _module_preset=&#8221;default&#8221; global_colors_info=&#8221;{}&#8221;][et_pb_post_title meta=&#8221;off&#8221; featured_image=&#8221;off&#8221; _builder_version=&#8221;4.27.2&#8243; _module_preset=&#8221;default&#8221; global_colors_info=&#8221;{}&#8221;][\/et_pb_post_title][\/et_pb_column][\/et_pb_row][et_pb_row _builder_version=&#8221;4.27.2&#8243; _module_preset=&#8221;default&#8221; custom_margin=&#8221;|auto|34px|auto||&#8221; global_colors_info=&#8221;{}&#8221;][et_pb_column type=&#8221;4_4&#8243; _builder_version=&#8221;4.27.2&#8243; _module_preset=&#8221;default&#8221; global_colors_info=&#8221;{}&#8221;][et_pb_text _builder_version=&#8221;4.27.2&#8243; _module_preset=&#8221;default&#8221; hover_enabled=&#8221;0&#8243; global_colors_info=&#8221;{}&#8221; sticky_enabled=&#8221;0&#8243;]<\/p>\n<p>Las Estancias de Investigaci\u00f3n tendr\u00e1n una duraci\u00f3n m\u00ednima de una (1) semana y una m\u00e1xima de un (1) mes, con una carga horaria semanal de veinte (20) horas como m\u00e1ximo. Tiene por objetivo contribuir a la formaci\u00f3n y\/o actualizaci\u00f3n cient\u00edfica del\/la becario\/a o investigador\/a como as\u00ed tambi\u00e9n propiciar el intercambio acad\u00e9mico y profesional y fortalecer la cooperaci\u00f3n cient\u00edfica entre unidades acad\u00e9mico\/cient\u00edficas dentro y fuera del pa\u00eds.<strong><\/strong><\/p>\n<p><strong>Destinatarios:<\/strong> Est\u00e1 dirigido a becarios\/as e investigadores\/as nacionales o extranjeros que se encuentren cursando estudios de doctorado, maestr\u00eda o especializaci\u00f3n y quieran desarrollar aspectos particulares de su formaci\u00f3n, estableciendo contacto con alg\u00fan grupo de investigaci\u00f3n radicado en FaCENA o para \/as investigadores\/as ya formados\/as que deseen establecer un intercambio puntual con alguna de las l\u00edneas de investigaci\u00f3n o grupos de trabajo de FaCENA.<\/p>\n<p><strong>Lugar de ejecuci\u00f3n:<\/strong> Las actividades ser\u00e1n realizadas bajo una modalidad no rentada en alguna de las Unidades Funcionales (Asignatura o Laboratorio) de la Facultad de Ciencias Exactas y Naturales y Agrimensura<\/p>\n<p><strong>Duraci\u00f3n:<\/strong> Las Estancias de Investigaci\u00f3n tendr\u00e1n una duraci\u00f3n m\u00ednima de una (1) semana y una m\u00e1xima de un (1) mes, con una carga horaria semanal de veinte (20) horas como m\u00e1ximo<\/p>\n<p>&nbsp;<\/p>\n<p><strong>Documentaci\u00f3n de inter\u00e9s<\/strong><\/p>\n<p><a href=\"https:\/\/exa.unne.edu.ar\/postgrado1-web\/wp-content\/uploads\/2025\/02\/RES.-0810-23-CD-Reglamento-nuevo-Corregida.pdf\">Reglamento de Pasant\u00edas y Estancias de Investigaci\u00f3n &#8211; Resoluci\u00f3n N\u00b0 810\/2023<\/a><\/p>\n<p>[\/et_pb_text][et_pb_divider _builder_version=&#8221;4.27.2&#8243; _module_preset=&#8221;default&#8221; global_colors_info=&#8221;{}&#8221;][\/et_pb_divider][et_pb_heading title=&#8221;Tr\u00e1mites de Estancia de Investigaci\u00f3n&#8221; _builder_version=&#8221;4.27.2&#8243; _module_preset=&#8221;default&#8221; title_level=&#8221;h4&#8243; global_colors_info=&#8221;{}&#8221;][\/et_pb_heading][et_pb_accordion _builder_version=&#8221;4.27.2&#8243; _module_preset=&#8221;default&#8221; hover_enabled=&#8221;0&#8243; global_colors_info=&#8221;{}&#8221; sticky_enabled=&#8221;0&#8243;][et_pb_accordion_item title=&#8221;Postulaci\u00f3n a Estancia de Investigaci\u00f3n&#8221; open=&#8221;off&#8221; _builder_version=&#8221;4.27.2&#8243; _module_preset=&#8221;default&#8221; global_colors_info=&#8221;{}&#8221;]<\/p>\n<p>El coordinador de la Estancia de Investigaci\u00f3n deber\u00e1 presentar la solicitud de Estancia de Investigaci\u00f3n No Rentada a trav\u00e9s de mesa de entradas como un tr\u00e1mite a distancia (TAD).<\/p>\n<p>Para ello deber\u00e1 seguir los siguientes pasos:<\/p>\n<ol>\n<li>Reunir la siguiente documentaci\u00f3n digitalizada:\n<ul>\n<li>Nota dirigida a la Sra. Decana solicitando manifestando su inter\u00e9s en recibir al\/la becario\/a o investigador\/a para que realice una Estancia de investigaci\u00f3n<br \/>(<a href=\"https:\/\/exa.unne.edu.ar\/postgrado1-web\/wp-content\/uploads\/2025\/02\/4-Modelo_Nota_Solicitud_de_Estancia_de_Investigacion.docx\">descargalo aqu\u00ed<\/a>)<\/li>\n<li>Curriculum vitae del Coordinador\u00a0 y el Curriculum vitae de quien realizar\u00e1 la estancia de investigaci\u00f3n<\/li>\n<li><strong>Importante<\/strong>: Para aquellas becarios\/as o aquellas investigadores\/as externos\/as a la UNNE se indicar\u00e1 el seguro y\/o cobertura m\u00e9dica con la que cuentan.<\/li>\n<\/ul>\n<\/li>\n<li>Unir toda la documentaci\u00f3n en un solo PDF. Si no sabes c\u00f3mo hacerlo pod\u00e9s utilizar: <a href=\"https:\/\/www.ilovepdf.com\/es\/unir_pdf\">https:\/\/www.ilovepdf.com\/es\/unir_pdf<\/a><\/li>\n<li>Enviar un e-mail con el PDF adjuntado a: <a href=\"mailto:mesaentrada@exa.unne.edu.ar\">mesaentrada@exa.unne.edu.ar<\/a> con copia a la direcci\u00f3n <a href=\"mailto:lorena.duarte@exa.unne.edu.ar\">lorena.duarte@exa.unne.edu.ar<\/a><\/li>\n<\/ol>\n<p>[\/et_pb_accordion_item][et_pb_accordion_item title=&#8221;Acta de inicio y final de Estancia de Investigaci\u00f3n&#8221; _builder_version=&#8221;4.27.2&#8243; _module_preset=&#8221;default&#8221; hover_enabled=&#8221;0&#8243; global_colors_info=&#8221;{}&#8221; open=&#8221;on&#8221; sticky_enabled=&#8221;0&#8243;]<\/p>\n<p>El coordinador de la Estancia de Investigaci\u00f3n deber\u00e1 completar y presentar el acta de inicio y finalizaci\u00f3n cuando corresponda.<\/p>\n<p><a href=\"https:\/\/exa.unne.edu.ar\/postgrado1-web\/wp-content\/uploads\/2025\/02\/Acta-inicio-Pasantias-Estancias.doc\">Descarga el acta de inicio de la Estancia de Investigaci\u00f3n.<\/a><\/p>\n<p><a href=\"https:\/\/exa.unne.edu.ar\/postgrado1-web\/wp-content\/uploads\/2025\/02\/Acta-finalizacion-Pasantias-Estancias.doc\">Descarga el acta de finalizaci\u00f3n de la Estancia de Investigaci\u00f3n.<\/a><\/p>\n<p>[\/et_pb_accordion_item][\/et_pb_accordion][et_pb_divider _builder_version=&#8221;4.27.2&#8243; _module_preset=&#8221;default&#8221; global_colors_info=&#8221;{}&#8221;][\/et_pb_divider][\/et_pb_column][\/et_pb_row][\/et_pb_section]<\/p>\n","protected":false},"excerpt":{"rendered":"<p>Las Estancias de Investigaci\u00f3n tendr\u00e1n una duraci\u00f3n m\u00ednima de una (1) semana y una m\u00e1xima de un (1) mes, con una carga horaria semanal de veinte (20) horas como m\u00e1ximo. Tiene por objetivo contribuir a la formaci\u00f3n y\/o actualizaci\u00f3n cient\u00edfica del\/la becario\/a o investigador\/a como as\u00ed tambi\u00e9n propiciar el intercambio acad\u00e9mico y profesional y fortalecer [&hellip;]<\/p>\n","protected":false},"author":1,"featured_media":0,"parent":0,"menu_order":0,"comment_status":"closed","ping_status":"closed","template":"","meta":{"_et_pb_use_builder":"on","_et_pb_old_content":"","_et_gb_content_width":"","_monsterinsights_skip_tracking":false,"_monsterinsights_sitenote_active":false,"_monsterinsights_sitenote_note":"","_monsterinsights_sitenote_category":0,"footnotes":""},"class_list":["post-684","page","type-page","status-publish","hentry"],"_links":{"self":[{"href":"https:\/\/exa.unne.edu.ar\/postgrado1-web\/index.php?rest_route=\/wp\/v2\/pages\/684","targetHints":{"allow":["GET"]}}],"collection":[{"href":"https:\/\/exa.unne.edu.ar\/postgrado1-web\/index.php?rest_route=\/wp\/v2\/pages"}],"about":[{"href":"https:\/\/exa.unne.edu.ar\/postgrado1-web\/index.php?rest_route=\/wp\/v2\/types\/page"}],"author":[{"embeddable":true,"href":"https:\/\/exa.unne.edu.ar\/postgrado1-web\/index.php?rest_route=\/wp\/v2\/users\/1"}],"replies":[{"embeddable":true,"href":"https:\/\/exa.unne.edu.ar\/postgrado1-web\/index.php?rest_route=%2Fwp%2Fv2%2Fcomments&post=684"}],"version-history":[{"count":6,"href":"https:\/\/exa.unne.edu.ar\/postgrado1-web\/index.php?rest_route=\/wp\/v2\/pages\/684\/revisions"}],"predecessor-version":[{"id":716,"href":"https:\/\/exa.unne.edu.ar\/postgrado1-web\/index.php?rest_route=\/wp\/v2\/pages\/684\/revisions\/716"}],"wp:attachment":[{"href":"https:\/\/exa.unne.edu.ar\/postgrado1-web\/index.php?rest_route=%2Fwp%2Fv2%2Fmedia&parent=684"}],"curies":[{"name":"wp","href":"https:\/\/api.w.org\/{rel}","templated":true}]}}