{"id":676,"date":"2025-02-17T16:56:07","date_gmt":"2025-02-17T16:56:07","guid":{"rendered":"https:\/\/exa.unne.edu.ar\/postgrado1-web\/?page_id=676"},"modified":"2026-02-06T16:50:30","modified_gmt":"2026-02-06T16:50:30","slug":"comite-de-etica","status":"publish","type":"page","link":"https:\/\/exa.unne.edu.ar\/postgrado1-web\/?page_id=676","title":{"rendered":"Comit\u00e9 de \u00c9tica"},"content":{"rendered":"<p>[et_pb_section fb_built=&#8221;1&#8243; _builder_version=&#8221;4.27.2&#8243; _module_preset=&#8221;default&#8221; global_colors_info=&#8221;{}&#8221;][et_pb_row _builder_version=&#8221;4.27.2&#8243; _module_preset=&#8221;default&#8221; global_colors_info=&#8221;{}&#8221;][et_pb_column type=&#8221;4_4&#8243; _builder_version=&#8221;4.27.2&#8243; _module_preset=&#8221;default&#8221; global_colors_info=&#8221;{}&#8221;][et_pb_post_title meta=&#8221;off&#8221; featured_image=&#8221;off&#8221; _builder_version=&#8221;4.27.2&#8243; _module_preset=&#8221;default&#8221; global_colors_info=&#8221;{}&#8221;][\/et_pb_post_title][\/et_pb_column][\/et_pb_row][et_pb_row _builder_version=&#8221;4.27.2&#8243; _module_preset=&#8221;default&#8221; custom_margin=&#8221;-11px|auto||auto||&#8221; custom_padding=&#8221;15px|||||&#8221; global_colors_info=&#8221;{}&#8221;][et_pb_column type=&#8221;4_4&#8243; _builder_version=&#8221;4.27.2&#8243; _module_preset=&#8221;default&#8221; global_colors_info=&#8221;{}&#8221;][et_pb_text _builder_version=&#8221;4.27.2&#8243; _module_preset=&#8221;default&#8221; global_colors_info=&#8221;{}&#8221;]<\/p>\n<p>El Comit\u00e9 de \u00c9tica en Investigaci\u00f3n (CEl) tiene por objetivo asesorar al Consejo Directivo y al\/la Decano\/a en lo referente a aspectos \u00e9ticos vinculados a riesgos ambientales provenientes de pruebas experimentales, manipulaci\u00f3n de muestras biol\u00f3gicas y compuestos qu\u00edmicos, de animales, de radiaciones, estudios poblacionales, provenientes de la ejecuci\u00f3n de proyectos de investigaci\u00f3n y de proyectos de tesinas y tesis de carreras de posgrado, que se lleven a cabo dentro del \u00e1mbito f\u00edsico Institucional o fuera de ella pero que cuenten con el aval de la Facultad de Ciencias Exactas y Naturales y Agrimensura de la Universidad Nacional del Nordeste.<\/p>\n<p>&nbsp;<\/p>\n<p><strong>Integrantes del Comit\u00e9 de \u00c9tica:<\/strong><\/p>\n<p><em>Directora: <\/em>Sandoval, Mar\u00eda Teresa<\/p>\n<p><em>Director Suplente: <\/em>Carlevaro, Agust\u00edn Sebasti\u00e1n<\/p>\n<p><em>Integrantes:<\/em><\/p>\n<ul>\n<li>Fusco, Luciano Sebasti\u00e1n<\/li>\n<li>Melana Colavita, Juan Pablo<\/li>\n<li>Meza, Marta Mabel<\/li>\n<li>Calamante, Cinthia<\/li>\n<li>Alfonzo, Pedro Luis<\/li>\n<li>Olea, Gabriela<\/li>\n<li>Sobrado, Sandra<\/li>\n<li>Ibarra Polesel, Mario<\/li>\n<\/ul>\n<p><em><\/em><\/p>\n<p><em>Asesores externo:<\/em><\/p>\n<ul>\n<li>Tedesco, Mar\u00eda Esther<\/li>\n<li>Andreau, Mirtha<\/li>\n<li>Pires, Miryam<\/li>\n<li>Monz\u00f3n Wyngaard, \u00c1lvaro<\/li>\n<\/ul>\n<p>&nbsp;<\/p>\n<p><strong>Formularios de inter\u00e9s<\/strong><\/p>\n<p><a href=\"https:\/\/docs.google.com\/document\/d\/1vaQPNNmqp4MUAuxqXla54FDtRsljKLjx\/edit?usp=sharing&amp;ouid=110876705415716667891&amp;rtpof=true&amp;sd=true\">Anexo II &#8211; Declaraci\u00f3n jurada<\/a><\/p>\n<p>&nbsp;<\/p>\n<p><strong>Reglamento y Designaci\u00f3n del Comit\u00e9 de \u00c9tica &#8211; FaCENA<\/strong><\/p>\n<p><a href=\"https:\/\/drive.google.com\/file\/d\/1kXtLbP9pJQq5rduM54MtWVEUKz0RYQET\/view?usp=sharing\">Reglamento del Comit\u00e9 de \u00c9tica &#8211; Resoluci\u00f3n 182\/18 CD.\u00a0<\/a><\/p>\n<p><a href=\"https:\/\/exa.unne.edu.ar\/postgrado1-web\/wp-content\/uploads\/2025\/09\/RES-2025-606-CD-EXA-UNNE-Nomina-de-integrantes-de-Comite-de-Etica-en-Investigacion-FaCENA.pdf\">Designaci\u00f3n del Comit\u00e9 de \u00c9tica &#8211; Resoluci\u00f3n RES-2025-606-CD-EXA #UNNE<\/a><\/p>\n<p>&nbsp;<\/p>\n<p><strong>Documentaci\u00f3n de inter\u00e9s<\/strong><\/p>\n<p><em><strong>Normas provinciales y nacionales sobre \u00e9tica en la investigaci\u00f3n<\/strong><\/em><\/p>\n<p>Leyes provinciales sobre bio\u00e9tica. <a href=\"http:\/\/www.legisalud.gov.ar\/atlas\/categorias\/bio_provincias1.html\">M\u00e1s informaci\u00f3n<\/a><\/p>\n<p>Normativa sobre investigaci\u00f3n en Salud y Comit\u00e9s de Bio\u00e9tica. <a href=\"http:\/\/leg.msal.gov.ar\/atlas\/comites.html#0\">M\u00e1s informaci\u00f3n<\/a><\/p>\n<p>Gu\u00eda para cuidado y uso de animales de experimentaci\u00f3n. <a href=\"https:\/\/exa.unne.edu.ar\/postgrado1-web\/wp-content\/uploads\/2025\/09\/Guia_de_cuidado_y_uso_de_animales_-INTA.pdf\">M\u00e1s informaci\u00f3n<\/a><\/p>\n<p>&nbsp;<\/p>\n<p><em><strong>Normas Internacionales sobre \u00e9tica en la investigaci\u00f3n<\/strong><\/em><\/p>\n<p>Declaraci\u00f3n de Ginebra (Asociaci\u00f3n M\u00e9dica Mundial).<a href=\"https:\/\/exa.unne.edu.ar\/postgrado1-web\/wp-content\/uploads\/2025\/09\/Declaracion-de-Ginebra.pdf\"> M\u00e1s informaci\u00f3n<\/a><\/p>\n<p>Declaraci\u00f3n de Helsinki (Asociaci\u00f3n M\u00e9dica Mundial). <a href=\"https:\/\/exa.unne.edu.ar\/postgrado1-web\/wp-content\/uploads\/2025\/09\/Declaracion-de-Helsinki.pdf\">M\u00e1s informaci\u00f3n<\/a><\/p>\n<p>Declaraci\u00f3n Internacional sobre los Datos Gen\u00e9ticos Humanos (UNESCO). <a href=\"https:\/\/exa.unne.edu.ar\/postgrado1-web\/wp-content\/uploads\/2025\/09\/Declaracion-Internacional-sobre-los-Datos-Geneticos-Humanos-aprobada-por-la-Conferencia-General-de-la-UNESCO-2003.pdf\">M\u00e1s informaci\u00f3n<\/a><\/p>\n<p>Declaraci\u00f3n sobre el uso de animales en la investigaci\u00f3n biom\u00e9dica (Asociaci\u00f3n M\u00e9dica Mundial). <a href=\"https:\/\/exa.unne.edu.ar\/postgrado1-web\/wp-content\/uploads\/2025\/09\/Declaracion-sobre-el-uso-de-animales-en-la-investigacion-biomedica.pdf\">M\u00e1s informaci\u00f3n<\/a><\/p>\n<p>Declaraci\u00f3n Universal sobre Bio\u00e9tica y Derechos Humanos aprobada por la Conferencia General de la UNESCO (2005). <a href=\"https:\/\/exa.unne.edu.ar\/postgrado1-web\/wp-content\/uploads\/2025\/09\/Declaracion-Universal-sobre-Bioetica-y-Derechos-Humanos-aprobada-por-la-Conferencia-General-de-la-UNESCO-2005.pdf\">M\u00e1s informaci\u00f3n<\/a><\/p>\n<p>Declaraci\u00f3n Universal sobre el Genoma Humano y los Derechos Humanos aprobada por la Conferencia General de la UNESCO (1997). <a href=\"https:\/\/exa.unne.edu.ar\/postgrado1-web\/wp-content\/uploads\/2025\/09\/Declaracion-Universal-sobre-el-Genoma-Humano-y-los-Derechos-Humanos-aprobada-por-la-Conferencia-General-de-la-UNESCO-1997.pdf\">M\u00e1s informaci\u00f3n<\/a><\/p>\n<p>Documento de las Am\u00e9ricas sobre Buenas Pr\u00e1cticas Cl\u00ednicas (OPS, 2005).<a href=\"https:\/\/exa.unne.edu.ar\/postgrado1-web\/wp-content\/uploads\/2025\/09\/Documento-de-las-Americas-sobre-Buenas-Practicas-Clinicas.-OPS-2005.pdf\"> M\u00e1s informaci\u00f3n<\/a><\/p>\n<p>Gu\u00edas operacionales para comit\u00e9s de \u00e9tica que eval\u00faan investigaci\u00f3n biom\u00e9dica (OMS 2000). <a href=\"https:\/\/exa.unne.edu.ar\/postgrado1-web\/wp-content\/uploads\/2025\/09\/Guias-operacionales-para-comites-de-etica-que-evaluan-investigacion-biomedica.-OMS-2000.pdf\">M\u00e1s informaci\u00f3n<\/a><\/p>\n<p>Guide for the care and use of laboratory animals. <a href=\"https:\/\/drive.google.com\/drive\/folders\/1GLIfoWfKljL1mPpMHC0jc4davrFEPJON?usp=sharing\">M\u00e1s informaci\u00f3n<\/a><\/p>\n<p>Guidelines on Euthanasia. <a href=\"https:\/\/drive.google.com\/file\/d\/1VC9iyeBzRwrsdnSNe8pyx-b2DqSctn8Q\/view?usp=drive_link\">M\u00e1s informaci\u00f3n<\/a><\/p>\n<p>Los Principios \u00c9ticos para las Investigaciones M\u00e9dicas en Seres Humanos (Declaraci\u00f3n de Helsinki de la A. M. M.). <a href=\"https:\/\/exa.unne.edu.ar\/postgrado1-web\/wp-content\/uploads\/2025\/09\/Los-Principios-Eticos-para-las-Investigaciones-Medicas-en-Seres-Humanos-\u2013-Declaracion-de-Helsinki-de-la-Asociacion-Medica-Mundial-2013.pdf\">M\u00e1s informaci\u00f3n<\/a><\/p>\n<p>Pautas \u00c9ticas Internacionales para la Investigaci\u00f3n Biom\u00e9dica en Seres Humanos. <a href=\"https:\/\/drive.google.com\/file\/d\/1OfWEz0zVTPK2CaQvW4sLDAwGEpP08KAx\/view?usp=drive_link\">M\u00e1s informaci\u00f3n<\/a><\/p>\n<p>Pautas Internacionales para la Evaluaci\u00f3n \u00c9tica de los Estudios Epidemiol\u00f3gicos (CIOMS 1991). <a href=\"https:\/\/exa.unne.edu.ar\/postgrado1-web\/wp-content\/uploads\/2025\/09\/Pautas-Internacionales-para-la-Evaluacion-Etica-de-los-Estudios-Epidemiologicos.-CIOMS-1991.pdf\">M\u00e1s informaci\u00f3n<\/a><\/p>\n<p>Pautas y orientaci\u00f3n operativa para la revisi\u00f3n \u00e9tica de la investigaci\u00f3n en salud con seres humanos (OMS 2011). <a href=\"https:\/\/drive.google.com\/file\/d\/1amiU3H60fcaleeCpU4dwpjVPeVTev4IH\/view?usp=drive_link\">M\u00e1s informaci\u00f3n<\/a><\/p>\n<p><em><strong><\/strong><\/em><\/p>\n<p>[\/et_pb_text][\/et_pb_column][\/et_pb_row][\/et_pb_section]<\/p>\n","protected":false},"excerpt":{"rendered":"<p>El Comit\u00e9 de \u00c9tica en Investigaci\u00f3n (CEl) tiene por objetivo asesorar al Consejo Directivo y al\/la Decano\/a en lo referente a aspectos \u00e9ticos vinculados a riesgos ambientales provenientes de pruebas experimentales, manipulaci\u00f3n de muestras biol\u00f3gicas y compuestos qu\u00edmicos, de animales, de radiaciones, estudios poblacionales, provenientes de la ejecuci\u00f3n de proyectos de investigaci\u00f3n y de proyectos [&hellip;]<\/p>\n","protected":false},"author":1,"featured_media":0,"parent":0,"menu_order":0,"comment_status":"closed","ping_status":"closed","template":"","meta":{"_et_pb_use_builder":"on","_et_pb_old_content":"","_et_gb_content_width":"","_monsterinsights_skip_tracking":false,"_monsterinsights_sitenote_active":false,"_monsterinsights_sitenote_note":"","_monsterinsights_sitenote_category":0,"footnotes":""},"class_list":["post-676","page","type-page","status-publish","hentry"],"_links":{"self":[{"href":"https:\/\/exa.unne.edu.ar\/postgrado1-web\/index.php?rest_route=\/wp\/v2\/pages\/676","targetHints":{"allow":["GET"]}}],"collection":[{"href":"https:\/\/exa.unne.edu.ar\/postgrado1-web\/index.php?rest_route=\/wp\/v2\/pages"}],"about":[{"href":"https:\/\/exa.unne.edu.ar\/postgrado1-web\/index.php?rest_route=\/wp\/v2\/types\/page"}],"author":[{"embeddable":true,"href":"https:\/\/exa.unne.edu.ar\/postgrado1-web\/index.php?rest_route=\/wp\/v2\/users\/1"}],"replies":[{"embeddable":true,"href":"https:\/\/exa.unne.edu.ar\/postgrado1-web\/index.php?rest_route=%2Fwp%2Fv2%2Fcomments&post=676"}],"version-history":[{"count":16,"href":"https:\/\/exa.unne.edu.ar\/postgrado1-web\/index.php?rest_route=\/wp\/v2\/pages\/676\/revisions"}],"predecessor-version":[{"id":1731,"href":"https:\/\/exa.unne.edu.ar\/postgrado1-web\/index.php?rest_route=\/wp\/v2\/pages\/676\/revisions\/1731"}],"wp:attachment":[{"href":"https:\/\/exa.unne.edu.ar\/postgrado1-web\/index.php?rest_route=%2Fwp%2Fv2%2Fmedia&parent=676"}],"curies":[{"name":"wp","href":"https:\/\/api.w.org\/{rel}","templated":true}]}}