{"id":444,"date":"2025-02-12T14:51:31","date_gmt":"2025-02-12T14:51:31","guid":{"rendered":"https:\/\/exa.unne.edu.ar\/postgrado1-web\/?page_id=444"},"modified":"2025-03-25T15:32:40","modified_gmt":"2025-03-25T15:32:40","slug":"forma-de-pago","status":"publish","type":"page","link":"https:\/\/exa.unne.edu.ar\/postgrado1-web\/?page_id=444","title":{"rendered":"Forma de Pago"},"content":{"rendered":"<p>[et_pb_section fb_built=&#8221;1&#8243; _builder_version=&#8221;4.27.2&#8243; _module_preset=&#8221;default&#8221; global_colors_info=&#8221;{}&#8221;][et_pb_row _builder_version=&#8221;4.27.2&#8243; _module_preset=&#8221;default&#8221; global_colors_info=&#8221;{}&#8221;][et_pb_column type=&#8221;4_4&#8243; _builder_version=&#8221;4.27.2&#8243; _module_preset=&#8221;default&#8221; global_colors_info=&#8221;{}&#8221;][et_pb_heading title=&#8221;Forma de Pago&#8221; _builder_version=&#8221;4.27.2&#8243; _module_preset=&#8221;default&#8221; global_colors_info=&#8221;{}&#8221;][\/et_pb_heading][et_pb_text _builder_version=&#8221;4.27.2&#8243; _module_preset=&#8221;default&#8221; global_colors_info=&#8221;{}&#8221;]<\/p>\n<p>Los pagos de aranceles de las carreras de posgrado y cursos que se realizan en la Secretar\u00eda de Investigaci\u00f3n y Posgrado se deber\u00e1n abonar en <a href=\"https:\/\/pagos.unne.edu.ar\">https:\/\/pagos.unne.edu.ar. <\/a>En el caso de requerir una facturaci\u00f3n especial, podr\u00e1 requerirla en la opci\u00f3n &#8220;Contacto&#8221;.<\/p>\n<p>Una vez abonado deber\u00e1, obligatoriamente, <a href=\"https:\/\/docs.google.com\/forms\/d\/e\/1FAIpQLSdpPdyOoV0G2oa9HgdM6FsMxJuUPtYSWFrXl-iaQv5DT-rmoA\/viewform\">completar el formulario y cargar el comprobante de pago aqu\u00ed.<\/a><\/p>\n<p><em><strong>Importante para carreras doctorales personalizadas:<\/strong><\/em><\/p>\n<ul>\n<li>A partir de Abril 2025, no se podr\u00e1 abonar cuotas por transferencia directa. Todo pago de cuotas deber\u00e1n ser realizadas por Pagos UNNE.<\/li>\n<li>En caso tengan cuotas adeudadas, deber\u00e1 solicitarse la actualizaci\u00f3n del importe actualizado y se le estar\u00e1 generando un link de pagos en el portal.<\/li>\n<li>Se les recuerda que <span style=\"text-decoration: underline;\"><strong>todo tr\u00e1mite <\/strong><\/span>que se inicie por Mesa de entradas deber\u00e1 tener incorporado el Libre de Deuda expedida por el Dpto. de Tesorer\u00eda (solicitar a <a href=\"mailto:tesoreria@exa.unne.edu.ar\">tesoreria@exa.unne.edu.ar<\/a>).<\/li>\n<\/ul>\n<p><strong><\/strong><\/p>\n<p><strong>Instructivos de Pagos UNNE<\/strong><\/p>\n<p><a href=\"https:\/\/exa.unne.edu.ar\/postgrado1-web\/wp-content\/uploads\/2025\/02\/Mensajes-Datos-de-Facturacion.pdf\">Pedido de facturaci\u00f3n especial<\/a><\/p>\n<p><a href=\"https:\/\/exa.unne.edu.ar\/postgrado1-web\/wp-content\/uploads\/2025\/02\/pagosunneinstructivousuario_1-1.pdf\">Instructivo de uso de Pagos UNNE<\/a><\/p>\n<p>&nbsp;<\/p>\n<p>&nbsp;<\/p>\n<p>&nbsp;<\/p>\n<p>[\/et_pb_text][\/et_pb_column][\/et_pb_row][\/et_pb_section]<\/p>\n","protected":false},"excerpt":{"rendered":"<p>Los pagos de aranceles de las carreras de posgrado y cursos que se realizan en la Secretar\u00eda de Investigaci\u00f3n y Posgrado se deber\u00e1n abonar en https:\/\/pagos.unne.edu.ar. En el caso de requerir una facturaci\u00f3n especial, podr\u00e1 requerirla en la opci\u00f3n &#8220;Contacto&#8221;. Una vez abonado deber\u00e1, obligatoriamente, completar el formulario y cargar el comprobante de pago aqu\u00ed. [&hellip;]<\/p>\n","protected":false},"author":1,"featured_media":0,"parent":0,"menu_order":0,"comment_status":"closed","ping_status":"closed","template":"","meta":{"_et_pb_use_builder":"on","_et_pb_old_content":"","_et_gb_content_width":"","_monsterinsights_skip_tracking":false,"_monsterinsights_sitenote_active":false,"_monsterinsights_sitenote_note":"","_monsterinsights_sitenote_category":0,"footnotes":""},"class_list":["post-444","page","type-page","status-publish","hentry"],"_links":{"self":[{"href":"https:\/\/exa.unne.edu.ar\/postgrado1-web\/index.php?rest_route=\/wp\/v2\/pages\/444","targetHints":{"allow":["GET"]}}],"collection":[{"href":"https:\/\/exa.unne.edu.ar\/postgrado1-web\/index.php?rest_route=\/wp\/v2\/pages"}],"about":[{"href":"https:\/\/exa.unne.edu.ar\/postgrado1-web\/index.php?rest_route=\/wp\/v2\/types\/page"}],"author":[{"embeddable":true,"href":"https:\/\/exa.unne.edu.ar\/postgrado1-web\/index.php?rest_route=\/wp\/v2\/users\/1"}],"replies":[{"embeddable":true,"href":"https:\/\/exa.unne.edu.ar\/postgrado1-web\/index.php?rest_route=%2Fwp%2Fv2%2Fcomments&post=444"}],"version-history":[{"count":8,"href":"https:\/\/exa.unne.edu.ar\/postgrado1-web\/index.php?rest_route=\/wp\/v2\/pages\/444\/revisions"}],"predecessor-version":[{"id":1324,"href":"https:\/\/exa.unne.edu.ar\/postgrado1-web\/index.php?rest_route=\/wp\/v2\/pages\/444\/revisions\/1324"}],"wp:attachment":[{"href":"https:\/\/exa.unne.edu.ar\/postgrado1-web\/index.php?rest_route=%2Fwp%2Fv2%2Fmedia&parent=444"}],"curies":[{"name":"wp","href":"https:\/\/api.w.org\/{rel}","templated":true}]}}