{"id":406,"date":"2025-02-11T17:23:01","date_gmt":"2025-02-11T17:23:01","guid":{"rendered":"https:\/\/exa.unne.edu.ar\/postgrado1-web\/?page_id=406"},"modified":"2025-08-11T14:50:52","modified_gmt":"2025-08-11T14:50:52","slug":"presentacion-de-la-tesis","status":"publish","type":"page","link":"https:\/\/exa.unne.edu.ar\/postgrado1-web\/?page_id=406","title":{"rendered":"Presentaci\u00f3n de la tesis"},"content":{"rendered":"<p>[et_pb_section fb_built=&#8221;1&#8243; _builder_version=&#8221;4.27.2&#8243; _module_preset=&#8221;default&#8221; global_colors_info=&#8221;{}&#8221;][et_pb_row _builder_version=&#8221;4.27.2&#8243; _module_preset=&#8221;default&#8221; global_colors_info=&#8221;{}&#8221;][et_pb_column type=&#8221;4_4&#8243; _builder_version=&#8221;4.27.2&#8243; _module_preset=&#8221;default&#8221; global_colors_info=&#8221;{}&#8221;][et_pb_heading title=&#8221;Presentaci\u00f3n de la tesis&#8221; admin_label=&#8221;Heading&#8221; _builder_version=&#8221;4.27.2&#8243; _module_preset=&#8221;default&#8221; custom_margin=&#8221;||23px|||&#8221; global_colors_info=&#8221;{}&#8221;][\/et_pb_heading][et_pb_text _builder_version=&#8221;4.27.2&#8243; _module_preset=&#8221;default&#8221; global_colors_info=&#8221;{}&#8221;]<\/p>\n<p>Podr\u00e1s llevar a cabo la presentaci\u00f3n de tu tesis para la carrera de doctorado a trav\u00e9s de mesa de entradas como un tr\u00e1mite a distancia (TAD). Para ello el\/la doctorando\/a (estudiante de la carrera de posgrado) deber\u00e1 seguir los siguientes pasos:<\/p>\n<ol>\n<li>Reunir la siguiente documentaci\u00f3n en formato PDF:\n<ol>\n<li>Nota de elevaci\u00f3n con el aval del director de tesis dirigida a la Decana de Fa.C.E.N.A., Mgtr. Viviana Godoy Guglielmone, solicitando la constituci\u00f3n del Tribunal de Tesis.<\/li>\n<li>La tesis en formato digital (PDF).<\/li>\n<li>Copia digital del DNI del estudiante de posgrado.<\/li>\n<\/ol>\n<\/li>\n<li>Enviar un \u00fanico PDF toda la documentaci\u00f3n mencionada siguiendo el orden establecido (Nota, Tesis y DNI) a <a href=\"mailto:mesaentrada@exa.unne.edu.ar\" target=\"_blank\" rel=\"noopener\">mesaentrada@exa.unne.edu.ar<\/a><span>\u00a0<\/span><wbr \/><span>con copia a la direcci\u00f3n\u00a0<\/span><a href=\"mailto:lorena.duarte@exa.unne.edu.ar\" rel=\"noreferrer noopener\" target=\"_blank\">lorena.duarte@exa.<wbr \/>unne.edu.ar<\/a><a href=\"mailto:lorena.duarte@exa.unne.edu.ar\"><\/a><\/li>\n<\/ol>\n<p><strong>Importante:<\/strong><\/p>\n<p>La fecha l\u00edmite para la presentaci\u00f3n de los manuscritos de las tesis doctorales depender\u00e1 de la fecha de la resoluci\u00f3n de admisi\u00f3n al doctorado. Sin embargo, los\/las doctorandos\/as que requieran defender sus tesis en una fecha determinada (ej. Postulaci\u00f3n a becas postdoctorales), deber\u00e1n elevar los manuscritos con, al menos, 4 meses de anticipaci\u00f3n a la fecha prevista para la defensa (este plazo puede ser mayor si se solicitaran correcciones mayores).<\/p>\n<p>Previamente a la presentaci\u00f3n del manuscrito y en el caso de no haberlo solicitado con anterioridad, deber\u00e1n solicitar el reconocimiento de las horas correspondientes al\/los curso\/s de posgrado realizados, la acreditaci\u00f3n de la suficiencia en el manejo del idioma ingl\u00e9s, as\u00ed como cualquier otra solicitud relacionada a la carrera (ej. Cambio de director o modificaci\u00f3n parcial de t\u00edtulo y objetivos de la tesis) en una \u00fanica nota.<\/p>\n<p>No se iniciar\u00e1n los tr\u00e1mites de constituci\u00f3n del tribunal hasta tanto el doctorando\/a haya regularizado su situaci\u00f3n acad\u00e9mica y financiera en la carrera.<\/p>\n<ul><\/ul>\n<p>[\/et_pb_text][et_pb_text _builder_version=&#8221;4.27.2&#8243; _module_preset=&#8221;default&#8221; global_colors_info=&#8221;{}&#8221;]<\/p>\n<p><strong>Otros tr\u00e1mites de inter\u00e9s<\/strong><\/p>\n<ul>\n<li><span>Acreditaci\u00f3n de cursos<\/span><\/li>\n<li><span>Acreditaci\u00f3n de ingles<\/span><\/li>\n<li>Pr\u00f3rroga<span><\/span><\/li>\n<li>Licencia<\/li>\n<\/ul>\n<p>[\/et_pb_text][et_pb_text _builder_version=&#8221;4.27.2&#8243; _module_preset=&#8221;default&#8221; global_colors_info=&#8221;{}&#8221;]<\/p>\n<p><strong>Contacto de consultas<\/strong><\/p>\n<p><span>T\u00e9c. Mar\u00eda Liz Barber\u00e1n \u00a0<\/span><\/p>\n<p><span>sip.administraci\u00f3n@comunidad.unne.edu.ar<\/span><\/p>\n<p>[\/et_pb_text][\/et_pb_column][\/et_pb_row][\/et_pb_section]<\/p>\n","protected":false},"excerpt":{"rendered":"<p>Podr\u00e1s llevar a cabo la presentaci\u00f3n de tu tesis para la carrera de doctorado a trav\u00e9s de mesa de entradas como un tr\u00e1mite a distancia (TAD). Para ello el\/la doctorando\/a (estudiante de la carrera de posgrado) deber\u00e1 seguir los siguientes pasos: Reunir la siguiente documentaci\u00f3n en formato PDF: Nota de elevaci\u00f3n con el aval del [&hellip;]<\/p>\n","protected":false},"author":1,"featured_media":0,"parent":0,"menu_order":0,"comment_status":"closed","ping_status":"closed","template":"","meta":{"_et_pb_use_builder":"on","_et_pb_old_content":"","_et_gb_content_width":"","_monsterinsights_skip_tracking":false,"_monsterinsights_sitenote_active":false,"_monsterinsights_sitenote_note":"","_monsterinsights_sitenote_category":0,"footnotes":""},"class_list":["post-406","page","type-page","status-publish","hentry"],"_links":{"self":[{"href":"https:\/\/exa.unne.edu.ar\/postgrado1-web\/index.php?rest_route=\/wp\/v2\/pages\/406","targetHints":{"allow":["GET"]}}],"collection":[{"href":"https:\/\/exa.unne.edu.ar\/postgrado1-web\/index.php?rest_route=\/wp\/v2\/pages"}],"about":[{"href":"https:\/\/exa.unne.edu.ar\/postgrado1-web\/index.php?rest_route=\/wp\/v2\/types\/page"}],"author":[{"embeddable":true,"href":"https:\/\/exa.unne.edu.ar\/postgrado1-web\/index.php?rest_route=\/wp\/v2\/users\/1"}],"replies":[{"embeddable":true,"href":"https:\/\/exa.unne.edu.ar\/postgrado1-web\/index.php?rest_route=%2Fwp%2Fv2%2Fcomments&post=406"}],"version-history":[{"count":3,"href":"https:\/\/exa.unne.edu.ar\/postgrado1-web\/index.php?rest_route=\/wp\/v2\/pages\/406\/revisions"}],"predecessor-version":[{"id":1482,"href":"https:\/\/exa.unne.edu.ar\/postgrado1-web\/index.php?rest_route=\/wp\/v2\/pages\/406\/revisions\/1482"}],"wp:attachment":[{"href":"https:\/\/exa.unne.edu.ar\/postgrado1-web\/index.php?rest_route=%2Fwp%2Fv2%2Fmedia&parent=406"}],"curies":[{"name":"wp","href":"https:\/\/api.w.org\/{rel}","templated":true}]}}