{"id":332,"date":"2025-02-10T18:40:26","date_gmt":"2025-02-10T18:40:26","guid":{"rendered":"https:\/\/exa.unne.edu.ar\/postgrado1-web\/?page_id=332"},"modified":"2025-02-10T18:44:00","modified_gmt":"2025-02-10T18:44:00","slug":"cambios-en-la-tesis","status":"publish","type":"page","link":"https:\/\/exa.unne.edu.ar\/postgrado1-web\/?page_id=332","title":{"rendered":"Cambios en la tesis"},"content":{"rendered":"<p>[et_pb_section fb_built=&#8221;1&#8243; _builder_version=&#8221;4.27.2&#8243; _module_preset=&#8221;default&#8221; global_colors_info=&#8221;{}&#8221;][et_pb_row _builder_version=&#8221;4.27.2&#8243; _module_preset=&#8221;default&#8221; global_colors_info=&#8221;{}&#8221;][et_pb_column type=&#8221;4_4&#8243; _builder_version=&#8221;4.27.2&#8243; _module_preset=&#8221;default&#8221; global_colors_info=&#8221;{}&#8221;][et_pb_heading title=&#8221;Cambios en las tesis&#8221; admin_label=&#8221;Heading&#8221; _builder_version=&#8221;4.27.2&#8243; _module_preset=&#8221;default&#8221; custom_margin=&#8221;||23px|||&#8221; hover_enabled=&#8221;0&#8243; global_colors_info=&#8221;{}&#8221; sticky_enabled=&#8221;0&#8243;][\/et_pb_heading][et_pb_text _builder_version=&#8221;4.27.2&#8243; _module_preset=&#8221;default&#8221; hover_enabled=&#8221;0&#8243; global_colors_info=&#8221;{}&#8221; sticky_enabled=&#8221;0&#8243;]<\/p>\n<p><strong>Cambios en el t\u00edtulo de las tesis<\/strong><\/p>\n<p><span>Podr\u00e1s solicitar el cambio del t\u00edtulo de la tesis a trav\u00e9s de un tr\u00e1mite a distancia (TAD) en Mesa de Entradas (no se reciben tr\u00e1mites presenciales). Para ello el\/la doctorando\/a deber\u00e1 seguir lo siguientes pasos:<\/span><\/p>\n<p><span>1. Reunir la siguiente documentaci\u00f3n: <\/span><\/p>\n<ul>\n<li><span>Nota de elevaci\u00f3n con el aval del director de tesis dirigida a la Decana de Fa.C.E.N.A, Mgter Viviana Godoy Guglielmone, explicando el motivo del pedido.<\/span><\/li>\n<li><span>Copia digital del DNI del estudiante de posgrado.<\/span><\/li>\n<\/ul>\n<ol start=\"2\">\n<li><span> Enviar en un \u00fanico PDF toda la documentaci\u00f3n mencionada siguiendo el orden establecido (nota e informe) a mesaentrada@exa.unne.edu.ar con copia a la direcci\u00f3n <a href=\"mailto:lorena.duarte@exa.unne.edu.ar\">lorena.duarte@exa.unne.edu.ar<\/a><\/span><\/li>\n<\/ol>\n<p><span>Si no sabes c\u00f3mo unir en un solo PDF los requisitos, pod\u00e9s hacerlo ingresando a (link i love pdf unir) .<\/span><\/p>\n<p>\u00a0<span><\/span><\/p>\n<p>[\/et_pb_text][et_pb_divider _builder_version=&#8221;4.27.2&#8243; _module_preset=&#8221;default&#8221; hover_enabled=&#8221;0&#8243; sticky_enabled=&#8221;0&#8243;][\/et_pb_divider][et_pb_text _builder_version=&#8221;4.27.2&#8243; _module_preset=&#8221;default&#8221; hover_enabled=&#8221;0&#8243; global_colors_info=&#8221;{}&#8221; sticky_enabled=&#8221;0&#8243;]<\/p>\n<p><strong>Cambios en la direcci\u00f3n de tesis<\/strong><\/p>\n<p><span>Podr\u00e1s solicitar el cambio del t\u00edtulo de la tesis a trav\u00e9s de un tr\u00e1mite a distancia (TAD) en Mesa de Entradas (no se reciben tr\u00e1mites presenciales). Para ello el\/la doctorando\/a deber\u00e1 seguir lo siguientes pasos:<\/span><\/p>\n<p><span>1. Reunir la siguiente documentaci\u00f3n: <\/span><\/p>\n<ul>\n<li><span>Nota de elevaci\u00f3n con el aval del director de tesis dirigida a la Decana de Fa.C.E.N.A, Mgter Viviana Godoy Guglielmone, explicando el cambio que se desea realizar y el\/los motivos del mismo. Deber\u00e1 acompa\u00f1ar esta nota, el aval del director y la conformidad de la\/s personas\/s a incorporar, rotar o eliminar de la direcci\u00f3n de tesis.<\/span><\/li>\n<li><span>Copia digital del DNI del estudiante de posgrado.<\/span><\/li>\n<\/ul>\n<ol start=\"2\">\n<li><span> Enviar en un \u00fanico PDF toda la documentaci\u00f3n mencionada siguiendo el orden establecido (nota e informe) a mesaentrada@exa.unne.edu.ar con copia a la direcci\u00f3n <a href=\"mailto:lorena.duarte@exa.unne.edu.ar\">lorena.duarte@exa.unne.edu.ar<\/a><\/span><\/li>\n<\/ol>\n<p><span>Si no sabes c\u00f3mo unir en un solo PDF los requisitos, pod\u00e9s hacerlo ingresando a (link i love pdf unir) .<\/span><\/p>\n<p>[\/et_pb_text][et_pb_divider _builder_version=&#8221;4.27.2&#8243; _module_preset=&#8221;default&#8221; hover_enabled=&#8221;0&#8243; sticky_enabled=&#8221;0&#8243;][\/et_pb_divider][et_pb_text _builder_version=&#8221;4.27.2&#8243; _module_preset=&#8221;default&#8221; global_colors_info=&#8221;{}&#8221;]<\/p>\n<p><strong>Contacto de consultas<\/strong><\/p>\n<p><span>T\u00e9c. Mar\u00eda Liz Barber\u00e1n \u00a0<\/span><\/p>\n<p><span>sip.administraci\u00f3n@comunidad.unne.edu.ar<\/span><\/p>\n<p>[\/et_pb_text][\/et_pb_column][\/et_pb_row][\/et_pb_section]<\/p>\n","protected":false},"excerpt":{"rendered":"<p>Cambios en el t\u00edtulo de las tesis Podr\u00e1s solicitar el cambio del t\u00edtulo de la tesis a trav\u00e9s de un tr\u00e1mite a distancia (TAD) en Mesa de Entradas (no se reciben tr\u00e1mites presenciales). Para ello el\/la doctorando\/a deber\u00e1 seguir lo siguientes pasos: 1. Reunir la siguiente documentaci\u00f3n: Nota de elevaci\u00f3n con el aval del director [&hellip;]<\/p>\n","protected":false},"author":1,"featured_media":0,"parent":0,"menu_order":0,"comment_status":"closed","ping_status":"closed","template":"","meta":{"_et_pb_use_builder":"on","_et_pb_old_content":"","_et_gb_content_width":"","_monsterinsights_skip_tracking":false,"_monsterinsights_sitenote_active":false,"_monsterinsights_sitenote_note":"","_monsterinsights_sitenote_category":0,"footnotes":""},"class_list":["post-332","page","type-page","status-publish","hentry"],"_links":{"self":[{"href":"https:\/\/exa.unne.edu.ar\/postgrado1-web\/index.php?rest_route=\/wp\/v2\/pages\/332","targetHints":{"allow":["GET"]}}],"collection":[{"href":"https:\/\/exa.unne.edu.ar\/postgrado1-web\/index.php?rest_route=\/wp\/v2\/pages"}],"about":[{"href":"https:\/\/exa.unne.edu.ar\/postgrado1-web\/index.php?rest_route=\/wp\/v2\/types\/page"}],"author":[{"embeddable":true,"href":"https:\/\/exa.unne.edu.ar\/postgrado1-web\/index.php?rest_route=\/wp\/v2\/users\/1"}],"replies":[{"embeddable":true,"href":"https:\/\/exa.unne.edu.ar\/postgrado1-web\/index.php?rest_route=%2Fwp%2Fv2%2Fcomments&post=332"}],"version-history":[{"count":5,"href":"https:\/\/exa.unne.edu.ar\/postgrado1-web\/index.php?rest_route=\/wp\/v2\/pages\/332\/revisions"}],"predecessor-version":[{"id":343,"href":"https:\/\/exa.unne.edu.ar\/postgrado1-web\/index.php?rest_route=\/wp\/v2\/pages\/332\/revisions\/343"}],"wp:attachment":[{"href":"https:\/\/exa.unne.edu.ar\/postgrado1-web\/index.php?rest_route=%2Fwp%2Fv2%2Fmedia&parent=332"}],"curies":[{"name":"wp","href":"https:\/\/api.w.org\/{rel}","templated":true}]}}