{"id":321,"date":"2025-02-10T18:23:08","date_gmt":"2025-02-10T18:23:08","guid":{"rendered":"https:\/\/exa.unne.edu.ar\/postgrado1-web\/?page_id=321"},"modified":"2025-09-08T15:07:18","modified_gmt":"2025-09-08T15:07:18","slug":"prorrogas","status":"publish","type":"page","link":"https:\/\/exa.unne.edu.ar\/postgrado1-web\/?page_id=321","title":{"rendered":"Pr\u00f3rrogas"},"content":{"rendered":"<p>[et_pb_section fb_built=&#8221;1&#8243; _builder_version=&#8221;4.27.2&#8243; _module_preset=&#8221;default&#8221; global_colors_info=&#8221;{}&#8221;][et_pb_row _builder_version=&#8221;4.27.2&#8243; _module_preset=&#8221;default&#8221; global_colors_info=&#8221;{}&#8221;][et_pb_column type=&#8221;4_4&#8243; _builder_version=&#8221;4.27.2&#8243; _module_preset=&#8221;default&#8221; global_colors_info=&#8221;{}&#8221;][et_pb_heading title=&#8221;Pr\u00f3rrogas&#8221; admin_label=&#8221;Heading&#8221; _builder_version=&#8221;4.27.2&#8243; _module_preset=&#8221;default&#8221; custom_margin=&#8221;||23px|||&#8221; global_colors_info=&#8221;{}&#8221;][\/et_pb_heading][et_pb_text _builder_version=&#8221;4.27.2&#8243; _module_preset=&#8221;default&#8221; global_colors_info=&#8221;{}&#8221;]<\/p>\n<p><strong><span><\/span><\/strong><\/p>\n<p><strong><span>Pr\u00f3rroga ordinaria<\/span><\/strong><\/p>\n<p><span>Podr\u00e1s solicitar la pr\u00f3rroga extraordinaria de <strong>hasta 12 meses<\/strong> para la presentaci\u00f3n de la tesis a trav\u00e9s de un tr\u00e1mite a distancia (TAD) en Mesa de Entradas (no se reciben tr\u00e1mites presenciales). Para ello el\/la doctorando\/a deber\u00e1 seguir lo siguientes pasos:<\/span><\/p>\n<ol>\n<li>Reunir la siguiente documentaci\u00f3n en formato PDF.<\/li>\n<\/ol>\n<ul>\n<li>Nota de elevaci\u00f3n con el aval del director de tesis dirigida a la Decana de Fa.C.E.N.A, Mgter Viviana Godoy Guglielmone, solicitando la pr\u00f3rroga y elevando el cuarto informe anual.<\/li>\n<li>Informe Anual. <a href=\"https:\/\/exa.unne.edu.ar\/postgrado1-web\/?page_id=318\"><em>M\u00e1s informaci\u00f3n<\/em><\/a>.<\/li>\n<\/ul>\n<ol start=\"2\">\n<li>Enviar en un \u00fanico PDF toda la documentaci\u00f3n mencionada siguiendo el orden establecido (nota e informe) a mesaentrada@exa.unne.edu.ar<\/li>\n<\/ol>\n<p>Si no sabes c\u00f3mo unir en un solo PDF los requisitos, pod\u00e9s hacerlo ingresando a <a href=\"https:\/\/www.ilovepdf.com\/es\/unir_pdf\">https:\/\/www.ilovepdf.com\/es\/unir_pdf<\/a><\/p>\n<p style=\"font-weight: 400;\"><em>\u00a0Importante:<\/em> Se puede presentar la tesis antes de que finalice la pr\u00f3rroga.<\/p>\n<p>&#8211;<strong><span><\/span><\/strong><\/p>\n<p><strong><span><\/span><\/strong><\/p>\n<p><strong><span>Pr\u00f3rroga extraordinaria<\/span><\/strong><\/p>\n<p><span>Podr\u00e1s solicitar la pr\u00f3rroga extraordinaria de <strong>hasta 6 meses<\/strong> para la presentaci\u00f3n de la tesis a trav\u00e9s de un tr\u00e1mite a distancia (TAD) en Mesa de Entradas (no se reciben tr\u00e1mites presenciales). Para ello el\/la doctorando\/a deber\u00e1 seguir lo siguientes pasos:<\/span><\/p>\n<ol>\n<li>Reunir la siguiente documentaci\u00f3n en formato PDF.<\/li>\n<\/ol>\n<ul>\n<li>Nota de elevaci\u00f3n con el aval del director de tesis dirigida a la Decana de Fa.C.E.N.A, Mgter Viviana Godoy Guglielmone, solicitando la pr\u00f3rroga<\/li>\n<\/ul>\n<ol start=\"2\">\n<li>Enviar en un \u00fanico PDF toda la documentaci\u00f3n mencionada siguiendo el orden establecido (nota e informe) a mesaentrada@exa.unne.edu.ar<\/li>\n<\/ol>\n<p>Si no sabes c\u00f3mo unir en un solo PDF los requisitos, pod\u00e9s hacerlo ingresando a <a href=\"https:\/\/www.ilovepdf.com\/es\/unir_pdf\">https:\/\/www.ilovepdf.com\/es\/unir_pdf<\/a><\/p>\n<p><em>\u00a0Importante: Se puede presentar la tesis antes de que finalice la pr\u00f3rroga.<\/em><\/p>\n<p><span><\/span><\/p>\n<p>[\/et_pb_text][et_pb_text _builder_version=&#8221;4.27.2&#8243; _module_preset=&#8221;default&#8221; global_colors_info=&#8221;{}&#8221;]<\/p>\n<p><strong>Contacto de consultas<\/strong><\/p>\n<p><span>T\u00e9c. Mar\u00eda Liz Barber\u00e1n \u00a0<\/span><\/p>\n<p><span>sip.administraci\u00f3n@comunidad.unne.edu.ar<\/span><\/p>\n<p>[\/et_pb_text][\/et_pb_column][\/et_pb_row][\/et_pb_section]<\/p>\n","protected":false},"excerpt":{"rendered":"<p>Pr\u00f3rroga ordinaria Podr\u00e1s solicitar la pr\u00f3rroga extraordinaria de hasta 12 meses para la presentaci\u00f3n de la tesis a trav\u00e9s de un tr\u00e1mite a distancia (TAD) en Mesa de Entradas (no se reciben tr\u00e1mites presenciales). Para ello el\/la doctorando\/a deber\u00e1 seguir lo siguientes pasos: Reunir la siguiente documentaci\u00f3n en formato PDF. Nota de elevaci\u00f3n con el [&hellip;]<\/p>\n","protected":false},"author":1,"featured_media":0,"parent":0,"menu_order":0,"comment_status":"closed","ping_status":"closed","template":"","meta":{"_et_pb_use_builder":"on","_et_pb_old_content":"","_et_gb_content_width":"","_monsterinsights_skip_tracking":false,"_monsterinsights_sitenote_active":false,"_monsterinsights_sitenote_note":"","_monsterinsights_sitenote_category":0,"footnotes":""},"class_list":["post-321","page","type-page","status-publish","hentry"],"_links":{"self":[{"href":"https:\/\/exa.unne.edu.ar\/postgrado1-web\/index.php?rest_route=\/wp\/v2\/pages\/321","targetHints":{"allow":["GET"]}}],"collection":[{"href":"https:\/\/exa.unne.edu.ar\/postgrado1-web\/index.php?rest_route=\/wp\/v2\/pages"}],"about":[{"href":"https:\/\/exa.unne.edu.ar\/postgrado1-web\/index.php?rest_route=\/wp\/v2\/types\/page"}],"author":[{"embeddable":true,"href":"https:\/\/exa.unne.edu.ar\/postgrado1-web\/index.php?rest_route=\/wp\/v2\/users\/1"}],"replies":[{"embeddable":true,"href":"https:\/\/exa.unne.edu.ar\/postgrado1-web\/index.php?rest_route=%2Fwp%2Fv2%2Fcomments&post=321"}],"version-history":[{"count":6,"href":"https:\/\/exa.unne.edu.ar\/postgrado1-web\/index.php?rest_route=\/wp\/v2\/pages\/321\/revisions"}],"predecessor-version":[{"id":1562,"href":"https:\/\/exa.unne.edu.ar\/postgrado1-web\/index.php?rest_route=\/wp\/v2\/pages\/321\/revisions\/1562"}],"wp:attachment":[{"href":"https:\/\/exa.unne.edu.ar\/postgrado1-web\/index.php?rest_route=%2Fwp%2Fv2%2Fmedia&parent=321"}],"curies":[{"name":"wp","href":"https:\/\/api.w.org\/{rel}","templated":true}]}}