{"id":319,"date":"2025-02-10T18:18:16","date_gmt":"2025-02-10T18:18:16","guid":{"rendered":"https:\/\/exa.unne.edu.ar\/postgrado1-web\/?page_id=319"},"modified":"2026-03-12T13:49:30","modified_gmt":"2026-03-12T13:49:30","slug":"acreditacion-de-cursos-de-posgrado-e-idiomas","status":"publish","type":"page","link":"https:\/\/exa.unne.edu.ar\/postgrado1-web\/?page_id=319","title":{"rendered":"Acreditaci\u00f3n de cursos de posgrado e idiomas"},"content":{"rendered":"<p>[et_pb_section fb_built=&#8221;1&#8243; _builder_version=&#8221;4.27.2&#8243; _module_preset=&#8221;default&#8221; global_colors_info=&#8221;{}&#8221;][et_pb_row _builder_version=&#8221;4.27.2&#8243; _module_preset=&#8221;default&#8221; global_colors_info=&#8221;{}&#8221;][et_pb_column type=&#8221;4_4&#8243; _builder_version=&#8221;4.27.2&#8243; _module_preset=&#8221;default&#8221; global_colors_info=&#8221;{}&#8221;][et_pb_heading title=&#8221;Acreditaci\u00f3n de cursos de posgrado e idiomas&#8221; admin_label=&#8221;Heading&#8221; _builder_version=&#8221;4.27.2&#8243; _module_preset=&#8221;default&#8221; custom_margin=&#8221;||23px|||&#8221; global_colors_info=&#8221;{}&#8221;][\/et_pb_heading][et_pb_text _builder_version=&#8221;4.27.2&#8243; _module_preset=&#8221;default&#8221; hover_enabled=&#8221;0&#8243; global_colors_info=&#8221;{}&#8221; sticky_enabled=&#8221;0&#8243;]<\/p>\n<p><span>Deber\u00e1 ser solicitado en una \u00fanica nota al momento de elevar los respectivos informes anuales, a la cual se adjuntar\u00e1 la documentaci\u00f3n requerida por las reglamentaciones vigentes, en formato electr\u00f3nico.<\/span><\/p>\n<p><span>Para ello el\/la doctorando\/a (estudiante de la carrera de posgrado de F\u00edsica, Qu\u00edmica o Biolog\u00eda) deber\u00e1 seguir los siguientes pasos:<\/span><\/p>\n<ol>\n<li><span> Reunir la siguiente documentaci\u00f3n digitalizada en formato PDF:<\/span><\/li>\n<\/ol>\n<ul>\n<li style=\"list-style-type: none;\">\n<ul>\n<li><span>\u00a0Nota dirigida a la Decana de Fa.C.E.N.A., Mgtr. Mar\u00eda Viviana Godoy Guglielmone, indicando en detalle el\/los cursos de posgrado a acreditar.<\/span><\/li>\n<li><span>Aval de el\/la director\/a de tesis.<\/span><\/li>\n<li><span>Copia digital de los certificados de aprobaci\u00f3n de los cursos de posgrado.<\/span><\/li>\n<li><span>Copia digital de los programas de los cursos de posgrado.<\/span><\/li>\n<li><span>Copia digital de los CVs del o los profesores dictantes de los cursos de posgrado.<\/span><\/li>\n<li><span>Informe de avance. <a href=\"https:\/\/exa.unne.edu.ar\/postgrado1-web\/?page_id=318\"><strong>M\u00e1s informaci\u00f3n.<\/strong><\/a><\/span><\/li>\n<\/ul>\n<\/li>\n<\/ul>\n<ol start=\"2\">\n<li><span> Enviar en un \u00fanico PDF toda la documentaci\u00f3n mencionada siguiente el orden establecido (Nota, Formulario, Cvs, DNI, Partida de Nacimiento y Titulo de Grado) a <span style=\"color: #0c71c3;\">mesaentrada@exa.unne.edu.ar<\/span> con copia a la direcci\u00f3n <a href=\"mailto:lorena.duarte@exa.unne.edu.ar\">lorena.duarte@exa.unne.edu.ar<\/a><\/span><\/li>\n<\/ol>\n<p><span>En el caso que se quieran registrar m\u00e1s de un curso, se pide que se envi\u00e9n todos los archivos unificados en un solo PDF respetando el siguiente orden:<\/span><\/p>\n<ul>\n<li><span>Certificado<\/span><\/li>\n<li><span>Programa del curso<\/span><\/li>\n<li><span>Cvs de los docentes dictantes<\/span><\/li>\n<\/ul>\n<p><span><strong>Importante:<\/strong> Toda la documentaci\u00f3n presentada debe estar en buena calidad siguiendo los siguientes par\u00e1metros:<\/span><\/p>\n<ul>\n<li><span>Los textos deben leer con claridad.<\/span><\/li>\n<li><span>Las im\u00e1genes deben ser n\u00edtidas y verse correctamente.<\/span><\/li>\n<\/ul>\n<p><span>En caso en que alguno de los requisitos de la documentaci\u00f3n no cumplan con alguno de los par\u00e1metros, ser\u00e1n requeridos nuevamente. <\/span><\/p>\n<p>[\/et_pb_text][et_pb_text _builder_version=&#8221;4.27.2&#8243; _module_preset=&#8221;default&#8221; global_colors_info=&#8221;{}&#8221;]<\/p>\n<p><strong>Contacto de consultas<\/strong><\/p>\n<p><span>T\u00e9c. Mar\u00eda Liz Barber\u00e1n \u00a0<\/span><\/p>\n<p><span>sip.administraci\u00f3n@comunidad.unne.edu.ar<\/span><\/p>\n<p>[\/et_pb_text][\/et_pb_column][\/et_pb_row][\/et_pb_section]<\/p>\n","protected":false},"excerpt":{"rendered":"<p>Deber\u00e1 ser solicitado en una \u00fanica nota al momento de elevar los respectivos informes anuales, a la cual se adjuntar\u00e1 la documentaci\u00f3n requerida por las reglamentaciones vigentes, en formato electr\u00f3nico. Para ello el\/la doctorando\/a (estudiante de la carrera de posgrado de F\u00edsica, Qu\u00edmica o Biolog\u00eda) deber\u00e1 seguir los siguientes pasos: Reunir la siguiente documentaci\u00f3n digitalizada [&hellip;]<\/p>\n","protected":false},"author":1,"featured_media":0,"parent":0,"menu_order":0,"comment_status":"closed","ping_status":"closed","template":"","meta":{"_et_pb_use_builder":"on","_et_pb_old_content":"","_et_gb_content_width":"","_monsterinsights_skip_tracking":false,"_monsterinsights_sitenote_active":false,"_monsterinsights_sitenote_note":"","_monsterinsights_sitenote_category":0,"footnotes":""},"class_list":["post-319","page","type-page","status-publish","hentry"],"_links":{"self":[{"href":"https:\/\/exa.unne.edu.ar\/postgrado1-web\/index.php?rest_route=\/wp\/v2\/pages\/319","targetHints":{"allow":["GET"]}}],"collection":[{"href":"https:\/\/exa.unne.edu.ar\/postgrado1-web\/index.php?rest_route=\/wp\/v2\/pages"}],"about":[{"href":"https:\/\/exa.unne.edu.ar\/postgrado1-web\/index.php?rest_route=\/wp\/v2\/types\/page"}],"author":[{"embeddable":true,"href":"https:\/\/exa.unne.edu.ar\/postgrado1-web\/index.php?rest_route=\/wp\/v2\/users\/1"}],"replies":[{"embeddable":true,"href":"https:\/\/exa.unne.edu.ar\/postgrado1-web\/index.php?rest_route=%2Fwp%2Fv2%2Fcomments&post=319"}],"version-history":[{"count":7,"href":"https:\/\/exa.unne.edu.ar\/postgrado1-web\/index.php?rest_route=\/wp\/v2\/pages\/319\/revisions"}],"predecessor-version":[{"id":1749,"href":"https:\/\/exa.unne.edu.ar\/postgrado1-web\/index.php?rest_route=\/wp\/v2\/pages\/319\/revisions\/1749"}],"wp:attachment":[{"href":"https:\/\/exa.unne.edu.ar\/postgrado1-web\/index.php?rest_route=%2Fwp%2Fv2%2Fmedia&parent=319"}],"curies":[{"name":"wp","href":"https:\/\/api.w.org\/{rel}","templated":true}]}}