{"id":284,"date":"2025-02-07T15:06:35","date_gmt":"2025-02-07T15:06:35","guid":{"rendered":"https:\/\/exa.unne.edu.ar\/postgrado1-web\/?page_id=284"},"modified":"2025-04-24T10:27:39","modified_gmt":"2025-04-24T10:27:39","slug":"doctorado-en-quimica","status":"publish","type":"page","link":"https:\/\/exa.unne.edu.ar\/postgrado1-web\/?page_id=284","title":{"rendered":"Doctorado en Qu\u00edmica"},"content":{"rendered":"<p>[et_pb_section fb_built=&#8221;1&#8243; _builder_version=&#8221;4.27.2&#8243; _module_preset=&#8221;default&#8221; global_colors_info=&#8221;{}&#8221;][et_pb_row _builder_version=&#8221;4.27.2&#8243; _module_preset=&#8221;default&#8221; global_colors_info=&#8221;{}&#8221;][et_pb_column type=&#8221;4_4&#8243; _builder_version=&#8221;4.27.2&#8243; _module_preset=&#8221;default&#8221; global_colors_info=&#8221;{}&#8221;][et_pb_post_title meta=&#8221;off&#8221; featured_image=&#8221;off&#8221; _builder_version=&#8221;4.27.2&#8243; _module_preset=&#8221;default&#8221; global_colors_info=&#8221;{}&#8221;][\/et_pb_post_title][\/et_pb_column][\/et_pb_row][et_pb_row _builder_version=&#8221;4.27.2&#8243; _module_preset=&#8221;default&#8221; custom_margin=&#8221;-18px|auto||auto||&#8221; global_colors_info=&#8221;{}&#8221;][et_pb_column type=&#8221;4_4&#8243; _builder_version=&#8221;4.27.2&#8243; _module_preset=&#8221;default&#8221; global_colors_info=&#8221;{}&#8221;][et_pb_text _builder_version=&#8221;4.27.2&#8243; _module_preset=&#8221;default&#8221; global_colors_info=&#8221;{}&#8221;]<\/p>\n<p><strong>Modalidad: <\/strong>Presencial &#8211; Personalizada.<\/p>\n<p><strong>Reglamento de Carrera: <\/strong>Resoluci\u00f3n N\u00b0 628\/21 CS.<\/p>\n<p><strong>Resoluci\u00f3n CONEAU: <\/strong>N\u00b0 423\/22.<\/p>\n<p><strong>Resoluci\u00f3n Ministerial:\u00a0<\/strong> N\u00b0 160\/23.<\/p>\n<p><strong>Destinatarios:\u00a0<\/strong><\/p>\n<ol>\n<li>Tener t\u00edtulo de Licenciado en Ciencias Qu\u00edmicas o equivalente de esta Universidad o de otras Universidades Nacionales o Privadas del pa\u00eds reconocidas oficialmente.<\/li>\n<li>Tener un t\u00edtulo universitario en disciplinas relacionadas con la Qu\u00edmica, previa calificaci\u00f3n por parte del Comit\u00e9 Acad\u00e9mico del Doctorado de los contenidos acad\u00e9micos relacionados con Qu\u00edmica de cada carrera.<\/li>\n<li>Tener t\u00edtulo de Licenciado en Ciencias Qu\u00edmicas o equivalente expedido por una Universidad extranjera, que cumpla con lo estipulado por la legislaci\u00f3n nacional y por la de la Universidad Nacional del Nordeste.<\/li>\n<li>Para el caso de postulantes cuyo t\u00edtulo de educaci\u00f3n superior pertenezca a una carrera de cuatro (4) a\u00f1os o menos de duraci\u00f3n u otras situaciones no comprendidas en los incisos anteriores, cumplimentar los requisitos que establezca la Comisi\u00f3n Acad\u00e9mica del Doctorado, en el marco de lo establecido en las normativas universitarias y nacionales vigentes.<\/li>\n<\/ol>\n<p><strong>Carga horaria: <\/strong>400 horas.<\/p>\n<p><strong>Inscripci\u00f3n abierta.<\/strong><\/p>\n<p>&nbsp;<\/p>\n<p>[\/et_pb_text][\/et_pb_column][\/et_pb_row][et_pb_row _builder_version=&#8221;4.27.2&#8243; _module_preset=&#8221;default&#8221; global_colors_info=&#8221;{}&#8221;][et_pb_column type=&#8221;4_4&#8243; _builder_version=&#8221;4.27.2&#8243; _module_preset=&#8221;default&#8221; global_colors_info=&#8221;{}&#8221;][et_pb_text _builder_version=&#8221;4.27.2&#8243; _module_preset=&#8221;default&#8221; custom_margin=&#8221;||-29px|||&#8221; custom_padding=&#8221;||10px|||&#8221; global_colors_info=&#8221;{}&#8221;]<\/p>\n<p><strong>Documentos de inter\u00e9s<\/strong><\/p>\n<p>[\/et_pb_text][\/et_pb_column][\/et_pb_row][et_pb_row _builder_version=&#8221;4.27.2&#8243; _module_preset=&#8221;default&#8221; custom_padding=&#8221;13px|||||&#8221; global_colors_info=&#8221;{}&#8221;][et_pb_column type=&#8221;4_4&#8243; _builder_version=&#8221;4.27.2&#8243; _module_preset=&#8221;default&#8221; global_colors_info=&#8221;{}&#8221;][et_pb_text _builder_version=&#8221;4.27.2&#8243; _module_preset=&#8221;default&#8221; custom_margin=&#8221;-2px|||||&#8221; hover_enabled=&#8221;0&#8243; global_colors_info=&#8221;{}&#8221; sticky_enabled=&#8221;0&#8243;]<\/p>\n<p><a href=\"https:\/\/exa.unne.edu.ar\/postgrado1-web\/wp-content\/uploads\/2025\/04\/RES.-628-21-CS-Reglamento-de-Funcionamiento-Quimica-1.pdf\" target=\"_blank\" rel=\"noopener\">Descarga el Reglamento de Carrera &#8211; Resoluci\u00f3n N\u00b0 628\/21 CS.<\/a><\/p>\n<p><a href=\"https:\/\/exa.unne.edu.ar\/postgrado1-web\/wp-content\/uploads\/2025\/02\/RES.-CONEAU-423-22-Doctorado-en-Quimica.pdf\" target=\"_blank\" rel=\"noopener\">Descarga la Resoluci\u00f3n CONEAU: N\u00b0 423\/22.<\/a><\/p>\n<p><a href=\"https:\/\/exa.unne.edu.ar\/postgrado1-web\/wp-content\/uploads\/2025\/02\/RSPU-160-23-Doctorado-en-Quimica.pdf\" target=\"_blank\" rel=\"noopener\">Descarga la Resoluci\u00f3n Ministerial:\u00a0 N\u00b0 160\/23.<\/a><\/p>\n<p>[\/et_pb_text][\/et_pb_column][\/et_pb_row][\/et_pb_section]<\/p>\n","protected":false},"excerpt":{"rendered":"<p>Modalidad: Presencial &#8211; Personalizada. Reglamento de Carrera: Resoluci\u00f3n N\u00b0 628\/21 CS. Resoluci\u00f3n CONEAU: N\u00b0 423\/22. Resoluci\u00f3n Ministerial:\u00a0 N\u00b0 160\/23. Destinatarios:\u00a0 Tener t\u00edtulo de Licenciado en Ciencias Qu\u00edmicas o equivalente de esta Universidad o de otras Universidades Nacionales o Privadas del pa\u00eds reconocidas oficialmente. Tener un t\u00edtulo universitario en disciplinas relacionadas con la Qu\u00edmica, previa calificaci\u00f3n [&hellip;]<\/p>\n","protected":false},"author":1,"featured_media":0,"parent":0,"menu_order":0,"comment_status":"closed","ping_status":"closed","template":"","meta":{"_et_pb_use_builder":"on","_et_pb_old_content":"","_et_gb_content_width":"","_monsterinsights_skip_tracking":false,"_monsterinsights_sitenote_active":false,"_monsterinsights_sitenote_note":"","_monsterinsights_sitenote_category":0,"footnotes":""},"class_list":["post-284","page","type-page","status-publish","hentry"],"_links":{"self":[{"href":"https:\/\/exa.unne.edu.ar\/postgrado1-web\/index.php?rest_route=\/wp\/v2\/pages\/284","targetHints":{"allow":["GET"]}}],"collection":[{"href":"https:\/\/exa.unne.edu.ar\/postgrado1-web\/index.php?rest_route=\/wp\/v2\/pages"}],"about":[{"href":"https:\/\/exa.unne.edu.ar\/postgrado1-web\/index.php?rest_route=\/wp\/v2\/types\/page"}],"author":[{"embeddable":true,"href":"https:\/\/exa.unne.edu.ar\/postgrado1-web\/index.php?rest_route=\/wp\/v2\/users\/1"}],"replies":[{"embeddable":true,"href":"https:\/\/exa.unne.edu.ar\/postgrado1-web\/index.php?rest_route=%2Fwp%2Fv2%2Fcomments&post=284"}],"version-history":[{"count":6,"href":"https:\/\/exa.unne.edu.ar\/postgrado1-web\/index.php?rest_route=\/wp\/v2\/pages\/284\/revisions"}],"predecessor-version":[{"id":1376,"href":"https:\/\/exa.unne.edu.ar\/postgrado1-web\/index.php?rest_route=\/wp\/v2\/pages\/284\/revisions\/1376"}],"wp:attachment":[{"href":"https:\/\/exa.unne.edu.ar\/postgrado1-web\/index.php?rest_route=%2Fwp%2Fv2%2Fmedia&parent=284"}],"curies":[{"name":"wp","href":"https:\/\/api.w.org\/{rel}","templated":true}]}}