{"id":283,"date":"2025-02-07T16:43:54","date_gmt":"2025-02-07T16:43:54","guid":{"rendered":"https:\/\/exa.unne.edu.ar\/postgrado1-web\/?page_id=283"},"modified":"2025-02-18T14:57:47","modified_gmt":"2025-02-18T14:57:47","slug":"doctorado-en-informatica","status":"publish","type":"page","link":"https:\/\/exa.unne.edu.ar\/postgrado1-web\/?page_id=283","title":{"rendered":"Doctorado en Inform\u00e1tica"},"content":{"rendered":"<p>[et_pb_section fb_built=&#8221;1&#8243; _builder_version=&#8221;4.27.2&#8243; _module_preset=&#8221;default&#8221; global_colors_info=&#8221;{}&#8221;][et_pb_row _builder_version=&#8221;4.27.2&#8243; _module_preset=&#8221;default&#8221; min_height=&#8221;74.2px&#8221; custom_padding=&#8221;||13px|||&#8221; global_colors_info=&#8221;{}&#8221;][et_pb_column type=&#8221;4_4&#8243; _builder_version=&#8221;4.27.2&#8243; _module_preset=&#8221;default&#8221; global_colors_info=&#8221;{}&#8221;][et_pb_post_title meta=&#8221;off&#8221; featured_image=&#8221;off&#8221; _builder_version=&#8221;4.27.2&#8243; _module_preset=&#8221;default&#8221; global_colors_info=&#8221;{}&#8221;][\/et_pb_post_title][\/et_pb_column][\/et_pb_row][et_pb_row _builder_version=&#8221;4.27.2&#8243; _module_preset=&#8221;default&#8221; custom_margin=&#8221;-7px|auto||auto||&#8221; global_colors_info=&#8221;{}&#8221;][et_pb_column type=&#8221;4_4&#8243; _builder_version=&#8221;4.27.2&#8243; _module_preset=&#8221;default&#8221; global_colors_info=&#8221;{}&#8221;][et_pb_text _builder_version=&#8221;4.27.2&#8243; _module_preset=&#8221;default&#8221; global_colors_info=&#8221;{}&#8221;]<\/p>\n<p><strong>Plan de Estudios: <\/strong>Resoluci\u00f3n N\u00b0 02\/2019<\/p>\n<p><strong>Resoluci\u00f3n CONEAU: <\/strong>N\u00b0 626\/21<\/p>\n<p><strong>Resoluci\u00f3n Ministerial: <\/strong>N\u00b0 730\/2020<\/p>\n<p><strong>Destinatarios:<\/strong><\/p>\n<p>Los aspirantes deber\u00e1n ser graduados de Universidades Argentinas de carreras de Inform\u00e1tica o Sistemas de Informaci\u00f3n, con t\u00edtulo de grado de 4 o m\u00e1s a\u00f1os de duraci\u00f3n. Para el caso de graduados de carreras de grado no contempladas deber\u00e1n contar con una evaluaci\u00f3n y dictamen favorable del Comit\u00e9 Acad\u00e9mico que ser\u00e1 elevado al Consejo Directivo de la Sede donde se inscriba el Doctorando.<\/p>\n<p><strong><\/strong><\/p>\n<p><strong>Duraci\u00f3n: <\/strong>4 a\u00f1os.\u00a0<\/p>\n<p><strong>Modalidad: <\/strong>Semiestructurada &#8211; Presencial<\/p>\n<p><strong>Unidades acad\u00e9micas participantes:<\/strong><\/p>\n<p>La carrera Doctorado en Inform\u00e1tica es una carrera de tipo interinstitucional conveniada con un \u00fanico proceso formativo entre la Universidad Nacional del Nordeste (UNNE), la Universidad Nacional de Misiones (UNaM) y la Universidad Tecnol\u00f3gica Nacional (UTN).<\/p>\n<p><strong><\/strong><\/p>\n<p>[\/et_pb_text][et_pb_text _builder_version=&#8221;4.27.2&#8243; _module_preset=&#8221;default&#8221; global_colors_info=&#8221;{}&#8221;]<\/p>\n<p><strong>Contacto de consultas<\/strong><br \/>Lic. \u00c1ngel Barrios<br \/>Correo electr\u00f3nico: <a href=\"mailto:sip.cursos@comunidad.unne.edu.ar\">sip.cursos@comunidad.unne.edu.ar<\/a>\u00a0<\/p>\n<p>[\/et_pb_text][et_pb_text _builder_version=&#8221;4.27.2&#8243; _module_preset=&#8221;default&#8221; custom_margin=&#8221;-2px|||||&#8221; global_colors_info=&#8221;{}&#8221;]<\/p>\n<p><strong>P\u00e1gina de inter\u00e9s<\/strong><\/p>\n<p><a href=\"https:\/\/exa.unne.edu.ar\/postgrado\/di\/\">Sitio web del Doctorado en Inform\u00e1tica<\/a><\/p>\n<p>[\/et_pb_text][\/et_pb_column][\/et_pb_row][et_pb_row _builder_version=&#8221;4.27.2&#8243; _module_preset=&#8221;default&#8221; hover_enabled=&#8221;0&#8243; global_colors_info=&#8221;{}&#8221; sticky_enabled=&#8221;0&#8243;][et_pb_column type=&#8221;4_4&#8243; _builder_version=&#8221;4.27.2&#8243; _module_preset=&#8221;default&#8221; global_colors_info=&#8221;{}&#8221;][et_pb_text _builder_version=&#8221;4.27.2&#8243; _module_preset=&#8221;default&#8221; custom_margin=&#8221;-2px|||||&#8221; global_colors_info=&#8221;{}&#8221;]<\/p>\n<p><strong>Documentos de inter\u00e9s<\/strong><\/p>\n<p><a href=\"https:\/\/exa.unne.edu.ar\/postgrado1-web\/wp-content\/uploads\/2025\/02\/Resol.-No-02-19-CD-Doctorado-en-Informatica-.pdf\">Descarga el Plan de Estudios &#8211; Resoluci\u00f3n N\u00b0 02\/2019<\/a><\/p>\n<p><a href=\"https:\/\/exa.unne.edu.ar\/postgrado1-web\/wp-content\/uploads\/2025\/02\/12.-RES-730-2020-CONEAU_DR_EN_INFORMATICA.pdf\">Descarga la Resoluci\u00f3n CONEAU &#8211; N\u00b0 626\/21<\/a><\/p>\n<p><a href=\"file:\/\/\/D:\/Users\/FaCENA\/Downloads\/12.-RES-730-2020-CONEAU_DR_EN_INFORM\u00c1TICA.pdf\">Descarga la Resoluci\u00f3n Ministerial &#8211; N\u00b0 730\/2020<\/a><\/p>\n<p>[\/et_pb_text][\/et_pb_column][\/et_pb_row][\/et_pb_section]<\/p>\n","protected":false},"excerpt":{"rendered":"<p>Plan de Estudios: Resoluci\u00f3n N\u00b0 02\/2019 Resoluci\u00f3n CONEAU: N\u00b0 626\/21 Resoluci\u00f3n Ministerial: N\u00b0 730\/2020 Destinatarios: Los aspirantes deber\u00e1n ser graduados de Universidades Argentinas de carreras de Inform\u00e1tica o Sistemas de Informaci\u00f3n, con t\u00edtulo de grado de 4 o m\u00e1s a\u00f1os de duraci\u00f3n. Para el caso de graduados de carreras de grado no contempladas deber\u00e1n contar [&hellip;]<\/p>\n","protected":false},"author":1,"featured_media":0,"parent":0,"menu_order":0,"comment_status":"closed","ping_status":"closed","template":"","meta":{"_et_pb_use_builder":"on","_et_pb_old_content":"","_et_gb_content_width":"","_monsterinsights_skip_tracking":false,"_monsterinsights_sitenote_active":false,"_monsterinsights_sitenote_note":"","_monsterinsights_sitenote_category":0,"footnotes":""},"class_list":["post-283","page","type-page","status-publish","hentry"],"_links":{"self":[{"href":"https:\/\/exa.unne.edu.ar\/postgrado1-web\/index.php?rest_route=\/wp\/v2\/pages\/283","targetHints":{"allow":["GET"]}}],"collection":[{"href":"https:\/\/exa.unne.edu.ar\/postgrado1-web\/index.php?rest_route=\/wp\/v2\/pages"}],"about":[{"href":"https:\/\/exa.unne.edu.ar\/postgrado1-web\/index.php?rest_route=\/wp\/v2\/types\/page"}],"author":[{"embeddable":true,"href":"https:\/\/exa.unne.edu.ar\/postgrado1-web\/index.php?rest_route=\/wp\/v2\/users\/1"}],"replies":[{"embeddable":true,"href":"https:\/\/exa.unne.edu.ar\/postgrado1-web\/index.php?rest_route=%2Fwp%2Fv2%2Fcomments&post=283"}],"version-history":[{"count":5,"href":"https:\/\/exa.unne.edu.ar\/postgrado1-web\/index.php?rest_route=\/wp\/v2\/pages\/283\/revisions"}],"predecessor-version":[{"id":769,"href":"https:\/\/exa.unne.edu.ar\/postgrado1-web\/index.php?rest_route=\/wp\/v2\/pages\/283\/revisions\/769"}],"wp:attachment":[{"href":"https:\/\/exa.unne.edu.ar\/postgrado1-web\/index.php?rest_route=%2Fwp%2Fv2%2Fmedia&parent=283"}],"curies":[{"name":"wp","href":"https:\/\/api.w.org\/{rel}","templated":true}]}}