{"id":282,"date":"2025-02-10T13:24:47","date_gmt":"2025-02-10T13:24:47","guid":{"rendered":"https:\/\/exa.unne.edu.ar\/postgrado1-web\/?page_id=282"},"modified":"2025-02-18T14:53:36","modified_gmt":"2025-02-18T14:53:36","slug":"doctorado-en-biologia","status":"publish","type":"page","link":"https:\/\/exa.unne.edu.ar\/postgrado1-web\/?page_id=282","title":{"rendered":"Doctorado en Biolog\u00eda"},"content":{"rendered":"<p>[et_pb_section fb_built=&#8221;1&#8243; _builder_version=&#8221;4.27.2&#8243; _module_preset=&#8221;default&#8221; global_colors_info=&#8221;{}&#8221;][et_pb_row _builder_version=&#8221;4.27.2&#8243; _module_preset=&#8221;default&#8221; global_colors_info=&#8221;{}&#8221;][et_pb_column type=&#8221;4_4&#8243; _builder_version=&#8221;4.27.2&#8243; _module_preset=&#8221;default&#8221; global_colors_info=&#8221;{}&#8221;][et_pb_post_title meta=&#8221;off&#8221; featured_image=&#8221;off&#8221; _builder_version=&#8221;4.27.2&#8243; _module_preset=&#8221;default&#8221; global_colors_info=&#8221;{}&#8221;][\/et_pb_post_title][\/et_pb_column][\/et_pb_row][et_pb_row _builder_version=&#8221;4.27.2&#8243; _module_preset=&#8221;default&#8221; global_colors_info=&#8221;{}&#8221;][et_pb_column type=&#8221;4_4&#8243; _builder_version=&#8221;4.27.2&#8243; _module_preset=&#8221;default&#8221; global_colors_info=&#8221;{}&#8221;][et_pb_text _builder_version=&#8221;4.27.2&#8243; _module_preset=&#8221;default&#8221; hover_enabled=&#8221;0&#8243; global_colors_info=&#8221;{}&#8221; sticky_enabled=&#8221;0&#8243;]<\/p>\n<p><strong>Resoluci\u00f3n del Plan de Estudio: <\/strong>RES &#8211; 2023 &#8211; 1043 &#8211; CS # UNNE<\/p>\n<p><strong>Resoluci\u00f3n CONEAU: <\/strong>N\u00b0 326\/2022<\/p>\n<p><strong>Resoluci\u00f3n Ministerial: <\/strong>N\u00b0 489\/23<\/p>\n<p><strong>Destinatarios: <\/strong><\/p>\n<p>Podr\u00e1n ser aspirantes a la Carrera de Doctorado en Biolog\u00eda de FACENA aquellos postulantes que cumplan con uno de los siguientes requisitos:<\/p>\n<p>a. Tener t\u00edtulo de Licenciado\/a en Ciencias Biol\u00f3gicas o equivalente de esta Universidad o de otras Universidades Nacionales o Privadas del pa\u00eds reconocidas oficialmente.<br \/>b. Acreditar otro t\u00edtulo universitario en disciplinas relacionadas con la Biolog\u00eda, previa calificaci\u00f3n por parte del Comit\u00e9 Acad\u00e9mico del Doctorado de los contenidos acad\u00e9micos relacionados con Biolog\u00eda de cada carrera.<br \/>c. Tener t\u00edtulo de Licenciado\/a en Ciencias Biol\u00f3gicas o equivalente expedido por una Universidad extranjera, que cumpla con lo estipulado por la legislaci\u00f3n nacional y por la correspondiente normativa de la Universidad Nacional del Nordeste. El t\u00edtulo debe estar autenticado por autoridad competente (incluir apostillado de La Haya).<br \/>d. Los postulantes cuyo t\u00edtulo de educaci\u00f3n superior pertenezca a una carrera de cuatro (4) a\u00f1os o menos de duraci\u00f3n u otras situaciones no comprendidas en los incisos anteriores, deber\u00e1n cumplimentar los requisitos que establezca el Comit\u00e9 de Carrera del Doctorado, en el marco de lo<br \/>establecido en las normativas universitarias y nacionales vigentes<\/p>\n<p><strong>Carga horaria: <\/strong>400 horas.<\/p>\n<p><strong>Modalidad: <\/strong>Presencial &#8211; Personalizado<\/p>\n<p>&nbsp;<\/p>\n<p><strong>Comit\u00e9 acad\u00e9mico: <\/strong>Resoluci\u00f3n N\u00b0 2024 &#8211; 612 &#8211; CD-EXA # UNNE\u00a0<\/p>\n<p><em>Directora:\u00a0<\/em>Dra. Silvia Gnaedinger (FaCENA \u2013 CECOAL)<\/p>\n<p><em>Integrantes:<\/em><\/p>\n<ul>\n<li><span>Dr. Alfredo Zurita (FACENA-UNNE \/ CECOAL -UNNE-CONICET)<\/span><\/li>\n<li><span>Dr. V\u00edctor Hugo Zaracho (FACENA-UNNE)<\/span><\/li>\n<li><span>Dra. Mar\u00eda Betiana Angulo (FACENA-UNNE \/ IBONE -UNNE-CONICET)<\/span><\/li>\n<li><span>Dra. Carina Francisca Arg\u00fcelles (UNaM)<\/span><\/li>\n<li><span>Dra. Raquel Miranda Gleiser (UNC)<\/span><\/li>\n<\/ul>\n<p>[\/et_pb_text][\/et_pb_column][\/et_pb_row][et_pb_row _builder_version=&#8221;4.27.2&#8243; _module_preset=&#8221;default&#8221; global_colors_info=&#8221;{}&#8221;][et_pb_column type=&#8221;4_4&#8243; _builder_version=&#8221;4.27.2&#8243; _module_preset=&#8221;default&#8221; global_colors_info=&#8221;{}&#8221;][et_pb_text _builder_version=&#8221;4.27.2&#8243; _module_preset=&#8221;default&#8221; custom_margin=&#8221;-2px|||||&#8221; hover_enabled=&#8221;0&#8243; global_colors_info=&#8221;{}&#8221; sticky_enabled=&#8221;0&#8243;]<\/p>\n<p><strong>Documentos de inter\u00e9s<\/strong><\/p>\n<p><a href=\"https:\/\/exa.unne.edu.ar\/postgrado1-web\/wp-content\/uploads\/2025\/02\/RES.-2023-1043-CS-Reglamento-nuevo-Doc.Biologia-3.pdf\">Descarga la Resoluci\u00f3n del Plan de Estudio: RES &#8211; 2023 &#8211; 1043 &#8211; CS # UNNE\u00a0<\/a><\/p>\n<p><a href=\"https:\/\/exa.unne.edu.ar\/postgrado1-web\/wp-content\/uploads\/2025\/02\/RES-CONEAU-326-22-Doctorado-en-Biologia-1.pdf\">Descarga la Resoluci\u00f3n CONEAU: N\u00b0 326\/2022<\/a><\/p>\n<p><a href=\"https:\/\/exa.unne.edu.ar\/postgrado1-web\/wp-content\/uploads\/2025\/02\/RM-489-23-Doctorado-en-Biologia-1.pdf\">Descarga la Resoluci\u00f3n Ministerial: N\u00b0 489\/23<\/a><\/p>\n<p><a href=\"https:\/\/exa.unne.edu.ar\/postgrado1-web\/wp-content\/uploads\/2025\/02\/RES-2024-612-CD-EXA-2.pdf\">Descarga la Resoluci\u00f3n de Comit\u00e9 Acad\u00e9mico &#8211; RES &#8211; 2024 &#8211; 612 &#8211; CD-EXA # UNNE\u00a0<\/a><\/p>\n<p>[\/et_pb_text][\/et_pb_column][\/et_pb_row][\/et_pb_section]<\/p>\n","protected":false},"excerpt":{"rendered":"<p>Resoluci\u00f3n del Plan de Estudio: RES &#8211; 2023 &#8211; 1043 &#8211; CS # UNNE Resoluci\u00f3n CONEAU: N\u00b0 326\/2022 Resoluci\u00f3n Ministerial: N\u00b0 489\/23 Destinatarios: Podr\u00e1n ser aspirantes a la Carrera de Doctorado en Biolog\u00eda de FACENA aquellos postulantes que cumplan con uno de los siguientes requisitos: a. Tener t\u00edtulo de Licenciado\/a en Ciencias Biol\u00f3gicas o equivalente [&hellip;]<\/p>\n","protected":false},"author":1,"featured_media":0,"parent":0,"menu_order":0,"comment_status":"closed","ping_status":"closed","template":"","meta":{"_et_pb_use_builder":"on","_et_pb_old_content":"","_et_gb_content_width":"","_monsterinsights_skip_tracking":false,"_monsterinsights_sitenote_active":false,"_monsterinsights_sitenote_note":"","_monsterinsights_sitenote_category":0,"footnotes":""},"class_list":["post-282","page","type-page","status-publish","hentry"],"_links":{"self":[{"href":"https:\/\/exa.unne.edu.ar\/postgrado1-web\/index.php?rest_route=\/wp\/v2\/pages\/282","targetHints":{"allow":["GET"]}}],"collection":[{"href":"https:\/\/exa.unne.edu.ar\/postgrado1-web\/index.php?rest_route=\/wp\/v2\/pages"}],"about":[{"href":"https:\/\/exa.unne.edu.ar\/postgrado1-web\/index.php?rest_route=\/wp\/v2\/types\/page"}],"author":[{"embeddable":true,"href":"https:\/\/exa.unne.edu.ar\/postgrado1-web\/index.php?rest_route=\/wp\/v2\/users\/1"}],"replies":[{"embeddable":true,"href":"https:\/\/exa.unne.edu.ar\/postgrado1-web\/index.php?rest_route=%2Fwp%2Fv2%2Fcomments&post=282"}],"version-history":[{"count":4,"href":"https:\/\/exa.unne.edu.ar\/postgrado1-web\/index.php?rest_route=\/wp\/v2\/pages\/282\/revisions"}],"predecessor-version":[{"id":766,"href":"https:\/\/exa.unne.edu.ar\/postgrado1-web\/index.php?rest_route=\/wp\/v2\/pages\/282\/revisions\/766"}],"wp:attachment":[{"href":"https:\/\/exa.unne.edu.ar\/postgrado1-web\/index.php?rest_route=%2Fwp%2Fv2%2Fmedia&parent=282"}],"curies":[{"name":"wp","href":"https:\/\/api.w.org\/{rel}","templated":true}]}}