{"id":281,"date":"2025-02-11T16:14:29","date_gmt":"2025-02-11T16:14:29","guid":{"rendered":"https:\/\/exa.unne.edu.ar\/postgrado1-web\/?page_id=281"},"modified":"2025-04-24T10:30:15","modified_gmt":"2025-04-24T10:30:15","slug":"doctorado-en-fisica","status":"publish","type":"page","link":"https:\/\/exa.unne.edu.ar\/postgrado1-web\/?page_id=281","title":{"rendered":"Doctorado en F\u00edsica"},"content":{"rendered":"<p>[et_pb_section fb_built=&#8221;1&#8243; _builder_version=&#8221;4.27.2&#8243; _module_preset=&#8221;default&#8221; global_colors_info=&#8221;{}&#8221;][et_pb_row _builder_version=&#8221;4.27.2&#8243; _module_preset=&#8221;default&#8221; global_colors_info=&#8221;{}&#8221;][et_pb_column type=&#8221;4_4&#8243; _builder_version=&#8221;4.27.2&#8243; _module_preset=&#8221;default&#8221; global_colors_info=&#8221;{}&#8221;][et_pb_post_title meta=&#8221;off&#8221; featured_image=&#8221;off&#8221; _builder_version=&#8221;4.27.2&#8243; _module_preset=&#8221;default&#8221; global_colors_info=&#8221;{}&#8221;][\/et_pb_post_title][\/et_pb_column][\/et_pb_row][et_pb_row _builder_version=&#8221;4.27.2&#8243; _module_preset=&#8221;default&#8221; custom_padding=&#8221;19px|||||&#8221; global_colors_info=&#8221;{}&#8221;][et_pb_column type=&#8221;4_4&#8243; _builder_version=&#8221;4.27.2&#8243; _module_preset=&#8221;default&#8221; global_colors_info=&#8221;{}&#8221;][et_pb_text _builder_version=&#8221;4.27.2&#8243; _module_preset=&#8221;default&#8221; global_colors_info=&#8221;{}&#8221;]<\/p>\n<p><strong>Resoluci\u00f3n de Plan de Estudio: <\/strong>N\u00b0 631\/21 CS.<\/p>\n<p><strong>Resoluci\u00f3n CONEAU: <\/strong>N\u00b0 418\/2022<\/p>\n<p><strong>Resoluci\u00f3n Ministerial: <\/strong>N\u00b0 556\/23\u00a0<\/p>\n<p><strong>Destinatarios:<\/strong><\/p>\n<p>Podr\u00e1n aspirar a la carrera de doctorado los graduados de carreras de grado de 4 a\u00f1os o m\u00e1s de duraci\u00f3n, de esta Universidad o de otras Universidades p\u00fablicas o privadas del pa\u00eds legalmente reconocidas, as\u00ed como egresados de Universidades del exterior que cumplan con id\u00e9nticos requisitos, y que re\u00fanan los requisitos establecidos en la reglamentaci\u00f3n correspondiente a cada carrera.<br \/>Los aspirantes extranjeros o con t\u00edtulo emitido por una Universidad extranjera, deber\u00e1n cumplir con los requisitos establecidos por la normativa nacional vigente para el estudio de carreras de posgrado, as\u00ed como los requisitos establecidos por la Universidad Nacional del Nordeste al respecto. Para los mismos ni su condici\u00f3n de alumno de la carrera, ni el t\u00edtulo de Doctor que \u00e9sta otorgue, confieren derecho a la habilitaci\u00f3n profesional ni ning\u00fan otro reconocimiento al t\u00edtulo de grado de Universidades Extranjeras, circunstancia que se har\u00e1 constar en el t\u00edtulo.\u00a0<br \/>El postulante que no cuente con formaci\u00f3n de grado disciplinar en f\u00edsica deber\u00e1 rendir un examen, en fecha y modalidad establecida por el Comit\u00e9 Acad\u00e9mico, sobre los contenidos m\u00ednimos de las asignaturas Mec\u00e1nica Anal\u00edtica, Electromagnetismo y Mec\u00e1nica Cu\u00e1ntica I, pertenecientes al plan de la carrera de Licenciatura en F\u00edsica de FACENA-UNNE. El Comit\u00e9 Acad\u00e9mico podr\u00e1 adicionar contenidos m\u00ednimos de otras asignaturas de grado en caso que los considere necesarios para el desarrollo del plan de tesis propuesto.<\/p>\n<p><strong>Carga horaria:<\/strong> 400 horas.<\/p>\n<p><strong>Modalidad: <\/strong>Presencial &#8211; Semiestructurada<\/p>\n<p>[\/et_pb_text][\/et_pb_column][\/et_pb_row][et_pb_row _builder_version=&#8221;4.27.2&#8243; _module_preset=&#8221;default&#8221; global_colors_info=&#8221;{}&#8221;][et_pb_column type=&#8221;4_4&#8243; _builder_version=&#8221;4.27.2&#8243; _module_preset=&#8221;default&#8221; global_colors_info=&#8221;{}&#8221;][et_pb_text _builder_version=&#8221;4.27.2&#8243; _module_preset=&#8221;default&#8221; custom_margin=&#8221;-2px|||||&#8221; hover_enabled=&#8221;0&#8243; global_colors_info=&#8221;{}&#8221; sticky_enabled=&#8221;0&#8243;]<\/p>\n<p><strong>Documentaci\u00f3n de inter\u00e9s<\/strong><\/p>\n<p><a href=\"https:\/\/exa.unne.edu.ar\/postgrado1-web\/wp-content\/uploads\/2025\/04\/RES.-631-21-CS-Reglamento-de-Funcionamiento-FISICA.pdf\">Descarga la resoluci\u00f3n del Reglamento de Carrera N\u00b0 631\/21 CS.<\/a><\/p>\n<p><a href=\"https:\/\/exa.unne.edu.ar\/postgrado1-web\/wp-content\/uploads\/2025\/02\/CONEAU-418-22-Doctorado-en-Fisica.pdf\">Descarga la resoluci\u00f3n CONEAU: N\u00b0 418\/2022<\/a><\/p>\n<p><a href=\"https:\/\/exa.unne.edu.ar\/postgrado1-web\/wp-content\/uploads\/2025\/02\/RM-556-23-Doctorado-en-Fisica-3.pdf\">Descarga la resoluci\u00f3n Ministerial: N\u00b0 556\/23\u00a0<\/a><\/p>\n<p>[\/et_pb_text][\/et_pb_column][\/et_pb_row][\/et_pb_section]<\/p>\n","protected":false},"excerpt":{"rendered":"<p>Resoluci\u00f3n de Plan de Estudio: N\u00b0 631\/21 CS. Resoluci\u00f3n CONEAU: N\u00b0 418\/2022 Resoluci\u00f3n Ministerial: N\u00b0 556\/23\u00a0 Destinatarios: Podr\u00e1n aspirar a la carrera de doctorado los graduados de carreras de grado de 4 a\u00f1os o m\u00e1s de duraci\u00f3n, de esta Universidad o de otras Universidades p\u00fablicas o privadas del pa\u00eds legalmente reconocidas, as\u00ed como egresados de [&hellip;]<\/p>\n","protected":false},"author":1,"featured_media":0,"parent":0,"menu_order":0,"comment_status":"closed","ping_status":"closed","template":"","meta":{"_et_pb_use_builder":"on","_et_pb_old_content":"","_et_gb_content_width":"","_monsterinsights_skip_tracking":false,"_monsterinsights_sitenote_active":false,"_monsterinsights_sitenote_note":"","_monsterinsights_sitenote_category":0,"footnotes":""},"class_list":["post-281","page","type-page","status-publish","hentry"],"_links":{"self":[{"href":"https:\/\/exa.unne.edu.ar\/postgrado1-web\/index.php?rest_route=\/wp\/v2\/pages\/281","targetHints":{"allow":["GET"]}}],"collection":[{"href":"https:\/\/exa.unne.edu.ar\/postgrado1-web\/index.php?rest_route=\/wp\/v2\/pages"}],"about":[{"href":"https:\/\/exa.unne.edu.ar\/postgrado1-web\/index.php?rest_route=\/wp\/v2\/types\/page"}],"author":[{"embeddable":true,"href":"https:\/\/exa.unne.edu.ar\/postgrado1-web\/index.php?rest_route=\/wp\/v2\/users\/1"}],"replies":[{"embeddable":true,"href":"https:\/\/exa.unne.edu.ar\/postgrado1-web\/index.php?rest_route=%2Fwp%2Fv2%2Fcomments&post=281"}],"version-history":[{"count":4,"href":"https:\/\/exa.unne.edu.ar\/postgrado1-web\/index.php?rest_route=\/wp\/v2\/pages\/281\/revisions"}],"predecessor-version":[{"id":1379,"href":"https:\/\/exa.unne.edu.ar\/postgrado1-web\/index.php?rest_route=\/wp\/v2\/pages\/281\/revisions\/1379"}],"wp:attachment":[{"href":"https:\/\/exa.unne.edu.ar\/postgrado1-web\/index.php?rest_route=%2Fwp%2Fv2%2Fmedia&parent=281"}],"curies":[{"name":"wp","href":"https:\/\/api.w.org\/{rel}","templated":true}]}}