{"id":192,"date":"2025-02-06T18:10:43","date_gmt":"2025-02-06T18:10:43","guid":{"rendered":"https:\/\/exa.unne.edu.ar\/postgrado1-web\/?page_id=192"},"modified":"2025-04-24T12:02:30","modified_gmt":"2025-04-24T12:02:30","slug":"maestria-en-sistemas-y-redes-de-telecomunicaciones","status":"publish","type":"page","link":"https:\/\/exa.unne.edu.ar\/postgrado1-web\/?page_id=192","title":{"rendered":"Maestr\u00eda en Sistemas y Redes de Telecomunicaciones"},"content":{"rendered":"<p>[et_pb_section fb_built=&#8221;1&#8243; _builder_version=&#8221;4.27.2&#8243; _module_preset=&#8221;default&#8221; custom_padding=&#8221;37px|||||&#8221; global_colors_info=&#8221;{}&#8221;][et_pb_row _builder_version=&#8221;4.27.2&#8243; _module_preset=&#8221;default&#8221; global_colors_info=&#8221;{}&#8221;][et_pb_column type=&#8221;4_4&#8243; _builder_version=&#8221;4.27.2&#8243; _module_preset=&#8221;default&#8221; global_colors_info=&#8221;{}&#8221;][et_pb_post_title meta=&#8221;off&#8221; featured_image=&#8221;off&#8221; _builder_version=&#8221;4.27.2&#8243; _module_preset=&#8221;default&#8221; global_colors_info=&#8221;{}&#8221;][\/et_pb_post_title][\/et_pb_column][\/et_pb_row][et_pb_row _builder_version=&#8221;4.27.2&#8243; _module_preset=&#8221;default&#8221; custom_padding=&#8221;15px|||||&#8221; global_colors_info=&#8221;{}&#8221;][et_pb_column type=&#8221;4_4&#8243; _builder_version=&#8221;4.27.2&#8243; _module_preset=&#8221;default&#8221; global_colors_info=&#8221;{}&#8221;][et_pb_text _builder_version=&#8221;4.27.2&#8243; _module_preset=&#8221;default&#8221; custom_margin=&#8221;6px|||||&#8221; global_colors_info=&#8221;{}&#8221;]<\/p>\n<p><strong>Denominaci\u00f3n:<\/strong> Maestr\u00eda en Sistemas y Redes de Telecomunicaciones.<\/p>\n<p><strong>Acreditada por CONEAU:<\/strong> Res. N\u00b0 486-2021.<\/p>\n<p><strong>Aprobada por ME:<\/strong> Res. N\u00b0 1640-2022.<\/p>\n<p><strong>Inscripci\u00f3n:<\/strong> Marzo 2024<\/p>\n<p><strong>Dictado: <\/strong>\u00a0Inicia en abril 2024. Las clases se realizar\u00e1n los Viernes de 17 a 22 h. y S\u00e1bados de 8 a 13 h.<\/p>\n<p><strong>Duraci\u00f3n de la carrera:<\/strong> Cuatro cuatrimestres acad\u00e9micos m\u00e1s el tiempo de elaboraci\u00f3n de tesis.<\/p>\n<p><strong>Aranceles:<\/strong> Matr\u00edcula anual y 12 cuotas mensuales (ajustable semestralmente)<\/p>\n<ul>\n<li>Primer a\u00f1o:\n<ul>\n<li>Matr\u00edcula anual: $17.000,00<\/li>\n<li>Cuota mensual: $38.000,00 (primer semestre)<\/li>\n<\/ul>\n<\/li>\n<li>Segundo a\u00f1o: Matr\u00edcula anual y 12 Cuotas mensuales<\/li>\n<li>Tercer a\u00f1o: Matr\u00edcula anual y Derecho a Tesis.<\/li>\n<\/ul>\n<p><em><u>Docentes de FaCENA:<\/u><\/em> 20% de descuento.<\/p>\n<p><em><u>Para estudiantes y docentes de universidades extranjeras:<\/u><\/em> USD 60.<\/p>\n<p><em>En caso de que se quiera abonar el a\u00f1o completo, se realizar\u00e1 un descuento del 20%.<\/em><\/p>\n<p><strong>Informes e inscripci\u00f3n:\u00a0 <\/strong><a href=\"mailto:sip.cursos@comunidad.unne.edu.ar\">sip.cursos@comunidad.unne.edu.ar<\/a><\/p>\n<ul><\/ul>\n<p>[\/et_pb_text][\/et_pb_column][\/et_pb_row][et_pb_row _builder_version=&#8221;4.27.2&#8243; _module_preset=&#8221;default&#8221; custom_margin=&#8221;-18px|auto||auto||&#8221; custom_padding=&#8221;13px|||||&#8221; global_colors_info=&#8221;{}&#8221;][et_pb_column type=&#8221;4_4&#8243; _builder_version=&#8221;4.27.2&#8243; _module_preset=&#8221;default&#8221; global_colors_info=&#8221;{}&#8221;][et_pb_button button_url=&#8221;https:\/\/exa.unne.edu.ar\/postgrado1-web\/wp-content\/uploads\/2025\/04\/Maestria-en-Sistemas-y-Redes-de-Telecomunicaciones-Informacion-Ampliada.pdf&#8221; url_new_window=&#8221;on&#8221; button_text=&#8221;M\u00e1s informaci\u00f3n&#8221; _builder_version=&#8221;4.27.2&#8243; _module_preset=&#8221;default&#8221; global_colors_info=&#8221;{}&#8221;][\/et_pb_button][et_pb_text _builder_version=&#8221;4.27.2&#8243; _module_preset=&#8221;default&#8221; custom_margin=&#8221;||-29px|||&#8221; global_colors_info=&#8221;{}&#8221;]<\/p>\n<p><strong>Documentos de inter\u00e9s<\/strong><\/p>\n<p>[\/et_pb_text][\/et_pb_column][\/et_pb_row][et_pb_row _builder_version=&#8221;4.27.2&#8243; _module_preset=&#8221;default&#8221; global_colors_info=&#8221;{}&#8221;][et_pb_column type=&#8221;4_4&#8243; _builder_version=&#8221;4.27.2&#8243; _module_preset=&#8221;default&#8221; global_colors_info=&#8221;{}&#8221;][et_pb_text _builder_version=&#8221;4.27.2&#8243; _module_preset=&#8221;default&#8221; custom_margin=&#8221;-2px|||||&#8221; hover_enabled=&#8221;0&#8243; global_colors_info=&#8221;{}&#8221; sticky_enabled=&#8221;0&#8243;]<\/p>\n<p><a href=\"https:\/\/exa.unne.edu.ar\/postgrado1-web\/wp-content\/uploads\/2025\/04\/RM-1640-22-Maestria-en-Sist.-y-Redes-de-Telecomunic.pdf\" target=\"_blank\" rel=\"noopener\">Descarga Resoluci\u00f3n Ministerial N\u00b0 1640-2022.<\/a><\/p>\n<p>[\/et_pb_text][\/et_pb_column][\/et_pb_row][\/et_pb_section]<\/p>\n","protected":false},"excerpt":{"rendered":"<p>Denominaci\u00f3n: Maestr\u00eda en Sistemas y Redes de Telecomunicaciones. Acreditada por CONEAU: Res. N\u00b0 486-2021. Aprobada por ME: Res. N\u00b0 1640-2022. Inscripci\u00f3n: Marzo 2024 Dictado: \u00a0Inicia en abril 2024. Las clases se realizar\u00e1n los Viernes de 17 a 22 h. y S\u00e1bados de 8 a 13 h. Duraci\u00f3n de la carrera: Cuatro cuatrimestres acad\u00e9micos m\u00e1s el [&hellip;]<\/p>\n","protected":false},"author":1,"featured_media":0,"parent":0,"menu_order":0,"comment_status":"closed","ping_status":"closed","template":"","meta":{"_et_pb_use_builder":"on","_et_pb_old_content":"","_et_gb_content_width":"","_monsterinsights_skip_tracking":false,"_monsterinsights_sitenote_active":false,"_monsterinsights_sitenote_note":"","_monsterinsights_sitenote_category":0,"footnotes":""},"class_list":["post-192","page","type-page","status-publish","hentry"],"_links":{"self":[{"href":"https:\/\/exa.unne.edu.ar\/postgrado1-web\/index.php?rest_route=\/wp\/v2\/pages\/192","targetHints":{"allow":["GET"]}}],"collection":[{"href":"https:\/\/exa.unne.edu.ar\/postgrado1-web\/index.php?rest_route=\/wp\/v2\/pages"}],"about":[{"href":"https:\/\/exa.unne.edu.ar\/postgrado1-web\/index.php?rest_route=\/wp\/v2\/types\/page"}],"author":[{"embeddable":true,"href":"https:\/\/exa.unne.edu.ar\/postgrado1-web\/index.php?rest_route=\/wp\/v2\/users\/1"}],"replies":[{"embeddable":true,"href":"https:\/\/exa.unne.edu.ar\/postgrado1-web\/index.php?rest_route=%2Fwp%2Fv2%2Fcomments&post=192"}],"version-history":[{"count":5,"href":"https:\/\/exa.unne.edu.ar\/postgrado1-web\/index.php?rest_route=\/wp\/v2\/pages\/192\/revisions"}],"predecessor-version":[{"id":1384,"href":"https:\/\/exa.unne.edu.ar\/postgrado1-web\/index.php?rest_route=\/wp\/v2\/pages\/192\/revisions\/1384"}],"wp:attachment":[{"href":"https:\/\/exa.unne.edu.ar\/postgrado1-web\/index.php?rest_route=%2Fwp%2Fv2%2Fmedia&parent=192"}],"curies":[{"name":"wp","href":"https:\/\/api.w.org\/{rel}","templated":true}]}}