{"id":1718,"date":"2026-02-03T15:23:38","date_gmt":"2026-02-03T15:23:38","guid":{"rendered":"https:\/\/exa.unne.edu.ar\/postgrado1-web\/?page_id=1718"},"modified":"2026-02-06T16:51:36","modified_gmt":"2026-02-06T16:51:36","slug":"especializacion-en-gestion-y-conservacion-de-la-biodiversidad-2","status":"publish","type":"page","link":"https:\/\/exa.unne.edu.ar\/postgrado1-web\/?page_id=1718","title":{"rendered":"Especializaci\u00f3n en Gesti\u00f3n y Conservaci\u00f3n de la Biodiversidad"},"content":{"rendered":"<p>[et_pb_section fb_built=&#8221;1&#8243; _builder_version=&#8221;4.27.2&#8243; _module_preset=&#8221;default&#8221; global_colors_info=&#8221;{}&#8221;][et_pb_row _builder_version=&#8221;4.27.2&#8243; _module_preset=&#8221;default&#8221; global_colors_info=&#8221;{}&#8221;][et_pb_column type=&#8221;4_4&#8243; _builder_version=&#8221;4.27.2&#8243; _module_preset=&#8221;default&#8221; global_colors_info=&#8221;{}&#8221;][et_pb_post_title meta=&#8221;off&#8221; featured_image=&#8221;off&#8221; _builder_version=&#8221;4.27.2&#8243; _module_preset=&#8221;default&#8221; custom_margin=&#8221;||-1px|||&#8221; global_colors_info=&#8221;{}&#8221;][\/et_pb_post_title][\/et_pb_column][\/et_pb_row][et_pb_row _builder_version=&#8221;4.27.2&#8243; _module_preset=&#8221;default&#8221; custom_padding=&#8221;4px|||||&#8221; global_colors_info=&#8221;{}&#8221;][et_pb_column type=&#8221;4_4&#8243; _builder_version=&#8221;4.27.2&#8243; _module_preset=&#8221;default&#8221; global_colors_info=&#8221;{}&#8221;][et_pb_text _builder_version=&#8221;4.27.2&#8243; _module_preset=&#8221;default&#8221; global_colors_info=&#8221;{}&#8221;]<\/p>\n<p><span style=\"color: #a81414;\"><strong>Si te interesa cursar esta carrera, complet\u00e1<a href=\"https:\/\/docs.google.com\/forms\/d\/e\/1FAIpQLSci89PvLdfszmz8tzspU6mP4uVb7ipqfX5WY5PMDUCM6XEghg\/viewform\">\u00a0este formulario\u00a0<\/a><\/strong><\/span><strong><\/strong><\/p>\n<p><strong>Resoluci\u00f3n Ministerial<\/strong>: RESOL-2022-224-APN-ME<\/p>\n<p><strong>Destinatarios: <\/strong> Licenciados en Ciencias Biol\u00f3gicas, Licenciados en Gen\u00e9tica, Licenciados en Gesti\u00f3n ambiental, Licenciados en Geograf\u00eda, Bi\u00f3logos, Veterinarios, Agr\u00f3nomos, Abogados, Profesores en Biolog\u00eda, Profesores en Geograf\u00eda. Se podr\u00e1n admitir graduados de otras carreras de grado de 4 o m\u00e1s a\u00f1os de duraci\u00f3n, previa evaluaci\u00f3n por el Comit\u00e9 Acad\u00e9mico.<\/p>\n<p>[\/et_pb_text][\/et_pb_column][\/et_pb_row][et_pb_row _builder_version=&#8221;4.27.2&#8243; _module_preset=&#8221;default&#8221; global_colors_info=&#8221;{}&#8221;][et_pb_column type=&#8221;4_4&#8243; _builder_version=&#8221;4.27.2&#8243; _module_preset=&#8221;default&#8221; global_colors_info=&#8221;{}&#8221;][et_pb_button button_url=&#8221;https:\/\/exa.unne.edu.ar\/postgrado1-web\/wp-content\/uploads\/2026\/02\/Informacion-ampliada-Especializacion-GyCB.pdf&#8221; url_new_window=&#8221;on&#8221; button_text=&#8221;M\u00e1s informaci\u00f3n&#8221; _builder_version=&#8221;4.27.2&#8243; _module_preset=&#8221;default&#8221; global_colors_info=&#8221;{}&#8221;][\/et_pb_button][\/et_pb_column][\/et_pb_row][\/et_pb_section]<\/p>\n","protected":false},"excerpt":{"rendered":"<p>Si te interesa cursar esta carrera, complet\u00e1\u00a0este formulario\u00a0 Resoluci\u00f3n Ministerial: RESOL-2022-224-APN-ME Destinatarios: Licenciados en Ciencias Biol\u00f3gicas, Licenciados en Gen\u00e9tica, Licenciados en Gesti\u00f3n ambiental, Licenciados en Geograf\u00eda, Bi\u00f3logos, Veterinarios, Agr\u00f3nomos, Abogados, Profesores en Biolog\u00eda, Profesores en Geograf\u00eda. Se podr\u00e1n admitir graduados de otras carreras de grado de 4 o m\u00e1s a\u00f1os de duraci\u00f3n, previa evaluaci\u00f3n por [&hellip;]<\/p>\n","protected":false},"author":1,"featured_media":0,"parent":0,"menu_order":0,"comment_status":"closed","ping_status":"closed","template":"","meta":{"_et_pb_use_builder":"on","_et_pb_old_content":"","_et_gb_content_width":"","_monsterinsights_skip_tracking":false,"_monsterinsights_sitenote_active":false,"_monsterinsights_sitenote_note":"","_monsterinsights_sitenote_category":0,"footnotes":""},"class_list":["post-1718","page","type-page","status-publish","hentry"],"_links":{"self":[{"href":"https:\/\/exa.unne.edu.ar\/postgrado1-web\/index.php?rest_route=\/wp\/v2\/pages\/1718","targetHints":{"allow":["GET"]}}],"collection":[{"href":"https:\/\/exa.unne.edu.ar\/postgrado1-web\/index.php?rest_route=\/wp\/v2\/pages"}],"about":[{"href":"https:\/\/exa.unne.edu.ar\/postgrado1-web\/index.php?rest_route=\/wp\/v2\/types\/page"}],"author":[{"embeddable":true,"href":"https:\/\/exa.unne.edu.ar\/postgrado1-web\/index.php?rest_route=\/wp\/v2\/users\/1"}],"replies":[{"embeddable":true,"href":"https:\/\/exa.unne.edu.ar\/postgrado1-web\/index.php?rest_route=%2Fwp%2Fv2%2Fcomments&post=1718"}],"version-history":[{"count":3,"href":"https:\/\/exa.unne.edu.ar\/postgrado1-web\/index.php?rest_route=\/wp\/v2\/pages\/1718\/revisions"}],"predecessor-version":[{"id":1732,"href":"https:\/\/exa.unne.edu.ar\/postgrado1-web\/index.php?rest_route=\/wp\/v2\/pages\/1718\/revisions\/1732"}],"wp:attachment":[{"href":"https:\/\/exa.unne.edu.ar\/postgrado1-web\/index.php?rest_route=%2Fwp%2Fv2%2Fmedia&parent=1718"}],"curies":[{"name":"wp","href":"https:\/\/api.w.org\/{rel}","templated":true}]}}