{"id":1633,"date":"2025-10-21T13:26:27","date_gmt":"2025-10-21T13:26:27","guid":{"rendered":"https:\/\/exa.unne.edu.ar\/postgrado1-web\/?page_id=1633"},"modified":"2025-10-21T14:30:29","modified_gmt":"2025-10-21T14:30:29","slug":"estructuras-de-investigacion","status":"publish","type":"page","link":"https:\/\/exa.unne.edu.ar\/postgrado1-web\/?page_id=1633","title":{"rendered":"Estructuras de Investigaci\u00f3n de FaCENA"},"content":{"rendered":"\n<p>Las estructuras de investigaci\u00f3n de la Facultad de Ciencias Exactas y Naturales y Agrimensura (FaCENA) de la Universidad Nacional del Nordeste (UNNE), comprenden los Institutos, Centros, Laboratorios y Observatorios de acuerdo con la normativa vigente en la UNNE.<br><br>Tienen por finalidad promover la investigaci\u00f3n b\u00e1sica y aplicada, el desarrollo experimental y la innovaci\u00f3n (1+ D+ i) en las disciplinas desarrolladas en los Departamentos de la Unidad Acad\u00e9mica (Agrimensura, Biolog\u00eda, Bioqu\u00edmica, F\u00edsica, Humanidades, Inform\u00e1tica, Ingenier\u00eda, Matem\u00e1tica y Qu\u00edmica).<br><br>Pueden estar orientadas a la generaci\u00f3n de conocimiento en un \u00e1rea disciplinar, interdisciplinar o pluridisciplinar.<br><br>Asimismo, deben fomentar la vinculaci\u00f3n, la transferencia y la difusi\u00f3n del conocimiento hacia la comunidad.<br><br>Su actividad deber\u00e1 poseer especificidad propia, evitando la duplicaci\u00f3n de funciones con otras estructuras de investigaci\u00f3n de la FaCENA o la UNNE.<\/p>\n\n\n\n<p>Conoc\u00e9 el reglamento <a href=\"https:\/\/exa.unne.edu.ar\/postgrado1-web\/wp-content\/uploads\/2025\/10\/RES-2025-737-CD-EXA-Estruc.Invest.FaCENA-.pdf\">haciendo click aqu\u00ed<\/a><\/p>\n\n\n\n<hr class=\"wp-block-separator has-alpha-channel-opacity\"\/>\n\n\n\n<p><strong>Documentaci\u00f3n de inter\u00e9s<\/strong><\/p>\n\n\n\n<p><a href=\"https:\/\/exa.unne.edu.ar\/postgrado1-web\/wp-content\/uploads\/2025\/10\/Anexo-II_elevacion-estructuras-1.docx\">Anexo II &#8211; Nota de Elevaci\u00f3n de estructura<\/a><\/p>\n\n\n\n<p><a href=\"https:\/\/exa.unne.edu.ar\/postgrado1-web\/wp-content\/uploads\/2025\/10\/RES-2025-737-CD-EXA-Estruc.Invest.FaCENA-.pdf\">Reglamento RES &#8211; 2025 &#8211; 737 &#8211; CD-EXA # UNNE<\/a><\/p>\n\n\n\n<div style=\"height:100px\" aria-hidden=\"true\" class=\"wp-block-spacer\"><\/div>\n","protected":false},"excerpt":{"rendered":"<p>Las estructuras de investigaci\u00f3n de la Facultad de Ciencias Exactas y Naturales y Agrimensura (FaCENA) de la Universidad Nacional del Nordeste (UNNE), comprenden los Institutos, Centros, Laboratorios y Observatorios de acuerdo con la normativa vigente en la UNNE. Tienen por finalidad promover la investigaci\u00f3n b\u00e1sica y aplicada, el desarrollo experimental y la innovaci\u00f3n (1+ D+ [&hellip;]<\/p>\n","protected":false},"author":1,"featured_media":0,"parent":0,"menu_order":0,"comment_status":"closed","ping_status":"closed","template":"","meta":{"_et_pb_use_builder":"off","_et_pb_old_content":"","_et_gb_content_width":"1080","_monsterinsights_skip_tracking":false,"_monsterinsights_sitenote_active":false,"_monsterinsights_sitenote_note":"","_monsterinsights_sitenote_category":0,"footnotes":""},"class_list":["post-1633","page","type-page","status-publish","hentry"],"_links":{"self":[{"href":"https:\/\/exa.unne.edu.ar\/postgrado1-web\/index.php?rest_route=\/wp\/v2\/pages\/1633","targetHints":{"allow":["GET"]}}],"collection":[{"href":"https:\/\/exa.unne.edu.ar\/postgrado1-web\/index.php?rest_route=\/wp\/v2\/pages"}],"about":[{"href":"https:\/\/exa.unne.edu.ar\/postgrado1-web\/index.php?rest_route=\/wp\/v2\/types\/page"}],"author":[{"embeddable":true,"href":"https:\/\/exa.unne.edu.ar\/postgrado1-web\/index.php?rest_route=\/wp\/v2\/users\/1"}],"replies":[{"embeddable":true,"href":"https:\/\/exa.unne.edu.ar\/postgrado1-web\/index.php?rest_route=%2Fwp%2Fv2%2Fcomments&post=1633"}],"version-history":[{"count":5,"href":"https:\/\/exa.unne.edu.ar\/postgrado1-web\/index.php?rest_route=\/wp\/v2\/pages\/1633\/revisions"}],"predecessor-version":[{"id":1645,"href":"https:\/\/exa.unne.edu.ar\/postgrado1-web\/index.php?rest_route=\/wp\/v2\/pages\/1633\/revisions\/1645"}],"wp:attachment":[{"href":"https:\/\/exa.unne.edu.ar\/postgrado1-web\/index.php?rest_route=%2Fwp%2Fv2%2Fmedia&parent=1633"}],"curies":[{"name":"wp","href":"https:\/\/api.w.org\/{rel}","templated":true}]}}