{"id":1257,"date":"2025-02-28T14:41:21","date_gmt":"2025-02-28T14:41:21","guid":{"rendered":"https:\/\/exa.unne.edu.ar\/postgrado1-web\/?page_id=1257"},"modified":"2025-02-28T14:48:37","modified_gmt":"2025-02-28T14:48:37","slug":"biologia-de-los-invertebrados-y-protistas","status":"publish","type":"page","link":"https:\/\/exa.unne.edu.ar\/postgrado1-web\/?page_id=1257","title":{"rendered":"Biolog\u00eda de los Invertebrados y Protistas"},"content":{"rendered":"<p>[et_pb_section fb_built=&#8221;1&#8243; _builder_version=&#8221;4.27.2&#8243; _module_preset=&#8221;default&#8221; global_colors_info=&#8221;{}&#8221;][et_pb_row _builder_version=&#8221;4.27.2&#8243; _module_preset=&#8221;default&#8221; global_colors_info=&#8221;{}&#8221;][et_pb_column type=&#8221;4_4&#8243; _builder_version=&#8221;4.27.2&#8243; _module_preset=&#8221;default&#8221; global_colors_info=&#8221;{}&#8221;][et_pb_post_title meta=&#8221;off&#8221; featured_image=&#8221;off&#8221; _builder_version=&#8221;4.27.2&#8243; _module_preset=&#8221;default&#8221; global_colors_info=&#8221;{}&#8221;][\/et_pb_post_title][et_pb_text _builder_version=&#8221;4.27.2&#8243; _module_preset=&#8221;default&#8221; global_colors_info=&#8221;{}&#8221;]<\/p>\n<p><strong>\u00c1rea de trabajo:<\/strong><\/p>\n<p>Biolog\u00eda<\/p>\n<p><strong>Descripci\u00f3n:<\/strong><\/p>\n<p><span>El Grupo de Investigaci\u00f3n de Biolog\u00eda de los Invertebrados y Protistas desarrolla estudios referidos a la diversidad, morfoanatom\u00eda, ecolog\u00eda y din\u00e1mica poblacional de insectos, principalmente termitas y fauna asociada a termiteros, as\u00ed como a la fauna ed\u00e1fica en general del NEA. Se tratan de dilucidar los roles ecol\u00f3gicos y servicios ecosist\u00e9micos que cumplen estos organismos en los ecosistemas locales y las influencias de la acci\u00f3n antr\u00f3pica sobre sus comunidades.Adem\u00e1s, los resultados en referencia a termitas tienen aplicaciones en conservaci\u00f3n por el rol de bioindicadores que cumplen estos insectos en ecosistemas terrestres, as\u00ed como tambi\u00e9n en la sanidad ambiental urbana por las especies consideradas plagas de construcciones. Los an\u00e1lisis de fauna del suelo contribuyen a indicar la calidad del medio ed\u00e1fico y evaluar pr\u00e1cticas de manejo agr\u00edcola. Otra l\u00ednea de trabajo analiza los protistas endosimbiontes del intestino de termitas que colaboran en la digesti\u00f3n de compuestos lignocelul\u00f3sicos, cuya diversidad y relevancia se comenz\u00f3 a evidenciar en los \u00faltimos a\u00f1os, por la posibilidad de su utilizaci\u00f3n en la hidr\u00f3lisis de biomasa lignocelul\u00f3sica para la producci\u00f3n de bioetanol. Asimismo, la diversidad de protistas de vida libre en ambientes acu\u00e1ticos regionales es objeto de estudio del grupo. La colecci\u00f3n de Termitas de Argentina (FACENAC), obtenida a trav\u00e9s de los relevamientos a campo del grupo de trabajo, es \u00fanica en el pa\u00eds para este grupo de insectos y alberga m\u00e1s de 3500 muestras de Argentina y pa\u00edses lim\u00edtrofes.<\/span><\/p>\n<p>[\/et_pb_text][et_pb_text _builder_version=&#8221;4.27.2&#8243; _module_preset=&#8221;default&#8221; global_colors_info=&#8221;{}&#8221;]<\/p>\n<p><strong>Lineas de investigaci\u00f3n:<\/strong><\/p>\n<div class=\"elementor-element elementor-element-f19ecbb elementor-widget elementor-widget-text-editor\" data-id=\"f19ecbb\" data-element_type=\"widget\" data-widget_type=\"text-editor.default\">\n<ul>\n<li class=\"elementor-widget-container\">Biodiversidad de Invertebrados del NEA.<\/li>\n<li class=\"elementor-widget-container\">Termitas plagas urbanas en Argentina: distribuci\u00f3n e importancia econ\u00f3mica.<\/li>\n<li class=\"elementor-widget-container\">Servicios ecosist\u00e9micos de termitas en ambientes naturales y antropizados.<\/li>\n<li class=\"elementor-widget-container\">Protistas de vida libre y simbiontes intestinales de termitas<\/li>\n<\/ul>\n<\/div>\n<div class=\"elementor-element elementor-element-0cf5236 elementor-widget elementor-widget-text-editor\" data-id=\"0cf5236\" data-element_type=\"widget\" data-widget_type=\"text-editor.default\">\n<div class=\"elementor-widget-container\"><\/div>\n<\/div>\n<p>[\/et_pb_text][et_pb_text _builder_version=&#8221;4.27.2&#8243; _module_preset=&#8221;default&#8221; global_colors_info=&#8221;{}&#8221;]<\/p>\n<p><strong>Integrantes:<\/strong><\/p>\n<p>Apartado en construcci\u00f3n.<\/p>\n<p>[\/et_pb_text][et_pb_text _builder_version=&#8221;4.27.2&#8243; _module_preset=&#8221;default&#8221; global_colors_info=&#8221;{}&#8221;]<\/p>\n<p><strong>Becarios\/as y pasantes:<\/strong><\/p>\n<p>Apartado en construcci\u00f3n.<\/p>\n<p>[\/et_pb_text][et_pb_text _builder_version=&#8221;4.27.2&#8243; _module_preset=&#8221;default&#8221; global_colors_info=&#8221;{}&#8221;]<\/p>\n<p><strong>Proyectos acreditados:<\/strong><\/p>\n<ul>\n<li>\n<p>Apartado en construcci\u00f3n.<\/p>\n<\/li>\n<\/ul>\n<p>[\/et_pb_text][et_pb_text _builder_version=&#8221;4.27.2&#8243; _module_preset=&#8221;default&#8221; global_colors_info=&#8221;{}&#8221;]<\/p>\n<p><strong>Servicios y transferencia:<\/strong><\/p>\n<p>Apartado en construcci\u00f3n.<strong><\/strong><\/p>\n<p>[\/et_pb_text][\/et_pb_column][\/et_pb_row][et_pb_row _builder_version=&#8221;4.27.2&#8243; _module_preset=&#8221;default&#8221; global_colors_info=&#8221;{}&#8221;][et_pb_column type=&#8221;4_4&#8243; _builder_version=&#8221;4.27.2&#8243; _module_preset=&#8221;default&#8221; global_colors_info=&#8221;{}&#8221;][et_pb_heading title=&#8221;Producci\u00f3n Cient\u00edfica y Tecnol\u00f3gica&#8221; _builder_version=&#8221;4.27.2&#8243; _module_preset=&#8221;default&#8221; title_level=&#8221;h4&#8243; custom_margin=&#8221;||24px|||&#8221; hover_enabled=&#8221;0&#8243; global_colors_info=&#8221;{}&#8221; sticky_enabled=&#8221;0&#8243;][\/et_pb_heading][et_pb_text _builder_version=&#8221;4.27.2&#8243; _module_preset=&#8221;default&#8221; hover_enabled=&#8221;0&#8243; sticky_enabled=&#8221;0&#8243;]<\/p>\n<p>Apartado en construcci\u00f3n.<\/p>\n<p>[\/et_pb_text][et_pb_blog show_thumbnail=&#8221;off&#8221; show_more=&#8221;on&#8221; show_author=&#8221;off&#8221; show_date=&#8221;off&#8221; show_categories=&#8221;off&#8221; show_pagination=&#8221;off&#8221; _builder_version=&#8221;4.27.2&#8243; _module_preset=&#8221;default&#8221; header_level=&#8221;h5&#8243; hover_enabled=&#8221;0&#8243; global_colors_info=&#8221;{}&#8221; include_categories=&#8221;130&#8243; sticky_enabled=&#8221;0&#8243;][\/et_pb_blog][\/et_pb_column][\/et_pb_row][\/et_pb_section]<\/p>\n","protected":false},"excerpt":{"rendered":"<p>\u00c1rea de trabajo: Biolog\u00eda Descripci\u00f3n: El Grupo de Investigaci\u00f3n de Biolog\u00eda de los Invertebrados y Protistas desarrolla estudios referidos a la diversidad, morfoanatom\u00eda, ecolog\u00eda y din\u00e1mica poblacional de insectos, principalmente termitas y fauna asociada a termiteros, as\u00ed como a la fauna ed\u00e1fica en general del NEA. Se tratan de dilucidar los roles ecol\u00f3gicos y servicios [&hellip;]<\/p>\n","protected":false},"author":1,"featured_media":0,"parent":0,"menu_order":0,"comment_status":"closed","ping_status":"closed","template":"","meta":{"_et_pb_use_builder":"on","_et_pb_old_content":"","_et_gb_content_width":"","_monsterinsights_skip_tracking":false,"_monsterinsights_sitenote_active":false,"_monsterinsights_sitenote_note":"","_monsterinsights_sitenote_category":0,"footnotes":""},"class_list":["post-1257","page","type-page","status-publish","hentry"],"_links":{"self":[{"href":"https:\/\/exa.unne.edu.ar\/postgrado1-web\/index.php?rest_route=\/wp\/v2\/pages\/1257","targetHints":{"allow":["GET"]}}],"collection":[{"href":"https:\/\/exa.unne.edu.ar\/postgrado1-web\/index.php?rest_route=\/wp\/v2\/pages"}],"about":[{"href":"https:\/\/exa.unne.edu.ar\/postgrado1-web\/index.php?rest_route=\/wp\/v2\/types\/page"}],"author":[{"embeddable":true,"href":"https:\/\/exa.unne.edu.ar\/postgrado1-web\/index.php?rest_route=\/wp\/v2\/users\/1"}],"replies":[{"embeddable":true,"href":"https:\/\/exa.unne.edu.ar\/postgrado1-web\/index.php?rest_route=%2Fwp%2Fv2%2Fcomments&post=1257"}],"version-history":[{"count":3,"href":"https:\/\/exa.unne.edu.ar\/postgrado1-web\/index.php?rest_route=\/wp\/v2\/pages\/1257\/revisions"}],"predecessor-version":[{"id":1260,"href":"https:\/\/exa.unne.edu.ar\/postgrado1-web\/index.php?rest_route=\/wp\/v2\/pages\/1257\/revisions\/1260"}],"wp:attachment":[{"href":"https:\/\/exa.unne.edu.ar\/postgrado1-web\/index.php?rest_route=%2Fwp%2Fv2%2Fmedia&parent=1257"}],"curies":[{"name":"wp","href":"https:\/\/api.w.org\/{rel}","templated":true}]}}