{"id":1125,"date":"2025-02-24T14:46:21","date_gmt":"2025-02-24T14:46:21","guid":{"rendered":"https:\/\/exa.unne.edu.ar\/postgrado1-web\/?page_id=1125"},"modified":"2025-03-05T18:17:53","modified_gmt":"2025-03-05T18:17:53","slug":"eventos-cientificos","status":"publish","type":"page","link":"https:\/\/exa.unne.edu.ar\/postgrado1-web\/?page_id=1125","title":{"rendered":"Eventos cient\u00edficos"},"content":{"rendered":"<p>[et_pb_section fb_built=&#8221;1&#8243; _builder_version=&#8221;4.27.2&#8243; _module_preset=&#8221;default&#8221; global_colors_info=&#8221;{}&#8221;][et_pb_row _builder_version=&#8221;4.27.2&#8243; _module_preset=&#8221;default&#8221; global_colors_info=&#8221;{}&#8221;][et_pb_column type=&#8221;4_4&#8243; _builder_version=&#8221;4.27.2&#8243; _module_preset=&#8221;default&#8221; global_colors_info=&#8221;{}&#8221;][et_pb_post_title meta=&#8221;off&#8221; featured_image=&#8221;off&#8221; _builder_version=&#8221;4.27.2&#8243; _module_preset=&#8221;default&#8221; global_colors_info=&#8221;{}&#8221;][\/et_pb_post_title][\/et_pb_column][\/et_pb_row][et_pb_row _builder_version=&#8221;4.27.2&#8243; _module_preset=&#8221;default&#8221; hover_enabled=&#8221;0&#8243; global_colors_info=&#8221;{}&#8221; sticky_enabled=&#8221;0&#8243;][et_pb_column type=&#8221;4_4&#8243; _builder_version=&#8221;4.27.2&#8243; _module_preset=&#8221;default&#8221; global_colors_info=&#8221;{}&#8221;][et_pb_accordion _builder_version=&#8221;4.27.2&#8243; _module_preset=&#8221;default&#8221; hover_enabled=&#8221;0&#8243; global_colors_info=&#8221;{}&#8221; sticky_enabled=&#8221;0&#8243;][et_pb_accordion_item title=&#8221;VII Workshop sobre Pr\u00e1cticas Educativas Abiertas  (23 al 25  de Abril de 2025)&#8221; open=&#8221;on&#8221; _builder_version=&#8221;4.27.2&#8243; _module_preset=&#8221;default&#8221; global_colors_info=&#8221;{}&#8221;]<\/p>\n<p dir=\"ltr\" class=\"zfr3Q CDt4Ke \"><span class=\"C9DxTc \"><em>Modalidad:<\/em> Virtual<\/span><\/p>\n<p><em>M\u00e1s informaci\u00f3n:<\/em> <a href=\"https:\/\/sites.google.com\/view\/wpea2025\">https:\/\/sites.google.com\/view\/wpea2025<\/a><\/p>\n<p>[\/et_pb_accordion_item][et_pb_accordion_item title=&#8221;VI Workshop de Innovaci\u00f3n y Transformaci\u00f3n Educativa (Mayo 2025)&#8221; _builder_version=&#8221;4.27.2&#8243; _module_preset=&#8221;default&#8221; global_colors_info=&#8221;{}&#8221; open=&#8221;off&#8221;]<\/p>\n<p dir=\"ltr\" class=\"zfr3Q CDt4Ke \"><span class=\"C9DxTc \"><em>Modalidad: <\/em>Virtual<\/span><\/p>\n<p><em>M\u00e1s informaci\u00f3n:<\/em> <a href=\"https:\/\/wite.unnoba.edu.ar\">https:\/\/wite.unnoba.edu.ar<\/a><\/p>\n<p>[\/et_pb_accordion_item][et_pb_accordion_item title=&#8221;Workshop de investigadores en Ciencias de la Computaci\u00f3n (13 y 14 de mayo de 2025)&#8221; _builder_version=&#8221;4.27.2&#8243; _module_preset=&#8221;default&#8221; global_colors_info=&#8221;{}&#8221; open=&#8221;off&#8221;]<\/p>\n<p dir=\"ltr\" class=\"zfr3Q CDt4Ke \"><span class=\"C9DxTc \">Lugar:<span>\u00a0<\/span><\/span><span class=\"C9DxTc \">\u00a0\u00a0UNCUYO &#8211; Mendoza, Argentina.<\/span><\/p>\n<p dir=\"ltr\" class=\"zfr3Q CDt4Ke \"><span class=\"C9DxTc \">Modalidad: Presencial<\/span><\/p>\n<p><em>M\u00e1s informaci\u00f3n:<\/em> <a href=\"https:\/\/ingenieria.uncuyo.edu.ar\/wicc2025\/\">https:\/\/ingenieria.uncuyo.edu.ar\/wicc2025\/<\/a><\/p>\n<p>[\/et_pb_accordion_item][et_pb_accordion_item title=&#8221;Nano 2025: XXIII Encuentro de Superficies y Materiales Nanoestructurados (28 al 30 de mayo)&#8221; _builder_version=&#8221;4.27.2&#8243; _module_preset=&#8221;default&#8221; hover_enabled=&#8221;0&#8243; sticky_enabled=&#8221;0&#8243;]<\/p>\n<p>Lugar: <span>\u00a0Centro Cultural \u201cEugenio F. Virla\u201d (San Miguel de Tucum\u00e1n)<\/span>.<\/p>\n<p>Modalidad: Presencial.<\/p>\n<p>M\u00e1s informaci\u00f3n: https:\/\/nano2025.fbqfcampus.net.ar<\/p>\n<p>[\/et_pb_accordion_item][et_pb_accordion_item title=&#8221;TEyET 2025 (12 y 13 de Junio de 2025)&#8221; _builder_version=&#8221;4.27.2&#8243; _module_preset=&#8221;default&#8221; global_colors_info=&#8221;{}&#8221; open=&#8221;off&#8221;]<\/p>\n<p dir=\"ltr\" class=\"zfr3Q CDt4Ke \"><span class=\"C9DxTc \"><em>Lugar: <\/em>Universidad Nacional de Avellaneda (Pcia. Buenos Aires)<\/span><\/p>\n<p dir=\"ltr\" class=\"zfr3Q CDt4Ke \"><span class=\"C9DxTc \"><em>Modalidad: <\/em>Presencial\u00a0\u00a0<\/span><\/p>\n<p><em>M\u00e1s informaci\u00f3n:<\/em> <a href=\"https:\/\/www.teyet2025.net.ar\/t\/index.php\">https:\/\/www.teyet2025.net.ar\/t\/index.php<\/a>\u00a0<\/p>\n<p>[\/et_pb_accordion_item][et_pb_accordion_item title=&#8221;XI Congreso Argentino de Limnolog\u00eda (28 de julio al 1ro de agosto)&#8221; _builder_version=&#8221;4.27.2&#8243; _module_preset=&#8221;default&#8221; hover_enabled=&#8221;0&#8243; global_colors_info=&#8221;{}&#8221; open=&#8221;off&#8221; sticky_enabled=&#8221;0&#8243;]<\/p>\n<p>Lugar: Campus Roca (Facultad de Ciencias Exactas y Naturales y Agrimensura &#8211; UNNE).<\/p>\n<p>Modalidad: Presencial.<\/p>\n<p>M\u00e1s informaci\u00f3n: <a href=\"exa.unne.edu.ar\/congreso%20limnologia\/index.php\/presentacion\/\">exa.unne.edu.ar\/congreso%20limnologia\/index.php\/presentacion\/<\/a><\/p>\n<p>[\/et_pb_accordion_item][et_pb_accordion_item title=&#8221;Jornadas Argentinas de Inform\u00e1tica e Investigaci\u00f3n Operativa (4 al 7 de agosto de 2025)&#8221; _builder_version=&#8221;4.27.2&#8243; _module_preset=&#8221;default&#8221; global_colors_info=&#8221;{}&#8221; open=&#8221;off&#8221;]<\/p>\n<p dir=\"ltr\" class=\"zfr3Q CDt4Ke \"><span class=\"C9DxTc \"><em>Lugar:<\/em> UBA,Ciudad Aut\u00f3noma de Buenos Aires.\u00a0\u00a0<\/span><\/p>\n<p dir=\"ltr\" class=\"zfr3Q CDt4Ke \"><span class=\"C9DxTc \"><em>Modalidad: <\/em>Presencial\u00a0\u00a0<\/span><\/p>\n<p><em>M\u00e1s informaci\u00f3n:<\/em> <a href=\"https:\/\/54jaiio.sadio.org.ar\">https:\/\/54jaiio.sadio.org.ar\/<\/a><\/p>\n<p>[\/et_pb_accordion_item][et_pb_accordion_item title=&#8221; 3\u00b0 Congreso de Educaci\u00f3n y Tecnolog\u00edas del Mercosur (3 al 5 de septiembre de 2025)&#8221; _builder_version=&#8221;4.27.2&#8243; _module_preset=&#8221;default&#8221; global_colors_info=&#8221;{}&#8221; open=&#8221;off&#8221;]<\/p>\n<p dir=\"ltr\" class=\"zfr3Q CDt4Ke \"><span class=\"C9DxTc \"><em>Lugar:<\/em> Resistencia (Chaco).<\/span><\/p>\n<p dir=\"ltr\" class=\"zfr3Q CDt4Ke \"><span class=\"C9DxTc \"><em>Modalidad: <\/em>Presencial\u00a0\u00a0<\/span><\/p>\n<p><em>M\u00e1s informaci\u00f3n: <\/em><a href=\"https:\/\/virtual.unne.edu.ar\/SIED-UV\/generico\/circulares\/\">https:\/\/virtual.unne.edu.ar\/SIED-UV\/generico\/circulares\/<\/a><\/p>\n<p>[\/et_pb_accordion_item][et_pb_accordion_item title=&#8221; V Jornadas de TIC e Innovaci\u00f3n en el Aula: %22Ecosistemas educativos digitales%22  (4 y 5 de septiembre de 2025)&#8221; _builder_version=&#8221;4.27.2&#8243; _module_preset=&#8221;default&#8221; global_colors_info=&#8221;{}&#8221; open=&#8221;off&#8221;]<\/p>\n<p dir=\"ltr\" class=\"zfr3Q CDt4Ke \"><span class=\"C9DxTc \">Lugar:<span>\u00a0<\/span><\/span><span class=\"C9DxTc \">\u00a0SIED &#8211; UN<span>\u00a0<\/span><\/span><span class=\"C9DxTc \">La Plata<\/span><\/p>\n<p dir=\"ltr\" class=\"zfr3Q CDt4Ke \"><span class=\"C9DxTc \">Modalidad:<span>\u00a0<\/span><\/span><span class=\"C9DxTc \">Virtual<\/span><\/p>\n<p dir=\"ltr\" class=\"zfr3Q CDt4Ke \"><span class=\"C9DxTc \">Enlace:<span>\u00a0<\/span><\/span><a href=\"https:\/\/sied.ead.unlp.edu.ar\/jornadas%20ead%202025.html\"><span class=\"C9DxTc \">https:\/\/sied.ead.unlp.edu.ar\/jornadas%20ead%202025.html<\/span><\/a><\/p>\n<p>[\/et_pb_accordion_item][et_pb_accordion_item title=&#8221; 10\u00b0 Seminario Internacional de Educaci\u00f3n a Distancia (19 y 20 de noviembre de 2025)&#8221; _builder_version=&#8221;4.27.2&#8243; _module_preset=&#8221;default&#8221; global_colors_info=&#8221;{}&#8221; open=&#8221;off&#8221;]<\/p>\n<p dir=\"ltr\" class=\"zfr3Q CDt4Ke \"><span class=\"C9DxTc \"><em>Lugar:<\/em> \u00a0Rosario (Pcia. de Santa Fe, Argentina)<\/span><\/p>\n<p dir=\"ltr\" class=\"zfr3Q CDt4Ke \"><span class=\"C9DxTc \"><em>Modalidad: <\/em>Hibrida<\/span><\/p>\n<p><em>M\u00e1s informaci\u00f3n: <a href=\"https:\/\/rueda.cin.edu.ar\/seminarios\/27-9-seminario-internacional-de-educacion-a-distancia\">https:\/\/rueda.cin.edu.ar\/seminarios\/27-9-seminario-internacional-de-educacion-a-distancia<\/a><\/em><\/p>\n<p>[\/et_pb_accordion_item][\/et_pb_accordion][\/et_pb_column][\/et_pb_row][\/et_pb_section]<\/p>\n","protected":false},"excerpt":{"rendered":"<p>Modalidad: Virtual M\u00e1s informaci\u00f3n: https:\/\/sites.google.com\/view\/wpea2025Modalidad: Virtual M\u00e1s informaci\u00f3n: https:\/\/wite.unnoba.edu.arLugar:\u00a0\u00a0\u00a0UNCUYO &#8211; Mendoza, Argentina. Modalidad: Presencial M\u00e1s informaci\u00f3n: https:\/\/ingenieria.uncuyo.edu.ar\/wicc2025\/Lugar: \u00a0Centro Cultural \u201cEugenio F. Virla\u201d (San Miguel de Tucum\u00e1n). Modalidad: Presencial. M\u00e1s informaci\u00f3n: https:\/\/nano2025.fbqfcampus.net.arLugar: Universidad Nacional de Avellaneda (Pcia. Buenos Aires) Modalidad: Presencial\u00a0\u00a0 M\u00e1s informaci\u00f3n: https:\/\/www.teyet2025.net.ar\/t\/index.php\u00a0Lugar: Campus Roca (Facultad de Ciencias Exactas y Naturales y Agrimensura &#8211; UNNE). [&hellip;]<\/p>\n","protected":false},"author":1,"featured_media":0,"parent":0,"menu_order":0,"comment_status":"closed","ping_status":"closed","template":"","meta":{"_et_pb_use_builder":"on","_et_pb_old_content":"","_et_gb_content_width":"","_monsterinsights_skip_tracking":false,"_monsterinsights_sitenote_active":false,"_monsterinsights_sitenote_note":"","_monsterinsights_sitenote_category":0,"footnotes":""},"class_list":["post-1125","page","type-page","status-publish","hentry"],"_links":{"self":[{"href":"https:\/\/exa.unne.edu.ar\/postgrado1-web\/index.php?rest_route=\/wp\/v2\/pages\/1125","targetHints":{"allow":["GET"]}}],"collection":[{"href":"https:\/\/exa.unne.edu.ar\/postgrado1-web\/index.php?rest_route=\/wp\/v2\/pages"}],"about":[{"href":"https:\/\/exa.unne.edu.ar\/postgrado1-web\/index.php?rest_route=\/wp\/v2\/types\/page"}],"author":[{"embeddable":true,"href":"https:\/\/exa.unne.edu.ar\/postgrado1-web\/index.php?rest_route=\/wp\/v2\/users\/1"}],"replies":[{"embeddable":true,"href":"https:\/\/exa.unne.edu.ar\/postgrado1-web\/index.php?rest_route=%2Fwp%2Fv2%2Fcomments&post=1125"}],"version-history":[{"count":7,"href":"https:\/\/exa.unne.edu.ar\/postgrado1-web\/index.php?rest_route=\/wp\/v2\/pages\/1125\/revisions"}],"predecessor-version":[{"id":1268,"href":"https:\/\/exa.unne.edu.ar\/postgrado1-web\/index.php?rest_route=\/wp\/v2\/pages\/1125\/revisions\/1268"}],"wp:attachment":[{"href":"https:\/\/exa.unne.edu.ar\/postgrado1-web\/index.php?rest_route=%2Fwp%2Fv2%2Fmedia&parent=1125"}],"curies":[{"name":"wp","href":"https:\/\/api.w.org\/{rel}","templated":true}]}}