{"id":1118,"date":"2025-02-24T14:05:16","date_gmt":"2025-02-24T14:05:16","guid":{"rendered":"https:\/\/exa.unne.edu.ar\/postgrado1-web\/?page_id=1118"},"modified":"2025-02-24T14:32:06","modified_gmt":"2025-02-24T14:32:06","slug":"presentacion-de-actividades-de-posgrado","status":"publish","type":"page","link":"https:\/\/exa.unne.edu.ar\/postgrado1-web\/?page_id=1118","title":{"rendered":"Presentaci\u00f3n de Actividades de Posgrado"},"content":{"rendered":"<p>[et_pb_section fb_built=&#8221;1&#8243; theme_builder_area=&#8221;post_content&#8221; _builder_version=&#8221;4.27.2&#8243; _module_preset=&#8221;default&#8221;][et_pb_row _builder_version=&#8221;4.27.2&#8243; _module_preset=&#8221;default&#8221; theme_builder_area=&#8221;post_content&#8221;][et_pb_column _builder_version=&#8221;4.27.2&#8243; _module_preset=&#8221;default&#8221; type=&#8221;4_4&#8243; theme_builder_area=&#8221;post_content&#8221;][et_pb_post_title _builder_version=&#8221;4.27.2&#8243; _module_preset=&#8221;default&#8221; theme_builder_area=&#8221;post_content&#8221; meta=&#8221;off&#8221; featured_image=&#8221;off&#8221; hover_enabled=&#8221;0&#8243; sticky_enabled=&#8221;0&#8243;][\/et_pb_post_title][\/et_pb_column][\/et_pb_row][et_pb_row _builder_version=&#8221;4.27.2&#8243; _module_preset=&#8221;default&#8221; theme_builder_area=&#8221;post_content&#8221;][et_pb_column _builder_version=&#8221;4.27.2&#8243; _module_preset=&#8221;default&#8221; type=&#8221;4_4&#8243; theme_builder_area=&#8221;post_content&#8221;][et_pb_text _builder_version=&#8221;4.27.2&#8243; _module_preset=&#8221;default&#8221; theme_builder_area=&#8221;post_content&#8221; hover_enabled=&#8221;0&#8243; sticky_enabled=&#8221;0&#8243;]<\/p>\n<p>Siguiendo la Gu\u00eda de Presentaci\u00f3n de Actividades de Posgrado (<a href=\"https:\/\/exa.unne.edu.ar\/postgrado1-web\/wp-content\/uploads\/2025\/02\/Form.Actividad.Posg_.Res_.No0442-21CS-5.docx\">Resoluci\u00f3n 442\/21 C.S.<\/a>) podr\u00e1n desarrollar los siguientes tipos de actividades de posgrado para la formaci\u00f3n continua:<\/p>\n<ol>\n<li><strong>Programas de Diplomatura Superior<\/strong> que estan destinados a la actualizaci\u00f3n y\/o perfeccionamiento en un \u00e1rea tem\u00e1tica determinada que deben reunir los requisitos de novedad, profundizaci\u00f3n y pertinencia, diferenciandose de los contenidos de la carrera de grado.<\/li>\n<li><strong>Programas de Actualizaci\u00f3n Profesional<\/strong> que se encuentran destintadas a la actualizaci\u00f3n y capacitaci\u00f3n profesional. Deben incluir tem\u00e1ticas que respondan a la demanda social y proporcionen una respuesta acorde a las necesidades de formaci\u00f3n continua propias de un campo profesional, a partir de los nuevos conocimientos y enfoques originados por el avance tecnol\u00f3gico y cient\u00edfico.<\/li>\n<li><strong>Cursos, Talleres y Seminarios de Posgrado<\/strong> destinados al perfeccionamiento de lo graduados en un \u00e1rea tem\u00e1tica deben reunir los requisitos de novedad, profundizaci\u00f3n y pertinencia en un \u00e1rea espec\u00edfica diferenci\u00e1ndose de los contenidos de la carrera de grado. Se trata de dar una respuesta a una creciente necesidad de formaci\u00f3n especializada que deriva de la transformaci\u00f3n constante de la econom\u00eda y de la sociedad en su conjunto.<\/li>\n<\/ol>\n<p>[\/et_pb_text][\/et_pb_column][\/et_pb_row][et_pb_row _builder_version=&#8221;4.27.2&#8243; _module_preset=&#8221;default&#8221; theme_builder_area=&#8221;post_content&#8221;][et_pb_column _builder_version=&#8221;4.27.2&#8243; _module_preset=&#8221;default&#8221; type=&#8221;4_4&#8243; theme_builder_area=&#8221;post_content&#8221;][et_pb_button button_text=&#8221;Descargar formulario de presentaci\u00f3n&#8221; _builder_version=&#8221;4.27.2&#8243; _module_preset=&#8221;default&#8221; theme_builder_area=&#8221;post_content&#8221; hover_enabled=&#8221;0&#8243; sticky_enabled=&#8221;0&#8243; button_url=&#8221;https:\/\/exa.unne.edu.ar\/postgrado1-web\/wp-content\/uploads\/2025\/02\/Form.Actividad.Posg_.Res_.No0442-21CS-5.docx&#8221;][\/et_pb_button][\/et_pb_column][\/et_pb_row][et_pb_row _builder_version=&#8221;4.27.2&#8243; _module_preset=&#8221;default&#8221; theme_builder_area=&#8221;post_content&#8221;][et_pb_column _builder_version=&#8221;4.27.2&#8243; _module_preset=&#8221;default&#8221; type=&#8221;4_4&#8243; theme_builder_area=&#8221;post_content&#8221;][et_pb_text _builder_version=&#8221;4.27.2&#8243; _module_preset=&#8221;default&#8221; theme_builder_area=&#8221;post_content&#8221; hover_enabled=&#8221;0&#8243; sticky_enabled=&#8221;0&#8243;]<\/p>\n<p><strong>Documentaci\u00f3n de inter\u00e9s:<\/strong><\/p>\n<p><a href=\"https:\/\/exa.unne.edu.ar\/postgrado1-web\/wp-content\/uploads\/2025\/02\/Resol.-0442-21-CS-Guia-de-presentacion-de-Actividades-de-Posgrado.pdf\">Descarga la gu\u00eda de presentaci\u00f3n de actividades de posgrado &#8211; Resoluci\u00f3n N\u00b0 442\/21 CS<\/a><\/p>\n<p>[\/et_pb_text][\/et_pb_column][\/et_pb_row][\/et_pb_section]<\/p>\n","protected":false},"excerpt":{"rendered":"<p>Siguiendo la Gu\u00eda de Presentaci\u00f3n de Actividades de Posgrado (Resoluci\u00f3n 442\/21 C.S.) podr\u00e1n desarrollar los siguientes tipos de actividades de posgrado para la formaci\u00f3n continua: Programas de Diplomatura Superior que estan destinados a la actualizaci\u00f3n y\/o perfeccionamiento en un \u00e1rea tem\u00e1tica determinada que deben reunir los requisitos de novedad, profundizaci\u00f3n y pertinencia, diferenciandose de los [&hellip;]<\/p>\n","protected":false},"author":1,"featured_media":0,"parent":0,"menu_order":0,"comment_status":"closed","ping_status":"closed","template":"","meta":{"_et_pb_use_builder":"on","_et_pb_old_content":"","_et_gb_content_width":"","_monsterinsights_skip_tracking":false,"_monsterinsights_sitenote_active":false,"_monsterinsights_sitenote_note":"","_monsterinsights_sitenote_category":0,"footnotes":""},"class_list":["post-1118","page","type-page","status-publish","hentry"],"_links":{"self":[{"href":"https:\/\/exa.unne.edu.ar\/postgrado1-web\/index.php?rest_route=\/wp\/v2\/pages\/1118","targetHints":{"allow":["GET"]}}],"collection":[{"href":"https:\/\/exa.unne.edu.ar\/postgrado1-web\/index.php?rest_route=\/wp\/v2\/pages"}],"about":[{"href":"https:\/\/exa.unne.edu.ar\/postgrado1-web\/index.php?rest_route=\/wp\/v2\/types\/page"}],"author":[{"embeddable":true,"href":"https:\/\/exa.unne.edu.ar\/postgrado1-web\/index.php?rest_route=\/wp\/v2\/users\/1"}],"replies":[{"embeddable":true,"href":"https:\/\/exa.unne.edu.ar\/postgrado1-web\/index.php?rest_route=%2Fwp%2Fv2%2Fcomments&post=1118"}],"version-history":[{"count":3,"href":"https:\/\/exa.unne.edu.ar\/postgrado1-web\/index.php?rest_route=\/wp\/v2\/pages\/1118\/revisions"}],"predecessor-version":[{"id":1124,"href":"https:\/\/exa.unne.edu.ar\/postgrado1-web\/index.php?rest_route=\/wp\/v2\/pages\/1118\/revisions\/1124"}],"wp:attachment":[{"href":"https:\/\/exa.unne.edu.ar\/postgrado1-web\/index.php?rest_route=%2Fwp%2Fv2%2Fmedia&parent=1118"}],"curies":[{"name":"wp","href":"https:\/\/api.w.org\/{rel}","templated":true}]}}