{"id":1020,"date":"2025-02-21T16:31:08","date_gmt":"2025-02-21T16:31:08","guid":{"rendered":"https:\/\/exa.unne.edu.ar\/postgrado1-web\/?page_id=1020"},"modified":"2025-02-25T15:00:43","modified_gmt":"2025-02-25T15:00:43","slug":"electromagnetismo-aplicado","status":"publish","type":"page","link":"https:\/\/exa.unne.edu.ar\/postgrado1-web\/?page_id=1020","title":{"rendered":"Electromagnetismo Aplicado"},"content":{"rendered":"<p>[et_pb_section fb_built=&#8221;1&#8243; _builder_version=&#8221;4.27.2&#8243; _module_preset=&#8221;default&#8221; global_colors_info=&#8221;{}&#8221;][et_pb_row _builder_version=&#8221;4.27.2&#8243; _module_preset=&#8221;default&#8221; global_colors_info=&#8221;{}&#8221;][et_pb_column type=&#8221;4_4&#8243; _builder_version=&#8221;4.27.2&#8243; _module_preset=&#8221;default&#8221; global_colors_info=&#8221;{}&#8221;][et_pb_post_title meta=&#8221;off&#8221; featured_image=&#8221;off&#8221; _builder_version=&#8221;4.27.2&#8243; _module_preset=&#8221;default&#8221; global_colors_info=&#8221;{}&#8221;][\/et_pb_post_title][et_pb_text _builder_version=&#8221;4.27.2&#8243; _module_preset=&#8221;default&#8221; hover_enabled=&#8221;0&#8243; global_colors_info=&#8221;{}&#8221; sticky_enabled=&#8221;0&#8243;]<\/p>\n<p><strong>\u00c1rea de trabajo:<\/strong><\/p>\n<p><span>\u00a0<\/span>F\u00edsica, Astronom\u00eda y Geof\u00edsica<\/p>\n<p><strong>Descripci\u00f3n:<\/strong><\/p>\n<p style=\"text-align: justify;\"><span>Es un equipo de trabajo conformado para abordar problemas de interacci\u00f3n electromagn\u00e9tica con medios inhomog\u00e9neos. Investigamos dicha interacci\u00f3n en el rango de frecuencias \u00f3pticas por lo que en general se trata de m\u00e9todos no invasivos ni destructivos de los materiales empleados. Esto es deseable para el desarrollo de metodolog\u00edas eficientes de haces de prueba que en tiempo real pueden monitorear diversos aspectos de una muestra de inter\u00e9s a trav\u00e9s de modelos apropiados de sus propiedades \u00f3pticas. Entre los ejemplos de problemas relacionados se mencionan; 1) aquellos en los que se requiere cuantificar o detectar alguna de las fases de un compuestos con m\u00faltiples componentes; 2) los que requieren identificar estructuras morfol\u00f3gicas de una o varias componentes de un sistema complejo como \u00e9s el caso de espec\u00edmenes biol\u00f3gicos (artr\u00f3podos) para su clasificaci\u00f3n; 3) En los que se requieren incorporar efectos de rugosidad de las interfases y modelos para la interacci\u00f3n de campos propagantes con sistemas nanoestructurados que permitan la excitaci\u00f3n de \u00abhotspots\u00bb (terminolog\u00eda en ingl\u00e9s para referirse a campos el\u00e9ctricos localizados muy intensos) para la obtenci\u00f3n de se\u00f1ales amplificadas de espectroscop\u00edas no-lineales.<\/span><\/p>\n<p>[\/et_pb_text][et_pb_text _builder_version=&#8221;4.27.2&#8243; _module_preset=&#8221;default&#8221; global_colors_info=&#8221;{}&#8221;]<\/p>\n<p><strong>L\u00edneas de investigaci\u00f3n:<\/strong><\/p>\n<div class=\"elementor-element elementor-element-f19ecbb elementor-widget elementor-widget-text-editor\" data-id=\"f19ecbb\" data-element_type=\"widget\" data-widget_type=\"text-editor.default\">\n<ul>\n<li class=\"elementor-widget-container\">Colores estructurales aplicados a la etolog\u00eda de artr\u00f3podos Superredes.<\/li>\n<li class=\"elementor-widget-container\">La respuesta \u00f3ptica de sistemas nanoestructurados Hotspots, SERS.<\/li>\n<li class=\"elementor-widget-container\">Teor\u00edas y modelos computacionales que permiten analizar estructuras complejas e interfases de sistemas inhomog\u00e9neos.<\/li>\n<\/ul>\n<\/div>\n<div class=\"elementor-element elementor-element-0cf5236 elementor-widget elementor-widget-text-editor\" data-id=\"0cf5236\" data-element_type=\"widget\" data-widget_type=\"text-editor.default\">\n<div class=\"elementor-widget-container\"><\/div>\n<\/div>\n<p>[\/et_pb_text][et_pb_text _builder_version=&#8221;4.27.2&#8243; _module_preset=&#8221;default&#8221; hover_enabled=&#8221;0&#8243; global_colors_info=&#8221;{}&#8221; sticky_enabled=&#8221;0&#8243;]<\/p>\n<p><strong>Integrantes:<\/strong><\/p>\n<p>Coordinador: <span style=\"font-size: 14px;\">Ortiz, Guillermo Pablo \u2013 <a href=\"mailto:gortiz@exa.unne.edu.ar\">gortiz@exa.unne.edu.ar<\/a><\/span><\/p>\n<p><span style=\"font-size: 14px;\"><\/span><\/p>\n<ul>\n<li>Victor J. Toranzos.<\/li>\n<li>Marcos Maiocchi.<\/li>\n<li>Leopoldo Rios (FaCENA)<\/li>\n<li>Luz Martinez-Ricci.<\/li>\n<li>Ricardo Depine (UBA)<\/li>\n<\/ul>\n<p>[\/et_pb_text][et_pb_text _builder_version=&#8221;4.27.2&#8243; _module_preset=&#8221;default&#8221; global_colors_info=&#8221;{}&#8221;]<\/p>\n<p><strong>Becarios\/as y pasantes:<\/strong><\/p>\n<p>Apartado en construcci\u00f3n.<\/p>\n<p>[\/et_pb_text][et_pb_text _builder_version=&#8221;4.27.2&#8243; _module_preset=&#8221;default&#8221; global_colors_info=&#8221;{}&#8221;]<\/p>\n<p><strong>Proyectos acreditados:<\/strong><\/p>\n<ul>\n<li>14F008, SGCyT, enero 2015 &#8211; enero 2019, Respuesta diel\u00e9ctrica efectiva mediante m\u00e9todos recursivos y escalables en c\u00f3mputo de alto desempe\u00f1o.<\/li>\n<li>18F008, SGCyT, enero 2019 &#8211; enero 2023, Espectroscopias \u00f3pticas aplicadas: Colores estructurales en artr\u00f3podos.<\/li>\n<\/ul>\n<p>[\/et_pb_text][et_pb_text _builder_version=&#8221;4.27.2&#8243; _module_preset=&#8221;default&#8221; global_colors_info=&#8221;{}&#8221;]<\/p>\n<p><strong>Servicios y transferencia:<\/strong><\/p>\n<p>Proyecto interdisciplinario para la determinaci\u00f3n de fases en sistemas granulares con aplicaci\u00f3n a la industria de yerba mate.<\/p>\n<p>[\/et_pb_text][\/et_pb_column][\/et_pb_row][et_pb_row _builder_version=&#8221;4.27.2&#8243; _module_preset=&#8221;default&#8221; global_colors_info=&#8221;{}&#8221;][et_pb_column type=&#8221;4_4&#8243; _builder_version=&#8221;4.27.2&#8243; _module_preset=&#8221;default&#8221; global_colors_info=&#8221;{}&#8221;][et_pb_heading title=&#8221;Producci\u00f3n Cient\u00edfica y Tecnol\u00f3gica&#8221; _builder_version=&#8221;4.27.2&#8243; _module_preset=&#8221;default&#8221; title_level=&#8221;h4&#8243; custom_margin=&#8221;||24px|||&#8221; global_colors_info=&#8221;{}&#8221;][\/et_pb_heading][et_pb_text _builder_version=&#8221;4.27.2&#8243; _module_preset=&#8221;default&#8221; hover_enabled=&#8221;0&#8243; sticky_enabled=&#8221;0&#8243;]<\/p>\n<p>Apartado en construcci\u00f3n.<\/p>\n<p>[\/et_pb_text][et_pb_blog show_thumbnail=&#8221;off&#8221; show_more=&#8221;on&#8221; show_author=&#8221;off&#8221; show_date=&#8221;off&#8221; show_categories=&#8221;off&#8221; show_pagination=&#8221;off&#8221; _builder_version=&#8221;4.27.2&#8243; _module_preset=&#8221;default&#8221; header_level=&#8221;h5&#8243; hover_enabled=&#8221;0&#8243; global_colors_info=&#8221;{}&#8221; include_categories=&#8221;106&#8243; sticky_enabled=&#8221;0&#8243;][\/et_pb_blog][\/et_pb_column][\/et_pb_row][\/et_pb_section]<\/p>\n","protected":false},"excerpt":{"rendered":"<p>\u00c1rea de trabajo: \u00a0F\u00edsica, Astronom\u00eda y Geof\u00edsica Descripci\u00f3n: Es un equipo de trabajo conformado para abordar problemas de interacci\u00f3n electromagn\u00e9tica con medios inhomog\u00e9neos. Investigamos dicha interacci\u00f3n en el rango de frecuencias \u00f3pticas por lo que en general se trata de m\u00e9todos no invasivos ni destructivos de los materiales empleados. Esto es deseable para el desarrollo [&hellip;]<\/p>\n","protected":false},"author":1,"featured_media":0,"parent":0,"menu_order":0,"comment_status":"closed","ping_status":"closed","template":"","meta":{"_et_pb_use_builder":"on","_et_pb_old_content":"","_et_gb_content_width":"","_monsterinsights_skip_tracking":false,"_monsterinsights_sitenote_active":false,"_monsterinsights_sitenote_note":"","_monsterinsights_sitenote_category":0,"footnotes":""},"class_list":["post-1020","page","type-page","status-publish","hentry"],"_links":{"self":[{"href":"https:\/\/exa.unne.edu.ar\/postgrado1-web\/index.php?rest_route=\/wp\/v2\/pages\/1020","targetHints":{"allow":["GET"]}}],"collection":[{"href":"https:\/\/exa.unne.edu.ar\/postgrado1-web\/index.php?rest_route=\/wp\/v2\/pages"}],"about":[{"href":"https:\/\/exa.unne.edu.ar\/postgrado1-web\/index.php?rest_route=\/wp\/v2\/types\/page"}],"author":[{"embeddable":true,"href":"https:\/\/exa.unne.edu.ar\/postgrado1-web\/index.php?rest_route=\/wp\/v2\/users\/1"}],"replies":[{"embeddable":true,"href":"https:\/\/exa.unne.edu.ar\/postgrado1-web\/index.php?rest_route=%2Fwp%2Fv2%2Fcomments&post=1020"}],"version-history":[{"count":2,"href":"https:\/\/exa.unne.edu.ar\/postgrado1-web\/index.php?rest_route=\/wp\/v2\/pages\/1020\/revisions"}],"predecessor-version":[{"id":1202,"href":"https:\/\/exa.unne.edu.ar\/postgrado1-web\/index.php?rest_route=\/wp\/v2\/pages\/1020\/revisions\/1202"}],"wp:attachment":[{"href":"https:\/\/exa.unne.edu.ar\/postgrado1-web\/index.php?rest_route=%2Fwp%2Fv2%2Fmedia&parent=1020"}],"curies":[{"name":"wp","href":"https:\/\/api.w.org\/{rel}","templated":true}]}}