{"id":1019,"date":"2025-02-21T16:31:23","date_gmt":"2025-02-21T16:31:23","guid":{"rendered":"https:\/\/exa.unne.edu.ar\/postgrado1-web\/?page_id=1019"},"modified":"2025-02-25T15:31:51","modified_gmt":"2025-02-25T15:31:51","slug":"grupo-de-investigacion-desarrollo-y-transferencia-de-energias-sustentables-y-del-medio-ambiente","status":"publish","type":"page","link":"https:\/\/exa.unne.edu.ar\/postgrado1-web\/?page_id=1019","title":{"rendered":"Grupo de investigaci\u00f3n, Desarrollo y transferencia de energ\u00edas sustentables y del medio ambiente"},"content":{"rendered":"<p>[et_pb_section fb_built=&#8221;1&#8243; _builder_version=&#8221;4.27.2&#8243; _module_preset=&#8221;default&#8221; global_colors_info=&#8221;{}&#8221;][et_pb_row _builder_version=&#8221;4.27.2&#8243; _module_preset=&#8221;default&#8221; global_colors_info=&#8221;{}&#8221;][et_pb_column type=&#8221;4_4&#8243; _builder_version=&#8221;4.27.2&#8243; _module_preset=&#8221;default&#8221; global_colors_info=&#8221;{}&#8221;][et_pb_post_title meta=&#8221;off&#8221; featured_image=&#8221;off&#8221; _builder_version=&#8221;4.27.2&#8243; _module_preset=&#8221;default&#8221; global_colors_info=&#8221;{}&#8221;][\/et_pb_post_title][et_pb_text _builder_version=&#8221;4.27.2&#8243; _module_preset=&#8221;default&#8221; hover_enabled=&#8221;0&#8243; global_colors_info=&#8221;{}&#8221; sticky_enabled=&#8221;0&#8243;]<\/p>\n<p><strong>\u00c1rea de trabajo:<\/strong><\/p>\n<p>Tecnolog\u00eda.<\/p>\n<p><strong>Descripci\u00f3n:<\/strong><\/p>\n<section class=\"elementor-section elementor-inner-section elementor-element elementor-element-84262ea elementor-section-boxed elementor-section-height-default elementor-section-height-default\" data-id=\"84262ea\" data-element_type=\"section\">\n<div class=\"elementor-container elementor-column-gap-default\">\n<div class=\"elementor-column elementor-col-100 elementor-inner-column elementor-element elementor-element-eef5c6e\" data-id=\"eef5c6e\" data-element_type=\"column\">\n<div class=\"elementor-widget-wrap elementor-element-populated\">\n<div class=\"elementor-element elementor-element-28c55e8 elementor-widget elementor-widget-theme-post-content\" data-id=\"28c55e8\" data-element_type=\"widget\" data-widget_type=\"theme-post-content.default\">\n<div class=\"elementor-widget-container\">\n<p style=\"text-align: justify;\">El objetivo de este grupo es investigar, desarrollar y transferir tecnolog\u00eda para la aplicaci\u00f3n de las Energ\u00edas Sustentables y Cuidado Ambiental. Los temas de inter\u00e9s son: el aprovechamiento t\u00e9rmico de la energ\u00eda solar (calefones solares, secaderos de productos frutihort\u00edcolas, cocinas, etc.); la difusi\u00f3n y educaci\u00f3n del uso de las energ\u00edas sustentables y cuidado ambiental; tratamiento de efluentes y generaci\u00f3n de biog\u00e1s y su conversi\u00f3n en energ\u00eda el\u00e9ctrica; agua de re\u00faso, normativa y marco legal del uso de energ\u00edas sustentables y cuidado ambiental. GIESMA es miembro de la red Iberoamericana de Investigaci\u00f3n, Desarrollo y Transferencia Tecnol\u00f3gica para la aplicaci\u00f3n de las Energ\u00edas Renovables y Cuidado Ambiental, reconocido por la AUIP. Se espera transferir sistemas de f\u00e1cil manejo y operaci\u00f3n para la generaci\u00f3n de energ\u00eda en particular a los peque\u00f1os productores, escuelas y familias asentadas en zonas rurales. Formar recursos humanos en las l\u00edneas citadas.<\/p>\n<\/div>\n<\/div>\n<\/div>\n<\/div>\n<\/div>\n<\/section>\n<p>[\/et_pb_text][et_pb_text _builder_version=&#8221;4.27.2&#8243; _module_preset=&#8221;default&#8221; hover_enabled=&#8221;0&#8243; global_colors_info=&#8221;{}&#8221; sticky_enabled=&#8221;0&#8243;]<\/p>\n<p><strong>Lineas de investigaci\u00f3n:<\/strong><\/p>\n<div class=\"elementor-element elementor-element-f19ecbb elementor-widget elementor-widget-text-editor\" data-id=\"f19ecbb\" data-element_type=\"widget\" data-widget_type=\"text-editor.default\">\n<ul>\n<li class=\"elementor-widget-container\">Aprovechamiento t\u00e9rmico de la energ\u00eda solar.<\/li>\n<li class=\"elementor-widget-container\">Ingenier\u00eda ambiental.<\/li>\n<li class=\"elementor-widget-container\">Generaci\u00f3n de bioenerg\u00eda.<\/li>\n<li class=\"elementor-widget-container\">Educaci\u00f3n, difusi\u00f3n del uso de las energ\u00edas renovables y cuidado ambienta.<\/li>\n<li class=\"elementor-widget-container\">Cuidado ambiental. Marco legal.<\/li>\n<li class=\"elementor-widget-container\">Cuidado ambiental. Reutilizaci\u00f3n y reciclado de residuos<\/li>\n<\/ul>\n<\/div>\n<div class=\"elementor-element elementor-element-0cf5236 elementor-widget elementor-widget-text-editor\" data-id=\"0cf5236\" data-element_type=\"widget\" data-widget_type=\"text-editor.default\">\n<div class=\"elementor-widget-container\"><\/div>\n<\/div>\n<p>[\/et_pb_text][et_pb_text _builder_version=&#8221;4.27.2&#8243; _module_preset=&#8221;default&#8221; hover_enabled=&#8221;0&#8243; global_colors_info=&#8221;{}&#8221; sticky_enabled=&#8221;0&#8243;]<\/p>\n<p><strong>Integrantes:<\/strong><\/p>\n<p>Coordinador\/a: Sogari, Clotilde Noemi \u2013 <a href=\"mailto:nsogari@exa.unne.edu.ar\">nsogari@exa.unne.edu.ar<\/a><\/p>\n<ul>\n<li>Romero, Sergio (Facultad de Derecho y Ciencias Sociales y Pol\u00edticas. UNNE).<\/li>\n<li>Baldo, Maria de las Mercedes (Facultad de Derecho y Ciencias Sociales y Pol\u00edticas. UNNE).<\/li>\n<li>Ricciardi, Eduardo (Departamento de Ingenieria, FaCENA &#8211; UNNE).<\/li>\n<li>Medina, Griselda (Departamento de F\u00edsica, FaCENA &#8211; UNNE).<\/li>\n<li>Lasala, Gustavo (Departamento de F\u00edsica, FaCENA &#8211; UNNE).<\/li>\n<li>Jorge, Mar\u00eda J. (Departamento de Matem\u00e1tica, FaCENA &#8211; UNNE).<\/li>\n<li>Gallipoliti Virginia (FaCENA y Facultad de Urbanismo y Arquitectura, UNNE).<\/li>\n<\/ul>\n<p>[\/et_pb_text][et_pb_text _builder_version=&#8221;4.27.2&#8243; _module_preset=&#8221;default&#8221; hover_enabled=&#8221;0&#8243; global_colors_info=&#8221;{}&#8221; sticky_enabled=&#8221;0&#8243;]<\/p>\n<p><strong>Becarios\/as y pasantes:<\/strong><\/p>\n<p>Apartado en construcci\u00f3n.<\/p>\n<p>[\/et_pb_text][et_pb_text _builder_version=&#8221;4.27.2&#8243; _module_preset=&#8221;default&#8221; global_colors_info=&#8221;{}&#8221;]<\/p>\n<p><strong>Proyectos acreditados:<\/strong><\/p>\n<ul>\n<li>\n<p>PI 16F009. SGCYT UNNE Estudio de calefones solares construidos en FaCENA. (2016-2020) PI 17F015. SGCYT UNNE Generaci\u00f3n de bioenerg\u00eda, aguas de reuso (2017-2021).<\/p>\n<\/li>\n<li>\n<p>\u00a0<span style=\"font-size: 14px;\">PI 21F021. SGCYT UNNE Evaluaci\u00f3n de las propiedades mec\u00e1nicas de ladrillos elaborados con residuos de polietilen-tereftalato combinado otros elementos reciclables (2022-2026).<\/span><\/p>\n<\/li>\n<li>\n<p><span style=\"font-size: 14px;\"><\/span><span style=\"font-size: 14px;\">PAD15 2021. Ministerio Ciencia, Tecnolog\u00eda, Innovaci\u00f3n. Dise\u00f1o, Desarrollo Tecnol\u00f3gico y Producci\u00f3n de secadero solar para madera de madera, como distribuci\u00f3n a la cadena de valor del recurso forestal de la Regi\u00f3n Sur del Litoral Argentino (Provincia de Entre Rios).\u00a0<\/span><\/p>\n<\/li>\n<li>\n<p>FORCYT OEI. 2021. OEI Valorizaci\u00f3n energ\u00e9tica de la biomasa residual para un desarrollo sostenible. (2022-2023).<\/p>\n<\/li>\n<\/ul>\n<p>[\/et_pb_text][et_pb_text _builder_version=&#8221;4.27.2&#8243; _module_preset=&#8221;default&#8221; hover_enabled=&#8221;0&#8243; global_colors_info=&#8221;{}&#8221; sticky_enabled=&#8221;0&#8243;]<\/p>\n<p><strong>Servicios y transferencia:<\/strong><\/p>\n<ul>\n<li>Escuela EFA Quitilipi. Sistema de generaci\u00f3n de biogas. Transferencia- Capacitac\u00f3n mediante trabajos desarrollados en talleres.<\/li>\n<li>EFA Quitilipi Kits educativos para laboratorio. Taller con docentes y alumnos.<\/li>\n<li>EFA Quitilipi. Construcci\u00f3n de calef\u00f3n solar. Taller de capacitaci\u00f3n.<\/li>\n<li>Asociaci\u00f3n de Carpinteros de Concordia Entre R\u00edos. Dise\u00f1o de secadero solar de maderas. Asesor\u00eda t\u00e9cnica.<\/li>\n<li>Coperativa Tatacua. Secaderos solares de productos frutihort\u00edcolas escala familiar.<\/li>\n<li>Comunidades de San Pio X, Santa Marta, La Sagrada Familia, Los tres pastorcillos. Talleres de reutilizaci\u00f3n y reciclado de pets.<\/li>\n<\/ul>\n<p>[\/et_pb_text][\/et_pb_column][\/et_pb_row][et_pb_row _builder_version=&#8221;4.27.2&#8243; _module_preset=&#8221;default&#8221; global_colors_info=&#8221;{}&#8221;][et_pb_column type=&#8221;4_4&#8243; _builder_version=&#8221;4.27.2&#8243; _module_preset=&#8221;default&#8221; global_colors_info=&#8221;{}&#8221;][et_pb_heading title=&#8221;Producci\u00f3n Cient\u00edfica y Tecnol\u00f3gica&#8221; _builder_version=&#8221;4.27.2&#8243; _module_preset=&#8221;default&#8221; title_level=&#8221;h4&#8243; custom_margin=&#8221;||24px|||&#8221; global_colors_info=&#8221;{}&#8221;][\/et_pb_heading][et_pb_text _builder_version=&#8221;4.27.2&#8243; _module_preset=&#8221;default&#8221; hover_enabled=&#8221;0&#8243; sticky_enabled=&#8221;0&#8243;]<\/p>\n<p>Apartado en construcci\u00f3n.<\/p>\n<p>[\/et_pb_text][et_pb_blog show_thumbnail=&#8221;off&#8221; show_more=&#8221;on&#8221; show_author=&#8221;off&#8221; show_date=&#8221;off&#8221; show_categories=&#8221;off&#8221; show_pagination=&#8221;off&#8221; _builder_version=&#8221;4.27.2&#8243; _module_preset=&#8221;default&#8221; header_level=&#8221;h5&#8243; hover_enabled=&#8221;0&#8243; global_colors_info=&#8221;{}&#8221; include_categories=&#8221;107&#8243; sticky_enabled=&#8221;0&#8243;][\/et_pb_blog][\/et_pb_column][\/et_pb_row][\/et_pb_section]<\/p>\n","protected":false},"excerpt":{"rendered":"<p>\u00c1rea de trabajo: Tecnolog\u00eda. Descripci\u00f3n: El objetivo de este grupo es investigar, desarrollar y transferir tecnolog\u00eda para la aplicaci\u00f3n de las Energ\u00edas Sustentables y Cuidado Ambiental. Los temas de inter\u00e9s son: el aprovechamiento t\u00e9rmico de la energ\u00eda solar (calefones solares, secaderos de productos frutihort\u00edcolas, cocinas, etc.); la difusi\u00f3n y educaci\u00f3n del uso de las energ\u00edas [&hellip;]<\/p>\n","protected":false},"author":1,"featured_media":0,"parent":0,"menu_order":0,"comment_status":"closed","ping_status":"closed","template":"","meta":{"_et_pb_use_builder":"on","_et_pb_old_content":"","_et_gb_content_width":"","_monsterinsights_skip_tracking":false,"_monsterinsights_sitenote_active":false,"_monsterinsights_sitenote_note":"","_monsterinsights_sitenote_category":0,"footnotes":""},"class_list":["post-1019","page","type-page","status-publish","hentry"],"_links":{"self":[{"href":"https:\/\/exa.unne.edu.ar\/postgrado1-web\/index.php?rest_route=\/wp\/v2\/pages\/1019","targetHints":{"allow":["GET"]}}],"collection":[{"href":"https:\/\/exa.unne.edu.ar\/postgrado1-web\/index.php?rest_route=\/wp\/v2\/pages"}],"about":[{"href":"https:\/\/exa.unne.edu.ar\/postgrado1-web\/index.php?rest_route=\/wp\/v2\/types\/page"}],"author":[{"embeddable":true,"href":"https:\/\/exa.unne.edu.ar\/postgrado1-web\/index.php?rest_route=\/wp\/v2\/users\/1"}],"replies":[{"embeddable":true,"href":"https:\/\/exa.unne.edu.ar\/postgrado1-web\/index.php?rest_route=%2Fwp%2Fv2%2Fcomments&post=1019"}],"version-history":[{"count":2,"href":"https:\/\/exa.unne.edu.ar\/postgrado1-web\/index.php?rest_route=\/wp\/v2\/pages\/1019\/revisions"}],"predecessor-version":[{"id":1209,"href":"https:\/\/exa.unne.edu.ar\/postgrado1-web\/index.php?rest_route=\/wp\/v2\/pages\/1019\/revisions\/1209"}],"wp:attachment":[{"href":"https:\/\/exa.unne.edu.ar\/postgrado1-web\/index.php?rest_route=%2Fwp%2Fv2%2Fmedia&parent=1019"}],"curies":[{"name":"wp","href":"https:\/\/api.w.org\/{rel}","templated":true}]}}