{"id":1007,"date":"2025-02-21T16:26:28","date_gmt":"2025-02-21T16:26:28","guid":{"rendered":"https:\/\/exa.unne.edu.ar\/postgrado1-web\/?page_id=1007"},"modified":"2025-02-24T18:04:48","modified_gmt":"2025-02-24T18:04:48","slug":"grupo-de-investigacion-en-calidad-de-software-gics-unne","status":"publish","type":"page","link":"https:\/\/exa.unne.edu.ar\/postgrado1-web\/?page_id=1007","title":{"rendered":"Grupo de Investigaci\u00f3n en calidad de software (GICS \u2013 UNNE)"},"content":{"rendered":"<p>[et_pb_section fb_built=&#8221;1&#8243; _builder_version=&#8221;4.27.2&#8243; _module_preset=&#8221;default&#8221; global_colors_info=&#8221;{}&#8221;][et_pb_row _builder_version=&#8221;4.27.2&#8243; _module_preset=&#8221;default&#8221; global_colors_info=&#8221;{}&#8221;][et_pb_column type=&#8221;4_4&#8243; _builder_version=&#8221;4.27.2&#8243; _module_preset=&#8221;default&#8221; global_colors_info=&#8221;{}&#8221;][et_pb_post_title meta=&#8221;off&#8221; featured_image=&#8221;off&#8221; _builder_version=&#8221;4.27.2&#8243; _module_preset=&#8221;default&#8221; global_colors_info=&#8221;{}&#8221;][\/et_pb_post_title][et_pb_text _builder_version=&#8221;4.27.2&#8243; _module_preset=&#8221;default&#8221; hover_enabled=&#8221;0&#8243; global_colors_info=&#8221;{}&#8221; sticky_enabled=&#8221;0&#8243;]<\/p>\n<p><strong>\u00c1rea de trabajo:<\/strong><\/p>\n<p>Tecnolog\u00eda, Ingenier\u00eda.<\/p>\n<p><strong>Descripci\u00f3n:<\/strong><\/p>\n<p style=\"text-align: justify;\">El grupo de investigaci\u00f3n tiene como prop\u00f3sito principal contribuir a la mejora en la calidad del software desde diferentes dimensiones. Por un lado, el estudio y desarrollo de modelos de procesos software en \u00e1mbitos de gesti\u00f3n, de integraci\u00f3n continua, de sistemas embebidos y sistemas cr\u00edticos. Por otro lado, el an\u00e1lisis y experimentaci\u00f3n con m\u00e9todos y herramientas para la calidad del producto software, haciendo especial \u00e9nfasis en los lenguajes de programaci\u00f3n Java, PHP y C. En todos los casos se desarrolla la investigaci\u00f3n a partir de metodolog\u00edas asociadas con la investigaci\u00f3n en ingenier\u00eda del software: revisiones sistem\u00e1ticas de la literatura, encuestas, dise\u00f1o de experimentos y estudios de caso, entre otras. Asimismo, desarrollamos actividades para mejorar la cantidad y calidad de recursos humanos para la industria del software, como forma de contribuir al desarrollo regional. Queremos especializar recursos humanos en temas relacionados con la calidad del software a trav\u00e9s de la elaboraci\u00f3n de tesis de carreras de posgrado y trabajos de investigaci\u00f3n realizados en el marco de becas de investigaci\u00f3n para alumnos y\/o graduados. Finalmente, el objetivo del grupo es desarrollar tecnolog\u00eda emergente orientada a aumentar la eficiencia, confiabilidad y seguridad en los distintos \u00e1mbitos de aplicaci\u00f3n de sistemas inform\u00e1ticos.\u00a0<\/p>\n<p>[\/et_pb_text][et_pb_text _builder_version=&#8221;4.27.2&#8243; _module_preset=&#8221;default&#8221; hover_enabled=&#8221;0&#8243; global_colors_info=&#8221;{}&#8221; sticky_enabled=&#8221;0&#8243;]<\/p>\n<p><strong>Lineas de investigaci\u00f3n:<\/strong><\/p>\n<ul>\n<li><span>Calidad de proceso software.<\/span><\/li>\n<li><span>Calidad de producto software.<\/span><\/li>\n<li><span> Calidad de software para sistemas embebidos.<\/span><\/li>\n<li><span>Calidad de software para sistemas cr\u00edticos.<\/span><\/li>\n<\/ul>\n<p>[\/et_pb_text][et_pb_text _builder_version=&#8221;4.27.2&#8243; _module_preset=&#8221;default&#8221; hover_enabled=&#8221;0&#8243; global_colors_info=&#8221;{}&#8221; sticky_enabled=&#8221;0&#8243;]<\/p>\n<p><strong>Integrantes:<\/strong><\/p>\n<p>Coordinador\/a: <span>Irrazabal, Emanuel Agust\u00edn \u2013 emanuelirrazabal@gmail.com, eirrazabal@exa.unne.edu.ar<\/span><\/p>\n<ul>\n<li>Dapozo, Gladys Noemi (Departamento de Inform\u00e1tica, FaCENA-UNNE).<\/li>\n<li>Greiner, Cristina Liliam (Departamento de Inform\u00e1tica, FaCENA-UNNE).<\/li>\n<li>Bernal, Ruben Alfredo (Departamento de Inform\u00e1tica, FaCENA-UNNE).<\/li>\n<li>Company, Ana Maria\u00a0(Departamento de Inform\u00e1tica, FaCENA-UNNE).<\/li>\n<\/ul>\n<p>[\/et_pb_text][et_pb_text _builder_version=&#8221;4.27.2&#8243; _module_preset=&#8221;default&#8221; hover_enabled=&#8221;0&#8243; global_colors_info=&#8221;{}&#8221; sticky_enabled=&#8221;0&#8243;]<\/p>\n<p><strong>Becarios\/as y pasantes:<\/strong><\/p>\n<p><em>Apartado en construcci\u00f3n.<\/em><\/p>\n<ul>\n<li>Lezcano Airaldi, Andrea Fernanda, becaria interna doctoral CONICET (abril 2020 &#8211; abril 2025), Mejora del dise\u00f1o de visualizaciones de datos en sistemas software mediante buenas pr\u00e1cticas de storytelling.<\/li>\n<li>Carrruthers, Juan Andr\u00e9s, becaria interna doctoral CONICET (abril 2020 &#8211; abril 2025), Desarrollo y mantenimiento de colecciones curadas de productos software para experimentaci\u00f3n.<\/li>\n<\/ul>\n<p>[\/et_pb_text][et_pb_text _builder_version=&#8221;4.27.2&#8243; _module_preset=&#8221;default&#8221; global_colors_info=&#8221;{}&#8221;]<\/p>\n<p><strong>Proyectos acreditados:<\/strong><\/p>\n<ul>\n<li>21F001, SGCyT UNNE (2022-2025), Desarrollo de estudios emp\u00edricos en Ingenier\u00eda del Software.<\/li>\n<li>21F005, SGCyT UNNE (2022-2025), Personalizaci\u00f3n de buenas pr\u00e1cticas de calidad de software en la regi\u00f3n<\/li>\n<li>17F018, SGCyT UNNE (2018-2021), Metodolog\u00edas y herramientas emergentes para contribuir con la calidad del software.<\/li>\n<li>17F017, SGCyT UNNE(2018-2021), An\u00e1lisis e implementaci\u00f3n de tecnolog\u00edas emergentes en sistemas computacionales de aplicaci\u00f3n regional.<\/li>\n<\/ul>\n<p>[\/et_pb_text][et_pb_text _builder_version=&#8221;4.27.2&#8243; _module_preset=&#8221;default&#8221; global_colors_info=&#8221;{}&#8221;]<\/p>\n<p><strong>Servicios y transferencia:<\/strong><\/p>\n<p>Se realizan servicios de consultor\u00eda y auditor\u00eda en calidad del proceso software, calidad del producto software. Entre las capacidad del grupo est\u00e1n:<\/p>\n<ul>\n<li>El dise\u00f1o, desarrollo y mantenimiento de sistemas software complejos para entidades privadas y p\u00fablicas.\u00a0<\/li>\n<li>El dise\u00f1o, desarrollo y mantenimiento de sistemas embebidos con tecnolog\u00eda de Internet de las Cosas.\u00a0<\/li>\n<li>El an\u00e1lisis, dise\u00f1o y construcci\u00f3n de visualizaciones de datos para la toma de decisiones en ambientes de crisis.\u00a0<\/li>\n<li>El dise\u00f1o y ejecuci\u00f3n de experimentaci\u00f3n con estudios estad\u00edsticos en Sistemas de Informaci\u00f3n.\u00a0<\/li>\n<li>La auditor\u00eda externa de sistemas software.\u00a0<\/li>\n<\/ul>\n<p>[\/et_pb_text][\/et_pb_column][\/et_pb_row][et_pb_row _builder_version=&#8221;4.27.2&#8243; _module_preset=&#8221;default&#8221; global_colors_info=&#8221;{}&#8221;][et_pb_column type=&#8221;4_4&#8243; _builder_version=&#8221;4.27.2&#8243; _module_preset=&#8221;default&#8221; global_colors_info=&#8221;{}&#8221;][et_pb_heading title=&#8221;Producci\u00f3n Cient\u00edfica y Tecnol\u00f3gica&#8221; _builder_version=&#8221;4.27.2&#8243; _module_preset=&#8221;default&#8221; title_level=&#8221;h4&#8243; custom_margin=&#8221;||24px|||&#8221; hover_enabled=&#8221;0&#8243; global_colors_info=&#8221;{}&#8221; sticky_enabled=&#8221;0&#8243;][\/et_pb_heading][et_pb_text _builder_version=&#8221;4.27.2&#8243; _module_preset=&#8221;default&#8221; hover_enabled=&#8221;0&#8243; sticky_enabled=&#8221;0&#8243;]<\/p>\n<p>Apartado en construcci\u00f3n.<\/p>\n<p>[\/et_pb_text][et_pb_blog show_thumbnail=&#8221;off&#8221; show_more=&#8221;on&#8221; show_author=&#8221;off&#8221; show_date=&#8221;off&#8221; show_categories=&#8221;off&#8221; show_pagination=&#8221;off&#8221; _builder_version=&#8221;4.27.2&#8243; _module_preset=&#8221;default&#8221; header_level=&#8221;h5&#8243; hover_enabled=&#8221;0&#8243; global_colors_info=&#8221;{}&#8221; include_categories=&#8221;96&#8243; sticky_enabled=&#8221;0&#8243;][\/et_pb_blog][\/et_pb_column][\/et_pb_row][\/et_pb_section]<\/p>\n","protected":false},"excerpt":{"rendered":"<p>\u00c1rea de trabajo: Tecnolog\u00eda, Ingenier\u00eda. Descripci\u00f3n: El grupo de investigaci\u00f3n tiene como prop\u00f3sito principal contribuir a la mejora en la calidad del software desde diferentes dimensiones. Por un lado, el estudio y desarrollo de modelos de procesos software en \u00e1mbitos de gesti\u00f3n, de integraci\u00f3n continua, de sistemas embebidos y sistemas cr\u00edticos. Por otro lado, el [&hellip;]<\/p>\n","protected":false},"author":1,"featured_media":0,"parent":0,"menu_order":0,"comment_status":"closed","ping_status":"closed","template":"","meta":{"_et_pb_use_builder":"on","_et_pb_old_content":"","_et_gb_content_width":"","_monsterinsights_skip_tracking":false,"_monsterinsights_sitenote_active":false,"_monsterinsights_sitenote_note":"","_monsterinsights_sitenote_category":0,"footnotes":""},"class_list":["post-1007","page","type-page","status-publish","hentry"],"_links":{"self":[{"href":"https:\/\/exa.unne.edu.ar\/postgrado1-web\/index.php?rest_route=\/wp\/v2\/pages\/1007","targetHints":{"allow":["GET"]}}],"collection":[{"href":"https:\/\/exa.unne.edu.ar\/postgrado1-web\/index.php?rest_route=\/wp\/v2\/pages"}],"about":[{"href":"https:\/\/exa.unne.edu.ar\/postgrado1-web\/index.php?rest_route=\/wp\/v2\/types\/page"}],"author":[{"embeddable":true,"href":"https:\/\/exa.unne.edu.ar\/postgrado1-web\/index.php?rest_route=\/wp\/v2\/users\/1"}],"replies":[{"embeddable":true,"href":"https:\/\/exa.unne.edu.ar\/postgrado1-web\/index.php?rest_route=%2Fwp%2Fv2%2Fcomments&post=1007"}],"version-history":[{"count":4,"href":"https:\/\/exa.unne.edu.ar\/postgrado1-web\/index.php?rest_route=\/wp\/v2\/pages\/1007\/revisions"}],"predecessor-version":[{"id":1175,"href":"https:\/\/exa.unne.edu.ar\/postgrado1-web\/index.php?rest_route=\/wp\/v2\/pages\/1007\/revisions\/1175"}],"wp:attachment":[{"href":"https:\/\/exa.unne.edu.ar\/postgrado1-web\/index.php?rest_route=%2Fwp%2Fv2%2Fmedia&parent=1007"}],"curies":[{"name":"wp","href":"https:\/\/api.w.org\/{rel}","templated":true}]}}