{"id":1005,"date":"2025-02-21T16:31:34","date_gmt":"2025-02-21T16:31:34","guid":{"rendered":"https:\/\/exa.unne.edu.ar\/postgrado1-web\/?page_id=1005"},"modified":"2025-02-24T18:27:02","modified_gmt":"2025-02-24T18:27:02","slug":"grupo-de-investigacion-en-diversidad-ecologia-y-conservacion-de-vertebrados-alexander-von-humboldt","status":"publish","type":"page","link":"https:\/\/exa.unne.edu.ar\/postgrado1-web\/?page_id=1005","title":{"rendered":"Grupo de investigaci\u00f3n en diversidad, ecolog\u00eda y conservaci\u00f3n de vertebrados \u201cAlexander Von Humboldt\u201d"},"content":{"rendered":"<p>[et_pb_section fb_built=&#8221;1&#8243; _builder_version=&#8221;4.27.2&#8243; _module_preset=&#8221;default&#8221; global_colors_info=&#8221;{}&#8221;][et_pb_row _builder_version=&#8221;4.27.2&#8243; _module_preset=&#8221;default&#8221; global_colors_info=&#8221;{}&#8221;][et_pb_column type=&#8221;4_4&#8243; _builder_version=&#8221;4.27.2&#8243; _module_preset=&#8221;default&#8221; global_colors_info=&#8221;{}&#8221;][et_pb_post_title meta=&#8221;off&#8221; featured_image=&#8221;off&#8221; _builder_version=&#8221;4.27.2&#8243; _module_preset=&#8221;default&#8221; global_colors_info=&#8221;{}&#8221;][\/et_pb_post_title][et_pb_text _builder_version=&#8221;4.27.2&#8243; _module_preset=&#8221;default&#8221; hover_enabled=&#8221;0&#8243; global_colors_info=&#8221;{}&#8221; sticky_enabled=&#8221;0&#8243;]<\/p>\n<p><strong>\u00c1rea de trabajo:<\/strong><\/p>\n<p>Biolog\u00eda.\u00a0<\/p>\n<p><strong>Descripci\u00f3n:<\/strong><\/p>\n<section class=\"elementor-section elementor-inner-section elementor-element elementor-element-84262ea elementor-section-boxed elementor-section-height-default elementor-section-height-default\" data-id=\"84262ea\" data-element_type=\"section\">\n<div class=\"elementor-container elementor-column-gap-default\">\n<div class=\"elementor-column elementor-col-100 elementor-inner-column elementor-element elementor-element-eef5c6e\" data-id=\"eef5c6e\" data-element_type=\"column\">\n<div class=\"elementor-widget-wrap elementor-element-populated\">\n<div class=\"elementor-element elementor-element-28c55e8 elementor-widget elementor-widget-theme-post-content\" data-id=\"28c55e8\" data-element_type=\"widget\" data-widget_type=\"theme-post-content.default\">\n<div class=\"elementor-widget-container\">\n<p style=\"text-align: justify;\">El trabajo del Grupo de Investigaci\u00f3n tiene un car\u00e1cter interdisciplinario que aborda de manera integral el estudio de los vertebrados y sus relaciones con el medio para promover, a trav\u00e9s de la investigaci\u00f3n cient\u00edfica, extensi\u00f3n y transferencia, la gesti\u00f3n de la naturaleza en \u00e1reas protegidas y \u00e1reas con alto valor de conservaci\u00f3n. Actualmente, el grupo de trabajo tiene dos objetivos de investigaci\u00f3n: \u2013 el conocimiento integral de la biodiversidad y el funcionamiento de lo afloramientos rocosos del Paraje Tres Cerros (Dpto. San Mart\u00edn, Corrientes) con el objetivo de contribuir a la conservaci\u00f3n de la biodiversidad del Paraje Tres Cerros (Corrientes) de acuerdo a un desarrollo sostenible. Por ello, los resultados ser\u00e1n un insumo fundamental para los actores privados, organizaciones educativas, gubernamentales y sociales, incluyendo ONGs que intervengan en la gesti\u00f3n y manejo del \u00e1rea. Estudios previos del GI ya demostraron que el Paraje posee biol\u00f3gicos singulares que ameritan la continuidad de su estudio. \u2013 la realizaci\u00f3n de un diagn\u00f3stico sobre el estado de conservaci\u00f3n y categorizaci\u00f3n de las especies de anfibios de Corrientes. Esta categorizaci\u00f3n a nivel provincial es imprescindible para determinar prioridades de conservaci\u00f3n y desarrollar adecuadas acciones de conservaci\u00f3n de acuerdo al contexto jur\u00eddico de Corrientes debido a que en Argentina la conservaci\u00f3n de la biodiversidad es un acto que ejerce y ejecuta cada estado provincial a trav\u00e9s de su propio marco jur\u00eddico.<\/p>\n<\/div>\n<\/div>\n<\/div>\n<\/div>\n<\/div>\n<\/section>\n<p>[\/et_pb_text][et_pb_text _builder_version=&#8221;4.27.2&#8243; _module_preset=&#8221;default&#8221; hover_enabled=&#8221;0&#8243; global_colors_info=&#8221;{}&#8221; sticky_enabled=&#8221;0&#8243;]<\/p>\n<p><strong>Lineas de investigaci\u00f3n:<\/strong><\/p>\n<div class=\"elementor-element elementor-element-f19ecbb elementor-widget elementor-widget-text-editor\" data-id=\"f19ecbb\" data-element_type=\"widget\" data-widget_type=\"text-editor.default\">\n<ul>\n<li class=\"elementor-widget-container\">Conservaci\u00f3n, Ecolog\u00eda y Ecomorfolog\u00eda de quir\u00f3pteros.<\/li>\n<li class=\"elementor-widget-container\">Diversidad, Ecolog\u00eda y Conservaci\u00f3n de anfibios y reptiles.<\/li>\n<li class=\"elementor-widget-container\">Diversidad, Ecolog\u00eda y Conservaci\u00f3n de aves<\/li>\n<\/ul>\n<\/div>\n<div class=\"elementor-element elementor-element-0cf5236 elementor-widget elementor-widget-text-editor\" data-id=\"0cf5236\" data-element_type=\"widget\" data-widget_type=\"text-editor.default\">\n<div class=\"elementor-widget-container\"><\/div>\n<\/div>\n<p>[\/et_pb_text][et_pb_text _builder_version=&#8221;4.27.2&#8243; _module_preset=&#8221;default&#8221; hover_enabled=&#8221;0&#8243; global_colors_info=&#8221;{}&#8221; sticky_enabled=&#8221;0&#8243;]<\/p>\n<p><strong>Integrantes:<\/strong><\/p>\n<p><em>Coordinador\/a:<\/em> Hernando, Alejandra Beatriz \u2013 alejahernando@gmail.com<\/p>\n<ul>\n<li>Rodrigo Cajade. Investigador Adjunto de CONICET (Laboratorio de Investigaciones en Diversidad, Ecolog\u00eda y Conservaci\u00f3n de Vertebrados, Departamento de Biolog\u00eda, FaCENA &#8211; UNNE).<\/li>\n<li>Martin Ortiz. Investigador Asistente de CONICET (Laboratorio de Investigaciones en Diversidad, Ecolog\u00eda y Conservaci\u00f3n de Vertebrados, Departamento de Biolog\u00eda, FaCENA &#8211; UNNE).<\/li>\n<li>Cinthia Calamante. Auxiliar Docente- \u00c1rea Zoolog\u00eda de FaCENA (Laboratorio de Investigaciones en Diversidad, Ecolog\u00eda y Conservaci\u00f3n de Vertebrados, Departamento de Biolog\u00eda, FaCENA &#8211; UNNE).<\/li>\n<\/ul>\n<p>[\/et_pb_text][et_pb_text _builder_version=&#8221;4.27.2&#8243; _module_preset=&#8221;default&#8221; hover_enabled=&#8221;0&#8243; global_colors_info=&#8221;{}&#8221; sticky_enabled=&#8221;0&#8243;]<\/p>\n<p><strong>Becarios\/as y pasantes:<\/strong><\/p>\n<p>Apartado en construcci\u00f3n.<\/p>\n<p>[\/et_pb_text][et_pb_text _builder_version=&#8221;4.27.2&#8243; _module_preset=&#8221;default&#8221; hover_enabled=&#8221;0&#8243; global_colors_info=&#8221;{}&#8221; sticky_enabled=&#8221;0&#8243;]<\/p>\n<p><strong>Proyectos acreditados:<\/strong><\/p>\n<ul>\n<li>SGCyT-UNNE, (2019-2022). Estudio biol\u00f3gico multifocal y multidisciplinario del Paraje Tres Cerros (Corrientes, Argentina): un aporte al conocimiento de la biodiversidad y funcionamiento de los afloramientos rocosos aislados.<\/li>\n<li>SGCyT-UNNE, (2019-2022). \u201cEcolog\u00eda y conservaci\u00f3n de anfibios de la provincia de Corrientes, Argentina\u201d. Secretar\u00eda General de Ciencia y T\u00e9cnica de la Universidad Nacional del Nordeste (PI 18 F017, Resol. 098\/19 CS-UNNE).<\/li>\n<li>SGCyT-UNNE, (2015-2018).Estudio biol\u00f3gico multifocal e interdisciplinario de los vertebrados e invertebrados del Paraje Tres Cerros (Corrientes, Argentina): conocimiento actual para futuros planes gesti\u00f3n y manejo de un \u00e1rea protegida.<\/li>\n<li>PICT- (Investigador Joven)(2016-2018). \u201cEfectos de la modificaci\u00f3n del h\u00e1bitat sobre la diversidad y ecolog\u00eda de anfibios, en sistemas productivos forestales integrados con \u00e1reas de conservaci\u00f3n de la provincia de Corrientes, Argentina.\u201d<\/li>\n<\/ul>\n<p>[\/et_pb_text][et_pb_text _builder_version=&#8221;4.27.2&#8243; _module_preset=&#8221;default&#8221; hover_enabled=&#8221;0&#8243; global_colors_info=&#8221;{}&#8221; sticky_enabled=&#8221;0&#8243;]<\/p>\n<p><strong>Servicios y transferencia:<\/strong><\/p>\n<ul>\n<li>Promoci\u00f3n de la creaci\u00f3n de la Reserva Natural Privada \u201cParaje Tres Cerros\u201d (RNPPTC, Corrientes, Argentina), incluyendo la gesti\u00f3n para su reconocimiento legal e incorporaci\u00f3n al Sistema Federal de \u00c1reas Protegidas, el dise\u00f1o del trazado de un paseo ecotur\u00edstico y de la carteler\u00eda, capacitaci\u00f3n de gu\u00edas de la naturaleza.<\/li>\n<li>Asesoramiento para el estudio de los bosques nativos de la RNPPTC en el marco de la Ley de Bosques Nativos 26331.<\/li>\n<li>Asesoramiento y relevamiento de fauna en reservas naturales asociadas a los predios forestales de MASISA S.A.<\/li>\n<li>El GI est\u00e1 capacitado para abordar la ejecuci\u00f3n de l\u00edneas de base de biodiversidad de vertebrados terrestres e investigaciones orientadas a la gesti\u00f3n y conservaci\u00f3n de la naturaleza.<\/li>\n<\/ul>\n<p>[\/et_pb_text][\/et_pb_column][\/et_pb_row][et_pb_row _builder_version=&#8221;4.27.2&#8243; _module_preset=&#8221;default&#8221; global_colors_info=&#8221;{}&#8221;][et_pb_column type=&#8221;4_4&#8243; _builder_version=&#8221;4.27.2&#8243; _module_preset=&#8221;default&#8221; global_colors_info=&#8221;{}&#8221;][et_pb_heading title=&#8221;Producci\u00f3n Cient\u00edfica y Tecnol\u00f3gica&#8221; _builder_version=&#8221;4.27.2&#8243; _module_preset=&#8221;default&#8221; title_level=&#8221;h4&#8243; custom_margin=&#8221;||24px|||&#8221; global_colors_info=&#8221;{}&#8221;][\/et_pb_heading][et_pb_text _builder_version=&#8221;4.27.2&#8243; _module_preset=&#8221;default&#8221; hover_enabled=&#8221;0&#8243; sticky_enabled=&#8221;0&#8243;]<\/p>\n<p>Apartado en construcci\u00f3n.<\/p>\n<p>[\/et_pb_text][et_pb_blog show_thumbnail=&#8221;off&#8221; show_more=&#8221;on&#8221; show_author=&#8221;off&#8221; show_date=&#8221;off&#8221; show_categories=&#8221;off&#8221; show_pagination=&#8221;off&#8221; _builder_version=&#8221;4.27.2&#8243; _module_preset=&#8221;default&#8221; header_level=&#8221;h5&#8243; hover_enabled=&#8221;0&#8243; global_colors_info=&#8221;{}&#8221; include_categories=&#8221;98&#8243; sticky_enabled=&#8221;0&#8243;][\/et_pb_blog][\/et_pb_column][\/et_pb_row][\/et_pb_section]<\/p>\n","protected":false},"excerpt":{"rendered":"<p>\u00c1rea de trabajo: Biolog\u00eda.\u00a0 Descripci\u00f3n: El trabajo del Grupo de Investigaci\u00f3n tiene un car\u00e1cter interdisciplinario que aborda de manera integral el estudio de los vertebrados y sus relaciones con el medio para promover, a trav\u00e9s de la investigaci\u00f3n cient\u00edfica, extensi\u00f3n y transferencia, la gesti\u00f3n de la naturaleza en \u00e1reas protegidas y \u00e1reas con alto valor [&hellip;]<\/p>\n","protected":false},"author":1,"featured_media":0,"parent":0,"menu_order":0,"comment_status":"closed","ping_status":"closed","template":"","meta":{"_et_pb_use_builder":"on","_et_pb_old_content":"","_et_gb_content_width":"","_monsterinsights_skip_tracking":false,"_monsterinsights_sitenote_active":false,"_monsterinsights_sitenote_note":"","_monsterinsights_sitenote_category":0,"footnotes":""},"class_list":["post-1005","page","type-page","status-publish","hentry"],"_links":{"self":[{"href":"https:\/\/exa.unne.edu.ar\/postgrado1-web\/index.php?rest_route=\/wp\/v2\/pages\/1005","targetHints":{"allow":["GET"]}}],"collection":[{"href":"https:\/\/exa.unne.edu.ar\/postgrado1-web\/index.php?rest_route=\/wp\/v2\/pages"}],"about":[{"href":"https:\/\/exa.unne.edu.ar\/postgrado1-web\/index.php?rest_route=\/wp\/v2\/types\/page"}],"author":[{"embeddable":true,"href":"https:\/\/exa.unne.edu.ar\/postgrado1-web\/index.php?rest_route=\/wp\/v2\/users\/1"}],"replies":[{"embeddable":true,"href":"https:\/\/exa.unne.edu.ar\/postgrado1-web\/index.php?rest_route=%2Fwp%2Fv2%2Fcomments&post=1005"}],"version-history":[{"count":5,"href":"https:\/\/exa.unne.edu.ar\/postgrado1-web\/index.php?rest_route=\/wp\/v2\/pages\/1005\/revisions"}],"predecessor-version":[{"id":1183,"href":"https:\/\/exa.unne.edu.ar\/postgrado1-web\/index.php?rest_route=\/wp\/v2\/pages\/1005\/revisions\/1183"}],"wp:attachment":[{"href":"https:\/\/exa.unne.edu.ar\/postgrado1-web\/index.php?rest_route=%2Fwp%2Fv2%2Fmedia&parent=1005"}],"curies":[{"name":"wp","href":"https:\/\/api.w.org\/{rel}","templated":true}]}}