{"id":436,"date":"2025-05-26T15:39:38","date_gmt":"2025-05-26T15:39:38","guid":{"rendered":"https:\/\/exa.unne.edu.ar\/poee-web\/?page_id=436"},"modified":"2025-06-02T13:44:15","modified_gmt":"2025-06-02T13:44:15","slug":"diplomatura-universitaria-eninfraestructura-tecnologica-basada-en-software-libre","status":"publish","type":"page","link":"https:\/\/exa.unne.edu.ar\/poee-web\/index.php\/diplomatura-universitaria-eninfraestructura-tecnologica-basada-en-software-libre\/","title":{"rendered":""},"content":{"rendered":"\t\t<div data-elementor-type=\"wp-page\" data-elementor-id=\"436\" class=\"elementor elementor-436\">\n\t\t\t\t\t\t<section class=\"elementor-section elementor-top-section elementor-element elementor-element-92271d7 elementor-section-boxed elementor-section-height-default elementor-section-height-default\" data-id=\"92271d7\" data-element_type=\"section\">\n\t\t\t\t\t\t<div class=\"elementor-container elementor-column-gap-default\">\n\t\t\t\t\t<div class=\"elementor-column elementor-col-100 elementor-top-column elementor-element elementor-element-5d7b817\" data-id=\"5d7b817\" data-element_type=\"column\">\n\t\t\t<div class=\"elementor-widget-wrap elementor-element-populated\">\n\t\t\t\t\t\t<div class=\"elementor-element elementor-element-4918f15 elementor-widget elementor-widget-image\" data-id=\"4918f15\" data-element_type=\"widget\" data-widget_type=\"image.default\">\n\t\t\t\t<div class=\"elementor-widget-container\">\n\t\t\t\t\t\t\t\t\t\t\t\t\t\t\t<img fetchpriority=\"high\" decoding=\"async\" width=\"1020\" height=\"283\" src=\"https:\/\/exa.unne.edu.ar\/poee-web\/wp-content\/uploads\/2025\/05\/Licenciatura-en-Didactica-de-la-Matematica-1024x284.png\" class=\"attachment-large size-large wp-image-439\" alt=\"\" srcset=\"https:\/\/exa.unne.edu.ar\/poee-web\/wp-content\/uploads\/2025\/05\/Licenciatura-en-Didactica-de-la-Matematica-1024x284.png 1024w, https:\/\/exa.unne.edu.ar\/poee-web\/wp-content\/uploads\/2025\/05\/Licenciatura-en-Didactica-de-la-Matematica-300x83.png 300w, https:\/\/exa.unne.edu.ar\/poee-web\/wp-content\/uploads\/2025\/05\/Licenciatura-en-Didactica-de-la-Matematica-768x213.png 768w, https:\/\/exa.unne.edu.ar\/poee-web\/wp-content\/uploads\/2025\/05\/Licenciatura-en-Didactica-de-la-Matematica-1536x427.png 1536w, https:\/\/exa.unne.edu.ar\/poee-web\/wp-content\/uploads\/2025\/05\/Licenciatura-en-Didactica-de-la-Matematica-216x60.png 216w, https:\/\/exa.unne.edu.ar\/poee-web\/wp-content\/uploads\/2025\/05\/Licenciatura-en-Didactica-de-la-Matematica.png 1800w\" sizes=\"(max-width: 1020px) 100vw, 1020px\" \/>\t\t\t\t\t\t\t\t\t\t\t\t\t\t\t<\/div>\n\t\t\t\t<\/div>\n\t\t\t\t\t<\/div>\n\t\t<\/div>\n\t\t\t\t\t<\/div>\n\t\t<\/section>\n\t\t\t\t<section class=\"elementor-section elementor-top-section elementor-element elementor-element-ec5f19b elementor-section-boxed elementor-section-height-default elementor-section-height-default\" data-id=\"ec5f19b\" data-element_type=\"section\">\n\t\t\t\t\t\t<div class=\"elementor-container elementor-column-gap-default\">\n\t\t\t\t\t<div class=\"elementor-column elementor-col-100 elementor-top-column elementor-element elementor-element-9429d4c\" data-id=\"9429d4c\" data-element_type=\"column\">\n\t\t\t<div class=\"elementor-widget-wrap elementor-element-populated\">\n\t\t\t\t\t\t<div class=\"elementor-element elementor-element-7aabb98 elementor-tabs-view-horizontal elementor-widget elementor-widget-tabs\" data-id=\"7aabb98\" data-element_type=\"widget\" data-widget_type=\"tabs.default\">\n\t\t\t\t<div class=\"elementor-widget-container\">\n\t\t\t\t\t\t\t<div class=\"elementor-tabs\">\n\t\t\t<div class=\"elementor-tabs-wrapper\" role=\"tablist\" >\n\t\t\t\t\t\t\t\t\t<div id=\"elementor-tab-title-1281\" class=\"elementor-tab-title elementor-tab-desktop-title\" aria-selected=\"true\" data-tab=\"1\" role=\"tab\" tabindex=\"0\" aria-controls=\"elementor-tab-content-1281\" aria-expanded=\"false\">Sobre la propuesta<\/div>\n\t\t\t\t\t\t\t\t\t<div id=\"elementor-tab-title-1282\" class=\"elementor-tab-title elementor-tab-desktop-title\" aria-selected=\"false\" data-tab=\"2\" role=\"tab\" tabindex=\"-1\" aria-controls=\"elementor-tab-content-1282\" aria-expanded=\"false\">Plan de Estudios<\/div>\n\t\t\t\t\t\t\t\t\t<div id=\"elementor-tab-title-1283\" class=\"elementor-tab-title elementor-tab-desktop-title\" aria-selected=\"false\" data-tab=\"3\" role=\"tab\" tabindex=\"-1\" aria-controls=\"elementor-tab-content-1283\" aria-expanded=\"false\">Cuerpo acad\u00e9mico y de gesti\u00f3n<\/div>\n\t\t\t\t\t\t\t\t\t<div id=\"elementor-tab-title-1284\" class=\"elementor-tab-title elementor-tab-desktop-title\" aria-selected=\"false\" data-tab=\"4\" role=\"tab\" tabindex=\"-1\" aria-controls=\"elementor-tab-content-1284\" aria-expanded=\"false\">Admisi\u00f3n <\/div>\n\t\t\t\t\t\t\t\t\t<div id=\"elementor-tab-title-1285\" class=\"elementor-tab-title elementor-tab-desktop-title\" aria-selected=\"false\" data-tab=\"5\" role=\"tab\" tabindex=\"-1\" aria-controls=\"elementor-tab-content-1285\" aria-expanded=\"false\">Preinscripci\u00f3n y aranceles<\/div>\n\t\t\t\t\t\t\t<\/div>\n\t\t\t<div class=\"elementor-tabs-content-wrapper\" role=\"tablist\" aria-orientation=\"vertical\">\n\t\t\t\t\t\t\t\t\t<div class=\"elementor-tab-title elementor-tab-mobile-title\" aria-selected=\"true\" data-tab=\"1\" role=\"tab\" tabindex=\"0\" aria-controls=\"elementor-tab-content-1281\" aria-expanded=\"false\">Sobre la propuesta<\/div>\n\t\t\t\t\t<div id=\"elementor-tab-content-1281\" class=\"elementor-tab-content elementor-clearfix\" data-tab=\"1\" role=\"tabpanel\" aria-labelledby=\"elementor-tab-title-1281\" tabindex=\"0\" hidden=\"false\"><ul><li><strong>Denominaci\u00f3n:<\/strong> Diplomatura Universitaria en Infraestructura Tecnol\u00f3gica basada en Software Libre\u201d<\/li><li><p><strong>Plan de Estudios:<\/strong> <span style=\"text-decoration: underline; color: #000080;\"><a style=\"color: #000080; text-decoration: underline;\" href=\"https:\/\/exa.unne.edu.ar\/poee-web\/wp-content\/uploads\/2025\/05\/RES-2025-251-CD-EXA-UNNE-DAPOZO-Diplomatura-Universitaria.pdf\" target=\"_blank\" rel=\"noopener\">RES &#8211; 2025 &#8211; 251 &#8211; CD-EXA # UNNE <\/a><\/span><\/p><\/li><\/ul><p><span style=\"text-decoration: underline;\"><strong>Objetivos institucionales<\/strong><\/span><\/p><p>Atender la demanda de formaci\u00f3n t\u00e9cnica vinculadas al dise\u00f1o, desarrollo y mantenimiento de infraestructura tecnol\u00f3gica como soporte esencial de los sistemas de informaci\u00f3n y datos, contribuyendo al fortalecimiento de las \u00e1reas TIC de las organizaciones del medio.<br \/>Esta diplomatura tiene como objetivo formar t\u00e9cnicos capaces de dise\u00f1ar infraestructura y redes inform\u00e1ticas, planificar, implementar y monitorear sistemas de informaci\u00f3n en diferentes escalas de capacidad, soportados sobre equipos propios o alquilados en nube p\u00fablica, mediante herramientas de software libre, libre del pago de licencias de uso.<\/p><p>\u00a0<\/p><p><span style=\"text-decoration: underline;\"><strong>Formaci\u00f3n<\/strong><\/span><\/p><p>Como resultado de este trayecto formativo, el diplomado contar\u00e1 con la capacidad de aplicar conocimientos t\u00e9cnicos para dise\u00f1ar, implementar y gestionar infraestructura tecnol\u00f3gica en entornos organizacionales, utilizando herramientas y soluciones basadas en software libre, con criterios de eficiencia, sostenibilidad y seguridad. Estar\u00e1 preparado para adaptarse a entornos tecnol\u00f3gicos din\u00e1micos mediante el aprendizaje aut\u00f3nomo, el an\u00e1lisis cr\u00edtico y la incorporaci\u00f3n de nuevas herramientas y metodolog\u00edas.<br \/>Contar\u00e1 con las siguientes competencias t\u00e9cnicas espec\u00edficas:<br \/>&#8211; Instalaci\u00f3n y configuraci\u00f3n de sistemas operativos Linux<br \/>&#8211; Administraci\u00f3n de sistemas y usuarios<br \/>&#8211; Gesti\u00f3n de redes y servicios esenciales<br \/>&#8211; Monitoreo y mantenimiento del sistema<br \/>&#8211; Seguridad inform\u00e1tica b\u00e1sica<br \/>&#8211; Virtualizaci\u00f3n y entornos de prueba<br \/>&#8211; Gesti\u00f3n de infraestructura con enfoque institucional<\/p><p><strong>Carga horaria total: <\/strong>200 h. reloj.<\/p><p><strong>Duraci\u00f3n del programa en meses: <\/strong>6 (seis) meses.<strong>\u00a0 <\/strong><\/p><\/div>\n\t\t\t\t\t\t\t\t\t<div class=\"elementor-tab-title elementor-tab-mobile-title\" aria-selected=\"false\" data-tab=\"2\" role=\"tab\" tabindex=\"-1\" aria-controls=\"elementor-tab-content-1282\" aria-expanded=\"false\">Plan de Estudios<\/div>\n\t\t\t\t\t<div id=\"elementor-tab-content-1282\" class=\"elementor-tab-content elementor-clearfix\" data-tab=\"2\" role=\"tabpanel\" aria-labelledby=\"elementor-tab-title-1282\" tabindex=\"0\" hidden=\"hidden\"><p><strong>Contenidos del Plan de Estudios<\/strong><\/p><p><strong><em>Modalidad:<\/em><\/strong> Las clases ser\u00e1n impartidas en modalidad presencial remoto (virtual) y un encuentro presencial situado\u00a0en Laboratorio -uno por m\u00f3dulo-, ambas modalidades de car\u00e1cter obligatorio.<br \/>\u00a0<\/p><table><tbody><tr><td width=\"68\"><p><strong>\u00a0<\/strong><\/p><p><strong>M\u00f3dulo<\/strong><\/p><\/td><td width=\"209\"><p><strong>\u00a0<\/strong><\/p><p><strong>Denominaci\u00f3n<\/strong><\/p><\/td><td width=\"57\"><p><strong>Carga horaria<\/strong><\/p><\/td><td width=\"76\"><p><strong>Presencial remota<\/strong><\/p><\/td><td width=\"76\"><p><strong>Presencial localizada<\/strong><\/p><\/td><td width=\"95\"><p><strong>Actividades aut\u00f3nomas (asincr\u00f3nicas)<\/strong><\/p><\/td><\/tr><tr><td width=\"68\"><p><strong>1<\/strong><\/p><\/td><td width=\"209\"><p>Taller de Linux I &#8211; Desktop<\/p><\/td><td width=\"57\"><p>30 h<\/p><\/td><td width=\"76\"><p>15 h.<\/p><\/td><td width=\"76\"><p>5 h<\/p><\/td><td width=\"95\"><p>10 h<\/p><\/td><\/tr><tr><td width=\"68\"><p><strong>2<\/strong><\/p><\/td><td width=\"209\"><p>Plataformas\u00a0\u00a0\u00a0\u00a0\u00a0\u00a0 de\u00a0\u00a0\u00a0\u00a0\u00a0\u00a0\u00a0\u00a0\u00a0\u00a0\u00a0\u00a0\u00a0\u00a0\u00a0\u00a0\u00a0\u00a0\u00a0\u00a0\u00a0\u00a0\u00a0\u00a0\u00a0\u00a0 c\u00f3mputo\u00a0\u00a0\u00a0\u00a0\u00a0\u00a0\u00a0\u00a0\u00a0\u00a0\u00a0\u00a0\u00a0\u00a0\u00a0\u00a0\u00a0\u00a0\u00a0\u00a0\u00a0\u00a0\u00a0\u00a0\u00a0\u00a0 y almacenamiento<\/p><\/td><td width=\"57\"><p>30 h<\/p><\/td><td width=\"76\"><p>15 h.<\/p><\/td><td width=\"76\"><p>5 h<\/p><\/td><td width=\"95\"><p>10 h<\/p><\/td><\/tr><tr><td width=\"68\"><p><strong>3<\/strong><\/p><\/td><td width=\"209\"><p>Dise\u00f1o\u00a0\u00a0\u00a0 y\u00a0\u00a0\u00a0 monitoreo\u00a0\u00a0\u00a0 de\u00a0\u00a0\u00a0\u00a0 redes inform\u00e1ticas<\/p><\/td><td width=\"57\"><p>30 h<\/p><\/td><td width=\"76\"><p>15 h.<\/p><\/td><td width=\"76\"><p>5 h<\/p><\/td><td width=\"95\"><p>10 h<\/p><\/td><\/tr><tr><td width=\"68\"><p><strong>4<\/strong><\/p><\/td><td width=\"209\"><p>Taller de Linux II &#8211; Server<\/p><\/td><td width=\"57\"><p>30 h<\/p><\/td><td width=\"76\"><p>15 h.<\/p><\/td><td width=\"76\"><p>5 h<\/p><\/td><td width=\"95\"><p>10 h<\/p><\/td><\/tr><tr><td width=\"68\"><p><strong>5<\/strong><\/p><\/td><td width=\"209\"><p>Plataformas de virtualizaci\u00f3n<\/p><\/td><td width=\"57\"><p>35 h<\/p><\/td><td width=\"76\"><p>20 h.<\/p><\/td><td width=\"76\"><p>5 h<\/p><\/td><td width=\"95\"><p>10 h<\/p><\/td><\/tr><tr><td width=\"68\"><p><strong>6<\/strong><\/p><\/td><td width=\"209\"><p>Laboratorio Integrador<\/p><\/td><td width=\"57\"><p>45 h<\/p><\/td><td width=\"76\"><p>25 h.<\/p><\/td><td width=\"76\"><p>5 h<\/p><\/td><td width=\"95\"><p>15 h<\/p><\/td><\/tr><tr><td width=\"68\"><p>\u00a0<\/p><\/td><td width=\"209\"><p>\u00a0<\/p><\/td><td width=\"57\"><p>200<\/p><\/td><td width=\"76\"><p>\u00a0<\/p><\/td><td width=\"76\"><p>\u00a0<\/p><\/td><td width=\"95\"><p>\u00a0<\/p><\/td><\/tr><\/tbody><\/table><\/div>\n\t\t\t\t\t\t\t\t\t<div class=\"elementor-tab-title elementor-tab-mobile-title\" aria-selected=\"false\" data-tab=\"3\" role=\"tab\" tabindex=\"-1\" aria-controls=\"elementor-tab-content-1283\" aria-expanded=\"false\">Cuerpo acad\u00e9mico y de gesti\u00f3n<\/div>\n\t\t\t\t\t<div id=\"elementor-tab-content-1283\" class=\"elementor-tab-content elementor-clearfix\" data-tab=\"3\" role=\"tabpanel\" aria-labelledby=\"elementor-tab-title-1283\" tabindex=\"0\" hidden=\"hidden\"><table><tbody><tr><td width=\"173\"><p><strong>Nombre del docente<\/strong><\/p><\/td><td width=\"245\"><p><strong>Antecedentes acad\u00e9micos<\/strong><\/p><\/td><td width=\"106\"><p><strong>Funci\u00f3n<\/strong><\/p><\/td><\/tr><tr><td width=\"173\"><p>Leopoldo Jose R\u00cdOS<\/p><\/td><td width=\"245\"><p>Mgter en Ingenier\u00eda de Software. Linux SysAdmin en IMIT Conicet<\/p><\/td><td width=\"106\"><p>Coordinador y Dictante<\/p><\/td><\/tr><tr><td width=\"173\"><p>Juan Jos\u00e9 AUCAR<\/p><\/td><td width=\"245\"><p>Licenciado en F\u00edsica &#8211; UNNE<\/p><\/td><td width=\"106\"><p>Dictante<\/p><\/td><\/tr><tr><td width=\"173\"><p>Luis Santiago PIOLI<\/p><\/td><td width=\"245\"><p>Licenciado en Sistemas de Informaci\u00f3n<\/p><\/td><td width=\"106\"><p>Dictante<\/p><\/td><\/tr><tr><td width=\"173\"><p>Rodrigo Ernesto ZALAZAR<\/p><\/td><td width=\"245\"><p>Licenciado en Sistemas de Informaci\u00f3n.<\/p><p>Especialista en seguridad de la informaci\u00f3n para Win\/Lin<\/p><\/td><td width=\"106\"><p>Dictante<\/p><\/td><\/tr><tr><td width=\"173\"><p>Diego MAIDANA<\/p><\/td><td width=\"245\"><p>Licenciado en Sistemas de Informaci\u00f3n.<\/p><p>Especialista en infraestructura y redes.<\/p><\/td><td width=\"106\"><p>Dictante<\/p><\/td><\/tr><tr><td width=\"173\"><p>Guillermo Pablo ORTIZ<\/p><\/td><td width=\"245\"><p>Dr. en F\u00edsica. Investigador en UNNE.<\/p><\/td><td width=\"106\"><p>Dictante<\/p><\/td><\/tr><tr><td width=\"173\"><p>Sergio Luis ALEGR\u00cdA<\/p><\/td><td width=\"245\"><p>Ingeniero en Sistemas. Dise\u00f1o de sistemas<\/p><p>a medida.<\/p><\/td><td width=\"106\"><p>Dictante<\/p><\/td><\/tr><tr><td width=\"173\"><p>Pablo Flavio PROVASI<\/p><\/td><td width=\"245\"><p>Ingeniero en Sistemas. Dise\u00f1o y gesti\u00f3n de sistemas de informaci\u00f3n.<\/p><\/td><td width=\"106\"><p>Dictante<\/p><\/td><\/tr><\/tbody><\/table><\/div>\n\t\t\t\t\t\t\t\t\t<div class=\"elementor-tab-title elementor-tab-mobile-title\" aria-selected=\"false\" data-tab=\"4\" role=\"tab\" tabindex=\"-1\" aria-controls=\"elementor-tab-content-1284\" aria-expanded=\"false\">Admisi\u00f3n <\/div>\n\t\t\t\t\t<div id=\"elementor-tab-content-1284\" class=\"elementor-tab-content elementor-clearfix\" data-tab=\"4\" role=\"tabpanel\" aria-labelledby=\"elementor-tab-title-1284\" tabindex=\"0\" hidden=\"hidden\"><p><strong><em>Requisitos y tr\u00e1mite de admisi\u00f3n:<\/em><\/strong><\/p><ul><li>Poseer t\u00edtulo secundario aprobado.<\/li><li>Ser estudiante de carreras terciarias o universitarias en \u00e1reas de la Inform\u00e1tica.<\/li><li>Personas sin t\u00edtulos terciarios o universitarios que acrediten que se desempe\u00f1an en \u00e1reas de soporte t\u00e9cnico de organizaciones<\/li><\/ul><\/div>\n\t\t\t\t\t\t\t\t\t<div class=\"elementor-tab-title elementor-tab-mobile-title\" aria-selected=\"false\" data-tab=\"5\" role=\"tab\" tabindex=\"-1\" aria-controls=\"elementor-tab-content-1285\" aria-expanded=\"false\">Preinscripci\u00f3n y aranceles<\/div>\n\t\t\t\t\t<div id=\"elementor-tab-content-1285\" class=\"elementor-tab-content elementor-clearfix\" data-tab=\"5\" role=\"tabpanel\" aria-labelledby=\"elementor-tab-title-1285\" tabindex=\"0\" hidden=\"hidden\"><p><strong>Podes preinscribirte en <span style=\"color: #000080;\"><a style=\"color: #000080;\" href=\"https:\/\/forms.gle\/mAP6qtxSg8FqTaBV7\">https:\/\/forms.gle\/mAP6qtxSg8FqTaBV7<\/a><\/span><\/strong><\/p><p>\u00a0<\/p><p><strong>Aranceles:<\/strong><\/p><table><tbody><tr><td width=\"242\"><p>Matr\u00edcula (mayo 2025)<\/p><\/td><td width=\"81\">\u00a0<\/td><td width=\"80\"><p>$ 50.000<\/p><\/td><\/tr><tr><td width=\"242\"><p>6 cuotas (julio a diciembre 2025)<\/p><\/td><td width=\"81\"><p>50.000<\/p><\/td><td width=\"80\"><p>$ 300.000<\/p><\/td><\/tr><tr><td width=\"242\">\u00a0<\/td><td width=\"81\">\u00a0<\/td><td width=\"80\"><p>$ 350.000<\/p><\/td><\/tr><\/tbody><\/table><p>Bonificaciones a aplicar sobre el valor de las cuotas (no de la matr\u00edcula):<\/p><ul><li>10% (45.000) para egresados o estudiantes de FaCENA-<\/li><li>15% (42.500) Dos o m\u00e1s personas de la misma organizaci\u00f3n\/empresa.<\/li><\/ul><\/div>\n\t\t\t\t\t\t\t<\/div>\n\t\t<\/div>\n\t\t\t\t\t\t<\/div>\n\t\t\t\t<\/div>\n\t\t\t\t\t<\/div>\n\t\t<\/div>\n\t\t\t\t\t<\/div>\n\t\t<\/section>\n\t\t\t\t<\/div>\n\t\t","protected":false},"excerpt":{"rendered":"<p>Sobre la propuesta Plan de Estudios Cuerpo acad\u00e9mico y de gesti\u00f3n Admisi\u00f3n Preinscripci\u00f3n y aranceles Sobre la propuesta Denominaci\u00f3n: Diplomatura Universitaria en Infraestructura Tecnol\u00f3gica basada en Software Libre\u201d Plan de Estudios: RES &#8211; 2025 &#8211; 251 &#8211; CD-EXA # UNNE Objetivos institucionales Atender la demanda de formaci\u00f3n t\u00e9cnica vinculadas al dise\u00f1o, desarrollo y mantenimiento de &hellip; <\/p>\n","protected":false},"author":1,"featured_media":0,"parent":0,"menu_order":0,"comment_status":"closed","ping_status":"closed","template":"","meta":{"footnotes":""},"categories":[],"tags":[],"class_list":["post-436","page","type-page","status-publish","hentry"],"_links":{"self":[{"href":"https:\/\/exa.unne.edu.ar\/poee-web\/index.php\/wp-json\/wp\/v2\/pages\/436","targetHints":{"allow":["GET"]}}],"collection":[{"href":"https:\/\/exa.unne.edu.ar\/poee-web\/index.php\/wp-json\/wp\/v2\/pages"}],"about":[{"href":"https:\/\/exa.unne.edu.ar\/poee-web\/index.php\/wp-json\/wp\/v2\/types\/page"}],"author":[{"embeddable":true,"href":"https:\/\/exa.unne.edu.ar\/poee-web\/index.php\/wp-json\/wp\/v2\/users\/1"}],"replies":[{"embeddable":true,"href":"https:\/\/exa.unne.edu.ar\/poee-web\/index.php\/wp-json\/wp\/v2\/comments?post=436"}],"version-history":[{"count":15,"href":"https:\/\/exa.unne.edu.ar\/poee-web\/index.php\/wp-json\/wp\/v2\/pages\/436\/revisions"}],"predecessor-version":[{"id":458,"href":"https:\/\/exa.unne.edu.ar\/poee-web\/index.php\/wp-json\/wp\/v2\/pages\/436\/revisions\/458"}],"wp:attachment":[{"href":"https:\/\/exa.unne.edu.ar\/poee-web\/index.php\/wp-json\/wp\/v2\/media?parent=436"}],"wp:term":[{"taxonomy":"category","embeddable":true,"href":"https:\/\/exa.unne.edu.ar\/poee-web\/index.php\/wp-json\/wp\/v2\/categories?post=436"},{"taxonomy":"post_tag","embeddable":true,"href":"https:\/\/exa.unne.edu.ar\/poee-web\/index.php\/wp-json\/wp\/v2\/tags?post=436"}],"curies":[{"name":"wp","href":"https:\/\/api.w.org\/{rel}","templated":true}]}}