{"id":380,"date":"2025-04-15T15:17:28","date_gmt":"2025-04-15T15:17:28","guid":{"rendered":"https:\/\/exa.unne.edu.ar\/poee-web\/?page_id=380"},"modified":"2025-05-09T17:25:50","modified_gmt":"2025-05-09T17:25:50","slug":"diplomatura-universitaria-en-testing-de-software","status":"publish","type":"page","link":"https:\/\/exa.unne.edu.ar\/poee-web\/index.php\/diplomatura-universitaria-en-testing-de-software\/","title":{"rendered":""},"content":{"rendered":"\t\t<div data-elementor-type=\"wp-page\" data-elementor-id=\"380\" class=\"elementor elementor-380\">\n\t\t\t\t\t\t<section class=\"elementor-section elementor-top-section elementor-element elementor-element-92271d7 elementor-section-boxed elementor-section-height-default elementor-section-height-default\" data-id=\"92271d7\" data-element_type=\"section\">\n\t\t\t\t\t\t<div class=\"elementor-container elementor-column-gap-default\">\n\t\t\t\t\t<div class=\"elementor-column elementor-col-100 elementor-top-column elementor-element elementor-element-5d7b817\" data-id=\"5d7b817\" data-element_type=\"column\">\n\t\t\t<div class=\"elementor-widget-wrap elementor-element-populated\">\n\t\t\t\t\t\t<div class=\"elementor-element elementor-element-4918f15 elementor-widget elementor-widget-image\" data-id=\"4918f15\" data-element_type=\"widget\" data-widget_type=\"image.default\">\n\t\t\t\t<div class=\"elementor-widget-container\">\n\t\t\t\t\t\t\t\t\t\t\t\t\t\t\t<img fetchpriority=\"high\" decoding=\"async\" width=\"1020\" height=\"283\" src=\"https:\/\/exa.unne.edu.ar\/poee-web\/wp-content\/uploads\/2025\/04\/Licenciatura-en-Didactica-de-la-Matematica-11-1024x284.png\" class=\"attachment-large size-large wp-image-394\" alt=\"\" srcset=\"https:\/\/exa.unne.edu.ar\/poee-web\/wp-content\/uploads\/2025\/04\/Licenciatura-en-Didactica-de-la-Matematica-11-1024x284.png 1024w, https:\/\/exa.unne.edu.ar\/poee-web\/wp-content\/uploads\/2025\/04\/Licenciatura-en-Didactica-de-la-Matematica-11-300x83.png 300w, https:\/\/exa.unne.edu.ar\/poee-web\/wp-content\/uploads\/2025\/04\/Licenciatura-en-Didactica-de-la-Matematica-11-768x213.png 768w, https:\/\/exa.unne.edu.ar\/poee-web\/wp-content\/uploads\/2025\/04\/Licenciatura-en-Didactica-de-la-Matematica-11-1536x427.png 1536w, https:\/\/exa.unne.edu.ar\/poee-web\/wp-content\/uploads\/2025\/04\/Licenciatura-en-Didactica-de-la-Matematica-11-216x60.png 216w, https:\/\/exa.unne.edu.ar\/poee-web\/wp-content\/uploads\/2025\/04\/Licenciatura-en-Didactica-de-la-Matematica-11.png 1800w\" sizes=\"(max-width: 1020px) 100vw, 1020px\" \/>\t\t\t\t\t\t\t\t\t\t\t\t\t\t\t<\/div>\n\t\t\t\t<\/div>\n\t\t\t\t\t<\/div>\n\t\t<\/div>\n\t\t\t\t\t<\/div>\n\t\t<\/section>\n\t\t\t\t<section class=\"elementor-section elementor-top-section elementor-element elementor-element-ec5f19b elementor-section-boxed elementor-section-height-default elementor-section-height-default\" data-id=\"ec5f19b\" data-element_type=\"section\">\n\t\t\t\t\t\t<div class=\"elementor-container elementor-column-gap-default\">\n\t\t\t\t\t<div class=\"elementor-column elementor-col-100 elementor-top-column elementor-element elementor-element-9429d4c\" data-id=\"9429d4c\" data-element_type=\"column\">\n\t\t\t<div class=\"elementor-widget-wrap elementor-element-populated\">\n\t\t\t\t\t\t<div class=\"elementor-element elementor-element-7aabb98 elementor-tabs-view-horizontal elementor-widget elementor-widget-tabs\" data-id=\"7aabb98\" data-element_type=\"widget\" data-widget_type=\"tabs.default\">\n\t\t\t\t<div class=\"elementor-widget-container\">\n\t\t\t\t\t\t\t<div class=\"elementor-tabs\">\n\t\t\t<div class=\"elementor-tabs-wrapper\" role=\"tablist\" >\n\t\t\t\t\t\t\t\t\t<div id=\"elementor-tab-title-1281\" class=\"elementor-tab-title elementor-tab-desktop-title\" aria-selected=\"true\" data-tab=\"1\" role=\"tab\" tabindex=\"0\" aria-controls=\"elementor-tab-content-1281\" aria-expanded=\"false\">Sobre la propuesta<\/div>\n\t\t\t\t\t\t\t\t\t<div id=\"elementor-tab-title-1282\" class=\"elementor-tab-title elementor-tab-desktop-title\" aria-selected=\"false\" data-tab=\"2\" role=\"tab\" tabindex=\"-1\" aria-controls=\"elementor-tab-content-1282\" aria-expanded=\"false\">Plan de Estudios<\/div>\n\t\t\t\t\t\t\t\t\t<div id=\"elementor-tab-title-1283\" class=\"elementor-tab-title elementor-tab-desktop-title\" aria-selected=\"false\" data-tab=\"3\" role=\"tab\" tabindex=\"-1\" aria-controls=\"elementor-tab-content-1283\" aria-expanded=\"false\">Cuerpo acad\u00e9mico y de gesti\u00f3n<\/div>\n\t\t\t\t\t\t\t\t\t<div id=\"elementor-tab-title-1284\" class=\"elementor-tab-title elementor-tab-desktop-title\" aria-selected=\"false\" data-tab=\"4\" role=\"tab\" tabindex=\"-1\" aria-controls=\"elementor-tab-content-1284\" aria-expanded=\"false\">Admisi\u00f3n y Preinscripci\u00f3n<\/div>\n\t\t\t\t\t\t\t<\/div>\n\t\t\t<div class=\"elementor-tabs-content-wrapper\" role=\"tablist\" aria-orientation=\"vertical\">\n\t\t\t\t\t\t\t\t\t<div class=\"elementor-tab-title elementor-tab-mobile-title\" aria-selected=\"true\" data-tab=\"1\" role=\"tab\" tabindex=\"0\" aria-controls=\"elementor-tab-content-1281\" aria-expanded=\"false\">Sobre la propuesta<\/div>\n\t\t\t\t\t<div id=\"elementor-tab-content-1281\" class=\"elementor-tab-content elementor-clearfix\" data-tab=\"1\" role=\"tabpanel\" aria-labelledby=\"elementor-tab-title-1281\" tabindex=\"0\" hidden=\"false\"><ul><li><strong>Denominaci\u00f3n:<\/strong> Diplomatura Universitaria en Testing de Software<\/li><li><strong>Plan de estudios:<\/strong>\u00a0<\/li><li><strong>Informaci\u00f3n de contacto:<\/strong> <a href=\"mailto:eirrazabal@exa.unne.edu.ar\" target=\"_blank\" rel=\"noopener\">eirrazabal@exa.unne.edu.ar<\/a><\/li><\/ul><p><span style=\"text-decoration: underline;\"><strong>Objetivos<\/strong><\/span><\/p><p>La Diplomatura en Testing de Software se enmarca en el Proyecto de Desarrollo Institucional de la Universidad Nacional del Nordeste (UNNE) y la Facultad de Ciencias Exactas y Naturales y Agrimensura (FACENA), aline\u00e1ndose con sus compromisos en educaci\u00f3n de calidad, innovaci\u00f3n tecnol\u00f3gica y formaci\u00f3n continua. Su objetivo es fortalecer la capacitaci\u00f3n en aseguramiento de la calidad del software, promoviendo la inclusi\u00f3n digital y el acceso equitativo a la educaci\u00f3n tecnol\u00f3gica. En l\u00ednea con el Eje 1 de Gesti\u00f3n de FACENA, actualiza y ampl\u00eda la oferta acad\u00e9mica para responder a las demandas del sector tecnol\u00f3gico. Adem\u00e1s, fomenta la investigaci\u00f3n y el desarrollo tecnol\u00f3gico en testing o pruebas de software, facilitando la vinculaci\u00f3n academia-industria. Se alinea con el Eje 3 de Investigaci\u00f3n y Desarrollo Tecnol\u00f3gico de FACENA, impulsando proyectos interdisciplinarios y la cooperaci\u00f3n con el sector productivo. Finalmente, la diplomatura refuerza la formaci\u00f3n continua mediante cursos de actualizaci\u00f3n y transferencia de conocimientos, en sinton\u00eda con el Eje 4 de Extensi\u00f3n y Vinculaci\u00f3n de FACENA, contribuyendo a la profesionalizaci\u00f3n del sector tecnol\u00f3gico y empresarial.<\/p><p style=\"text-align: left;\">En este contexto, se formula la siguiente propuesta educativa con el objetivo de continuar aportando a la formaci\u00f3n de recursos humanos especializados tanto para empresas de la industria del software como \u00e1reas y equipos de desarrollo en entidades p\u00fablicas.<\/p><p>\u00a0<\/p><p><strong>Preinscripci\u00f3n habilitada:<span style=\"color: #000080;\"> <a style=\"color: #000080;\" href=\"https:\/\/forms.gle\/jckPicjggHbw8tTJ8\">https:\/\/forms.gle\/jckPicjggHbw8tTJ8<\/a><\/span><\/strong><\/p><\/div>\n\t\t\t\t\t\t\t\t\t<div class=\"elementor-tab-title elementor-tab-mobile-title\" aria-selected=\"false\" data-tab=\"2\" role=\"tab\" tabindex=\"-1\" aria-controls=\"elementor-tab-content-1282\" aria-expanded=\"false\">Plan de Estudios<\/div>\n\t\t\t\t\t<div id=\"elementor-tab-content-1282\" class=\"elementor-tab-content elementor-clearfix\" data-tab=\"2\" role=\"tabpanel\" aria-labelledby=\"elementor-tab-title-1282\" tabindex=\"0\" hidden=\"hidden\"><p>M\u00e1s detalles sobre el cronograma de la primera cohorte:\u00a0<span style=\"text-decoration: underline;\"><span style=\"color: #000080;\"><a style=\"color: #000080; text-decoration: underline;\" href=\"https:\/\/docs.google.com\/spreadsheets\/d\/1x1r8iLyo8z8mt1iLre-yJH6B7HYEjTEJ\/edit?usp=sharing&amp;ouid=105390326037368023330&amp;rtpof=true&amp;sd=true\" target=\"_blank\" rel=\"noopener\" data-saferedirecturl=\"https:\/\/www.google.com\/url?q=https:\/\/docs.google.com\/spreadsheets\/d\/1x1r8iLyo8z8mt1iLre-yJH6B7HYEjTEJ\/edit?usp%3Dsharing%26ouid%3D105390326037368023330%26rtpof%3Dtrue%26sd%3Dtrue&amp;source=gmail&amp;ust=1746897869223000&amp;usg=AOvVaw3zbBubgiGTft3C4InGZoJb\">Temas por d\u00eda<\/a><\/span><\/span><\/p><p>\u00a0<\/p><table width=\"100%\"><tbody><tr><td width=\"261\"><p>M\u00f3dulos<\/p><\/td><td width=\"90\"><p>Carga horaria Sincr\u00f3nica<\/p><\/td><td width=\"98\"><p>Carga horaria Asincr\u00f3nica<\/p><\/td><td width=\"94\"><p>Carga horaria Presencial<\/p><\/td><td width=\"79\"><p>Carga horaria total<\/p><\/td><\/tr><tr><td width=\"261\"><p>M\u00f3dulo 1: Gesti\u00f3n y automatizaci\u00f3n del testing en el ciclo de vida<\/p><\/td><td width=\"90\"><p>20<\/p><\/td><td width=\"98\"><p>20<\/p><\/td><td width=\"94\">\u00a0<\/td><td width=\"79\"><p>40<\/p><\/td><\/tr><tr><td width=\"261\"><p>M\u00f3dulo 2: An\u00e1lisis de C\u00f3digo y testing unitario con xUnit<\/p><\/td><td width=\"90\"><p>20<\/p><\/td><td width=\"98\"><p>20<\/p><\/td><td width=\"94\">\u00a0<\/td><td width=\"79\"><p>40<\/p><\/td><\/tr><tr><td width=\"261\"><p>M\u00f3dulo 3: Validaci\u00f3n de microservicios<\/p><\/td><td width=\"90\"><p>20<\/p><\/td><td width=\"98\"><p>20<\/p><\/td><td width=\"94\">\u00a0<\/td><td width=\"79\"><p>40<\/p><\/td><\/tr><tr><td width=\"261\"><p>M\u00f3dulo 4: Automatizaci\u00f3n de testing de extremo a extremo<\/p><\/td><td width=\"90\"><p>20<\/p><\/td><td width=\"98\"><p>20<\/p><\/td><td width=\"94\">\u00a0<\/td><td width=\"79\"><p>40<\/p><\/td><\/tr><tr><td width=\"261\"><p>M\u00f3dulo 5: Testing en Integraci\u00f3n Continua y Evaluaci\u00f3n de Desempe\u00f1o<\/p><\/td><td width=\"90\"><p>20<\/p><\/td><td width=\"98\"><p>20<\/p><\/td><td width=\"94\">\u00a0<\/td><td width=\"79\"><p>40<\/p><\/td><\/tr><tr><td colspan=\"4\" width=\"544\"><p><strong>Carga horaria total <\/strong><\/p><\/td><td width=\"79\"><p><strong>200<\/strong><\/p><\/td><\/tr><\/tbody><\/table><p><strong>Preinscripci\u00f3n habilitada:<span style=\"color: #000080;\"> <a style=\"color: #000080;\" href=\"https:\/\/forms.gle\/jckPicjggHbw8tTJ8\">https:\/\/forms.gle\/jckPicjggHbw8tTJ8<\/a><\/span><\/strong><\/p><\/div>\n\t\t\t\t\t\t\t\t\t<div class=\"elementor-tab-title elementor-tab-mobile-title\" aria-selected=\"false\" data-tab=\"3\" role=\"tab\" tabindex=\"-1\" aria-controls=\"elementor-tab-content-1283\" aria-expanded=\"false\">Cuerpo acad\u00e9mico y de gesti\u00f3n<\/div>\n\t\t\t\t\t<div id=\"elementor-tab-content-1283\" class=\"elementor-tab-content elementor-clearfix\" data-tab=\"3\" role=\"tabpanel\" aria-labelledby=\"elementor-tab-title-1283\" tabindex=\"0\" hidden=\"hidden\"><p><strong>Director Acad\u00e9mico o Coordinador: <\/strong>Dr. Emanuel Irraz\u00e1bal<\/p><p><strong>Comit\u00e9 Acad\u00e9mico o Comit\u00e9 Asesor: <\/strong><\/p><ul><li>Jorge Andr\u00e9s Diaz Pace<\/li><li>Rub\u00e9n Bernal<\/li><li>Gladys Noem\u00ed Dapozo<\/li><\/ul><p><strong><em>\u00a0<\/em><\/strong><\/p><p><strong>Docentes dictantes:<\/strong><\/p><ul><li>Emanuel Irraz\u00e1bal<\/li><li>Juan Andr\u00e9s Carruthers<\/li><li>Andrea Lezcano Airaldi<\/li><li>Sergio Vier<\/li><li>Jes\u00fas Zini<\/li><li>Facundo Pelozo<\/li><li>Ivan Sambrana<\/li><\/ul><p><strong>Preinscripci\u00f3n habilitada:<span style=\"color: #000080;\"> <a style=\"color: #000080;\" href=\"https:\/\/forms.gle\/jckPicjggHbw8tTJ8\">https:\/\/forms.gle\/jckPicjggHbw8tTJ8<\/a><\/span><\/strong><\/p><\/div>\n\t\t\t\t\t\t\t\t\t<div class=\"elementor-tab-title elementor-tab-mobile-title\" aria-selected=\"false\" data-tab=\"4\" role=\"tab\" tabindex=\"-1\" aria-controls=\"elementor-tab-content-1284\" aria-expanded=\"false\">Admisi\u00f3n y Preinscripci\u00f3n<\/div>\n\t\t\t\t\t<div id=\"elementor-tab-content-1284\" class=\"elementor-tab-content elementor-clearfix\" data-tab=\"4\" role=\"tabpanel\" aria-labelledby=\"elementor-tab-title-1284\" tabindex=\"0\" hidden=\"hidden\"><p><strong>Destinatarios: <\/strong><\/p><p>Profesionales o t\u00e9cnicos de nivel terciario o universitario en \u00e1reas referidas al desarrollo de software o \u00a0personas que se desempe\u00f1an laboralmente como desarrolladores de software.<\/p><p><strong>Requisitos de admisi\u00f3n:<\/strong><\/p><p>La diplomatura est\u00e1 destinada a profesionales y t\u00e9cnicos (de nivel terciario o universitario) con titulaci\u00f3n en \u00e1reas vinculadas con la Inform\u00e1tica (Ingenieros en Sistemas, Licenciandos en Sistemas, Analista Programador Universitario, Programador Universitario de Aplicaciones, o an\u00e1logos), o personas que demuestren desempe\u00f1o laboral en desarrollo de software.<\/p><p>Los interesados deben presentar t\u00edtulo (universitario o terciario), o constancia de desempe\u00f1o laboral en desarrollo de software, firmado por autoridad de la empresa o instituci\u00f3n en la que se desempe\u00f1a.<br \/><br \/><\/p><p><strong>PREINSCRIPCI\u00d3N habilitada hasta el viernes 27 de junio de 2025: <a href=\"https:\/\/forms.gle\/jckPicjggHbw8tTJ8\">https:\/\/forms.gle\/jckPicjggHbw8tTJ8<\/a><\/strong><br \/><em>La Coordinaci\u00f3n enviar\u00e1 un correo electr\u00f3nico a la persona pre inscripta asignando la vacante en la Diplomatura e indicando los siguientes pasos.<\/em><br \/><br \/><\/p><p><strong>Aranceles de la 1ra cohorte:\u00a0<\/strong><\/p><ul><li>Matr\u00edcula para asegurar la inscripci\u00f3n: $ 50.000 (pago en junio de 2025).<\/li><li>5 cuotas de $ 70.000 (de julio a dic. de 2025).<\/li><li>Costo total por cursante : $ 400.000 (pesos argentinos cuatrocientos mil).<\/li><li><em>Bonificaciones a aplicar sobre el valor de las cuotas (no de la matr\u00edcula):<\/em><br \/><ul><li>10% ($ 63.000) para egresados o estudiantes de FaCENA-UNNE.<\/li><li>15% ($ 60.000) Dos o m\u00e1s personas de la misma organizaci\u00f3n\/empresa.<\/li><\/ul><\/li><\/ul><p>\u00a0<\/p><\/div>\n\t\t\t\t\t\t\t<\/div>\n\t\t<\/div>\n\t\t\t\t\t\t<\/div>\n\t\t\t\t<\/div>\n\t\t\t\t\t<\/div>\n\t\t<\/div>\n\t\t\t\t\t<\/div>\n\t\t<\/section>\n\t\t\t\t<\/div>\n\t\t","protected":false},"excerpt":{"rendered":"<p>Sobre la propuesta Plan de Estudios Cuerpo acad\u00e9mico y de gesti\u00f3n Admisi\u00f3n y Preinscripci\u00f3n Sobre la propuesta Denominaci\u00f3n: Diplomatura Universitaria en Testing de Software Plan de estudios:\u00a0 Informaci\u00f3n de contacto: eirrazabal@exa.unne.edu.ar Objetivos La Diplomatura en Testing de Software se enmarca en el Proyecto de Desarrollo Institucional de la Universidad Nacional del Nordeste (UNNE) y la &hellip; <\/p>\n","protected":false},"author":1,"featured_media":0,"parent":0,"menu_order":0,"comment_status":"closed","ping_status":"closed","template":"","meta":{"footnotes":""},"categories":[],"tags":[],"class_list":["post-380","page","type-page","status-publish","hentry"],"_links":{"self":[{"href":"https:\/\/exa.unne.edu.ar\/poee-web\/index.php\/wp-json\/wp\/v2\/pages\/380","targetHints":{"allow":["GET"]}}],"collection":[{"href":"https:\/\/exa.unne.edu.ar\/poee-web\/index.php\/wp-json\/wp\/v2\/pages"}],"about":[{"href":"https:\/\/exa.unne.edu.ar\/poee-web\/index.php\/wp-json\/wp\/v2\/types\/page"}],"author":[{"embeddable":true,"href":"https:\/\/exa.unne.edu.ar\/poee-web\/index.php\/wp-json\/wp\/v2\/users\/1"}],"replies":[{"embeddable":true,"href":"https:\/\/exa.unne.edu.ar\/poee-web\/index.php\/wp-json\/wp\/v2\/comments?post=380"}],"version-history":[{"count":28,"href":"https:\/\/exa.unne.edu.ar\/poee-web\/index.php\/wp-json\/wp\/v2\/pages\/380\/revisions"}],"predecessor-version":[{"id":424,"href":"https:\/\/exa.unne.edu.ar\/poee-web\/index.php\/wp-json\/wp\/v2\/pages\/380\/revisions\/424"}],"wp:attachment":[{"href":"https:\/\/exa.unne.edu.ar\/poee-web\/index.php\/wp-json\/wp\/v2\/media?parent=380"}],"wp:term":[{"taxonomy":"category","embeddable":true,"href":"https:\/\/exa.unne.edu.ar\/poee-web\/index.php\/wp-json\/wp\/v2\/categories?post=380"},{"taxonomy":"post_tag","embeddable":true,"href":"https:\/\/exa.unne.edu.ar\/poee-web\/index.php\/wp-json\/wp\/v2\/tags?post=380"}],"curies":[{"name":"wp","href":"https:\/\/api.w.org\/{rel}","templated":true}]}}